{"id":1489,"date":"2013-11-01T12:14:58","date_gmt":"2013-11-01T11:14:58","guid":{"rendered":"http:\/\/citmax.de\/?page_id=1489"},"modified":"2016-05-12T10:17:04","modified_gmt":"2016-05-12T08:17:04","slug":"bauschild-zubehoer","status":"publish","type":"page","link":"https:\/\/citmax.de\/?page_id=1489","title":{"rendered":"Zubeh\u00f6r"},"content":{"rendered":"<p>Das richtige Zubeh\u00f6r f\u00fcr Ihre erfolgreiche Werbung.<br \/>\nHier entsteht in K\u00fcrze (ab 2015) ein umfangreicher webshop.<\/p>\n","protected":false},"excerpt":{"rendered":"<p>Das richtige Zubeh\u00f6r f\u00fcr Ihre erfolgreiche Werbung. Hier entsteht in K\u00fcrze (ab 2015) ein umfangreicher webshop.<\/p>\n","protected":false},"author":1,"featured_media":0,"parent":0,"menu_order":0,"comment_status":"closed","ping_status":"closed","template":"page-sidebar-left.php","meta":{"footnotes":"","_links_to":"","_links_to_target":""},"class_list":["post-1489","page","type-page","status-publish","hentry","no-featured-image"],"_links":{"self":[{"href":"https:\/\/citmax.de\/index.php?rest_route=\/wp\/v2\/pages\/1489","targetHints":{"allow":["GET"]}}],"collection":[{"href":"https:\/\/citmax.de\/index.php?rest_route=\/wp\/v2\/pages"}],"about":[{"href":"https:\/\/citmax.de\/index.php?rest_route=\/wp\/v2\/types\/page"}],"author":[{"embeddable":true,"href":"https:\/\/citmax.de\/index.php?rest_route=\/wp\/v2\/users\/1"}],"replies":[{"embeddable":true,"href":"https:\/\/citmax.de\/index.php?rest_route=%2Fwp%2Fv2%2Fcomments&post=1489"}],"version-history":[{"count":4,"href":"https:\/\/citmax.de\/index.php?rest_route=\/wp\/v2\/pages\/1489\/revisions"}],"predecessor-version":[{"id":6887,"href":"https:\/\/citmax.de\/index.php?rest_route=\/wp\/v2\/pages\/1489\/revisions\/6887"}],"wp:attachment":[{"href":"https:\/\/citmax.de\/index.php?rest_route=%2Fwp%2Fv2%2Fmedia&parent=1489"}],"curies":[{"name":"wp","href":"https:\/\/api.w.org\/{rel}","templated":true}]}}