{"id":15657,"date":"2014-10-15T06:33:04","date_gmt":"2014-10-15T04:33:04","guid":{"rendered":"http:\/\/citmax.de\/?page_id=15657"},"modified":"2016-05-12T10:13:22","modified_gmt":"2016-05-12T08:13:22","slug":"citmax-speisekartenkaesten","status":"publish","type":"page","link":"https:\/\/citmax.de\/?page_id=15657","title":{"rendered":"Citmax-Speisekartenk\u00e4sten"},"content":{"rendered":"<p>Die Citmax-Speisekartenk\u00e4sten wurden spezielle f\u00fcr die Gastronomie und Hotelerie entwickelt um praxisgerecht und langlebig Informationen im Aussenbereich dem interessierten Gast zu pr\u00e4sentieren.<br \/>\nAlle Speisekartenk\u00e4sten sind modular aufgebaut, sind abschliessbar und werden aus Aluminiumprofilen hergestellt\u00a0die absolut rostfrei sind.<br \/>\nDie Standard-Bautiefe ist 75mm.<\/p>\n<p>Auf Wunsch sind optional die FineLine Modelle mit Bautiefe 55mm<br \/>\nsowie\u00a0die\u00a0BigLine Modelle mit Bautiefe 115mm erh\u00e4ltlich und im Warenkorb ab Bestelloption ausw\u00e4hlbar.<\/p>\n<p>Die Scharniere und Schl\u00f6sser sind verzinkt. Die Grundfarbe ist weiss.<br \/>\nAlle Speisekartenk\u00e4sten haben eine solide transparente 3mm Acrylglasscheibe (schlagfester als Glasscheiben) und eine magnetische, verzinkte und\u00a0zus\u00e4tzlich lackierte Stahlblech R\u00fcckwand, auf der Magnete zum Halten Ihrer Speisekarten positioniert werden k\u00f6nnen.<br \/>\nOptional liefern wir auch diverse Magnete in unterschiedlichen Ausf\u00fchrungen und Gr\u00f6\u00dfen,\u00a0<a title=\"Ersatzteile und Zubeh\u00f6r f\u00fcr Citmax-Speisekartenkasten.\" href=\"https:\/\/citmax.de\/?product=ersatzteile-fuer-speisekartenkaesten\" target=\"_blank\">siehe hier.<\/a><br \/>\nBei der Speisekartenkastenauswahl haben Sie die Wahl zwischen:<br \/>\n&#8211; Standard- Speisekartenkasten hat eine Bautiefe von 75mm, den Sie mit diversen Bestelloptionen optimieren k\u00f6nnen. Der Einzelbezug ist m\u00f6glich,\u00a0Sondernachl\u00e4sse gew\u00e4hren wir bereits ab 3 stck. Abnahme in einem Zuge, weitere Nachl\u00e4sse ab 10 stck. bei Abnahme in einem Bestellvorgang.<\/p>\n<p>Desweiteren sind nachfolgende Optionen ausw\u00e4hlbar:<br \/>\n&#8211; Aufpreis von innen beleuchteter Speisekartenkasten (von innen\/oben beleuchtet mit energiesparenden, langlebigen LEDs)\u00a0incl. Vorschaltger\u00e4t\/Trafo, anschlussfertig. Es wird die Werbefl\u00e4che beleuchtet sowie auch die darunter auf die Magnetwand geheftete Speisekarte.<\/p>\n<p>&#8211; Aufpreis zus\u00e4tzliche links \/ rechts \/ unten Beleuchtung mit LED. Diese Option ist dazubuchbar wenn eine hellere und bei gr\u00f6\u00dferen Speisekartenk\u00e4sten ringsum Beleuchtung im Innenbereich des Speisekartenkastens<br \/>\ngew\u00fcnscht oder notwendig ist.\u00a0(empfehlenswert bei 4-fach hoch und 6-\/8-fach, da gr\u00f6\u00dfere Ausleuchtungsfl\u00e4che)<\/p>\n<p>&#8211; Aufpreis Beschriftung mit 4c Foliendruck f\u00fcr Werbefl\u00e4che, fertig kaschiert. \u00a0Ihr Firmenlogo, Ihren Schriftzug<br \/>\nk\u00f6nnen Sie onTopp des Speisekartenkasten in der daf\u00fcr vorgesehenen Werbefl\u00e4che darstellen.<br \/>\nCitmax bietet als Besonderheit 3 verschiedene Standardh\u00f6hen der Werbefl\u00e4che an: H 85mm, H200mm und H 350mm, so das Sie besonders viel Gestaltungsfreiraum f\u00fcr Ihre Werbefl\u00e4che haben.<br \/>\nWenn eine\u00a0fertige Druck-pdf-Datei von Ihnen gestellt wird, die proportional richtig im Druckformat angelegt ist,\u00a0k\u00f6nnen wir diese sofort f\u00fcr die Druckerstellung verwenden<\/p>\n<p>&#8211; Sollten Sie keine fertige Druckdatei sep. zumailen k\u00f6nnen, k\u00f6nnen wir zu einem geringen Aufpreis die Erstellung der Druckdatei mit Layout und Entwurf f\u00fcr Beschriftung\u00a0von Ihrer Vorlage (Erstentwurf) \u00fcbernehmen.<br \/>\n&#8211; Sollten Sie mehrere Entw\u00fcrfe ben\u00f6tigen um eine Entscheidung f\u00fcr die Beschriftungsausf\u00fchrung zu f\u00e4llen, erstellen wir gegen Aufpreis gerne weitere Entw\u00fcrfe, wenn notwendig\/gew\u00fcnscht. Die Abrechnung erfolgt sep. je Entwurf.<\/p>\n<p>Die Beschriftungsfl\u00e4che (Ma\u00dfvorgabe gem\u00e4\u00df Auswahl\/Model beachten) k\u00f6nnen Sie individuell nutzen. In der Standardausstattung mit Beschriftungsfl\u00e4che sind die Fl\u00e4chen unbeschriftet weiss foliert und k\u00f6nnen von Ihnen auch nachtr\u00e4glich und individuell beschriftet werden.<br \/>\nGerne stellen wir f\u00fcr Sie die Folienbeschriftung im wetterfesten 4c Druck her und kaschieren diese fachgerecht auf die Frontscheibe.\u00a0Sollen wir die Beschriftung ausf\u00fchren, senden Sie uns bitte eine bema\u00dfte, proportional richtige, pdf-Druckdatei zu.<br \/>\nDie Beschriftungskosten k\u00f6nnen Sie bei der Bestellung gleich mit Ausw\u00e4hlen.<br \/>\nAuch eine nachtr\u00e4gliche Bestellung der Beschriftungsfolie ist m\u00f6glich, dann senden wir Ihnen den<br \/>\nAufkleber zur Selbstverklebung zu.<br \/>\nBitte beachten Sie die Auswahl der m\u00f6glichen Beschriftungsh\u00f6hen 85 \/ 200 \/ 350mm.<\/p>\n<p>&#8211; Die Citmax-Speisekartenk\u00e4sten werden grunds\u00e4tzlich mit 3mm Acrylglasscheibe ausgeliefert, die wesentlich stabiler und bruchfester ist, als vergleichbare Glasscheiben. Das senkt evtl. Sch\u00e4den und Verletzungsgefahr der G\u00e4ste bei Bruch\/Besch\u00e4digung. Gegen Aufpreis ist eine 4mm Acryltransparentscheibe als Ausstattungsvariante zu w\u00e4hlen, die nochmals schlagfester\/massiver ist.<br \/>\n&#8211; Alle Speisekartenk\u00e4sten sind grunds\u00e4tzlich weiss gepulvert\/lackiert und f\u00fcr den dauerhaften Ausseneinsatz bestens geeignet. Gegen Aufpreis lackieren wir Ihren Speisekartenkasten in nahezu jeder Sonderfarbe nach RAL. \u00a0Klassiker sind silber RAL 9006, schwarz oder auch dunkelgr\u00fcn.<br \/>\nDie online &#8211; RAL-Farbpalette finden Sie hier:<br \/>\n&#8211; Aufpreis MagneteSet, klein, je 4er Set (zum Halten des A4 Blattes)<br \/>\n&#8211; Ersatzteile f\u00fcr Speisekartenk\u00e4sten\u00a0<a title=\"Ersatzteile f\u00fcr Ihren Citmax-Speisekartenkasten.\" href=\"https:\/\/citmax.de\/?product=ersatzteile-fuer-speisekartenkaesten\" target=\"_blank\">siehe hier.<\/a><\/p>\n<p>&nbsp;<\/p>\n<p>Der Elt.-Anschluss des beleuchteten Speisekartenkastens an Ihre sep. \/ bauseits abgesicherte Elt.-Zuleitung sollte von Ihrem ortsans\u00e4ssigen\u00a0Elektrofachunternehmen ausgef\u00fchrt werden.<br \/>\nDer Speisekartenkasten ist so vorinstalliert, das Sie r\u00fcckseitig f\u00fcr die Elt.-Zuleitung an der von Ihnen notwendigen Stelle und Gr\u00f6\u00dfe das Loch bohren und das Elt.-Kabel durchf\u00fchren k\u00f6nnen. Gleiches gilt f\u00fcr die Montage\u00a0des Speisekartenkasten. Bohren Sie durch die R\u00fcckwand an\u00a0jeder Ecke ein Loch an der notwendigen Stelle. Auf das evtl. innenliegende Elt.-Kabel achten!\u00a0Im unterem Bereich befindet sich das bereits vorgebohrte Ablaufloch f\u00fcr Schlagwasser\/Feuchtigkeit.<\/p>\n<p>Wenn Sie regional Besteller sind, k\u00f6nnen Sie Ihren Speisekartenkasten nach Fertigung bei uns im Werk abholen.\u00a0Wir benachrichtigen Sie.<br \/>\nW\u00fcnschen Sie eine Montage von uns, zahlen Sie lediglich die Anfahrts- und\u00a0Montagekosten. Bitte achten Sie darauf, das bei beleuchteten K\u00e4sten der Elt.-Anschluss bauseits am Montageort vorverlegt\/vorhanden sein muss. Zuleitungsverlegung wird extra berechnet!<br \/>\nWir versenden unser Speisekartenk\u00e4sten auch bundesweit, zur Selbstmontage und zum g\u00fcnstigen Selbstkostenpreis.<\/p>\n","protected":false},"excerpt":{"rendered":"<p>Die Citmax-Speisekartenk\u00e4sten wurden spezielle f\u00fcr die Gastronomie und Hotelerie entwickelt um praxisgerecht und langlebig Informationen im Aussenbereich dem interessierten Gast [&hellip;]<\/p>\n","protected":false},"author":1,"featured_media":0,"parent":0,"menu_order":0,"comment_status":"closed","ping_status":"closed","template":"","meta":{"footnotes":"","_links_to":"","_links_to_target":""},"class_list":["post-15657","page","type-page","status-publish","hentry","no-featured-image"],"_links":{"self":[{"href":"https:\/\/citmax.de\/index.php?rest_route=\/wp\/v2\/pages\/15657","targetHints":{"allow":["GET"]}}],"collection":[{"href":"https:\/\/citmax.de\/index.php?rest_route=\/wp\/v2\/pages"}],"about":[{"href":"https:\/\/citmax.de\/index.php?rest_route=\/wp\/v2\/types\/page"}],"author":[{"embeddable":true,"href":"https:\/\/citmax.de\/index.php?rest_route=\/wp\/v2\/users\/1"}],"replies":[{"embeddable":true,"href":"https:\/\/citmax.de\/index.php?rest_route=%2Fwp%2Fv2%2Fcomments&post=15657"}],"version-history":[{"count":3,"href":"https:\/\/citmax.de\/index.php?rest_route=\/wp\/v2\/pages\/15657\/revisions"}],"predecessor-version":[{"id":15664,"href":"https:\/\/citmax.de\/index.php?rest_route=\/wp\/v2\/pages\/15657\/revisions\/15664"}],"wp:attachment":[{"href":"https:\/\/citmax.de\/index.php?rest_route=%2Fwp%2Fv2%2Fmedia&parent=15657"}],"curies":[{"name":"wp","href":"https:\/\/api.w.org\/{rel}","templated":true}]}}