{"id":2240,"date":"2013-11-13T08:27:22","date_gmt":"2013-11-13T07:27:22","guid":{"rendered":"http:\/\/citmax.de\/?page_id=2240"},"modified":"2019-10-02T12:48:13","modified_gmt":"2019-10-02T10:48:13","slug":"dieser-shop-ist-nur-fuer-gewerbetreibende","status":"publish","type":"page","link":"https:\/\/citmax.de\/?page_id=2240","title":{"rendered":"Dieser Shop ist nur f\u00fcr Gewerbetreibende!"},"content":{"rendered":"<div>\n<div>Diese citmax.de webseite und die darin enthaltenen Angebote<br \/>\nsind ausschliesslich f\u00fcr die direkte gewerbliche Online-Bestellung<br \/>\n\u2013 f\u00fcr Gewerbetreibende<br \/>\n\u2013 Werbeagenturen und\u00a0Vermittler<br \/>\n\u2013 f\u00fcr Wiederverk\u00e4ufer<\/div>\n<div>\u2013 f\u00fcr St\u00e4dte- und Gemeinden<br \/>\n\u2013 f\u00fcr Architekten- und Planungsb\u00fcros und<br \/>\n\u2013 f\u00fcr alle Eink\u00e4ufer von gewerblichen und \u00f6ffentlichen Unternehmen.<\/div>\n<div>Die im Shop abgebildeten Preise sind zzgl. der g\u00fcltigen Mehrwertsteuer.<\/div>\n<div><strong>Wiederverk\u00e4ufer finden Sie unter <a title=\"Hier geht es zu der Profi-Suche.\" href=\"https:\/\/www.suche-profi.de\" target=\"_blank\">www.suche-profi.de<\/a>.<br \/>\n<\/strong>Haben Sie eine Anfrage oder m\u00f6chten Sie sich als Profi-Partner,<br \/>\nals Hersteller f\u00fcr sp\u00e4tere Produktionen listen, dann senden Sie uns<br \/>\nIhre Kontaktdaten mit einer kurzen Beschreibung mit<br \/>\n<strong><a title=\"Bewerbung f\u00fcr Wiederverk\u00e4ufer\/Direktvertrieb.\" href=\"https:\/\/langwost.de\/?page_id=5109\" target=\"_blank\">diesem Formular<\/a>.<br \/>\n<\/strong>Ihre Daten werden nur intern benutzt um Sie zu kontaktieren.<br \/>\nDiese werden nicht gespeichert, sofort nach Kontaktaufnahme gel\u00f6scht.<\/div>\n<div>Sollten Sie Endverbraucher sein oder nicht gewerblich Einkaufen,<br \/>\nsenden Sie eine mail an:\u00a0<strong><a title=\"Ihr direkter Kontakt zu uns.\" href=\"mailto:info@citmax.de\" target=\"_blank\">info@citmax.de<\/a><\/strong> und fragen nach<\/div>\n<div>Ihrem speziellen Angebot.<\/div>\n<\/div>\n","protected":false},"excerpt":{"rendered":"<p>Diese citmax.de webseite und die darin enthaltenen Angebote sind ausschliesslich f\u00fcr die direkte gewerbliche Online-Bestellung \u2013 f\u00fcr Gewerbetreibende \u2013 Werbeagenturen [&hellip;]<\/p>\n","protected":false},"author":1,"featured_media":0,"parent":0,"menu_order":0,"comment_status":"closed","ping_status":"closed","template":"","meta":{"footnotes":"","_links_to":"","_links_to_target":""},"class_list":["post-2240","page","type-page","status-publish","hentry","no-featured-image"],"_links":{"self":[{"href":"https:\/\/citmax.de\/index.php?rest_route=\/wp\/v2\/pages\/2240","targetHints":{"allow":["GET"]}}],"collection":[{"href":"https:\/\/citmax.de\/index.php?rest_route=\/wp\/v2\/pages"}],"about":[{"href":"https:\/\/citmax.de\/index.php?rest_route=\/wp\/v2\/types\/page"}],"author":[{"embeddable":true,"href":"https:\/\/citmax.de\/index.php?rest_route=\/wp\/v2\/users\/1"}],"replies":[{"embeddable":true,"href":"https:\/\/citmax.de\/index.php?rest_route=%2Fwp%2Fv2%2Fcomments&post=2240"}],"version-history":[{"count":9,"href":"https:\/\/citmax.de\/index.php?rest_route=\/wp\/v2\/pages\/2240\/revisions"}],"predecessor-version":[{"id":23759,"href":"https:\/\/citmax.de\/index.php?rest_route=\/wp\/v2\/pages\/2240\/revisions\/23759"}],"wp:attachment":[{"href":"https:\/\/citmax.de\/index.php?rest_route=%2Fwp%2Fv2%2Fmedia&parent=2240"}],"curies":[{"name":"wp","href":"https:\/\/api.w.org\/{rel}","templated":true}]}}