{"id":24863,"date":"2021-01-21T07:11:06","date_gmt":"2021-01-21T06:11:06","guid":{"rendered":"https:\/\/citmax.de\/?page_id=24863"},"modified":"2021-01-21T07:11:06","modified_gmt":"2021-01-21T06:11:06","slug":"partner-2","status":"publish","type":"page","link":"https:\/\/citmax.de\/?page_id=24863","title":{"rendered":"Partner"},"content":{"rendered":"<p style=\"text-align: center;\">Standard-Eintrag mit 3 Textzeilen, Firmierung, Anschrift, E-Mail und Websiteverlinkung<\/p>\n<p><img loading=\"lazy\" decoding=\"async\" class=\"  wp-image-24708 aligncenter\" src=\"https:\/\/citmax.de\/wp-content\/uploads\/2020\/05\/logo-werbeanhanger-300x54.png\" alt=\"logo-werbeanhanger\" width=\"300\" height=\"54\" srcset=\"https:\/\/citmax.de\/wp-content\/uploads\/2020\/05\/logo-werbeanhanger-300x54.png 300w, https:\/\/citmax.de\/wp-content\/uploads\/2020\/05\/logo-werbeanhanger-150x27.png 150w, https:\/\/citmax.de\/wp-content\/uploads\/2020\/05\/logo-werbeanhanger.png 400w\" sizes=\"auto, (max-width: 300px) 100vw, 300px\" \/><\/p>\n<p style=\"text-align: left;\">Das werbeanhaenger.com-Team spezialisiert sich auf Werbeanh\u00e4nger, deren Beschriftung und die ideale Positionierung. Neben Werbeanh\u00e4ngern k\u00f6nnen Sie sich hier auch f\u00fcr Fahrzeuge mit Werbeaufbauten entscheiden.<\/p>\n<p style=\"text-align: left;\"><strong>Firmierung: <\/strong>idee-produktion.de GmbH <strong>Telefon: <\/strong>0511 9200 000,<br \/>\n<strong>E-Mail: <\/strong>info@werbeanhaenger.com <strong>Ort: <\/strong>Heinkelstra\u00dfe 3, 30827 Garbsen<\/p>\n<p style=\"text-align: left;\"><button><a href=\"https:\/\/www.werbeanhaenger.com\/\" target=\"_blank\">Zur Webseite<\/a><\/button><\/p>\n<hr \/>\n<p style=\"text-align: center;\">Plus-Eintrag wie Standard-Eintrag plus Bilder<\/p>\n<p><a href=\"https:\/\/citmax.de\/wp-content\/uploads\/2020\/01\/citmax_header.png\"><img loading=\"lazy\" decoding=\"async\" class=\" size-full wp-image-24683 aligncenter\" src=\"https:\/\/citmax.de\/wp-content\/uploads\/2020\/01\/citmax_header.png\" alt=\"citmax_header\" width=\"180\" height=\"52\" srcset=\"https:\/\/citmax.de\/wp-content\/uploads\/2020\/01\/citmax_header.png 180w, https:\/\/citmax.de\/wp-content\/uploads\/2020\/01\/citmax_header-150x43.png 150w\" sizes=\"auto, (max-width: 180px) 100vw, 180px\" \/><\/a><br \/>\ncitmax.de stellt Ihnen eine riesige Auswahl an Werbetechnik zur Verf\u00fcgung. Egal ob gro\u00dfe LED-Leinw\u00e4nde oder kleine Firmenschilder. Hier bekommen Sie alles aus einer Hand. Planung, Herstellung, Montage.<\/p>\n<p style=\"text-align: left;\"><strong>Firmierung: <\/strong>idee-produktion.de GmbH <strong>Telefon: <\/strong>0511 9200 000,<br \/>\n<strong>E-Mail: <\/strong>info@citmax.de <strong>Ort: <\/strong>Heinkelstra\u00dfe 3, 30827 Garbsen<\/p>\n<p style=\"text-align: center;\"><a href=\"https:\/\/citmax.de\/wp-content\/uploads\/2013\/11\/citmax-was-kostet-ein-werbebanner-preise-fur-banner-werbung-2.jpg\"><img loading=\"lazy\" decoding=\"async\" class=\"  wp-image-24614 alignleft\" src=\"https:\/\/citmax.de\/wp-content\/uploads\/2013\/11\/citmax-was-kostet-ein-werbebanner-preise-fur-banner-werbung-2-300x225.jpg\" alt=\"citmax-was-kostet-ein-werbebanner-preise-fur-banner-werbung-2\" width=\"113\" height=\"84\" srcset=\"https:\/\/citmax.de\/wp-content\/uploads\/2013\/11\/citmax-was-kostet-ein-werbebanner-preise-fur-banner-werbung-2-300x225.jpg 300w, https:\/\/citmax.de\/wp-content\/uploads\/2013\/11\/citmax-was-kostet-ein-werbebanner-preise-fur-banner-werbung-2-745x559.jpg 745w, https:\/\/citmax.de\/wp-content\/uploads\/2013\/11\/citmax-was-kostet-ein-werbebanner-preise-fur-banner-werbung-2-150x112.jpg 150w, https:\/\/citmax.de\/wp-content\/uploads\/2013\/11\/citmax-was-kostet-ein-werbebanner-preise-fur-banner-werbung-2-1024x768.jpg 1024w\" sizes=\"auto, (max-width: 113px) 100vw, 113px\" \/><\/a><a href=\"https:\/\/citmax.de\/wp-content\/uploads\/2013\/11\/Citmax-Preise-f\u00fcr-Transporter-und-klein-Transporter-61.jpg\"><img loading=\"lazy\" decoding=\"async\" class=\"  wp-image-23263 alignleft\" src=\"https:\/\/citmax.de\/wp-content\/uploads\/2013\/11\/Citmax-Preise-f\u00fcr-Transporter-und-klein-Transporter-61-300x225.jpg\" alt=\"Citmax Preise f\u00fcr Transporter und klein Transporter-6\" width=\"113\" height=\"84\" srcset=\"https:\/\/citmax.de\/wp-content\/uploads\/2013\/11\/Citmax-Preise-f\u00fcr-Transporter-und-klein-Transporter-61-300x225.jpg 300w, https:\/\/citmax.de\/wp-content\/uploads\/2013\/11\/Citmax-Preise-f\u00fcr-Transporter-und-klein-Transporter-61-745x559.jpg 745w, https:\/\/citmax.de\/wp-content\/uploads\/2013\/11\/Citmax-Preise-f\u00fcr-Transporter-und-klein-Transporter-61-150x112.jpg 150w, https:\/\/citmax.de\/wp-content\/uploads\/2013\/11\/Citmax-Preise-f\u00fcr-Transporter-und-klein-Transporter-61-1024x768.jpg 1024w, https:\/\/citmax.de\/wp-content\/uploads\/2013\/11\/Citmax-Preise-f\u00fcr-Transporter-und-klein-Transporter-61.jpg 1600w\" sizes=\"auto, (max-width: 113px) 100vw, 113px\" \/><\/a><a href=\"https:\/\/citmax.de\/wp-content\/uploads\/2020\/05\/werbeanhaenger.com-preise-fuer-werbeanhaenger-was-kostet-ein-werbeanhaenger-3.jpg\"><img loading=\"lazy\" decoding=\"async\" class=\"  wp-image-24710 alignleft\" src=\"https:\/\/citmax.de\/wp-content\/uploads\/2020\/05\/werbeanhaenger.com-preise-fuer-werbeanhaenger-was-kostet-ein-werbeanhaenger-3-300x225.jpg\" alt=\"werbeanhaenger.com-preise-fuer-werbeanhaenger-was-kostet-ein-werbeanhaenger-3\" width=\"113\" height=\"84\" srcset=\"https:\/\/citmax.de\/wp-content\/uploads\/2020\/05\/werbeanhaenger.com-preise-fuer-werbeanhaenger-was-kostet-ein-werbeanhaenger-3-300x225.jpg 300w, https:\/\/citmax.de\/wp-content\/uploads\/2020\/05\/werbeanhaenger.com-preise-fuer-werbeanhaenger-was-kostet-ein-werbeanhaenger-3-745x559.jpg 745w, https:\/\/citmax.de\/wp-content\/uploads\/2020\/05\/werbeanhaenger.com-preise-fuer-werbeanhaenger-was-kostet-ein-werbeanhaenger-3-150x112.jpg 150w, https:\/\/citmax.de\/wp-content\/uploads\/2020\/05\/werbeanhaenger.com-preise-fuer-werbeanhaenger-was-kostet-ein-werbeanhaenger-3.jpg 1024w\" sizes=\"auto, (max-width: 113px) 100vw, 113px\" \/><\/a><a href=\"https:\/\/citmax.de\/wp-content\/uploads\/2013\/11\/montagefotos-werbetechnik-konstruktion-citmax-15.jpg\"><img loading=\"lazy\" decoding=\"async\" class=\"  wp-image-23490 alignleft\" src=\"https:\/\/citmax.de\/wp-content\/uploads\/2013\/11\/montagefotos-werbetechnik-konstruktion-citmax-15-300x225.jpg\" alt=\"montagefotos-werbetechnik-konstruktion-citmax-15\" width=\"112\" height=\"84\" srcset=\"https:\/\/citmax.de\/wp-content\/uploads\/2013\/11\/montagefotos-werbetechnik-konstruktion-citmax-15-300x225.jpg 300w, https:\/\/citmax.de\/wp-content\/uploads\/2013\/11\/montagefotos-werbetechnik-konstruktion-citmax-15-745x559.jpg 745w, https:\/\/citmax.de\/wp-content\/uploads\/2013\/11\/montagefotos-werbetechnik-konstruktion-citmax-15-150x112.jpg 150w, https:\/\/citmax.de\/wp-content\/uploads\/2013\/11\/montagefotos-werbetechnik-konstruktion-citmax-15.jpg 1024w\" sizes=\"auto, (max-width: 112px) 100vw, 112px\" \/><\/a><\/p>\n<p>&nbsp;<\/p>\n<p>&nbsp;<\/p>\n<p><button><a href=\"https:\/\/www.citmax.de\/\" target=\"_blank\">Zur Webseite<\/a><\/button><\/p>\n<hr \/>\n<div>\n<p style=\"text-align: center;\">Standard-Eintrag mit 7 Textzeilen, Firmierung, Anschrift, E-Mail und Websiteverlinkung<\/p>\n<p><a href=\"https:\/\/citmax.de\/wp-content\/uploads\/2020\/11\/bauschild-miete-logo.png\"><img loading=\"lazy\" decoding=\"async\" class=\"size-medium wp-image-24754 aligncenter\" src=\"https:\/\/citmax.de\/wp-content\/uploads\/2020\/11\/bauschild-miete-logo-300x56.png\" alt=\"bauschild-miete-logo\" width=\"300\" height=\"56\" srcset=\"https:\/\/citmax.de\/wp-content\/uploads\/2020\/11\/bauschild-miete-logo-300x56.png 300w, https:\/\/citmax.de\/wp-content\/uploads\/2020\/11\/bauschild-miete-logo-745x140.png 745w, https:\/\/citmax.de\/wp-content\/uploads\/2020\/11\/bauschild-miete-logo-150x28.png 150w, https:\/\/citmax.de\/wp-content\/uploads\/2020\/11\/bauschild-miete-logo-1024x192.png 1024w, https:\/\/citmax.de\/wp-content\/uploads\/2020\/11\/bauschild-miete-logo.png 1398w\" sizes=\"auto, (max-width: 300px) 100vw, 300px\" \/><\/a><\/p>\n<p style=\"text-align: left;\">Das bauschild-miete.de-Team ist eine Division der <a title=\"Wir liefern Ideen und produzieren Ihre erfolgreiche Werbung!\" href=\"https:\/\/www.idee-produktion.de\/\" target=\"_blank\">idee-produktion.de<\/a> GmbH die seit 1989 eine Unternehmung der langwost.de Unternehmensgruppe ist. Wir liefern Bauschilder und Werbeschildgestelle kurzfristig und bundesweit aus.<br \/>\nBauschilder- und Werbeschildgestelle f\u00fcr kurzfristigen Einsatz die wir bundesweit ausgeliefern. Online finden Sie Preise von \u00fcber 100 Modellen in allen Gr\u00f6\u00dfen\/Formaten. Ideal f\u00fcr Architekten, Baufirmen oder Bauherren. Schnelle Preis\u00fcbersicht. Wir liefern sofort, bauen bundesweit auf.<\/p>\n<\/div>\n<div style=\"text-align: left;\"><strong>Firmierung: <\/strong>idee-produktion.de GmbH <strong>Telefon: <\/strong>0511 9200 000,<br \/>\n<strong>E-Mail: <\/strong>info@bauschild-miete.de <strong>Ort: <\/strong>Heinkelstra\u00dfe 3, 30827 Garbsen<\/div>\n<p><button><a href=\"https:\/\/www.bauschild-miete.de\/\" target=\"_blank\">Zur Webseite<\/a><\/button><\/p>\n<div style=\"text-align: left;\"><\/div>\n<div style=\"text-align: left;\">\n<hr \/>\n<div>\n<p style=\"text-align: center;\">Plus-Eintrag mit 7 Textzeilen wie Standard-Eintrag plus Bilder<\/p>\n<p><a href=\"https:\/\/citmax.de\/wp-content\/uploads\/2020\/11\/bauschild-miete-logo.png\"><img loading=\"lazy\" decoding=\"async\" class=\"size-medium wp-image-24754 aligncenter\" src=\"https:\/\/citmax.de\/wp-content\/uploads\/2020\/11\/bauschild-miete-logo-300x56.png\" alt=\"bauschild-miete-logo\" width=\"300\" height=\"56\" srcset=\"https:\/\/citmax.de\/wp-content\/uploads\/2020\/11\/bauschild-miete-logo-300x56.png 300w, https:\/\/citmax.de\/wp-content\/uploads\/2020\/11\/bauschild-miete-logo-745x140.png 745w, https:\/\/citmax.de\/wp-content\/uploads\/2020\/11\/bauschild-miete-logo-150x28.png 150w, https:\/\/citmax.de\/wp-content\/uploads\/2020\/11\/bauschild-miete-logo-1024x192.png 1024w, https:\/\/citmax.de\/wp-content\/uploads\/2020\/11\/bauschild-miete-logo.png 1398w\" sizes=\"auto, (max-width: 300px) 100vw, 300px\" \/><\/a><\/p>\n<p style=\"text-align: left;\">Das bauschild-miete.de-Team ist eine Division der <a title=\"Wir liefern Ideen und produzieren Ihre erfolgreiche Werbung!\" href=\"https:\/\/www.idee-produktion.de\/\" target=\"_blank\">idee-produktion.de<\/a> GmbH die seit 1989 eine Unternehmung der langwost.de Unternehmensgruppe ist. Wir liefern Bauschilder und Werbeschildgestelle kurzfristig und bundesweit aus.<br \/>\nBauschilder- und Werbeschildgestelle f\u00fcr kurzfristigen Einsatz die wir bundesweit ausgeliefern. Online finden Sie Preise von \u00fcber 100 Modellen in allen Gr\u00f6\u00dfen\/Formaten. Ideal f\u00fcr Architekten, Baufirmen oder Bauherren. Schnelle Preis\u00fcbersicht. Wir liefern sofort, bauen bundesweit auf.<\/p>\n<\/div>\n<div style=\"text-align: left;\"><strong>Firmierung: <\/strong>idee-produktion.de GmbH <strong>Telefon: <\/strong>0511 9200 000,<br \/>\n<strong>E-Mail: <\/strong>info@bauschild-miete.de <strong>Ort: <\/strong>Heinkelstra\u00dfe 3, 30827 Garbsen<\/div>\n<p>&nbsp;<\/p>\n<div style=\"text-align: left;\"><\/div>\n<div style=\"text-align: left;\"><a href=\"https:\/\/citmax.de\/wp-content\/uploads\/2013\/11\/bauschilder_38.jpg\"><img loading=\"lazy\" decoding=\"async\" class=\"alignnone  wp-image-21981\" src=\"https:\/\/citmax.de\/wp-content\/uploads\/2013\/11\/bauschilder_38-300x225.jpg\" alt=\"bauschilder_38\" width=\"127\" height=\"95\" srcset=\"https:\/\/citmax.de\/wp-content\/uploads\/2013\/11\/bauschilder_38-300x225.jpg 300w, https:\/\/citmax.de\/wp-content\/uploads\/2013\/11\/bauschilder_38-150x112.jpg 150w, https:\/\/citmax.de\/wp-content\/uploads\/2013\/11\/bauschilder_38.jpg 640w\" sizes=\"auto, (max-width: 127px) 100vw, 127px\" \/><\/a> <a href=\"https:\/\/citmax.de\/wp-content\/uploads\/2013\/11\/bauschilder_43.jpg\"><img loading=\"lazy\" decoding=\"async\" class=\"alignnone  wp-image-21986\" src=\"https:\/\/citmax.de\/wp-content\/uploads\/2013\/11\/bauschilder_43-300x216.jpg\" alt=\"bauschilder_43\" width=\"131\" height=\"95\" srcset=\"https:\/\/citmax.de\/wp-content\/uploads\/2013\/11\/bauschilder_43-300x216.jpg 300w, https:\/\/citmax.de\/wp-content\/uploads\/2013\/11\/bauschilder_43-745x537.jpg 745w, https:\/\/citmax.de\/wp-content\/uploads\/2013\/11\/bauschilder_43-150x108.jpg 150w, https:\/\/citmax.de\/wp-content\/uploads\/2013\/11\/bauschilder_43.jpg 960w\" sizes=\"auto, (max-width: 131px) 100vw, 131px\" \/><\/a> <a href=\"https:\/\/citmax.de\/wp-content\/uploads\/2013\/11\/bauschilder_14.jpg\"><img loading=\"lazy\" decoding=\"async\" class=\"alignnone  wp-image-21957\" src=\"https:\/\/citmax.de\/wp-content\/uploads\/2013\/11\/bauschilder_14-300x234.jpg\" alt=\"bauschilder_14\" width=\"122\" height=\"95\" srcset=\"https:\/\/citmax.de\/wp-content\/uploads\/2013\/11\/bauschilder_14-300x234.jpg 300w, https:\/\/citmax.de\/wp-content\/uploads\/2013\/11\/bauschilder_14-745x582.jpg 745w, https:\/\/citmax.de\/wp-content\/uploads\/2013\/11\/bauschilder_14-150x117.jpg 150w, https:\/\/citmax.de\/wp-content\/uploads\/2013\/11\/bauschilder_14-1024x800.jpg 1024w\" sizes=\"auto, (max-width: 122px) 100vw, 122px\" \/><\/a> <a href=\"https:\/\/citmax.de\/wp-content\/uploads\/2013\/11\/bauschilder_37.jpg\"><img loading=\"lazy\" decoding=\"async\" class=\"alignnone  wp-image-21980\" src=\"https:\/\/citmax.de\/wp-content\/uploads\/2013\/11\/bauschilder_37-300x225.jpg\" alt=\"bauschilder_37\" width=\"127\" height=\"95\" srcset=\"https:\/\/citmax.de\/wp-content\/uploads\/2013\/11\/bauschilder_37-300x225.jpg 300w, https:\/\/citmax.de\/wp-content\/uploads\/2013\/11\/bauschilder_37-150x112.jpg 150w, https:\/\/citmax.de\/wp-content\/uploads\/2013\/11\/bauschilder_37.jpg 640w\" sizes=\"auto, (max-width: 127px) 100vw, 127px\" \/><\/a><\/div>\n<p><button><a href=\"https:\/\/www.bauschild-miete.de\/\" target=\"_blank\">Zur Webseite<\/a><\/button><\/p>\n<\/div>\n","protected":false},"excerpt":{"rendered":"<p>Standard-Eintrag mit 3 Textzeilen, Firmierung, Anschrift, E-Mail und Websiteverlinkung Das werbeanhaenger.com-Team spezialisiert sich auf Werbeanh\u00e4nger, deren Beschriftung und die ideale [&hellip;]<\/p>\n","protected":false},"author":1,"featured_media":0,"parent":0,"menu_order":0,"comment_status":"closed","ping_status":"closed","template":"page-fullwidth.php","meta":{"footnotes":"","_links_to":"","_links_to_target":""},"class_list":["post-24863","page","type-page","status-publish","hentry","no-featured-image"],"_links":{"self":[{"href":"https:\/\/citmax.de\/index.php?rest_route=\/wp\/v2\/pages\/24863","targetHints":{"allow":["GET"]}}],"collection":[{"href":"https:\/\/citmax.de\/index.php?rest_route=\/wp\/v2\/pages"}],"about":[{"href":"https:\/\/citmax.de\/index.php?rest_route=\/wp\/v2\/types\/page"}],"author":[{"embeddable":true,"href":"https:\/\/citmax.de\/index.php?rest_route=\/wp\/v2\/users\/1"}],"replies":[{"embeddable":true,"href":"https:\/\/citmax.de\/index.php?rest_route=%2Fwp%2Fv2%2Fcomments&post=24863"}],"version-history":[{"count":1,"href":"https:\/\/citmax.de\/index.php?rest_route=\/wp\/v2\/pages\/24863\/revisions"}],"predecessor-version":[{"id":24864,"href":"https:\/\/citmax.de\/index.php?rest_route=\/wp\/v2\/pages\/24863\/revisions\/24864"}],"wp:attachment":[{"href":"https:\/\/citmax.de\/index.php?rest_route=%2Fwp%2Fv2%2Fmedia&parent=24863"}],"curies":[{"name":"wp","href":"https:\/\/api.w.org\/{rel}","templated":true}]}}