{"id":4956,"date":"2014-02-14T16:56:30","date_gmt":"2014-02-14T15:56:30","guid":{"rendered":"http:\/\/citmax.de\/?page_id=4956"},"modified":"2016-05-12T10:11:53","modified_gmt":"2016-05-12T08:11:53","slug":"citmax-banner","status":"publish","type":"page","link":"https:\/\/citmax.de\/?page_id=4956","title":{"rendered":"Citmax-Banner\/Megaprints PVC"},"content":{"rendered":"<header><span class=\"Apple-style-span\" style=\"font-size: 16px; line-height: 24px; font-weight: normal;\">Die robusten und zeitlosen Citmax-Werbebanner aus PVC-Planenstoff sind in den letzten Jahren sehr in Mode gekommen. Die erstaunlich reissfesten und langlebigen Werbeplanen lassen sich digital mit Gro\u00dfformatdruckeren problemlos bedrucken und sind 4c-farbig sehr g\u00fcnstig f\u00fcr Sie herzustellen.<br \/>\nDie Befestigung erfolgt meist mit am Rand eingeschlagenen kleinen Ringoesen, durch die dann die Verspannung mit Seilen und Gummizugb\u00e4ndern oder die Verschraubung in einem geeigneten Untergrund erfolgen kann.<br \/>\nDie Banner bekommen Sie schon im Kleinformat ab 100 x 100 cm oder aber auch in beachtlichen Gro\u00dfformat-Megaprints, die mehere 100 qm haben k\u00f6nnen.<br \/>\nDie Citmax-Drucksysteme verarbeiten eine Rollenbreite von 500 cm, alles was gr\u00f6\u00dfer werden soll wird entsprechend in 500 cm Druckbahnen zusammengesetzt und mit einer robusten aber dezenten Naht angeschweisst und verbunden. Die Naht ist aus entsprechenden Abstand nicht mehr zu sehen. Da Werbebanner meist von \u00fcber 10m Abstand oder deutliche mehr betrachtet werden, ist das zusammenf\u00fcgen per Schweissnaht eine sehr gute und gebr\u00e4uchliche Art, um Grossbildmotive herzustellen.<\/span><\/header>\n<div>\n<p>Die Citmax-Werbebanner sind bestens f\u00fcr Aktionswerbungen zu verwenden, um schnell und g\u00fcnstig gro\u00dfe Werbebotschaften zu pr\u00e4sentieren.<br \/>\nEin weiterer Vorteil f\u00fcr die Citmax- Werbebanner ist die Mobilit\u00e4t und das einfache Handling von Ort A zu Ort B. Wird das Banner nicht mehr ben\u00f6tigt, wird es einfach abgenommen, zusammengerollt oder gefaltet und kann in einem normalen PKW zum n\u00e4chsten Einsatzort gebracht werden und wird die gedruckte Werbebotschaft dort verk\u00fcnden.<br \/>\nDie Montage und Installation kann einfach sein, sofern das Banner nicht zu gro\u00df und nicht zu hoch h\u00e4ngt und entsprechende Aufh\u00e4ngehaken vorhanden sind. Dann geht es ziemlich fix und im Vergleich zum Werbeschild ist ein Banner schnell an einem Zaun oder an einem Ger\u00fcst verspannt. Wir empfehlen f\u00fcr mobilen und transportablen Einsatz f\u00fcr kleine Werbebotschaften bis ca. 2,0qm eher ein Schild,\u00a0ein Werbebanner ist ab 2qm durchaus eine vern\u00fcnftige Alternative. Gro\u00dfmotive werden sowieso meist aus PVC-Planenstoff bedruckt, nach oben sind dem keine Grenzen gesetzt.<br \/>\nSollten Sie die Montagen nicht selber durchf\u00fchren k\u00f6nnen, sprechen Sie uns an, Citmax hat bundesweit erfahrene Montageteams, die jedes Banner in nahezu jeder H\u00f6he und Gr\u00f6\u00dfe fachgerecht und schnell montieren.<br \/>\nWir freuen uns auf ihre Nachricht und Anfrage:<a title=\"Wir freuen uns auf ihre Anfrage.\" href=\"mailto:info@citmax.de\"> info@citmax.de<\/a><\/p>\n<header><strong>Mesh kommt aus dem Englischen und bedeutet Maschenweite\/Netz<\/strong> oder bei uns bedeutet es einfach, das Sie ggf. eine mesh-PVC-Plane haben m\u00f6chten. Die mesh PVC-Plane, hat eine leicht winddurchl\u00e4ssige Oberfl\u00e4che, und ist ideal f\u00fcr gro\u00dfe Werbefl\u00e4chen die etwas wind- und lichtdurchl\u00e4ssig sein sollen, z.B. bei Ger\u00fcstwerbung, Gro\u00dfmotivwerbung an Fassadenfl\u00e4chen und z.B. vor Fenster\u00f6ffnung, da die mesh-PVC-Werbeplane an der Oberfl\u00e4che Wind- und Lichtdurchgang erm\u00f6glicht.<\/header>\n<div>\n<p>Die mesh-Plane wurde in den 1990er entwickelt, sieht \u00e4hnlich aus wie eine Gardine aus Omas besten Zeiten und hat eine feink\u00f6rnige Maschenweite. Diese mesh-Plane ist erstaunlich stabil und beinahe so reissfest wie eine normale PVC-Plane, auf alle F\u00e4lle stabil genug, um kurz-, mittel- und auch langfristig im Aussenbereich an sensiblen Stellen als gro\u00dffl\u00e4chige Werbefl\u00e4che hervorragende Dienste zu leisten.<br \/>\nDurch die winddurchschl\u00fcpfrigen Maschen wird die Windangriffsfl\u00e4che enorm gesenkt und so k\u00f6nnen auch auf problematischen Werbeuntergr\u00fcnde die gro\u00dffl\u00e4chig zur Verf\u00fcgung stehen, bestens genutzt werden.<br \/>\nDas mesh-Werbebanner ist ein tolles Material, l\u00e4st sich super bedrucken, problemlos konfektionieren und ebenso leicht montieren. Wir bedrucken die Banner in bis zu 500 cm Rollenbreite und auch gr\u00f6\u00dfere Motive sind nat\u00fcrlich druckbar. Bei Gro\u00dfformaten werden die bedruckten mesh-Banner zu einem Gro\u00dfbanner Naht an Naht zusammen geschweisst und k\u00f6nnen Gro\u00dfmotive ergeben, die mehere 100qm gro\u00df sein k\u00f6nnen.<\/p>\n<p>Standardm\u00e4ssig erhalten die Meshbanner ringsum alle 50 cm eine Ringoese, zur sp\u00e4teren bauseitigen Befestigung.<br \/>\nSollten Sie einen Hohlsaum zum Durchschieben einer Beschwerungs- oder Spannstange ben\u00f6tigen, geben Sie dies einfach bei Ihrer Bestellung als Konfektionierungswunsch an.<\/p>\n<p>Bitte vers\u00e4umen Sie nicht bei Bestellung uns eine entsprechende fertige und ma\u00dfst\u00e4bliche Druckdatei\u00a0als pdf zu \u00fcbermitteln.<br \/>\nSollten Sie keine fertige Druckdatei zur Verf\u00fcgung stellen k\u00f6nnen, dann bietet Citmax einen entsprechenden <a title=\"Wir projektieren Ihr Werbevorhaben und erstellen Ihre Druckdaten.\" href=\"https:\/\/citmax.de\/?product_cat=projekt-start-citmax-startet-ihr-projekt-und-projektiert-fuer-sie\" target=\"_blank\">Projektierungsservice f\u00fcr Druckdaten<\/a> an.<\/p>\n<\/div>\n<\/div>\n","protected":false},"excerpt":{"rendered":"<p>Die robusten und zeitlosen Citmax-Werbebanner aus PVC-Planenstoff sind in den letzten Jahren sehr in Mode gekommen. Die erstaunlich reissfesten und [&hellip;]<\/p>\n","protected":false},"author":1,"featured_media":0,"parent":0,"menu_order":0,"comment_status":"closed","ping_status":"closed","template":"","meta":{"footnotes":"","_links_to":"","_links_to_target":""},"class_list":["post-4956","page","type-page","status-publish","hentry","no-featured-image"],"_links":{"self":[{"href":"https:\/\/citmax.de\/index.php?rest_route=\/wp\/v2\/pages\/4956","targetHints":{"allow":["GET"]}}],"collection":[{"href":"https:\/\/citmax.de\/index.php?rest_route=\/wp\/v2\/pages"}],"about":[{"href":"https:\/\/citmax.de\/index.php?rest_route=\/wp\/v2\/types\/page"}],"author":[{"embeddable":true,"href":"https:\/\/citmax.de\/index.php?rest_route=\/wp\/v2\/users\/1"}],"replies":[{"embeddable":true,"href":"https:\/\/citmax.de\/index.php?rest_route=%2Fwp%2Fv2%2Fcomments&post=4956"}],"version-history":[{"count":15,"href":"https:\/\/citmax.de\/index.php?rest_route=\/wp\/v2\/pages\/4956\/revisions"}],"predecessor-version":[{"id":20783,"href":"https:\/\/citmax.de\/index.php?rest_route=\/wp\/v2\/pages\/4956\/revisions\/20783"}],"wp:attachment":[{"href":"https:\/\/citmax.de\/index.php?rest_route=%2Fwp%2Fv2%2Fmedia&parent=4956"}],"curies":[{"name":"wp","href":"https:\/\/api.w.org\/{rel}","templated":true}]}}