{"id":4958,"date":"2014-02-14T16:56:47","date_gmt":"2014-02-14T15:56:47","guid":{"rendered":"http:\/\/citmax.de\/?page_id=4958"},"modified":"2016-05-12T10:11:32","modified_gmt":"2016-05-12T08:11:32","slug":"citmax-hissanlage","status":"publish","type":"page","link":"https:\/\/citmax.de\/?page_id=4958","title":{"rendered":"Citmax-Banner-Hissanlage"},"content":{"rendered":"<p>Die Citmax-Hissbanneranlagen wurden von erfahrenen Werbetechnikern entwickelt und zeichnen sich aus durch besonders leichte, einfache und sichere Bedienung aus.<br \/>\nDas spezielle entwickelte Spannsystem erm\u00f6glicht an nahezu allen Fassaden gro\u00dffl\u00e4chige Banner-Werbeanlage zu platzieren, so das die Banner nach der Installation einfach und schnell an den Fassadenfl\u00e4chen ohne Hilfsmittel wie Hubsteiger, Ger\u00fcst oder Leitern zu hissen und zu wechseln sind.<br \/>\nSo haben Ihre Mitarbeiter, Ihr Hausmeister oder Sie selbst die M\u00f6glichkeiten den Bannerwechsel v\u00f6llig autark durchzuf\u00fchren, ohne den Einsatz von kostenspieligen \u00a0Zusatzger\u00e4ten.<br \/>\nIm Vergleich zu herk\u00f6mmlichen Banner-Liftsystemen ist das Citmax-Banner-Hissanlagensystem pflegeleichter, schonender von der Montage an der Fassadenfl\u00e4che, chicker da dezenter von der Bauform und einfacher und sicherer von der Handhabung und Bedienung. Auch sp\u00e4tere Nachbestellungen der Hissbaner und Gro\u00dfmotive sind kosteng\u00fcnstiger, da keine spezielle Sonderkonfektionierung erforderlich ist.<\/p>\n<p>Die Citmax-Hissbanneranlagen erhalten Sie in den Abmessungen:<br \/>\n&#8211; im Kleinformat bis B200 \u00a0x \u00a0bis H400 cm. Sie k\u00f6nnen das Format frei w\u00e4hlen!<br \/>\n&#8211; sowie in den flexiblen cm-Breiten bis B500\/bis B600\/bis B700\/bis B800 und bis B999 cm<br \/>\nDie H\u00f6hen sind flexibel in Centimeterschritten w\u00e4hlbar von bis H400 bis H1000 cm.<br \/>\nIhr individuelles Wunschformat bei Eingabe Ihrer Bestelladresse einfach im Hinweistext angeben.<\/p>\n<p>Passend zu den Hissbanneranlagen erhalten Sie bei uns auch die Hissbanner, die wir auf bis zu 500 cm breiten Spezialdruckmaschinen herstellen und auch zu Gro\u00dfformaten bis B1000 x H1200 cm, oder gr\u00f6\u00dfer, drucken, zusammen schweissen und produzieren.<\/p>\n<p>Wir freuen uns auf Ihre Anfragen.<\/p>\n","protected":false},"excerpt":{"rendered":"<p>Die Citmax-Hissbanneranlagen wurden von erfahrenen Werbetechnikern entwickelt und zeichnen sich aus durch besonders leichte, einfache und sichere Bedienung aus. Das [&hellip;]<\/p>\n","protected":false},"author":1,"featured_media":0,"parent":0,"menu_order":0,"comment_status":"closed","ping_status":"closed","template":"","meta":{"footnotes":"","_links_to":"","_links_to_target":""},"class_list":["post-4958","page","type-page","status-publish","hentry","no-featured-image"],"_links":{"self":[{"href":"https:\/\/citmax.de\/index.php?rest_route=\/wp\/v2\/pages\/4958","targetHints":{"allow":["GET"]}}],"collection":[{"href":"https:\/\/citmax.de\/index.php?rest_route=\/wp\/v2\/pages"}],"about":[{"href":"https:\/\/citmax.de\/index.php?rest_route=\/wp\/v2\/types\/page"}],"author":[{"embeddable":true,"href":"https:\/\/citmax.de\/index.php?rest_route=\/wp\/v2\/users\/1"}],"replies":[{"embeddable":true,"href":"https:\/\/citmax.de\/index.php?rest_route=%2Fwp%2Fv2%2Fcomments&post=4958"}],"version-history":[{"count":9,"href":"https:\/\/citmax.de\/index.php?rest_route=\/wp\/v2\/pages\/4958\/revisions"}],"predecessor-version":[{"id":22512,"href":"https:\/\/citmax.de\/index.php?rest_route=\/wp\/v2\/pages\/4958\/revisions\/22512"}],"wp:attachment":[{"href":"https:\/\/citmax.de\/index.php?rest_route=%2Fwp%2Fv2%2Fmedia&parent=4958"}],"curies":[{"name":"wp","href":"https:\/\/api.w.org\/{rel}","templated":true}]}}