{"id":4962,"date":"2014-02-14T16:57:27","date_gmt":"2014-02-14T15:57:27","guid":{"rendered":"http:\/\/citmax.de\/?page_id=4962"},"modified":"2016-05-12T10:12:25","modified_gmt":"2016-05-12T08:12:25","slug":"citmax-fahnenmasten","status":"publish","type":"page","link":"https:\/\/citmax.de\/?page_id=4962","title":{"rendered":"Citmax-Fahnenmasten"},"content":{"rendered":"<p>Die Citmax-Fahnenmasten haben sich europaweit 10.000-fach bew\u00e4hrt und sind robust und einfach in der Handhabung. Die Masth\u00f6hen gehen von 5m bis 12m wobei 95% der verbauten Fahnenmasten 6m, \u00a07m, 8m und H 9m\/10m hoch sind. Die Masten haben einen Kippgelenkfu\u00df der ein paar Tage vor der eigentliche Mastmontage in einem Erdfundament montiert und in Beton fachgerecht vergossen wird. Die Mastmontage kann je Betonmischung und Witterung nach ca. 4-7 Tagen nach dem trocken und durchh\u00e4rten des Mastfundamentes erfolgen. Wir empfehlen zur Montage des Fu\u00dfteils\/Kippgelenks unsere erfahrenen Montageteams, da es wichtig ist, das die Kippgelenkmontage waage-\/lotrecht und exakt erfolgt. Nur so kann der Mast sp\u00e4ter gerade stehen.<\/p>\n<p>Die Citmax-Fahnenmasten liefern wir bundesweit und kosteng\u00fcnstig innerhalb weniger Tage aus.<br \/>\nDer Drehkopfauslegearm erm\u00f6glicht eine Fahnenbreite von 150 cm.<br \/>\nHier ein paar Empfehlungwerte f\u00fcr Fahnemasten und deren Fahnengr\u00f6\u00dfen.<\/p>\n<p>F\u00fcr den 6m\/7m Citmax-Mast empfehlen wir Fahnen B100 bis B125 cm sowie eine Fahnenh\u00f6he von H250 bis H 350 cm.<br \/>\nF\u00fcr den 8m\/9m Citmax-Mast empfehlen wir Fahnen B125 bis B150 cm sowie eine Fahnenh\u00f6he von H300 bis H 400 cm.<br \/>\nDie 9m\/10m Citmax-Masten haben in der Regel Fahnen mit B150 cm Mastausleger und Fahnenh\u00f6he von 400\/500 cm.<\/p>\n<p>Bedenken Sie bitte, je gr\u00f6\u00dfer das Fahnentuch desto gr\u00f6\u00dfer der Verschleiss an Mast und Fahnentuch bei den jeweiligen Windst\u00e4rken. Ab Windst\u00e4rke 8 empfehlen wir aus Verschleissgr\u00fcnden die Fahnen einzuholen.<\/p>\n<p>&nbsp;<\/p>\n","protected":false},"excerpt":{"rendered":"<p>Die Citmax-Fahnenmasten haben sich europaweit 10.000-fach bew\u00e4hrt und sind robust und einfach in der Handhabung. Die Masth\u00f6hen gehen von 5m [&hellip;]<\/p>\n","protected":false},"author":1,"featured_media":0,"parent":0,"menu_order":0,"comment_status":"closed","ping_status":"closed","template":"","meta":{"footnotes":"","_links_to":"","_links_to_target":""},"class_list":["post-4962","page","type-page","status-publish","hentry","no-featured-image"],"_links":{"self":[{"href":"https:\/\/citmax.de\/index.php?rest_route=\/wp\/v2\/pages\/4962","targetHints":{"allow":["GET"]}}],"collection":[{"href":"https:\/\/citmax.de\/index.php?rest_route=\/wp\/v2\/pages"}],"about":[{"href":"https:\/\/citmax.de\/index.php?rest_route=\/wp\/v2\/types\/page"}],"author":[{"embeddable":true,"href":"https:\/\/citmax.de\/index.php?rest_route=\/wp\/v2\/users\/1"}],"replies":[{"embeddable":true,"href":"https:\/\/citmax.de\/index.php?rest_route=%2Fwp%2Fv2%2Fcomments&post=4962"}],"version-history":[{"count":8,"href":"https:\/\/citmax.de\/index.php?rest_route=\/wp\/v2\/pages\/4962\/revisions"}],"predecessor-version":[{"id":6934,"href":"https:\/\/citmax.de\/index.php?rest_route=\/wp\/v2\/pages\/4962\/revisions\/6934"}],"wp:attachment":[{"href":"https:\/\/citmax.de\/index.php?rest_route=%2Fwp%2Fv2%2Fmedia&parent=4962"}],"curies":[{"name":"wp","href":"https:\/\/api.w.org\/{rel}","templated":true}]}}