{"id":4964,"date":"2014-02-14T16:57:44","date_gmt":"2014-02-14T15:57:44","guid":{"rendered":"http:\/\/citmax.de\/?page_id=4964"},"modified":"2016-05-12T10:11:28","modified_gmt":"2016-05-12T08:11:28","slug":"citmax-banner-aus-leichten-stoff","status":"publish","type":"page","link":"https:\/\/citmax.de\/?page_id=4964","title":{"rendered":"Citmax-Banner Stoff"},"content":{"rendered":"<p>Bannerstoff gibt es in ganz unterschiedlichen Qualit\u00e4ten und Grammaturen.<br \/>\nMeist werden diese Stoffe f\u00fcr den dekorativen Inneneinsatz oder auf Messen und kurzfristigen Veranstaltungen eingesetzt. Alle Stoffe lassen sich 4c mit Hochleistungsdrucker bedrucken und werden danach zugeschnitten und konfektioniert, geoest, ums\u00e4umt und auf das Wunschformat gebracht.<br \/>\nSie haben die Wahl zwischen besonders leichten und durchscheinenden Tuch oder aber nahezu blickdichten Stoff mit entsprechender schwer entflammbarer Zertifizierung, z.B.\u00a090gr. Light PVC, 110gr. FlagTex, 140gr. LightTex, 250gr. Tex, 330gr. Airtex und vielen weiteren Gewebesorten, die st\u00e4ndig nach neuestem Standard aktualisiert werden.<\/p>\n<p>Bitte w\u00e4hlen Sie aus den angebotenen Formatgr\u00f6\u00dfen Ihr passendes Endformat aus und geben Sie uns Ihr Konfektionierungsma\u00df und den Konfektionierungswunsch an.<br \/>\nDie Standardkalkulationen basieren auf obige\u00a0preisneutralen Grammaturen.<br \/>\nSonderstoffe sind stets verf\u00fcgbar und werden jeweils individuell nach Ihrer Auswahl &#8211; meist ohne Mehrkosten! &#8211; angeboten.<\/p>\n<p>Bitte geben Sie bei Ihrer Anfrage\/Bestellung Ihren Verwendungszweck mit an, damit wir aus dem Stoffsortiment die richtige Rolle zum bedrucken einspannen.<br \/>\n<strong>Ihr Citmax-Berater informiert Sie gern!<\/strong><\/p>\n","protected":false},"excerpt":{"rendered":"<p>Bannerstoff gibt es in ganz unterschiedlichen Qualit\u00e4ten und Grammaturen. Meist werden diese Stoffe f\u00fcr den dekorativen Inneneinsatz oder auf Messen [&hellip;]<\/p>\n","protected":false},"author":1,"featured_media":0,"parent":0,"menu_order":0,"comment_status":"closed","ping_status":"closed","template":"","meta":{"footnotes":"","_links_to":"","_links_to_target":""},"class_list":["post-4964","page","type-page","status-publish","hentry","no-featured-image"],"_links":{"self":[{"href":"https:\/\/citmax.de\/index.php?rest_route=\/wp\/v2\/pages\/4964","targetHints":{"allow":["GET"]}}],"collection":[{"href":"https:\/\/citmax.de\/index.php?rest_route=\/wp\/v2\/pages"}],"about":[{"href":"https:\/\/citmax.de\/index.php?rest_route=\/wp\/v2\/types\/page"}],"author":[{"embeddable":true,"href":"https:\/\/citmax.de\/index.php?rest_route=\/wp\/v2\/users\/1"}],"replies":[{"embeddable":true,"href":"https:\/\/citmax.de\/index.php?rest_route=%2Fwp%2Fv2%2Fcomments&post=4964"}],"version-history":[{"count":7,"href":"https:\/\/citmax.de\/index.php?rest_route=\/wp\/v2\/pages\/4964\/revisions"}],"predecessor-version":[{"id":20792,"href":"https:\/\/citmax.de\/index.php?rest_route=\/wp\/v2\/pages\/4964\/revisions\/20792"}],"wp:attachment":[{"href":"https:\/\/citmax.de\/index.php?rest_route=%2Fwp%2Fv2%2Fmedia&parent=4964"}],"curies":[{"name":"wp","href":"https:\/\/api.w.org\/{rel}","templated":true}]}}