{"id":4970,"date":"2014-02-14T16:58:50","date_gmt":"2014-02-14T15:58:50","guid":{"rendered":"http:\/\/citmax.de\/?page_id=4970"},"modified":"2016-05-12T10:12:51","modified_gmt":"2016-05-12T08:12:51","slug":"citmax-litfass-saeulen","status":"publish","type":"page","link":"https:\/\/citmax.de\/?page_id=4970","title":{"rendered":"Citmax-Litfass-S\u00e4ulen"},"content":{"rendered":"<p>Die fast in Vergessenheit geratenen Litfass-S\u00e4ulen werden durch das moderne Citmax-LitfassS\u00e4ule-System wieder neu entdeckt und f\u00fcr Ihre Werbebotschaften in der City und an interessanten Werbepunkten f\u00fcr den point of sale wieder zum neuen Leben erweckt.<br \/>\nDie aus soliden Betonringen bestehenden S\u00e4ulen liefern wir bundesweit aus, erbringen die notwendigen Vorarbeiten der Gr\u00fcndung und des tragenden Fundamentes, bis hin zur Montage und Inbetriebnahme Ihrer Werbes\u00e4ule.<\/p>\n<p>Die S\u00e4ulen bauen wir in diversen Systemgr\u00f6\u00dfen, hier die Modelle kurz aufgelistet:<br \/>\nTyp CLS-D80 cm erhalten Sie in H200 und H250cm<br \/>\nTyp CLS-D100 cm erhalten Sie in H200, H250 und H300 cm<br \/>\nTyp CLS-D120 cm erhalten Sie in H200, H250, H300 und H350cm<br \/>\nTyp CLS-D140 cm erhalten Sie in H250, H300, H350 und H400 cm<br \/>\nTyp CLS-D170 cm erhalten Sie in H300, H350, H400 und H500 cm<br \/>\nTyp CLS-D220 cm erhalten Sie in H300, H400, H500, H600 und H700 cm<br \/>\nMa\u00dfe k\u00f6nnen je nach Systembauteil leicht variieren.<\/p>\n<p>Das besondere an den Citmax-Lifass-S\u00e4ulen ist die individuelle Nutzung die modular<br \/>\naufgebaut und erg\u00e4nzt werden kann:<br \/>\n<strong>Basic<\/strong> ist das Modell welches weiss gestrichen fertig f\u00fcr die Aufnahme von klassischen Papier-Plakaten vorbereitet ist. Damit k\u00f6nnen Sie starten.<br \/>\n<strong>BasicPlus<\/strong> ist die ringsum 4c bedruckte Variante die zus\u00e4tzlich mit einem 4c bedruckten<br \/>\nSpanntuch ummantelt ist. Sie stellen uns einfach eine Druckdatei und wir verkleiden Ihre<br \/>\nCitmax-Werbes\u00e4ule.<\/p>\n<p>Mit diversen <strong>BasicPlus-Modulen<\/strong> k\u00f6nnen Sie BasicPlus aufr\u00fcsten und mit weiteren Plakatmotiven und Zubeh\u00f6r anpassen, so das Sie st\u00e4ndig wechselnde Werbebotschaften kommunizieren k\u00f6nnen oder auf der Citmax-Litfass-S\u00e4ule auch verschiedene Nutzern eine Werbefl\u00e4che bereit stellen.<br \/>\nEin Klett\/Flausch-System oder das Drehwirbel-VerschlussSystem erm\u00f6glicht ein einfaches und preiswertes Wechseln der Werbemotive.<br \/>\nZu den umfangreichen <a title=\"Hier finden Sie unser LitfassS\u00e4ulenzubeh\u00f6r - Programm\" href=\"https:\/\/www.citmax.de\/litfasssaeulen\/zubeh\u00f6r\">Zubeh\u00f6rm\u00f6glichkeiten kommen Sie hier:<\/a><\/p>\n","protected":false},"excerpt":{"rendered":"<p>Die fast in Vergessenheit geratenen Litfass-S\u00e4ulen werden durch das moderne Citmax-LitfassS\u00e4ule-System wieder neu entdeckt und f\u00fcr Ihre Werbebotschaften in der [&hellip;]<\/p>\n","protected":false},"author":1,"featured_media":0,"parent":0,"menu_order":0,"comment_status":"closed","ping_status":"closed","template":"","meta":{"footnotes":"","_links_to":"","_links_to_target":""},"class_list":["post-4970","page","type-page","status-publish","hentry","no-featured-image"],"_links":{"self":[{"href":"https:\/\/citmax.de\/index.php?rest_route=\/wp\/v2\/pages\/4970","targetHints":{"allow":["GET"]}}],"collection":[{"href":"https:\/\/citmax.de\/index.php?rest_route=\/wp\/v2\/pages"}],"about":[{"href":"https:\/\/citmax.de\/index.php?rest_route=\/wp\/v2\/types\/page"}],"author":[{"embeddable":true,"href":"https:\/\/citmax.de\/index.php?rest_route=\/wp\/v2\/users\/1"}],"replies":[{"embeddable":true,"href":"https:\/\/citmax.de\/index.php?rest_route=%2Fwp%2Fv2%2Fcomments&post=4970"}],"version-history":[{"count":5,"href":"https:\/\/citmax.de\/index.php?rest_route=\/wp\/v2\/pages\/4970\/revisions"}],"predecessor-version":[{"id":22516,"href":"https:\/\/citmax.de\/index.php?rest_route=\/wp\/v2\/pages\/4970\/revisions\/22516"}],"wp:attachment":[{"href":"https:\/\/citmax.de\/index.php?rest_route=%2Fwp%2Fv2%2Fmedia&parent=4970"}],"curies":[{"name":"wp","href":"https:\/\/api.w.org\/{rel}","templated":true}]}}