{"id":4994,"date":"2014-02-20T08:41:36","date_gmt":"2014-02-20T07:41:36","guid":{"rendered":"http:\/\/citmax.de\/?page_id=4994"},"modified":"2016-05-12T10:13:35","modified_gmt":"2016-05-12T08:13:35","slug":"citmax-werbefahrzeuge","status":"publish","type":"page","link":"https:\/\/citmax.de\/?page_id=4994","title":{"rendered":"Citmax-Werbefahrzeuge mit Sonderaufbauten"},"content":{"rendered":"<p>Die Module der Citmax-CarDachwerbung \u00a0sind hervorragende Blickf\u00e4nge und lassen sich sehr gut im \u00f6ffentlichen Verkehrsraum plazieren. Die Module bestehen aus entsprechend gro\u00dfen PKW- und KleinLKW-Tr\u00e4gerfahrzeugen die wir bundesweit f\u00fcr Ihre Werbeaktionen bereitstellen. Unsere Fahrzeuge sind alle speziell f\u00fcr diese Citmax-Werbung hergerichtet und es stehen diverse Modelle zur Auswahl. Alle Fahrzeuge sind versichert, sind zugelassen und werden an den jeweiligen Werbeort an Sie \u00fcbergeben. Sie erhalten bei \u00dcbergabe das\u00a0<a title=\"Hier gehts zum Einweisungsprotokoll der Citmax-Dachwerbung.\" href=\"https:\/\/www.citmax.de\/einweisungsprotokoll\">Einweisungprotokoll<\/a>, das Sie auch hier downloaden k\u00f6nnen. Sofern Sie einen passenden F\u00fchrerschein haben, k\u00f6nnen Sie die Citmax-Werbefahrzeuge entsprechend dem jeweiligen Vorschriften an Ihren beliebigen Werbe-Ort platzieren und damit kosteng\u00fcnstig und dauerhaft werben.<\/p>\n<p>Zu den Tr\u00e4gerfahrzeugen haben wir die passenden stabilen und zugelassenen Dachtr\u00e4ger die mit verschiedenen Basismodulen zur Aufnahme der Werbebotschaft vorger\u00fcstet sind. Sie haben die Wahl der Standard-Werbefl\u00e4chen,\u00a0<a title=\"Hier kommen Sie zur \u00dcbersicht der Citmax-Werbetr\u00e4gerliste.\" href=\"www.citmax.de\/Tr\u00e4gerliste\">siehe Liste<\/a>, oder der Sonderwerbefl\u00e4chen die jeweils auf ihre Wunschform angepasst, gestaltet, beschriftet und gefr\u00e4st werden. Ihrer Creativit\u00e4t sind keine Grenzen gesetzt, lediglich die Basisgr\u00f6\u00dfen von H 250 cm und B 400 cm sollten nicht wesentlich \u00fcberschritten werden. Sonderma\u00dfe stets auf Anfrage an\u00a0<a title=\"Ihre Anfrage interessiert uns.\" href=\"mailto:info@citmax.de\">info@citmax.de<\/a>.<\/p>\n<p>Feststehende Aussenwerbung sollte auffallen! Aufmerksamkeit erregen! und blickfangstark f\u00fcr Ihre Produkte und Dienstleistungen werben!<br \/>\nNoch besser gelingt Ihnen dies mit der mobilen Werbung von Citmax!<br \/>\nDenn mit mobiler Werbung sind sie bei der Positionierung Ihrer Kommunikationsbotschaft frei und unabh\u00e4ngig und k\u00f6nnen dort werben, wo Ihre Zielgruppe ist und wo Sie den gr\u00f6\u00dften Erfolg haben!<br \/>\nSpeziell f\u00fcr die blickfangstarke Werbung haben wir die Citmax-<a title=\"Ihr direkter Kontakt zu den Rent-me24.de Werbeanh\u00e4ngern\" href=\"https:\/\/www.rent-me24.de\">Rent-me24.de<\/a>\u00a0-Werbeanh\u00e4nger entwickelt, die in dem Orginal-Gro\u00dfplakatfl\u00e4chen-Format ein beachtliche Gr\u00f6\u00dfe haben und dennoch mobil und flexibel einsatzf\u00e4hig sind.<br \/>\nB350 x H250cm auf 2 Werbeseiten des Werbeanh\u00e4ngers lassen gen\u00fcgend Platz f\u00fcr die Gestaltung Ihrer Werbebotschaft. Zudem haben die Werbeanh\u00e4nger noch eine vordere und hintere Dreieckswerbefl\u00e4che, die ebenso genutzt werden kann. Die Kosten sind im Vergleich zum Standard-Plakat erstaunlich gering und zudem ist diese Plakatwerbung individuell aufstellbar.<\/p>\n<p>Wem das nicht reicht und wer richtig gro\u00df werben m\u00f6chte, der nimmt den Citmax-Rent-me24.de Das Modell Big!! der mit B700 x H350 cm eines der gr\u00f6\u00dften PKW-Werbeanh\u00e4ngermodellen in Europa ist.<\/p>\n<p>Mehr dazu auf unserer Preislistenseite oder unter\u00a0<a title=\"Der Link zu den werbeanh\u00e4ngern.\" href=\"https:\/\/www.rent-me24.de\">www.rent-me24.de<\/a>.<\/p>\n<p>&nbsp;<\/p>\n","protected":false},"excerpt":{"rendered":"<p>Die Module der Citmax-CarDachwerbung \u00a0sind hervorragende Blickf\u00e4nge und lassen sich sehr gut im \u00f6ffentlichen Verkehrsraum plazieren. Die Module bestehen aus [&hellip;]<\/p>\n","protected":false},"author":1,"featured_media":0,"parent":0,"menu_order":0,"comment_status":"closed","ping_status":"closed","template":"","meta":{"footnotes":"","_links_to":"","_links_to_target":""},"class_list":["post-4994","page","type-page","status-publish","hentry","no-featured-image"],"_links":{"self":[{"href":"https:\/\/citmax.de\/index.php?rest_route=\/wp\/v2\/pages\/4994","targetHints":{"allow":["GET"]}}],"collection":[{"href":"https:\/\/citmax.de\/index.php?rest_route=\/wp\/v2\/pages"}],"about":[{"href":"https:\/\/citmax.de\/index.php?rest_route=\/wp\/v2\/types\/page"}],"author":[{"embeddable":true,"href":"https:\/\/citmax.de\/index.php?rest_route=\/wp\/v2\/users\/1"}],"replies":[{"embeddable":true,"href":"https:\/\/citmax.de\/index.php?rest_route=%2Fwp%2Fv2%2Fcomments&post=4994"}],"version-history":[{"count":9,"href":"https:\/\/citmax.de\/index.php?rest_route=\/wp\/v2\/pages\/4994\/revisions"}],"predecessor-version":[{"id":22518,"href":"https:\/\/citmax.de\/index.php?rest_route=\/wp\/v2\/pages\/4994\/revisions\/22518"}],"wp:attachment":[{"href":"https:\/\/citmax.de\/index.php?rest_route=%2Fwp%2Fv2%2Fmedia&parent=4994"}],"curies":[{"name":"wp","href":"https:\/\/api.w.org\/{rel}","templated":true}]}}