{"id":6144,"date":"2014-03-22T09:36:45","date_gmt":"2014-03-22T08:36:45","guid":{"rendered":"http:\/\/citmax.de\/?page_id=6144"},"modified":"2016-05-12T10:11:20","modified_gmt":"2016-05-12T08:11:20","slug":"citmax-aussenwerbung","status":"publish","type":"page","link":"https:\/\/citmax.de\/?page_id=6144","title":{"rendered":"Citmax-Aussenwerbung unbeleuchtet"},"content":{"rendered":"<p>Aussenwerbeanlagen lassen sich in nahezu allen Gr\u00f6\u00dfe und Ausf\u00fchrungen herstellen.<br \/>\nDie wichtigste Unterscheidung liegt darin, ob die Werbeanlage\/Beschriftung\/Aussenwerbung\u00a0beleuchtet oder unbeleuchtet bleiben soll.<br \/>\nF\u00fcr <a title=\"Hier gehts zu den Infos von beleuchteten Werbeanlagen\/Schriften etc.\" href=\"https:\/\/citmax.de\/?page_id=6955\" target=\"_blank\">beleuchtete Werbeanlagen\/Schriften etc. klicken Sie einfach auf dem Link<\/a>, um weitere Infos zu erhalten.<\/p>\n<p>Unbeleuchtete Werbeanlagen\/Aussenwerbung sollten vor allen Dingen f\u00fcr den dauerhaften Ausseneinsatz geeignet sein. Meist sind es Schilder die aus einem Tr\u00e4germaterial bestehen z.B. Aluminium, Aluverbund, Kunststoff, Acryl oder auch lackierte Bleche oder spezielle Tr\u00e4germaterialien.<br \/>\nJe nach Anforderungszweck, Budget und Wunsch der Haltbarkeit k\u00f6nnen hier sehr unterschiedliche Materialien zum Einsatz kommen. Ist das geeignete Tr\u00e4germaterial gefunden ist die fachm\u00e4nnische, meist farbliche Beschriftung der n\u00e4chste step um die gew\u00fcnschte Schilderstellung zu realisieren.<\/p>\n<p>F\u00fcr die Beschriftung wurden fr\u00fcher Farbe und Siebdruck verwendet, jedoch waren dies manuellen Beschriftungsvorg\u00e4nge meist zeitaufwendig und kostenintensiv. Heutzutage werden meist Folien verwendet, die m\u00f6glichst witterungsbest\u00e4ndig, lichtecht und formstabil sein sollten.<\/p>\n<p>Ob nun die Beschriftung mit Volltonfarbfolien oder mit bis zu 4c-farbig bedruckten weissen Folien erfolgt,\u00a0ist eine Qualit\u00e4ts- und Kosten\u00fcberlegung, wie lange Sie an Ihrem Werbeschild Freunde haben m\u00f6chten.<br \/>\nQualitativ hochwertige Schildbeschriftungen unterscheiden sich im ersten oberfl\u00e4chigen Eindruck meist kaum von einfach Schildvarianten. Schon nach wenigen Jahren zeigen sich die ersten Unterschiede, denn die Kombination der Materialien ist bei Aussenwitterungseinfl\u00fcssen ein nicht ganz unerheblicher Faktor, um die Langlebigkeit der Werbung zu erh\u00f6hen.<br \/>\nBitte beachten Sie, das im Aussenwerbebereich die Schilder 24 Std. lang \u00fcber Jahre hinweg der Witterung ausgesetzt sind.<br \/>\nEinfach Schilder haben somit eine Haltbarkeit von 1 bis 3 Jahren,<br \/>\nmittelfristige Schildsystem haben eine Haltbarkeit von 3 bis 6 Jahren und<br \/>\nlangfristige Schildsysteme halten deutlich l\u00e4nger, also 7 bis 15 Jahre oder mehr.<br \/>\nCitmax kann auf \u00fcber 30 Jahren Referenzen zur\u00fcck greifen und bietet stets optimierte Einsatzqualit\u00e4t!<br \/>\n<strong>Je hochwertiger die ausgesuchten Materialien, je besser die Beschriftungsqualit\u00e4t und die Verarbeitung\u00a0desto l\u00e4nger halten die Schilder \/ Beschriftungen.<\/strong><br \/>\nAuch ein regelm\u00e4ssiges Reinigen und Kontrollieren ist bei Aussenwerbeanlagen und Beschriftungen genauso wichtig, \u00e4hnlich wie die Inspektion bei z.B. Ihrem Auto.<br \/>\nJe mehr Sie Ihre Werbeanlage pflegen und warten &#8211; desto l\u00e4nger ist die Haltbarkeit.<\/p>\n<p>Bezgl. der Ausf\u00fchrungsqualit\u00e4ten und den spezifischen Ausschreibungsunterlagen zum Angebotsvergleich\u00a0kann es zu erheblichen Unterschieden kommen,<br \/>\ndas m\u00f6chten wir hier kurz beschreiben:<br \/>\nManchmal kann es, je nach Preisdruck und Verst\u00e4ndnis des Kunden, nur eine einfache Qualit\u00e4t die richtige sein, weil mit aller Gewalt die billigste L\u00f6sung gesucht wird. Wer dann \u00c4pfel mit Birnen vergleicht, darf sich nicht wundern, wenn er Bananen bekommt.<\/p>\n<p><strong>Die Firmenphilosophie von citmax.de ist es, genau das richtige Produkt zu liefern, was dem Anforderungszweck gerecht wird und dem Kunden in all seinen Anforderungsw\u00fcnschen zufrieden stellt.<\/strong><br \/>\nDeswegen werden alle citmax-Produkte in der optimalen Qualit\u00e4t hergestellt und sind f\u00fcr den \u00fcblichen Einsatzzweck kalkuliert\u00a0und werden vom jeweiligen Citmax-Berater beim Kundengespr\u00e4ch und dem spezifischen Kundenwunsch angepasst.<br \/>\nBitte bedenken Sie, es ist manchmal besser ein hochwertigeres Produkt zu ordern statt zweimal zu kaufen.<br \/>\nAndererseits kann es durchaus ausreichend sein, etwas so g\u00fcnstig wie m\u00f6glich f\u00fcr kurzfristigen Einsatzzweck herzustellen, um das Budget zu schonen. Es kann somit das eine und das andere richtig sein.<br \/>\n<strong>Wichtig ist, das der Kunde sich an seinen Bestellwunsch auch nach Jahren noch erinnert, f\u00fcr den Fall, das das billigste Angebot mit allen Konsequenzen zum Tragen kommen soll.<\/strong><\/p>\n<p>Sie sind der Kunde und bestimmen Ihren Einsatzzweck, scheuen Sie sich nicht offen Ihre W\u00fcnsche darzulegen, so das Citmax Ihnen das optimale Produkt zusammenstellen kann. Ihr Citmax-Berater kennt nur ein Ziel, Ihnen das optimale und qualitativ beste Angebot zu unterbreiten!<\/p>\n","protected":false},"excerpt":{"rendered":"<p>Aussenwerbeanlagen lassen sich in nahezu allen Gr\u00f6\u00dfe und Ausf\u00fchrungen herstellen. Die wichtigste Unterscheidung liegt darin, ob die Werbeanlage\/Beschriftung\/Aussenwerbung\u00a0beleuchtet oder unbeleuchtet [&hellip;]<\/p>\n","protected":false},"author":1,"featured_media":0,"parent":0,"menu_order":0,"comment_status":"closed","ping_status":"closed","template":"","meta":{"footnotes":"","_links_to":"","_links_to_target":""},"class_list":["post-6144","page","type-page","status-publish","hentry","no-featured-image"],"_links":{"self":[{"href":"https:\/\/citmax.de\/index.php?rest_route=\/wp\/v2\/pages\/6144","targetHints":{"allow":["GET"]}}],"collection":[{"href":"https:\/\/citmax.de\/index.php?rest_route=\/wp\/v2\/pages"}],"about":[{"href":"https:\/\/citmax.de\/index.php?rest_route=\/wp\/v2\/types\/page"}],"author":[{"embeddable":true,"href":"https:\/\/citmax.de\/index.php?rest_route=\/wp\/v2\/users\/1"}],"replies":[{"embeddable":true,"href":"https:\/\/citmax.de\/index.php?rest_route=%2Fwp%2Fv2%2Fcomments&post=6144"}],"version-history":[{"count":9,"href":"https:\/\/citmax.de\/index.php?rest_route=\/wp\/v2\/pages\/6144\/revisions"}],"predecessor-version":[{"id":20761,"href":"https:\/\/citmax.de\/index.php?rest_route=\/wp\/v2\/pages\/6144\/revisions\/20761"}],"wp:attachment":[{"href":"https:\/\/citmax.de\/index.php?rest_route=%2Fwp%2Fv2%2Fmedia&parent=6144"}],"curies":[{"name":"wp","href":"https:\/\/api.w.org\/{rel}","templated":true}]}}