{"id":6747,"date":"2014-07-15T13:22:03","date_gmt":"2014-07-15T11:22:03","guid":{"rendered":"http:\/\/citmax.de\/?page_id=6747"},"modified":"2016-05-12T10:12:01","modified_gmt":"2016-05-12T08:12:01","slug":"citmax-bannerrahmen","status":"publish","type":"page","link":"https:\/\/citmax.de\/?page_id=6747","title":{"rendered":"Citmax-Bannerrahmen feststehend"},"content":{"rendered":"<p>Citmax-Bannerrahmen sind konzipiert f\u00fcr den Aussenwerbebereich, f\u00fcr Gro\u00dfbildmotive die auf PVC-Bannertuch oder PVC-mesh-Gitternbetz-Gewebeplane gedruckt und an Fassadenfl\u00e4chen montiert werden.<\/p>\n<p>Die Bannerrahmen bestehen aus wasserfesten, rostfreien Aluminium-Winkelprofil die in der Standardausf\u00fchrung alle 40cm eine Lochbohrung haben, um das geoeste Banner mit einer Seil-ZickZack-Verspannung aufzunehmen. Optional ist auch eine geringerer Lochabstand von 30cm oder 20 cm ausw\u00e4hlbar, hier entscheidet Ihr Design und Ihr ZickZack-Verspannungswunsch \u00fcber den Abstand der Lochbohrung.<\/p>\n<p>Alternativ gibt es auch das Citmax-Kederschienen-Profil, das Bannermotive mit ringsherum 8mm Keder-Konfektionierung aufnimmt. Die ZickZack-Verspannung entf\u00e4llt dann. Beim Kedersystem wird jeweils die untere und eine der seitlichen Profilschienen gespannt, die obere und eine seitliche Profilschiene ist feststehend, so das das Banner perfekt gespannt an Ihrer Fassade h\u00e4ngt.<\/p>\n<p>Wir produzieren jede Formatgr\u00f6\u00dfe, anbei finden Sie eine Basisauswahl von Kleinbanneranlagen bis B200 x H 200 cm sowie Gro\u00dfBannerrahmen von bis zu 1200 x 1200 cm oder gr\u00f6\u00dfer!<\/p>\n<p>In unserem Shop finden Sie die Basisgr\u00f6\u00dfen. Sollte das gew\u00fcnschte Format nicht genau vorhanden sein, w\u00e4hlen Sie einfach im Shop das n\u00e4chst gr\u00f6\u00dfere Format und vermerken Sie Ihren speziellen Sonderformatwunsch bei der Bestellung im Textfeld.<br \/>\nEin Bannerrahmen 495 x 495 cm finden Sie in der Rubrik bis B500 x H500cm.<br \/>\nEin Bannerrahmen 510 x 582 cm finden Sie in der Rubrik bis B600 x H600cm.<\/p>\n<p>Sollte Ihr gew\u00fcnschtes Maximalformat in der Preisliste nicht vorhanden sein, k\u00f6nnen Sie die notwendigen Fl\u00e4chen im\u00a0Warenkorb zusammenstellen und kombinieren:<\/p>\n<p><strong>Beispiel:<\/strong>\u00a0Sie ben\u00f6tigen einen Bannerrahmen 600 x 2400 cm, dann buchen Sie einfach 2 Bannerrahmen 600 x 1200 cm und beschreiben im Hinweistext, das es sich um ein Bannerrahmen Format 600 x 2400 cm handeln soll. Jedes Ma\u00df ist frei w\u00e4hlbar.<\/p>\n<p><strong>Das richtige Banner f\u00fcr Ihren Bannerrahmen.<\/strong><br \/>\nBitte beachten Sie, das die Bannerrahmen ma\u00dfkonfektioniert sind. Ihr Bannertuch sollte dazu passen,<br \/>\noder Sie bestellen das Bannertuch gleich bei uns mit.<\/p>\n<p>Bei einem Bannerrahmen von B600 x H600 cm, sollte Ihr Bannertuch B580 x H580 cm sein, so das f\u00fcr die umlaufende Zickzack-Verspannung 10cm ringsum Platz zwischen Bannertuch und Bannerrahmen bleibt<br \/>\nund sich das Tuch so spannen l\u00e4st.<\/p>\n<p>Bei Keder-Bannern sollte das Konfektionierungsma\u00df 599 x 599 cm sein, da das Kederprofil eingeschoben wird und nur ca. 20 mm Spannweg hat.<\/p>\n<p>Die Montage der Bannerrahmen f\u00fcr wir bundesweit aus. Diese k\u00f6nnen Sie bei uns im Shop buchen.<br \/>\nBitte senden Sie uns mit sep. mail aussagef\u00e4higes Fotomaterial als jpg oder pdf von Ihrem Montageort\/von der Fassade. Wichtig sind hier die Standplatzsituationen f\u00fcr Hubsteiger\/Ger\u00fcst, ob ein Zugang zur Fassade unverbaut zur Verf\u00fcgung steht.<\/p>\n<p>Gerne versenden wir die Bannerrahmen auch montagefertig incl. allem Zubeh\u00f6r f\u00fcr Ihre Selbstmontage.<br \/>\nSo k\u00f6nnen Sie das f\u00fcr die ZickZack-Verspannung ben\u00f6tigte Seil bei uns im Shop unter\u00a0<a title=\"Hier gibts das Citmax-Zubeh\u00f6r.\" href=\"https:\/\/citmax.de\/?page_id=1489\" target=\"_blank\">Zubeh\u00f6r\u00a0<\/a>in 25m, 50m und 100m L\u00e4ngen bestellen.<\/p>\n","protected":false},"excerpt":{"rendered":"<p>Citmax-Bannerrahmen sind konzipiert f\u00fcr den Aussenwerbebereich, f\u00fcr Gro\u00dfbildmotive die auf PVC-Bannertuch oder PVC-mesh-Gitternbetz-Gewebeplane gedruckt und an Fassadenfl\u00e4chen montiert werden. Die [&hellip;]<\/p>\n","protected":false},"author":1,"featured_media":0,"parent":0,"menu_order":0,"comment_status":"closed","ping_status":"closed","template":"","meta":{"footnotes":"","_links_to":"","_links_to_target":""},"class_list":["post-6747","page","type-page","status-publish","hentry","no-featured-image"],"_links":{"self":[{"href":"https:\/\/citmax.de\/index.php?rest_route=\/wp\/v2\/pages\/6747","targetHints":{"allow":["GET"]}}],"collection":[{"href":"https:\/\/citmax.de\/index.php?rest_route=\/wp\/v2\/pages"}],"about":[{"href":"https:\/\/citmax.de\/index.php?rest_route=\/wp\/v2\/types\/page"}],"author":[{"embeddable":true,"href":"https:\/\/citmax.de\/index.php?rest_route=\/wp\/v2\/users\/1"}],"replies":[{"embeddable":true,"href":"https:\/\/citmax.de\/index.php?rest_route=%2Fwp%2Fv2%2Fcomments&post=6747"}],"version-history":[{"count":4,"href":"https:\/\/citmax.de\/index.php?rest_route=\/wp\/v2\/pages\/6747\/revisions"}],"predecessor-version":[{"id":6964,"href":"https:\/\/citmax.de\/index.php?rest_route=\/wp\/v2\/pages\/6747\/revisions\/6964"}],"wp:attachment":[{"href":"https:\/\/citmax.de\/index.php?rest_route=%2Fwp%2Fv2%2Fmedia&parent=6747"}],"curies":[{"name":"wp","href":"https:\/\/api.w.org\/{rel}","templated":true}]}}