{"id":6932,"date":"2014-07-21T08:36:03","date_gmt":"2014-07-21T06:36:03","guid":{"rendered":"http:\/\/citmax.de\/?page_id=6932"},"modified":"2016-05-12T10:12:11","modified_gmt":"2016-05-12T08:12:11","slug":"citmax-buchstaben","status":"publish","type":"page","link":"https:\/\/citmax.de\/?page_id=6932","title":{"rendered":"Citmax-Buchstaben"},"content":{"rendered":"<p>Buchstaben von H1cm bis H10m!<br \/>\nCitmax produziert jedes Buchstabenformat aus jedem Material!<br \/>\nIhren Gestaltungsideen sind keine Grenzen gesetzt. Hier eine kleine Auflistung der\u00a0m\u00f6glichen Materialien\u00a0und typischen Anwendungsbereiche:<br \/>\n<a title=\"Hier finden Sie die Klebe-Folienbuchstaben.\" href=\"https:\/\/citmax.de\/?product_cat=buchstaben-selbstklebend-aus-pvc-folie\" target=\"_blank\">Selbstklebende Folienbuchstaben<\/a> k\u00f6nnen Sie in allen Farben erhalten! Das Farbsortiment ist riesig. Geben Sie uns einfach Ihre Wunschfarbton in RAL, HKS oder Pantone an, senden Sie uns Ihre Produktionsdateien, Citmax plottet schnell \u00a0und versendet die Buchstaben noch am selben Arbeitstag.<br \/>\nSie erhalten alle Klebebuchstaben immer mit \u00dcbertragungspapier vorkaschiert, so das Sie sofort Ihren Untergrund beschriften k\u00f6nnen.<\/p>\n<p><a title=\"Hier gehts zu den Massiv-Buchstaben aus Vollmaterial.\" href=\"https:\/\/citmax.de\/?product_cat=buchstaben-unbeleuchtet\" target=\"_blank\">Massive Vollmaterialbuchstaben, unbeleuchtet<\/a>\u00a0bietet Citmax aus transparenten, weissen oder farbigen Acryl an, aus Aluminium oder auch lackiertem Alumnium, aus Aluverbund z.B. Dibond, aus VollPVC- auch Farb-PVC, sowie Buchstaben mit Bautiefe im &#8222;Profil1&#8220; produziert.<\/p>\n<p>Achtung: die angebene Buchstabengr\u00f6\u00dfe ist lediglich ein kleiner Auszug aus dem Standardsortiment, auch Buchstabengr\u00f6\u00dfen von H 300cm, H 600cm und bis zu 1000 cm und vielen Zwischengr\u00f6\u00dfen, als auch Sonderschriften und Logos sind m\u00f6glich! Senden Sie uns einfach eine mail mit Ihrer Anfrage, Citmax unterbreitet Ihnen ein interessantes Angebot.<\/p>\n<p><a title=\"Profilbuchstaben mit innenliegender Beleuchtung.\" href=\"https:\/\/citmax.de\/?product_cat=buchstaben-beleuchtet-von-innen\" target=\"_blank\">Beleuchtete Buchstaben<\/a>\u00a0stellt Citmax in nachfolgenden Ausf\u00fchrungen her:<br \/>\nCitProfil3 = Buchstaben deren Ausleuchtung zur Wandfl\u00e4che hin strahlt,<br \/>\nCitProfil4 = Buchstaben mit soliden frontseitigen Rahmen, besonders geeignet f\u00fcr Gro\u00dfbuchstaben und<br \/>\nCitProfil5 = Buchstaben, deren Frontspiegel (das Acrylglas) mittels Kantenumleimer gehalten wird.<br \/>\nAlle Buchstaben werden mit modernen Buchstaben-Fertigungsautomaten hergestellt und unterliegen dem hohen Citmax-Fertigungsstandard.<br \/>\nDie Ausleuchtung erfolgt mit bew\u00e4hrter LED-Komponenten die langlebig und energiesparend sind!<\/p>\n<p>Die Buchstabenmontage kann von Ihnen in Eigenleistung erbracht werden, dann erhalten Sie von uns eine Buchstaben-Montageschablone als 1:1 Papierzeichnung.<br \/>\nBuchstaben zu gro\u00df oder Montageh\u00f6he zu hoch? Kein Problem! Gern senden wir Ihnen das Citmax-Montageteam mit allen notwendigen Werkzeugen und ggf. Rollger\u00fcst oder Hubsteiger vorbei.<br \/>\nVon Citmax erhalten Sie FullService &#8211; bundesweit und schnell- versprochen!<\/p>\n","protected":false},"excerpt":{"rendered":"<p>Buchstaben von H1cm bis H10m! Citmax produziert jedes Buchstabenformat aus jedem Material! Ihren Gestaltungsideen sind keine Grenzen gesetzt. Hier eine [&hellip;]<\/p>\n","protected":false},"author":1,"featured_media":0,"parent":0,"menu_order":0,"comment_status":"closed","ping_status":"closed","template":"","meta":{"footnotes":"","_links_to":"","_links_to_target":""},"class_list":["post-6932","page","type-page","status-publish","hentry","no-featured-image"],"_links":{"self":[{"href":"https:\/\/citmax.de\/index.php?rest_route=\/wp\/v2\/pages\/6932","targetHints":{"allow":["GET"]}}],"collection":[{"href":"https:\/\/citmax.de\/index.php?rest_route=\/wp\/v2\/pages"}],"about":[{"href":"https:\/\/citmax.de\/index.php?rest_route=\/wp\/v2\/types\/page"}],"author":[{"embeddable":true,"href":"https:\/\/citmax.de\/index.php?rest_route=\/wp\/v2\/users\/1"}],"replies":[{"embeddable":true,"href":"https:\/\/citmax.de\/index.php?rest_route=%2Fwp%2Fv2%2Fcomments&post=6932"}],"version-history":[{"count":7,"href":"https:\/\/citmax.de\/index.php?rest_route=\/wp\/v2\/pages\/6932\/revisions"}],"predecessor-version":[{"id":20803,"href":"https:\/\/citmax.de\/index.php?rest_route=\/wp\/v2\/pages\/6932\/revisions\/20803"}],"wp:attachment":[{"href":"https:\/\/citmax.de\/index.php?rest_route=%2Fwp%2Fv2%2Fmedia&parent=6932"}],"curies":[{"name":"wp","href":"https:\/\/api.w.org\/{rel}","templated":true}]}}