{"id":6935,"date":"2014-07-21T08:37:05","date_gmt":"2014-07-21T06:37:05","guid":{"rendered":"http:\/\/citmax.de\/?page_id=6935"},"modified":"2016-05-12T10:12:16","modified_gmt":"2016-05-12T08:12:16","slug":"citmax-fahnen","status":"publish","type":"page","link":"https:\/\/citmax.de\/?page_id=6935","title":{"rendered":"Citmax-Fahnen"},"content":{"rendered":"<p><strong>F\u00fcr jeden Fahnenmast die richtig Fahne!<\/strong><br \/>\nCitmax hat die Fahnenformate den \u00fcblichen Fahnenmastformaten angeglichen und in 8 Gr\u00f6\u00dfen unterteilt.<br \/>\nSo finden Sie schnell die richtige Proportion f\u00fcr Ihre Fahne, egal ob Hoch- oder Querformat, Citmax druckt 4c wetterfest auf bew\u00e4hrten Flagtex Fahnentuch und konfektioniert jede Fahne nach Ihren W\u00fcnschen passend zu Ihrem Fahnenmast.<br \/>\nAuch Zwischengr\u00f6\u00dfe sind m\u00f6glich, w\u00e4hlen Sie einfach das n\u00e4chst gr\u00f6\u00dfere Format f\u00fcr Ihre Fahne aus, der Zuschnitt wird Ihrem Ma\u00dfwunsch angepasst.<\/p>\n<p>Legen Sie Ihre Druckdaten als pdf in der richtigen Format-Proportionsgr\u00f6\u00dfe an, wir skalieren Ihre Datei nach Ihrem Formatwunsch.<br \/>\nSollten Sie keine passende Druckdatei abgespeichert haben, kein Problem! Citmax projektiert auch Ihre Fahne\u00a0und erstellt vom Entwurf bis zur fertigen Druckdatei nach Ihrem Layoutwunsch Ihr Fahnendruckmotiv!<\/p>\n","protected":false},"excerpt":{"rendered":"<p>F\u00fcr jeden Fahnenmast die richtig Fahne! Citmax hat die Fahnenformate den \u00fcblichen Fahnenmastformaten angeglichen und in 8 Gr\u00f6\u00dfen unterteilt. So [&hellip;]<\/p>\n","protected":false},"author":1,"featured_media":0,"parent":0,"menu_order":0,"comment_status":"closed","ping_status":"closed","template":"","meta":{"footnotes":"","_links_to":"","_links_to_target":""},"class_list":["post-6935","page","type-page","status-publish","hentry","no-featured-image"],"_links":{"self":[{"href":"https:\/\/citmax.de\/index.php?rest_route=\/wp\/v2\/pages\/6935","targetHints":{"allow":["GET"]}}],"collection":[{"href":"https:\/\/citmax.de\/index.php?rest_route=\/wp\/v2\/pages"}],"about":[{"href":"https:\/\/citmax.de\/index.php?rest_route=\/wp\/v2\/types\/page"}],"author":[{"embeddable":true,"href":"https:\/\/citmax.de\/index.php?rest_route=\/wp\/v2\/users\/1"}],"replies":[{"embeddable":true,"href":"https:\/\/citmax.de\/index.php?rest_route=%2Fwp%2Fv2%2Fcomments&post=6935"}],"version-history":[{"count":4,"href":"https:\/\/citmax.de\/index.php?rest_route=\/wp\/v2\/pages\/6935\/revisions"}],"predecessor-version":[{"id":20806,"href":"https:\/\/citmax.de\/index.php?rest_route=\/wp\/v2\/pages\/6935\/revisions\/20806"}],"wp:attachment":[{"href":"https:\/\/citmax.de\/index.php?rest_route=%2Fwp%2Fv2%2Fmedia&parent=6935"}],"curies":[{"name":"wp","href":"https:\/\/api.w.org\/{rel}","templated":true}]}}