{"id":6955,"date":"2014-07-21T08:54:52","date_gmt":"2014-07-21T06:54:52","guid":{"rendered":"http:\/\/citmax.de\/?page_id=6955"},"modified":"2016-05-12T10:11:15","modified_gmt":"2016-05-12T08:11:15","slug":"citmax-aussenwerbung-beleuchtet","status":"publish","type":"page","link":"https:\/\/citmax.de\/?page_id=6955","title":{"rendered":"Citmax-Aussenwerbung beleuchtet"},"content":{"rendered":"<p>Meistens werben Aussenwerbeanlagen 24\/7 rund um die Uhr im Aussenbereich &#8211;<br \/>\ngut f\u00fcr jedermann sichtbar &#8211; da ist es naheliegend, das die Werbeanlagen beleuchtet werden, denn schliesslich sind rund 50% des Tages d\u00e4mmerig, schummerig oder in der Nachtzeit ist es zappenduster.<br \/>\nWer also seine Aussenwerbung nicht nur halb zu 50% nutzen m\u00f6chte, wird stets \u00fcber eine beleuchtete Werbeanlage nachdenken und nach optimierten L\u00f6sungen suchen.<br \/>\n<strong>Variante 1: Ausleuchtung mit Strahlern.<\/strong><br \/>\nCitmax bietet herk\u00f6mmliche Schildsystem in allen Materialien, Gr\u00f6\u00dfen, Formen und Bauarten an, die mit Strahlern hervorragend ausgleuchtet werden k\u00f6nnen.<br \/>\nDie einfachste L\u00f6sung w\u00e4re vermutlich ein preiswerter Halogenstrahler, der sich jedoch seine Lichtausbeute mit einem ordentlichen Watt-Verbrauch bezahlen l\u00e4sst. Besser und stromsparender sind die hellen und lichtstarken Hqui-Strahler, die mit einem sep. Vorschaltger\u00e4t zum Leben erweckt werden.<br \/>\n<strong>Erste Wahl und somit das Ma\u00df aller Dinge sind moderne LED-Strahler<\/strong> der neuesten Generation, die lichtstark sind und mit formsch\u00f6nen Geh\u00e4use geliefert werden. Citmax hat ausgesuchte und bew\u00e4hrte LED-Strahler im Sortiment und liefert dazu die meist notwendigen Auslegearme, um die Strahler mit entsprechenden Abstand vor der Werbeanlage zur perfekten Ausleuchtung zu positionieren.<\/p>\n<p>Ob nun 10W, 20W oder gar 50W LED-Strahler ist abh\u00e4ngig von der Gr\u00f6\u00dfe der Werbefl\u00e4che und nat\u00fcrlich von der final gew\u00fcnschten Ausleuchtungshelligkeit des Schildes. Wer hier am falschen Ende spart, bekommt dann auch nur ein etwas weniger ausgeleuchtetes Werbeschild und hat ggf. am falschen Ende gespart.<br \/>\nAm besten Sie lassen sich von Ihrem Citmax-Berater ausreichend beraten, als Faustformel gelten 10W LED-Strahler \/ pro qm auszuleuchtende Werbefl\u00e4che.<\/p>\n<p>LED-Strahler k\u00f6nnen an Auslegearmen \u00fcber oder unter dem Werbeschild montiert werden, auch eine Montage in Bodenn\u00e4he auf einem kleinem Fundamentsockel vor der Werbeanlage positioniert, sei zu Ausleuchtung denkbar.<br \/>\nDa Strahler im Aussenbereich immer der Witterung wie Sonne, Regen, Frost, Schnee, &#8230;. ausgesetzt sind, haben alle Citmax-Strahler die vorgeschriebene<br \/>\nIP-Schutzklasse, damit Sie lange Freude an Ihrem Strahler haben.<br \/>\n<a title=\"Hier gehts zu den Strahlern.\" href=\"https:\/\/citmax.de\/?product_cat=projekt-zubehoer-auslegearme-strahler-montagematerial-diverses\" target=\"_blank\">Hier finden Sie alle Modelle.<\/a><\/p>\n<p><strong>Variante 2: Ausleuchtung von Innen als Leuchtwerbung \/ Leuchtschrift.<br \/>\n<\/strong>Manch einem k\u00f6nnen die Strahler optisch st\u00f6ren, daher werden oft auch Werbeanlage mit innenliegender Beleuchtung gebaut, damit die Ausleuchtung der Werbeanlage\/Schrift von innen nach aussen erfolgt.<\/p>\n<p>Entsprechend Werbeanlagen finden Sie unter <a title=\"Hier gehts zur Leuchtwerbung.\" href=\"https:\/\/citmax.de\/?product_cat=citmax-aussenwerbung-beleuchtet\" target=\"_blank\">Leuchtwerbung<\/a> oder <a title=\"Hier gehts zu den beleuchteten Buchstaben.\" href=\"https:\/\/citmax.de\/?product_cat=buchstaben-beleuchtet-von-innen\" target=\"_blank\">beleuchtete Schriften<\/a> und unter dem Referenzbereich <a title=\"Hier gehts zu den Galerie mit 1.000 Fotos.\" href=\"https:\/\/citmax.de\/?page_id=2023\" target=\"_blank\">Galerie der 1.000 Fotos<\/a>.<\/p>\n<p>Von innen beleuchtete Werbeanlagen\/Leuchttransparente\/Schriften werden je nach Einsatz-, Designzweck, Werbeanlagengr\u00f6\u00dfe und Budget mit Leuchtstoffr\u00f6hren, Neon oder mit LED-B\u00e4nder ausgeleuchtet.<br \/>\nDie Standard-Leuchtwerbeanlagen haben servicefreundliche Leuchtstoffr\u00f6hren und sind zudem recht g\u00fcnstig. Die Mehrkosten f\u00fcr eine LED-Ausleuchtung hat man durch den ca. 30% niedrigeren Stromverbrauch schnell wieder eingespart.<br \/>\nBereits nach 1 bis 2 Betriebsjahren rentiert sich die LED &#8211; Ausleuchtung.<br \/>\nDie Rahmeneinfassung der Leuchtwerbung erfolgt aus speziellen Aluminiumprofilen,\u00a0die Frontabdeckung, also die eigentliche Werbefl\u00e4che, wird entweder aus Acrylglas mit Einschubscheibe oder mit Acrylhaube hergestellt, oder aus flexiblen, aber robusten und langlebigen Spanntuch.<br \/>\nGerade bei Gro\u00dffl\u00e4chenleuchtwerbung hat sich die Spanntuchbauweise in den letzten Jahren gut etabliert. Werbeanlagen mit Acrylglas haben eine etwas bessere, brilliantere \u00a0Durchleuchtung, Spanntuchanlagen k\u00f6nnen bis zu 480 cm H\u00f6he nahtlos gebaut werden. Beide Systeme sind hervorragend! Die Auswahl sollte von Ihrem individuellen und speziellen Einsatzzweck und vom Werbeanlagenformat abgew\u00e4gt werden.<br \/>\nIhr Citmax-Berater informiert Sie gerne.<\/p>\n<p>&nbsp;<\/p>\n","protected":false},"excerpt":{"rendered":"<p>Meistens werben Aussenwerbeanlagen 24\/7 rund um die Uhr im Aussenbereich &#8211; gut f\u00fcr jedermann sichtbar &#8211; da ist es naheliegend, [&hellip;]<\/p>\n","protected":false},"author":1,"featured_media":0,"parent":0,"menu_order":0,"comment_status":"closed","ping_status":"closed","template":"","meta":{"footnotes":"","_links_to":"","_links_to_target":""},"class_list":["post-6955","page","type-page","status-publish","hentry","no-featured-image"],"_links":{"self":[{"href":"https:\/\/citmax.de\/index.php?rest_route=\/wp\/v2\/pages\/6955","targetHints":{"allow":["GET"]}}],"collection":[{"href":"https:\/\/citmax.de\/index.php?rest_route=\/wp\/v2\/pages"}],"about":[{"href":"https:\/\/citmax.de\/index.php?rest_route=\/wp\/v2\/types\/page"}],"author":[{"embeddable":true,"href":"https:\/\/citmax.de\/index.php?rest_route=\/wp\/v2\/users\/1"}],"replies":[{"embeddable":true,"href":"https:\/\/citmax.de\/index.php?rest_route=%2Fwp%2Fv2%2Fcomments&post=6955"}],"version-history":[{"count":14,"href":"https:\/\/citmax.de\/index.php?rest_route=\/wp\/v2\/pages\/6955\/revisions"}],"predecessor-version":[{"id":20779,"href":"https:\/\/citmax.de\/index.php?rest_route=\/wp\/v2\/pages\/6955\/revisions\/20779"}],"wp:attachment":[{"href":"https:\/\/citmax.de\/index.php?rest_route=%2Fwp%2Fv2%2Fmedia&parent=6955"}],"curies":[{"name":"wp","href":"https:\/\/api.w.org\/{rel}","templated":true}]}}