{"id":10176,"date":"2014-07-23T10:47:16","date_gmt":"2014-07-23T08:47:16","guid":{"rendered":"http:\/\/citmax.de\/?product=stoffbanner-bis-b300-x-h400-cm"},"modified":"2019-10-17T16:13:32","modified_gmt":"2019-10-17T14:13:32","slug":"stoffbanner-bis-b300-x-h400-cm","status":"publish","type":"product","link":"https:\/\/citmax.de\/?product=stoffbanner-bis-b300-x-h400-cm","title":{"rendered":"Stoff-Banner Format bis B300 x H400 cm"},"content":{"rendered":"<p>Citmax Stoffbanner sind besonders leicht, lassen sich einfach spannen und gibt es allen erdenklichen Formatgr\u00f6\u00dfen.\u00a0Die Stoffbanner eignen sich sehr gut f\u00fcr kurz- und mittelfristige Gro\u00dffl\u00e4chenwerbung die g\u00fcnstig erfolgen soll.<br \/>\nBei uns im Shop finden Sie die Basisgr\u00f6\u00dfen. Sollte das gew\u00fcnschte Format nicht genau vorhanden sein, w\u00e4hlen Sie einfach das n\u00e4chst gr\u00f6\u00dfere Format und vermerken Sie Ihren speziellen Sonderformatwunsch bei der Bestellung im Textfeld.<br \/>\nDie Citmax Stoffbanner werden auf bis zu 500 cm breiten 4-fbg. Gro\u00dfdrucksystemen hergestellt, im Randbereich ges\u00e4umt und mit Oesen mit Lochabstand 100 cm versehen.<br \/>\nSollten Sie einen geringeren Oesenabstand mit 50 cm w\u00fcnschen, k\u00f6nnen Sie diese Option einfach dazu buchen. Auch die passenden Spannseile zum Aufh\u00e4ngen des Banners k\u00f6nnen Sie in 3m, 5m und 10m L\u00e4ngen in 4er Sets dazu bestellen.<br \/>\nSollte das Banner in einer L\u00e4nge oder Breite gr\u00f6\u00dfer als 490 cm sein, wird das Banner entsprechend geteilt und in gedruckten Bahnen zusammen gen\u00e4ht. Diese Naht ist von weiten kaum sichtbar und strapazierf\u00e4hig. Dies ist bei Gro\u00dfformaten der \u00fcbliche Weg solch \u00dcbergr\u00f6\u00dfen herzustellen.<br \/>\nDie Fertigung ist im nahezu jedem Gro\u00dfformat m\u00f6glich.\u00a0Sollte Ihr gew\u00fcnschtes Maximalformat in der Preisliste nicht vorhanden sein, k\u00f6nnen Sie zur Kalkulation und zur Bestellung die notwendigen Fl\u00e4chen im\u00a0Warenkorb zusammenstellen und kombinieren:<\/p>\n<p><strong>Beispiel:<\/strong>\u00a0Sie ben\u00f6tigen ein Banner 600 x 1200 cm, dann buchen Sie einfach<br \/>\n2 st. Banner 600 x 600 cm und beschreiben im Textfeld, das es sich um ein Bannertuch Format 600 x 1200 cm handeln soll.<br \/>\nWir stellen dies dann nicht 2-teilig, sondern 1-teilg zusammengen\u00e4ht in einem St\u00fcck her, wie oben beschrieben.<\/p>\n<p><strong>Oder:<\/strong>\u00a0wenn das Banner f\u00fcr Ihre Fassade 800 x 3200 cm sein soll, dann\u00a0im Warenkorb 4 st. Banner 800 x 800 cm bestellen, so das Sie auf eine Gesamtl\u00e4nge von 32m kommen (4x8m = 32 m) und im Textfeld das Endformat beschreiben. Wir ber\u00fccksichtigen Ihre W\u00fcnsche!<\/p>\n<p>Die Bedruckung ist f\u00fcr kurz- und mittelfristige Anwendungszeiten witterungsbest\u00e4ndig und wird produziert von Ihrer zugesandten Druckdatei, die Sie bitte richtig proportional im Ma\u00dfstab 1:10 mit 300dpi anlegen und uns mit sep. mail zusenden.<br \/>\nIn der Regel werden uns Druckpdfs zugesandt. F\u00fcr die Datenerstellung, die Farbgebung, die Aufl\u00f6sung der Bilder und das Korrekturlesen und Inhalt dieser fertigen Druckdatei sind Sie verantwortlich.<\/p>\n<p>Sollten Sie uns keine Druckdatei in den richtigen Proportionen zusenden k\u00f6nnen, kann die Dateierstellung von uns zum Selbstkostenpreis hergestellt werden, siehe\u00a0<strong>Druckdateierstellung<\/strong>\u00a0im Bereich <a title=\"Druckdatenerstellung finden Sie unter &quot;Projektierung&quot;.\" href=\"https:\/\/citmax.de\/?product_cat=projektierung-planung-entwurf-zubehoer-montage\" target=\"_blank\">&#8222;Projektierung&#8220;<\/a>.<\/p>\n<p>Der Versand erfolgt gefaltet im Karton. Im Kleinkarton passen bis zu 5 Banner. Der Gro\u00dfkarton findet Verwendung f\u00fcr die Versendung von 5 bis 20 stck. Banner. \u00a0Treffen Sie Ihre Versand-Auswahl gleich bei der Bestellung mit, sofern Sie nicht ab Werk \/ DivisionsStandort abholen oder die Anlieferung und die Montage nicht durch unser Montageteam erfolgen soll.<br \/>\nOptional k\u00f6nnen Sie bei uns auch die Montageleistung buchen. Wir montieren bundesweit mit diversen Deko- und Montageteams nach Ihren W\u00fcnschen an nahezu jeden Ort.<br \/>\nMontagekosten finden Sie unter\u00a0\u00a0<a title=\"Montagekosten finden Sie unter &quot;Projektierung&quot;.\" href=\"https:\/\/citmax.de\/?product_cat=projektierung-planung-entwurf-zubehoer-montage\" target=\"_blank\">&#8222;Projektierung&#8220;<\/a>.<\/p>\n","protected":false},"excerpt":{"rendered":"<p>leichter Bannerstoff, ringsum ums\u00e4umt, alle 100 cm geoest, Grundfarbe weiss bis 4c fbg. beschriftet von Ihrer Druckdatei, leicht durchscheinend<br \/>\n<strong>W\u00e4hlen Sie: schwarzes Auswahlfeld anklicken,<\/strong><br \/>\n<strong>Auswahl nach und nach in den Warenkorb packen.<\/strong><\/p>\n","protected":false},"featured_media":15113,"comment_status":"open","ping_status":"closed","template":"","meta":{"_links_to":"","_links_to_target":""},"product_cat":[194,923],"product_tag":[],"class_list":{"0":"post-10176","1":"product","2":"type-product","3":"status-publish","4":"has-post-thumbnail","6":"product_cat-citmax-banner-megaprints-pvc-gewebe-netz-mesh-stoff","7":"product_cat-stoff-banner-bis-h400cm-aus-leichten-stoff-umsaeumt-geoest","8":"pa_banner-stoff-1-stck-ringsum-gesaeumt-alle-100-cm-geoest-blanko","9":"pa_banner-stoff-ab-3-stck-ringsum-gesaeumt-alle-100-cm-geoest-blanko-je","10":"pa_banner-stoff-ab-10-stck-ringsum-gesaeumt-alle-100-cm-geoest-blanko-je","11":"pa_banner-stoff-1-stck-ringsum-gesaeumt-alle-100-cm-geoest-bis-4c-von-ihrer-datei-1-seitig-bedruckt-je","12":"pa_banner-stoff-ab-3-stck-ringsum-gesaeumt-alle-100-cm-geoest-bis-4c-von-ihrer-datei-1-seitig-bedruckt-je","13":"pa_banner-stoff-ab-10-stck-ringsum-gesaeumt-alle-100-cm-geoest-bis-4c-von-ihrer-datei-1-seitig-bedruckt-je","14":"pa_banner-stoff-zubehoer-seil-3m-zum-spannen-der-banner-4er-set-a-3m-je-set","15":"pa_banner-stoff-zubehoer-seil-5m-zum-spannen-der-banner-4er-set-a-5m-je-set","16":"pa_banner-stoff-zubehoer-seil-10m-zum-spannen-der-banner-4er-set-a-10m-je-set","17":"pa_banner-stoff-aufpreis-geoest-alle-50-cm-je","18":"pa_banner-stoff-verpackungversand-bis-5-stck-im-karton-gefaltet-ab-fertigstellung-versandzeit-ca-3-tage-bis-je-5-stck","19":"pa_banner-stoff-verpackungversand-im-karton-bis-zu-20-stck-gefaltet-ab-fertigstellung-versandzeit-ca-3-tage-je-karton","20":"pa_banner-stoff-aufpreis-eilzustellung-versandzeit-ab-fertigstellung-1-tag-je-karton","22":"first","23":"instock","24":"taxable","25":"shipping-taxable","26":"purchasable","27":"product-type-variable","28":"has-default-attributes","29":"has-featured-image","30":"portrait"},"_links":{"self":[{"href":"https:\/\/citmax.de\/index.php?rest_route=\/wp\/v2\/product\/10176","targetHints":{"allow":["GET"]}}],"collection":[{"href":"https:\/\/citmax.de\/index.php?rest_route=\/wp\/v2\/product"}],"about":[{"href":"https:\/\/citmax.de\/index.php?rest_route=\/wp\/v2\/types\/product"}],"replies":[{"embeddable":true,"href":"https:\/\/citmax.de\/index.php?rest_route=%2Fwp%2Fv2%2Fcomments&post=10176"}],"wp:featuredmedia":[{"embeddable":true,"href":"https:\/\/citmax.de\/index.php?rest_route=\/wp\/v2\/media\/15113"}],"wp:attachment":[{"href":"https:\/\/citmax.de\/index.php?rest_route=%2Fwp%2Fv2%2Fmedia&parent=10176"}],"wp:term":[{"taxonomy":"product_cat","embeddable":true,"href":"https:\/\/citmax.de\/index.php?rest_route=%2Fwp%2Fv2%2Fproduct_cat&post=10176"},{"taxonomy":"product_tag","embeddable":true,"href":"https:\/\/citmax.de\/index.php?rest_route=%2Fwp%2Fv2%2Fproduct_tag&post=10176"}],"curies":[{"name":"wp","href":"https:\/\/api.w.org\/{rel}","templated":true}]}}