{"id":10794,"date":"2014-07-23T14:51:30","date_gmt":"2014-07-23T12:51:30","guid":{"rendered":"http:\/\/citmax.de\/?product=citmax-bannerrahmen-bis-h-700-cm"},"modified":"2022-03-09T07:55:46","modified_gmt":"2022-03-09T06:55:46","slug":"citmax-bannerrahmen-bis-h-700-cm","status":"publish","type":"product","link":"https:\/\/citmax.de\/?product=citmax-bannerrahmen-bis-h-700-cm","title":{"rendered":"Citmax-Bannerrahmen Format bis H 700 cm"},"content":{"rendered":"<p>Citmax-Bannerrahmen sind konzipiert f\u00fcr den Aussenwerbebereich, f\u00fcr Gro\u00dfbildmotive die auf PVC-Bannertuch oder PVC-mesh-Gitternetz-Gewebeplane gedruckt und an Fassadenfl\u00e4chen montiert werden.<\/p>\n<p>Die Bannerrahmen bestehen aus wasserfesten, rostfreien Aluminium-Winkelprofil die in der Standardausf\u00fchrung alle 40cm eine Lochbohrung haben, um das geoeste Banner mit einer Seil-ZickZack-Verspannung aufzunehmen.<br \/>\n<strong>Optional<\/strong> ist auch eine geringerer Lochabstand von 30cm oder 20 cm ausw\u00e4hlbar, hier entscheidet Ihr Design und Ihr ZickZack-Verspannungswunsch \u00fcber den Abstand der Lochbohrung.<\/p>\n<p><strong>Alternativ gibt es auch das <a title=\"Hier geht es zum Bannerrahmen mit Kederschienen.\" href=\"https:\/\/citmax.de\/?product_cat=bannerrahmen-fest-mit-kederschienen\" target=\"_blank\" rel=\"noopener\">Citmax-Kederschienen-Profil<\/a><\/strong>, das Bannermotive mit ringsherum 8mm Keder-Konfektionierung aufnimmt. Die ZickZack-Verspannung entf\u00e4llt dann. Beim Kedersystem wird jeweils die untere und eine der seitlichen Profilschienen gespannt, die obere und eine seitliche Profilschiene ist feststehend, so das das Banner perfekt gespannt an Ihrer Fassade h\u00e4ngt.<\/p>\n<p>Wir produzieren jede Formatgr\u00f6\u00dfe, anbei finden Sie eine Basisauswahl von Kleinbanneranlagen bis B200 x H 200 cm sowie Gro\u00dfBannerrahmen von bis zu H10.00 x B10.00 m oder gr\u00f6\u00dfer!<\/p>\n<p>In unserem Shop finden Sie die Basisgr\u00f6\u00dfen. Sollte das gew\u00fcnschte Format nicht genau vorhanden sein, w\u00e4hlen Sie einfach im Shop das n\u00e4chst gr\u00f6\u00dfere Format und vermerken Sie Ihren speziellen Sonderformatwunsch bei der Bestellung im Textfeld.<br \/>\nEin Bannerrahmen 495 x 495 cm finden Sie in der Rubrik bis B500 x H500cm.<br \/>\nEin Bannerrahmen 510 x 582 cm finden Sie in der Rubrik bis B600 x H600cm.<\/p>\n<p>Sollte Ihr gew\u00fcnschtes Maximalformat in der Preisliste nicht vorhanden sein, k\u00f6nnen Sie die notwendigen Fl\u00e4chen im\u00a0Warenkorb zusammenstellen und kombinieren:<\/p>\n<p><strong>Beispiel:<\/strong>\u00a0Sie ben\u00f6tigen einen Bannerrahmen 600 x 2400 cm, dann buchen Sie einfach 2 Bannerrahmen 600 x 1200 cm und beschreiben im Hinweistext, das es sich um ein Bannerrahmen Format 600 x 2400 cm handeln soll.<br \/>\nJedes Ma\u00df ist frei w\u00e4hlbar!<\/p>\n<p><strong>Das richtige Banner f\u00fcr Ihren Bannerrahmen.<\/strong><br \/>\nBitte beachten Sie, das die Bannerrahmen ma\u00dfkonfektioniert sind.<br \/>\nIhr Bannertuch sollte dazu passen,\u00a0oder <a title=\"Hier finden Sie Bannert\u00fccher aus PVC-Gewebe und mesh.\" href=\"https:\/\/citmax.de\/?product_cat=citmax-banner-megaprints-pvc-gewebe-netz-mesh-stoff\" target=\"_blank\" rel=\"noopener\">Sie bestellen das Bannertuch gleich bei uns mit<\/a>.<\/p>\n<p><strong>Bei einem Bannerrahmen von B600 x H600 cm<\/strong><br \/>\nsollte Ihr <span style=\"text-decoration: underline;\">Bannertuch B580 x H580 cm<\/span> sein, so das f\u00fcr die umlaufende Zickzack-Verspannung 10cm ringsum Platz zwischen Bannertuch und Bannerrahmen bleibt\u00a0und sich das Tuch so spannen l\u00e4st.<\/p>\n<p>Bei <span style=\"text-decoration: underline;\">Keder-Bannern<\/span> sollte das Konfektionierungsma\u00df <span style=\"text-decoration: underline;\">599 x 599 cm sei<\/span>n, da das Kederprofil eingeschoben wird und nur ca. 20 mm Spannweg hat.<br \/>\nDen Bannerrahmen mit Keder finden Sie <a title=\"Hier geht zum Bannerrahmen mit Kederprofil.\" href=\"https:\/\/citmax.de\/?product_cat=bannerrahmen-fest-mit-kederschienen\" target=\"_blank\" rel=\"noopener\">hier.<\/a><\/p>\n<p>Die Montage der Bannerrahmen f\u00fchren wir bundesweit aus.<br \/>\nDiese k\u00f6nnen Sie bei uns im Shop buchen.<br \/>\nBitte senden Sie uns mit sep. mail aussagef\u00e4higes Fotomaterial als jpg oder pdf von Ihrem Montageort\/von der Fassade. Wichtig sind hier die Standplatzsituationen f\u00fcr Hubsteiger\/Ger\u00fcst, ob ein Zugang zur Fassade unverbaut zur Verf\u00fcgung steht. Gerne erstellen wir auch die Projektierung, Planung mit Entwurf, Alternativen und weiteren Vorschl\u00e4gen mit allen Befestigungsdetails, sowie <a title=\"Bauantrag und Statik? Kein Problem, wir machen das f\u00fcr Sie.\" href=\"https:\/\/citmax.de\/?product_cat=bauantrag-und-statik\" target=\"_blank\" rel=\"noopener\">Bauantragstellung und Statik,<\/a> wenn gew\u00fcnscht.<br \/>\n&#8222;Alles aus einer Hand&#8220;, schauen sie einfach in unserer Rubrik &#8222;<a title=\"Professionelle Projektierung finden Sie hier.\" href=\"https:\/\/citmax.de\/?product_cat=projektierung-planung-entwurf-zubehoer-montage\" target=\"_blank\" rel=\"noopener\">Projektierung<\/a>&#8220; nach.<\/p>\n<p>Gerne versenden wir die Bannerrahmen auch montagefertig incl. allem Zubeh\u00f6r f\u00fcr Ihre Selbstmontage.<br \/>\nSo k\u00f6nnen Sie das f\u00fcr die ZickZack-Verspannung ben\u00f6tigte Seil bei uns im Shop unter\u00a0<a title=\"Hier gehts zum Citmax-Zubeh\u00f6r.\" href=\"https:\/\/citmax.de\/?product_cat=zubehoer-und-montagematerial\" target=\"_blank\" rel=\"noopener\">Zubeh\u00f6r\u00a0<\/a>in 25m, 50m und 100m L\u00e4ngen bestellen.<\/p>\n","protected":false},"excerpt":{"rendered":"<p>f\u00fcr die Aufnahme von geoesten Megaprints, Rahmen aus wetterfesten Aluminium-Profil, vorgebohrt alle 40cm und versand- oder montagefertig nach Auswahl, incl. Montageanleitung sowie Schraubenmaterial. Fassadenuntergrund bitte unter Rubrik &#8222;<em>Hinweise zur Bestellung<\/em>&#8220; bei Eingabe Rechnungsadresse mit angeben.<br \/>\nBannertuch bitte separat gleich<a title=\"Hier k\u00f6nnen Sie Ihr Bannertuch bestellen.\" href=\"https:\/\/citmax.de\/?product_cat=citmax-banner-megaprints-pvc-gewebe-netz-mesh-stoff\" target=\"_blank\" rel=\"noopener\"> hier<\/a> mit bestellen.<br \/>\n<strong>W\u00e4hlen Sie: schwarzes Auswahlfeld anklicken,<\/strong><br \/>\n<strong>Auswahl nach und nach in den Warenkorb packen.<\/strong><\/p>\n","protected":false},"featured_media":14877,"comment_status":"open","ping_status":"closed","template":"","meta":{"_links_to":"","_links_to_target":""},"product_cat":[478,595],"product_tag":[],"class_list":{"0":"post-10794","1":"product","2":"type-product","3":"status-publish","4":"has-post-thumbnail","6":"product_cat-citmax-bannerrahmen-fuer-fassaden-kederschienen-hissanlagen-bannerlifte","7":"product_cat-bannerrahmen-feststehend","8":"pa_bannerrahmen-bis-b200cm-bannerrahmen-standard-mit-40cm-abstand-lochbohrung","9":"pa_bannerrahmen-bis-b300cm-bannerrahmen-standard-mit-40cm-abstand-lochbohrung","10":"pa_bannerrahmen-bis-b400cm-bannerrahmen-standard-mit-40cm-abstand-lochbohrung","11":"pa_bannerrahmen-bis-b500cm-bannerrahmen-standard-mit-40cm-abstand-lochbohrung","12":"pa_bannerrahmen-bis-b600cm-bannerrahmen-standard-mit-40cm-abstand-lochbohrung","13":"pa_bannerrahmen-bis-b700cm-bannerrahmen-standard-mit-40cm-abstand-lochbohrung","14":"pa_bannerrahmen-bis-b800cm-bannerrahmen-standard-mit-40cm-abstand-lochbohrung","15":"pa_bannerrahmen-bis-b900cm-bannerrahmen-standard-mit-40cm-abstand-lochbohrung","16":"pa_bannerrahmen-bis-b1000cm-bannerrahmen-standard-mit-40cm-abstand-lochbohrung","17":"pa_bannerrahmen-anfahrt-montage-bis-100-km-vom-divisions-standort","18":"pa_bannerrahmen-aufpreis-alle-30cm-lochbohrung-b200-bis-b500-cm","19":"pa_bannerrahmen-aufpreis-alle-30cm-lochbohrung-b600-bis-b1000-cm","20":"pa_bannerrahmen-aufpreis-montage-anfahrt-101-bis-300-km-vom-divisions-standort-pauschal","21":"pa_bannerrahmen-aufpreis-alle-20cm-lochbohrung-b200-bis-b500-cm","22":"pa_bannerrahmen-aufpreis-montage-anfahrt-301-bis-600-km-vom-division-standort-pauschal","23":"pa_bannerrahmen-aufpreis-alle-20cm-lochbohrung-b600-bis-b1000-cm","24":"pa_bannerrahmen-montage-pro-qm-banneranlage","25":"pa_bannerrahmen-montage-banner-mit-verspannung-incl-kleinmaterial-pro-qm-banneranlage-qm-zahl-eingeben","26":"pa_bannerrahmen-zuschlaege-geruest-hubsteiger-ges-h400-bis-h800-cm-pauschal-je-tag-siehe-preisfeld-projektierung","27":"pa_bannerrahmen-zuschlaege-hubsteiger-pauschal-je-tag-siehe-preisfeld-projektierung","28":"pa_bannerrahmen-versand-rahmenprofile-schrauben-sowie-montageanleitung-fertig-konfektioniert-je-bannerrahmen","30":"first","31":"instock","32":"taxable","33":"shipping-taxable","34":"purchasable","35":"product-type-variable","36":"has-default-attributes","37":"has-featured-image","38":"portrait"},"_links":{"self":[{"href":"https:\/\/citmax.de\/index.php?rest_route=\/wp\/v2\/product\/10794","targetHints":{"allow":["GET"]}}],"collection":[{"href":"https:\/\/citmax.de\/index.php?rest_route=\/wp\/v2\/product"}],"about":[{"href":"https:\/\/citmax.de\/index.php?rest_route=\/wp\/v2\/types\/product"}],"replies":[{"embeddable":true,"href":"https:\/\/citmax.de\/index.php?rest_route=%2Fwp%2Fv2%2Fcomments&post=10794"}],"wp:featuredmedia":[{"embeddable":true,"href":"https:\/\/citmax.de\/index.php?rest_route=\/wp\/v2\/media\/14877"}],"wp:attachment":[{"href":"https:\/\/citmax.de\/index.php?rest_route=%2Fwp%2Fv2%2Fmedia&parent=10794"}],"wp:term":[{"taxonomy":"product_cat","embeddable":true,"href":"https:\/\/citmax.de\/index.php?rest_route=%2Fwp%2Fv2%2Fproduct_cat&post=10794"},{"taxonomy":"product_tag","embeddable":true,"href":"https:\/\/citmax.de\/index.php?rest_route=%2Fwp%2Fv2%2Fproduct_tag&post=10794"}],"curies":[{"name":"wp","href":"https:\/\/api.w.org\/{rel}","templated":true}]}}