{"id":11158,"date":"2014-07-24T09:16:34","date_gmt":"2014-07-24T07:16:34","guid":{"rendered":"http:\/\/citmax.de\/?product=citmax-hissbanner-anlagen-bis-b-500-cm"},"modified":"2022-03-08T16:23:02","modified_gmt":"2022-03-08T15:23:02","slug":"citmax-hissbanner-anlagen-bis-b-500-cm","status":"publish","type":"product","link":"https:\/\/citmax.de\/?product=citmax-hissbanner-anlagen-bis-b-500-cm","title":{"rendered":"Citmax-Hissbanner-Anlagen Format bis B500 cm"},"content":{"rendered":"<p>Citmax-Hissanlagen sind konzipiert f\u00fcr den Aussenwerbebereich, f\u00fcr das einfach Hissen und Senken von Bannermotiven an Fassadenfl\u00e4chen. Die Hissanlage ist so entwickelt, das sie m\u00f6glichst dicht an der Fassadenfl\u00e4che montiert werden kann und die Konstruktionsoptik, durch die speziell verwendeten Bauteile, sehr dezent ist und das Fassadenbild nicht oder nur wenig beeintr\u00e4chtigt.<br \/>\nDas Heben und Senken des Banners erfolgt \u00fcber untenliegenden Handkurbeln (bis B 230 cm eine Handkurbel, ab B 231 cm mit 2 Handkurbeln) die \u00fcber ein Hiss-Seil und einer obenliegenden Umlenkrolle die Banner liften\/nach oben ziehen.<br \/>\nDie Bedienung ist einfach in der Anwendung und servicefreundlich. Seitlich werden die Banner an einem stabilen Stahlseil \u00fcber Karabiner und Haltegummis fixiert, die dann zwischen den zus\u00e4tzlichen stabilen Edelstahlseilen nach oben und unten gleiten k\u00f6nnen. F\u00fcr die Aufnahme der Stahlseilbefestigungen werden bauseits in der Fassade solide Befestigungspunkte ben\u00f6tigt.<\/p>\n<p>Alle Bauteile der Hissanlage sind rostfrei, da aus Edelstahl und Aluminium gefertigt. Befestigungsteile sind verzinkt und das Kurbelgeh\u00e4use aus Druckguss\/Stahl.<br \/>\nAls Bannert\u00fccher eigenen sich PVC-Gewebet\u00fccher. Meistens werden Mesh-Gitternetzplanen verwendet, je nach Gr\u00f6\u00dfe, Position und Lage der Hissanlage wird bei der Auswahl und Projektierung der Anlage die Gr\u00f6\u00dfe und auch das Bannermaterial bestimmt.<\/p>\n<p>Hissbanneranlagen sind konzipiert f\u00fcr den regelm\u00e4ssigen Gebrauch, f\u00fcr Hissen und Senken des Bannertuches. Durch das einfache handling empfehlen wir die Hissbanner ab Windst\u00e4rke 8 abzusenken um unn\u00f6tigen Verschleiss an der Hissanlage zu vermeiden. Einfache Wartungsarbeiten wie schmieren der Hiss-Seile, Sichtkontrolle aller Befestigungspunkte wie Schrauben, Spanner, Gummis und Karabiner, sowie regelm\u00e4ssige Funktionspr\u00fcfungen k\u00f6nnen Sie selber erledigen, oder Sie buchen unseren regelm\u00e4ssigen <a title=\"Hier finden Sie unseren Wartungs- und Pflegeservice.\" href=\"https:\/\/citmax.de\/?product_cat=wartungs-und-pflegeservice\" target=\"_blank\" rel=\"noopener\">Wartungs- und Pflegeservice.<\/a>\u00a0Wir empfehlen ein j\u00e4hrliches Wartungsintervall.<\/p>\n<p>Wir produzieren Hissanlagen in jeder Formatgr\u00f6\u00dfe, anbei finden Sie eine Basisauswahl bis zur jeweiligen Formatgr\u00f6\u00dfe, auch Zwischenma\u00dfe sind ohne Probleme m\u00f6glich!<br \/>\nSollte das gew\u00fcnschte Format nicht genau vorhanden sein, w\u00e4hlen Sie einfach im Shop das n\u00e4chst gr\u00f6\u00dfere Format und vermerken Sie Ihren speziellen Sonderformatwunsch bei der Bestellung im Textfeld.<\/p>\n<p>Eine Hissbanneranlage mit \u00a0z. B. 495 x 495 cm finden Sie in der Rubrik bis B500 x H500cm.<br \/>\nEine\u00a0Hissbanneranlage mit\u00a0\u00a0z. B. 510 x 582 cm finden Sie in der Rubrik bis B600 x H600cm.<\/p>\n<p>Sollte Ihr gew\u00fcnschtes Maximalformat in der Preisliste nicht vorhanden sein, fragen Sie einfach per <a title=\"Ihre individuelle Anfrage bitte uns zumailen.\" href=\"info@citmax.de\" target=\"_blank\" rel=\"noopener\">mail an<\/a>,<br \/>\nwir unterbreiten Ihnen umgehend ein attraktives Angebot.<\/p>\n<p><strong>Das richtige Hiss-Banner f\u00fcr Ihre Hissbanneranlage.<\/strong><br \/>\nBitte beachten Sie, das Hiss-Banner ma\u00dfkonfektioniert sind. So erhalten diese oben und unten einen Hohlsaum von 20 cm um den Hissbalken und Senkbalken aufzunehmen. Seitlich erhalten die Banner ein Oesensaum, in dem die Haltegummis mit den Gleitkarabinern eingeclipst werden.<br \/>\nIhr Hiss-Bannertuch sollte zu Ihrer Hissanlage passen,\u00a0oder <a title=\"Hier finden Sie Bannert\u00fccher aus PVC-Gewebe und mesh.\" href=\"https:\/\/citmax.de\/?product_cat=citmax-banner-megaprints-pvc-gewebe-netz-mesh-stoff\" target=\"_blank\" rel=\"noopener\">Sie bestellen das Bannertuch gleich bei uns mit<\/a>.<br \/>\nDie Konfektionierung des Hissbannerplane erledigen wir ohne Aufpreis!<\/p>\n<p>Sollten Sie Ihr Banner langfristig an der Fassadenfl\u00e4che betreiben und nur selten die Hissanlage bet\u00e4tigen, bietet unsere feststehende\u00a0<a title=\"Bannerrahmen mit Winkelprofil, feststehend.\" href=\"https:\/\/citmax.de\/?product_cat=bannerrahmen-feststehend\" target=\"_blank\" rel=\"noopener\">Bannerrahmen mit Winkel\u00a0<\/a>-Anlage\u00a0\u00a0eine wirtschaftliche Alternative.<br \/>\nF\u00fcr dauerhafte glatte Gro\u00dfbanner, die sich auch hervorragend zur Fassadenverkleidung eignen, bieten wir <span style=\"text-decoration: underline;\">Keder-Banneranlagen<\/span>\u00a0an.\u00a0Den Bannerrahmen mit Keder finden Sie <a title=\"Hier geht zum Bannerrahmen mit Kederprofil.\" href=\"https:\/\/citmax.de\/?product_cat=bannerrahmen-fest-mit-kederschienen\" target=\"_blank\" rel=\"noopener\">hier.<\/a><\/p>\n<p>Die Montage aller Banneranlagen f\u00fchren wir bundesweit aus.\u00a0Diese Montageleistung k\u00f6nnen Sie bei uns im Shop buchen.<br \/>\nBitte senden Sie uns, mit sep. mail, aussagef\u00e4higes Fotomaterial als jpg oder pdf von Ihrem Montageort\/von der Fassade. Wichtig sind hier die Standplatzsituationen f\u00fcr Hubsteiger\/Ger\u00fcst, ob ein Zugang zur Fassade unverbaut zur Verf\u00fcgung steht. Gerne erstellen wir auch die Projektierung, Planung mit Entwurf, Alternativen und weiteren Vorschl\u00e4gen mit allen Befestigungsdetails, sowie <a title=\"Bauantrag und Statik? Kein Problem, wir machen das f\u00fcr Sie.\" href=\"https:\/\/citmax.de\/?product_cat=bauantrag-und-statik\" target=\"_blank\" rel=\"noopener\">Bauantragstellung und Statik,<\/a>\u00a0.<br \/>\n&#8222;Alles aus einer Hand&#8220;, buchen Sie diese Dienstleistung einfach in unserer Rubrik &#8222;<a title=\"Professionelle Projektierung finden Sie hier.\" href=\"https:\/\/citmax.de\/?product_cat=projektierung-planung-entwurf-zubehoer-montage\" target=\"_blank\" rel=\"noopener\">Projektierung<\/a>&#8220; .<\/p>\n<p>Hissbanneranlagen versenden wir auch montagefertig incl. allem Zubeh\u00f6r, f\u00fcr Ihre Selbstmontage.<br \/>\nDann sollten Sie jedoch \u00fcber ausreichende Montageerfahrung verf\u00fcgen.<\/p>\n","protected":false},"excerpt":{"rendered":"<p>incl. Hisskurbel\/n, 2 x Edelstahl-Tragseil mit V2A-Spanner, Fassadenbefestigungsplatten (ohne Schrauben), 1x Hissbalken sowie Senkbalken aus rostfreien Aluminium, Umlenkrollen und Gegenspannerseil, alle Bauteile zugeschnitten auf Format, versand- oder montagefertig nach Auswahl, incl. Montageanleitung, ohne Montage, ohne Projektierung, ohne Bannertuch.<br \/>\n<strong>W\u00e4hlen Sie: schwarzes Auswahlfeld anklicken,<\/strong><br \/>\n<strong>Auswahl nach und nach in den Warenkorb packen.<\/strong><\/p>\n","protected":false},"featured_media":11288,"comment_status":"open","ping_status":"closed","template":"","meta":{"_links_to":"","_links_to_target":""},"product_cat":[478,596],"product_tag":[],"class_list":{"0":"post-11158","1":"product","2":"type-product","3":"status-publish","4":"has-post-thumbnail","6":"product_cat-citmax-bannerrahmen-fuer-fassaden-kederschienen-hissanlagen-bannerlifte","7":"product_cat-hissbanneranlagen-mit-seilzug","8":"pa_hissanlage-anfahrt-montage-bis-100-km-vom-divisions-standort","9":"pa_hissanlage-aufpreis-montage-anfahrt-101-bis-300-km-vom-divisions-standort-pauschal","10":"pa_hissanlage-aufpreis-montage-anfahrt-301-bis-600-km-vom-division-standort-pauschal","11":"pa_hissanlage-aufpreis-statische-berechnung-fuer-hissanlage-siehe-projektierung-ab","12":"pa_hissanlage-hissanlage-bis-h-200-cm","13":"pa_hissanlage-hissanlage-bis-h-300-cm","14":"pa_hissanlage-hissanlage-bis-h-400-cm","15":"pa_hissanlage-hissanlage-bis-h-500-cm","16":"pa_hissanlage-hissanlage-bis-h-600-cm","17":"pa_hissanlage-hissanlage-bis-h-700-cm","18":"pa_hissanlage-hissanlage-bis-h-800-cm","19":"pa_hissanlage-hissanlage-bis-h-900-cm","20":"pa_hissanlage-hissanlage-bis-h-999-cm","21":"pa_hissanlage-montage-hissbanneranlage-incl-schraubenduebel-ohne-sonderbefestigungsmaterial-pro-h-lfdm-hissanlageh-in-meter-eingeben","22":"pa_hissanlage-montagehissen-banner-pro-qm-h-lfdm-hissanlageh-in-meter-eingeben","23":"pa_hissanlage-projektierungvorlayout-fuer-ihre-hissanlage-an-ihre-fassade-siehe-projektierung-ab","24":"pa_hissanlage-aufpreis-bauantragsstellung-fuer-ihre-hissanlage-an-ihre-fassade-siehe-projektierung-ab","25":"pa_hissanlage-aufpreis-montage-geruest-hubsteiger-h400-bis-h800-cm-pauschal-je-tag-siehe-projektierung-ab","26":"pa_hissanlage-aufpreis-montage-hubsteiger-ab-h800-cm-pauschal-je-tag-siehe-projektierung-ab","27":"pa_hissanlage-versand-hissanlage-mit-montageanleitung-fertig-konfektioniert-je-anlage","29":"first","30":"instock","31":"taxable","32":"shipping-taxable","33":"purchasable","34":"product-type-variable","35":"has-default-attributes","36":"has-featured-image","37":"portrait"},"_links":{"self":[{"href":"https:\/\/citmax.de\/index.php?rest_route=\/wp\/v2\/product\/11158","targetHints":{"allow":["GET"]}}],"collection":[{"href":"https:\/\/citmax.de\/index.php?rest_route=\/wp\/v2\/product"}],"about":[{"href":"https:\/\/citmax.de\/index.php?rest_route=\/wp\/v2\/types\/product"}],"replies":[{"embeddable":true,"href":"https:\/\/citmax.de\/index.php?rest_route=%2Fwp%2Fv2%2Fcomments&post=11158"}],"wp:featuredmedia":[{"embeddable":true,"href":"https:\/\/citmax.de\/index.php?rest_route=\/wp\/v2\/media\/11288"}],"wp:attachment":[{"href":"https:\/\/citmax.de\/index.php?rest_route=%2Fwp%2Fv2%2Fmedia&parent=11158"}],"wp:term":[{"taxonomy":"product_cat","embeddable":true,"href":"https:\/\/citmax.de\/index.php?rest_route=%2Fwp%2Fv2%2Fproduct_cat&post=11158"},{"taxonomy":"product_tag","embeddable":true,"href":"https:\/\/citmax.de\/index.php?rest_route=%2Fwp%2Fv2%2Fproduct_tag&post=11158"}],"curies":[{"name":"wp","href":"https:\/\/api.w.org\/{rel}","templated":true}]}}