{"id":11443,"date":"2014-07-25T09:16:36","date_gmt":"2014-07-25T07:16:36","guid":{"rendered":"http:\/\/citmax.de\/?product=papier-plakate-a6-poster-fuer-innen"},"modified":"2015-04-10T08:29:35","modified_gmt":"2015-04-10T06:29:35","slug":"papier-plakate-a6-poster-fuer-innen","status":"publish","type":"product","link":"https:\/\/citmax.de\/?product=papier-plakate-a6-poster-fuer-innen","title":{"rendered":"Poster-Drucke in vielen ExtraFormaten im extra Shop www.a-zdruck.de"},"content":{"rendered":"<p>Plakate, Poster, Schilder und flexibele d\u00fcnne Werbetr\u00e4ger gibt es in nahezu allen Formaten, in diversen Dicken, wetterfest und nur f\u00fcr den Innenbereich, von flexibel und weich bis hart und steif. Auch diverse Grundformate haben sich bew\u00e4hrt die wir hier zum besseren Verst\u00e4ndnis von Kalkulation, Zuschnitt sowie<br \/>\nzur Produktionsoptimierung hier kurz aufz\u00e4hlen m\u00f6chten:<br \/>\nZuerst Formate die in DIN (vom Deutschen Institut f\u00fcr Normung) festgelegt wurden:<br \/>\nF\u00fcr Papier, Pappe, Kleinschilder, Aufkleber, Drucksachen, von Gro\u00df nach klein.<br \/>\nDIN A0 = 841 x 1189 mm (was einen qm entspricht)<br \/>\nDIN A1 = 594 x 841 mm<br \/>\nDIN A2 = 420 x 594 mm<br \/>\nDIN A3 = 297 x 420 mm<br \/>\nDIN A4 = 210 x 297 mm<br \/>\nDIN A5 = 148 x 210 mm<br \/>\nDIN A6 = 105 x 148 mm was dem Postkartenformat entspricht, &#8230; bis<br \/>\nDIN A10 = 26 x 37 mm was in etwa einer Briefmarke entspricht.<br \/>\n70 x 100 cm ist ein klassisches Bogenformat f\u00fcr Papiere, Pappen und Folien, daraus resultieren die Zuschnitte<br \/>\n50\/70 cm, 35\/50cm, 17\/35 cm oder 35\/100cm u.s.w., so das sich der Bogen gut aufteilen und ausnutzen l\u00e4sst.<br \/>\nGleiches gilt f\u00fcr die Tafelformate von Aluminium, Stahl, Blechen, und bei einigen Kunststoffmaterialien<br \/>\n200 x 100 cm Bezeichnung &#8222;Kleinformat&#8220; (auch 205 x 100 cm)<br \/>\n250 x 125 cm Bezeichnung &#8222;Mittelformat&#8220; (auch 255 x 122 cm)<br \/>\n300 x 150 cm Bezeichnung &#8222;Gro\u00dfformat&#8220; (auch 305 x 150 cm)<br \/>\n400 x 150 cm, w\u00e4ren Sonderformate die vereinzelt auch m\u00f6glich sind.<br \/>\nAcryltafeln und manche Kunststoffsorten gibt es auch im Gro\u00dfformat<br \/>\n305 x 205 cm. \u00a01:1 werden die Tafeln selten eingesetzt, da meist zu unhandlich und zu\u00a0schwer zu transportieren oder zu montieren.<br \/>\nPapiere, Pappen, Karton und Folien gibt es in verschiedenen Dicken, auch Grammaturen genannt.<br \/>\nIm Papierbereich gibt es<br \/>\n30gr.\/qm Feinpapiere, die nur im Spezialbereich Verwendung finden.<br \/>\n60gr.\/qm Papiere (Telefonbuchseiten oder Durchschreibepapiere)<br \/>\n80gr.\/qm oder 90gr.\/qm bei Briefbogen, Kopierpapier<br \/>\n100gr.\/qm bis 150gr.\/qm bei Bilderdruckpapieren, Kalenderpapier<br \/>\n170 gr.\/qm Postkartenkarton bis<br \/>\n250gr.\/300gr.\/350gr.\/qm bei z. B. Visitenkarten-Karton.<br \/>\nbis 700\/880 gr.\/qm f\u00fcr Pappe und Kartonagen<br \/>\nvon da an fangen dann die Millimeterbezeichnungen an:<br \/>\nBei Blechen wie Aluminium, Stahl sind es 0,8\/1,0\/1,5\/2,0\/2,5\/3,0mm&#8230;..<br \/>\nBei Kunststoffen, Acryl und einigen Sondermaterialien 2,0\/3,0\/4,0\/5,0 bis ca. 30 mm oder dicker&#8230;.<br \/>\nBedrucken und Beschriften lassen sich nahezu alle Materialien, hierbei unterscheiden wir<br \/>\na) den Direktdruck f\u00fcr Papiere, Pappe, Karton, Folien, Aufkleber und auch auf einigen Plattenarten<br \/>\nb) der Druck auf Folie, der dann als Beschriftung, meist auf Tafeln, auf dem Werbetr\u00e4ger aufgezogen wird.<\/p>\n<p>Nahezu alle Drucke f\u00fcr den Ausseneinsatz haben den Anspruch UV-best\u00e4ndig zu sein, einige sind auch witterungsbest\u00e4ndig\u00a0und f\u00fcr langfristige Anwendungen geeignet. Die Gew\u00e4hrleistungszeit betr\u00e4gt 2 Jahre. Bei einigen hochwertigen Beschriftungen sind auch l\u00e4ngere Gew\u00e4hrleistungszeiten m\u00f6glich, die Sie gerne gesondert\u00a0vereinbaren k\u00f6nnen.<\/p>\n<p>Die Bedruckungen erfolgen meist auf 4-Farb-Druckmaschinen, daher auch die Kurzbezeichnung 4c (4 colors)<br \/>\nf\u00fcr den 4-Farbdruck (auch cmyk genannt) in den 4 Grundfarben die in Druckereien \u00fcblich sind (cyan, magenta, yellow, cool = schwarz).<br \/>\nDie Bedruckung\/Beschriftung erfolgt immer 1-seitig, auch 2-seitiger Druck ist teils m\u00f6glich.<\/p>\n<p>Bitte senden Sie uns eine druckfertige .pdf-Datei, Schriften in Pfade\/Kurven gewandelt.<br \/>\nAuch hochaufl\u00f6sende jpg. Dateien sind m\u00f6glich.<br \/>\nOffene Dateien verarbeiten wir nicht, es sei denn, Sie bestellen\u00a0\u00fcber <a title=\"Projekt erstellen, Daten vorbereiten, hier buchen.\" href=\"https:\/\/citmax.de\/?product_cat=planung-und-grafik\" target=\"_blank\">&#8222;Projektierung&#8220;<\/a> die gesonderte Datenverarbeitung hinzu.<br \/>\nSollten Sie keine <a title=\"Buchen Sie hier Ihre Druckdatenerstellung.\" href=\"https:\/\/citmax.de\/?product_cat=druckdaten-pruefen-und-erzeugen\" target=\"_blank\">Druckdaten erzeugen<\/a> k\u00f6nnen erstellen wir f\u00fcr Sie gerne die Entw\u00fcrfe, alle Korrekturen und auch die passenden Druckdaten. Dies k\u00f6nnen Sie <a title=\"Buchen Sie hier Ihre Druckdatenerstellung.\" href=\"https:\/\/citmax.de\/?product_cat=druckdaten-pruefen-und-erzeugen\" target=\"_blank\">hier<\/a> buchen.<\/p>\n","protected":false},"excerpt":{"rendered":"<p>Alle Formate die Sie hier nicht finden k\u00f6nnen Sie auch g\u00fcnstig und direkt bestellen bei\u00a0<a title=\"Ihre Onlinedruckerei f\u00fcr den Direkteinkauf.\" href=\"https:\/\/www.a-zdruck.de\" target=\"_blank\">www.a-zdruck.de<\/a><\/p>\n<p><strong>W\u00e4hlen Sie: schwarzes Auswahlfeld anklicken,<\/strong><br \/>\n<strong>Auswahl nach und nach in den Warenkorb packen.<\/strong><\/p>\n","protected":false},"featured_media":0,"comment_status":"open","ping_status":"closed","template":"","meta":{"_links_to":"","_links_to_target":""},"product_cat":[200,517],"product_tag":[],"class_list":{"0":"post-11443","1":"product","2":"type-product","3":"status-publish","5":"product_cat-citmax-plakate-poster-kleinschilder-aufkleber","6":"product_cat-papierplakate-fuer-innenbereich","8":"first","9":"instock","10":"taxable","11":"shipping-taxable","12":"purchasable","13":"product-type-variable","14":"no-featured-image"},"_links":{"self":[{"href":"https:\/\/citmax.de\/index.php?rest_route=\/wp\/v2\/product\/11443","targetHints":{"allow":["GET"]}}],"collection":[{"href":"https:\/\/citmax.de\/index.php?rest_route=\/wp\/v2\/product"}],"about":[{"href":"https:\/\/citmax.de\/index.php?rest_route=\/wp\/v2\/types\/product"}],"replies":[{"embeddable":true,"href":"https:\/\/citmax.de\/index.php?rest_route=%2Fwp%2Fv2%2Fcomments&post=11443"}],"wp:attachment":[{"href":"https:\/\/citmax.de\/index.php?rest_route=%2Fwp%2Fv2%2Fmedia&parent=11443"}],"wp:term":[{"taxonomy":"product_cat","embeddable":true,"href":"https:\/\/citmax.de\/index.php?rest_route=%2Fwp%2Fv2%2Fproduct_cat&post=11443"},{"taxonomy":"product_tag","embeddable":true,"href":"https:\/\/citmax.de\/index.php?rest_route=%2Fwp%2Fv2%2Fproduct_tag&post=11443"}],"curies":[{"name":"wp","href":"https:\/\/api.w.org\/{rel}","templated":true}]}}