{"id":13578,"date":"2014-07-26T20:25:23","date_gmt":"2014-07-26T18:25:23","guid":{"rendered":"http:\/\/citmax.de\/?product=schaufensterbeklebung-vollflaechig-oder-individual"},"modified":"2015-04-10T09:35:36","modified_gmt":"2015-04-10T07:35:36","slug":"schaufensterbeklebung-vollflaechig-oder-individual","status":"publish","type":"product","link":"https:\/\/citmax.de\/?product=schaufensterbeklebung-vollflaechig-oder-individual","title":{"rendered":"Schaufensterbeklebung Rubrik1 Text-, Aktions-Einzelkleber oder Fensterrahmen"},"content":{"rendered":"<p>Citmax-Schaufensterbeklebungen haben wir in lediglich 2 Rubriken unterteilt.<br \/>\nDiese k\u00f6nnen Sie ganz einfach ausw\u00e4hlen:<br \/>\n<strong>Rubrik 1<\/strong>\u00a0sind die Schaufenster die lediglich teilbeschriftet werden. Klebetext frei w\u00e4hlbar, lediglich den qm-Umfang ermitteln. Brauchen Sie nur eine Schrift, ein paar Textzeilen oder ein Motiv geplottet, bis z. B. 1 qm Format oder gr\u00f6\u00dfer?, dann einfach ausw\u00e4hlen und anklicken.<\/p>\n<p><strong>Rubrik2<\/strong>\u00a0sind Schaufenster die Vollfl\u00e4chig komplett zugeklebt werden, wahlweise mit oder ohne Aufdruck. Sie w\u00e4hlen die Farbe, die Folienart: Sonnenschutzfolie, EdgedGlas-Folien (ge\u00e4tztes Glas-Optik),\u00a0Beschattungsfolie, Spiegelfolien, Sonderfolien, Gro\u00dfformate oder Plott- oder Druckproduktionen.<br \/>\nWir produzieren nach Ihren Vorgaben und nach Ihrer\u00a04c-Druckdatei die Sie uns zumailen.<\/p>\n<p><strong>Der Bestellablauf:<\/strong><br \/>\nRubrik 1 oder 2 ausw\u00e4hlen. Ihr Layout, Ihre Produktionsdaten uns zu mailen. Kontakt per mail aufnehmen. Die Basispreise liegen Ihnen vor.<br \/>\nSie haben kein Idee oder keine Produktionsdaten? Dann Entwurfspauschale buchen,\u00a0die Schaufenstergr\u00f6\u00dfe ausw\u00e4hlen ob bis 1qm oder 1,1 bis 3qm, oder 3,1 bis 6 qm.<br \/>\nBitte sch\u00e4tzen Sie Ihren Beschriftungsumfang realistisch ein.<br \/>\nW\u00e4gen Sie bitte ab, ob die Arbeiten von einem Verkleber oder mit 2ter Personen als Montagehilfe auszuf\u00fchren sind. Nach Ihrer Auswahl und Kontaktmail pr\u00fcfen wir die Durchf\u00fchrbarkeit.<\/p>\n<p>Bitte senden Sie uns per separaten mail, vor oder nach Ihrer Bestellauswahl\u00a0die Ma\u00dfangabe aller Fenster sowie m\u00f6glichst Fotos der Fenster, damit wir die Fensterfl\u00e4chen im org. erkennen k\u00f6nnen.\u00a0Wir pr\u00fcfen Ihre Bestellung und stimmen alle Umfangdetails mit Ihnen ab.<br \/>\nNach Warenkorbauswahl wird dann Ihr Job best\u00e4tigt, produziert und versendet, oder wir schicken Ihnen unser Montageteam zur Verklebung und Kaschierung der Folien, bundesweit.<\/p>\n<p>Sollten Sie klare Vorstellungen haben und zugleich uns konkrete Produktionsdaten (als .eps, .ai oder .cdr Vektor-Format)\u00a0zumailen k\u00f6nnen, w\u00e4hlen Sie einfach die gew\u00fcnschten Beschriftungsmodule und senden und eine sep. Datei per mail mit Ihren Produktionsdaten. Bitte auch die Ma\u00dfangabe aller Fenster m\u00f6glichst Fotos der Fensterfl\u00e4chen, damit wir die Fensterfl\u00e4chen im org. erkennen k\u00f6nnen.<\/p>\n<p>Sollten Sie keine Beschriftungs- und Produktionsideen haben, projektieren wir Ihren Schaufensterbeschriftungswunsch mit einem\u00a0<strong>Erstentwurf,<\/strong>\u00a0den wir Ihnen nach \u00dcbermittlung Ihrer Beschriftungsw\u00fcnsche layouten und zu mailen.<br \/>\n<strong>Auch der Folienmusterversand ist im Zusammenhang mit dem Erstentwurf m\u00f6glich.<\/strong><br \/>\nDieser Erstentwurf gilt dann als Gespr\u00e4chsgrundlage zu Abstimmungszwecken bezgl. Umfang und Detailarbeit der zu beschriftenden Schaufensterfl\u00e4chen und der auszuw\u00e4hlenden Beschriftungsmodule.<br \/>\nNach der Erstabstimmung bekommen Sie dann optional einen weiteren Entwurf (bis maximal 3 Entw\u00fcrfe ) bis zum finalen Fertigentwurf f\u00fcr die sp\u00e4tere auszuf\u00fchrende Arbeit und technische Herstellung der Beschriftung.<br \/>\n<strong>Die angegeben Preise dienen als \u00dcbersicht und zur Absch\u00e4tzung des zu erwartenden Umfanges, je nach Ihrem Beschriftungs- und ggf. Sonderfolienwunsch.<\/strong><br \/>\nDie genannten Preise sind die technischen Produktionskosten f\u00fcr die Buchstaben-\/Text-\/Farb- und Druck- Folienherstellung bis zur Versandbereitstellung. Sie k\u00f6nnen w\u00e4hlen ob wir verkleben sollen oder ob Sie selber verkleben m\u00f6chten. Wir senden Ihnen Ihre Beschriftungsfolien zu, oder wir kommen optional zu Ihnen und beschriften Ihr Schaufenster vor Ort.<\/p>\n<p>Dazu muss das Schaufenster lediglich gereinigt bereit stehen, oder Sie buchen den Reinigungsservice gleich mit, wenn Sie die Fensterfl\u00e4chen kurz vor Beklebung nicht selber zuverl\u00e4ssig reinigen k\u00f6nnen. Vor Anreise stimmen wir uns per mail mit Ihnen ab, zu welchen Termin Sie die Beschriftung \/ Beklebung w\u00fcnschen.<\/p>\n","protected":false},"excerpt":{"rendered":"<p>Beschriftungmodule nach Auswahl f\u00fcr Ihre Schaufensterbeklebung- Beschriftung je Fenster<\/p>\n<p><strong>W\u00e4hlen Sie: schwarzes Auswahlfeld anklicken,<\/strong><br \/>\n<strong>Auswahl nach und nach in den Warenkorb packen.<\/strong><\/p>\n","protected":false},"featured_media":2931,"comment_status":"open","ping_status":"closed","template":"","meta":{"_links_to":"","_links_to_target":""},"product_cat":[198],"product_tag":[],"class_list":{"0":"post-13578","1":"product","2":"type-product","3":"status-publish","4":"has-post-thumbnail","6":"product_cat-citmax-schaufenster-werbung-beklebung","7":"pa_schaufenster-beklebung-entwurfspauschale-fuer-individualbeschriftung-nach-ihren-unseren-ideen-1-vorlayout-per-mail-pauschal","8":"pa_schaufenster-beklebung-aufpreise-bis-zu-3-weitere-entwuerfe-zur-erarbeitung-des-finalen-entwurfes-pauschal","9":"pa_schaufenster-beklebung-folienherstellung-plott-oder-druck-nach-dateiihrer-druckvorlage-bis-1qm-fenster-pauschal","10":"pa_schaufenster-beklebung-folienherstellung-nach-dateiihrer-druckvorlage-11-bis-30-qm-fenster-pauschal-je-fenster","11":"pa_schaufenster-beklebung-folienherstellung-nach-dateiihrer-druckvorlage-31-bis-60-qm-fenster-pauschal-je-fenster","12":"pa_schaufenster-beklebung-anfahrt-und-klebeservice-bis-100km-vom-divisions-standort-bis-1-std-arbeit-vor-ort","13":"pa_schaufenster-beklebung-anfahrt-und-klebeservice-bis-100km-vom-divisions-standort-bis-4-std-arbeit-vor-ort","14":"pa_schaufenster-beklebung-anfahrt-und-klebeservice-bis-100km-vom-divisions-standort-bis-8-std-arbeit-vor-ort","15":"pa_schaufenster-beklebung-aufpreis-anfahrt-montage-klebeservice-101-300-km-vom-divisions-standort-pauschal","16":"pa_schaufenster-beklebung-aufpreis-anfahrt-montage-klebeservice-301-600-km-vom-divisions-standort-pauschal","17":"pa_schaufenster-beklebung-grundreinigung-fenster-normale-verschmutzung-bis-5-qm","18":"pa_schaufenster-beklebung-aufpreis-grundreinigung-staerkere-verschmutzung-altfolien-abziehen-oder-ueberformat-wenn-mehr-als-5qm-je-fenster-pauschal","19":"pa_schaufenster-beklebung-aufpreis-grossformat-klebeservice-2ter-monteur-bis-1-std-pauschal","20":"pa_schaufenster-beklebung-aufpreis-grossformat-klebeservice-2ter-monteur-bis-4-std-pauschal","21":"pa_schaufenster-beklebung-aufpreis-grossformat-klebeservice-2ter-monteur-bis-8-std-pauschal","22":"pa_schaufenster-beklebung-aufpreis-uebernachtungspauschale-hotel-und-speesen-pro-monteurpro-tag-pauschal","23":"pa_schaufenster-beklebung-versand-folienset-mit-klebeanleitunglayout-zur-montage","25":"first","26":"instock","27":"taxable","28":"shipping-taxable","29":"purchasable","30":"product-type-variable","31":"has-default-attributes","32":"has-featured-image","33":"square"},"_links":{"self":[{"href":"https:\/\/citmax.de\/index.php?rest_route=\/wp\/v2\/product\/13578","targetHints":{"allow":["GET"]}}],"collection":[{"href":"https:\/\/citmax.de\/index.php?rest_route=\/wp\/v2\/product"}],"about":[{"href":"https:\/\/citmax.de\/index.php?rest_route=\/wp\/v2\/types\/product"}],"replies":[{"embeddable":true,"href":"https:\/\/citmax.de\/index.php?rest_route=%2Fwp%2Fv2%2Fcomments&post=13578"}],"wp:featuredmedia":[{"embeddable":true,"href":"https:\/\/citmax.de\/index.php?rest_route=\/"}],"wp:attachment":[{"href":"https:\/\/citmax.de\/index.php?rest_route=%2Fwp%2Fv2%2Fmedia&parent=13578"}],"wp:term":[{"taxonomy":"product_cat","embeddable":true,"href":"https:\/\/citmax.de\/index.php?rest_route=%2Fwp%2Fv2%2Fproduct_cat&post=13578"},{"taxonomy":"product_tag","embeddable":true,"href":"https:\/\/citmax.de\/index.php?rest_route=%2Fwp%2Fv2%2Fproduct_tag&post=13578"}],"curies":[{"name":"wp","href":"https:\/\/api.w.org\/{rel}","templated":true}]}}