{"id":13844,"date":"2014-07-27T10:10:04","date_gmt":"2014-07-27T08:10:04","guid":{"rendered":"http:\/\/citmax.de\/?product=stellschild-2-stielig-standardformat15-bis-125-x-125-cm"},"modified":"2015-05-27T16:54:51","modified_gmt":"2015-05-27T14:54:51","slug":"stellschild-2-stielig-standardformat15-bis-125-x-125-cm","status":"publish","type":"product","link":"https:\/\/citmax.de\/?product=stellschild-2-stielig-standardformat15-bis-125-x-125-cm","title":{"rendered":"Stellschild, 2-stielig, Standardformat15 bis 125 x 125 cm"},"content":{"rendered":"<p>Citmax-Stellschilder sind solide, witterungsbest\u00e4ndige Rahmenkonstruktionen mit Werbeschildaufnahme, die wir in nahezu allen Formaten herstellen.<br \/>\nWir liefern 1-stielige, 2 stielige und auch mehrstielige Stell-Schildl\u00f6sungen.<br \/>\nDie benannten Schildformate sind wirtschaftliche Zuschnittsformate der Schilder und zuschnittoptimierte Stangen f\u00fcr die Unterkonstruktion. Aber auch Sondergr\u00f6\u00dfen, die vom Standard abweichen, k\u00f6nnen, zu nur geringen Aufpreis, hergestellt werden. Siehe Aufpreis &#8222;Sonderma\u00df&#8220;.<br \/>\nZur Formatfindung bitte in den Artikelbeschreibungen nachschauen und uns im Warenkorb unter &#8222;Hinweise zur Bestellung&#8220; Ihr Wunschformat vorgeben, sofern dieses vom Standardformat abweichen soll.<br \/>\nOptional haben Sie auch die M\u00f6glichkeit die Stellschilder<br \/>\n<strong>beidseitig mit Werbeschild<\/strong> zu bestellen.<br \/>\nAuch anstelle des Standardschildes ist ein von innen <strong>beleuchtetes Schild<\/strong> m\u00f6glich. Die Leuchtwerbung erstellen wir im Spanntuchsystem mit LED-Ausleuchtung incl. aller Vorschaltger\u00e4te \u00a0und incl. der Beschriftung!<br \/>\nOhne Aufpreis erstellen wir die Leuchtwerbung bis Format von ca. 3qm auch mit Acrylhauben.<br \/>\nDann bitte unter &#8222;Hinweise zur Bestellung&#8220; diesen Wunsch angeben.<\/p>\n<p>Sollte Ihr Wunschformat vom Standard abweichen ist eine Anpassung an Ihr Sonderformat m\u00f6glich.<br \/>\nAuch eine <strong>Rahmenverl\u00e4ngerung<\/strong> in jeweils flexiblen H\u00f6hen, egal ob 10cm, 18cm oder auch 46 cm, \u00a0ist bis zu jeweils 50 cm Schritten ist m\u00f6glich.<br \/>\nSollte Ihr Hinweisschild Unterkante Schild vom Boden nicht H 120 cm sein, sondern z.B. die Unterkante des Schildes soll bei 160 cm sein, dann einfach die &#8222;Rahmenverl\u00e4ngerung&#8220; bis max. pro 50 cm hinzubuchen. Bei Doppelbuchung wird der Rahmen auf bis zu 100 cm verl\u00e4ngert, u.s.w..<br \/>\nBitte bei &#8222;Hinweise zur Bestellung&#8220; mit angeben.<\/p>\n<p>Die Rahmenkonstruktionen werden in stabiler Schlosserqualit\u00e4t hergestellt und sind grunds\u00e4tzlich wetterfest in Stahl silbergrau verzinkt oder je nach Schildformat in Aluminium natur silber roh.<br \/>\nOptional kann je nach Farbwunsch auch eine Rahmenlackierung im Sichtbereich des Rahmens erfolgen. \u00dcbermitteln Sie hierzu uns Ihren Farbwunsch in RAL, damit wir die gew\u00e4hlte Lackierung erstellen k\u00f6nnen.<\/p>\n<p>Die Citmax-Schildsysteme versenden und montieren wir bundesweit.<br \/>\nDie Citmax-Divisionen und Montageteams sind bundesweit verf\u00fcgbar und sorgen auch f\u00fcr die komplette Aufstellung des Schildes.<br \/>\nJe nach Schildgr\u00f6\u00dfe sind hier ggf. 2 Anfahrten zu Ihnen notwendig um<br \/>\n1. Anfahrt das Fundament zu erstellen und zu einem sp\u00e4teren Zeitpunkt, nach Fundamenttrocknung, dann<br \/>\n2. Anfahrt mit Rahmenauslieferung und Montageteam das Rahmengestell zu setzen und das Schild zu montieren.<br \/>\nKleine Stellschilder bis 3qm k\u00f6nnen in einem Arbeitsgang erstellt werden.<br \/>\nGro\u00dfformat-Stellschilder machen 2 Anfahrten notwendig.<\/p>\n","protected":false},"excerpt":{"rendered":"<p><strong>Stellschild im bis max. Standardformat.<br \/>\nSchild Unterkante vom Boden bis 100 cm.<\/strong><br \/>\nOptional kann auch eine h\u00f6here Unterkante gebucht werden.<br \/>\nBis zur Standard-Formatgr\u00f6\u00dfe kann auch ein Sonderma\u00df ausgew\u00e4hlt werden.<br \/>\nDann &#8222;Aufpreis Sonderformat&#8220; im Warenkorb ausw\u00e4hlen.<br \/>\nIhre Formatauswahl \/ Sonderformat-Auswahl in H\u00f6he x Breite in cm<br \/>\nim Warenkorb bei &#8222;Hinweise zur Bestellung&#8220; mit angeben.<\/p>\n<p><strong>W\u00e4hlen Sie: schwarzes Auswahlfeld anklicken,<\/strong><br \/>\n<strong>Auswahl nach und nach in den Warenkorb packen.<\/strong><\/p>\n","protected":false},"featured_media":20833,"comment_status":"open","ping_status":"closed","template":"","meta":{"_links_to":"","_links_to_target":""},"product_cat":[201,650],"product_tag":[],"class_list":{"0":"post-13844","1":"product","2":"type-product","3":"status-publish","4":"has-post-thumbnail","6":"product_cat-citmax-stellschilder-freistehende-schilder","7":"product_cat-2-stielige-pfostenschilder","8":"pa_stellschilder-aufpreis-fundamenterstellung-anfahrt-101-300-km-ab-divisions-standort-pauschal","9":"pa_stellschilder-aufpreis-fundamenterstellung-anfahrt-301-600-km-ab-divisions-standort-pauschal","10":"pa_stellschilder-aufpreis-montageteam-anfahrt-101-300-km-ab-divisions-standort-pauschal","11":"pa_stellschilder-aufpreis-montageteam-anfahrt-301-600-km-ab-divisions-standort-pauschal","12":"pa_stellschilder-erstellung-rahmenkonstruktion-einzelanfertigung-ab-division-standort","13":"pa_stellschilder-erstellung-rahmenkonstruktion-ab-4-st-kleinserie-ab-divisions-standort","14":"pa_stellschilder-schilderstellung-von-ihrer-druckdatei-wetterfest-je-schildseitepro-schild","15":"pa_stellschilder-aufpreis-beidseitiges-gleiches-schild-je-stellschild","16":"pa_stellschilder-schild-als-leuchtwerbung-mit-led-ausleuchtung-incl-spanntuchbeschriftung-incl-montage-an-rahmenkonstruktion-ohne-elt-anschluss-pro-seite-pro-schild","17":"pa_stellschilder-aufpreis-sondermass-rahmenkonstruktion-und-schild-abweichend-aufpreis-pro-schild","18":"pa_stellschilder-aufpreis-lackierung-rahmenkonstruktion-in-ral-nach-wahl-vorgrundierungendlack-oder-pulverbeschichtung-pro-rahmen","19":"pa_stellschilder-aufpreis-rahmenverlaengerung-groesserer-freiraum-unten-je-weitere-50-cm-pauschal","20":"pa_stellschilder-fundamenterstellung-anfahrt-und-bodenaushub-mit-entsorgung-bewehrung-betonieren-montagehuelsen-setzen-je-stellschild-bis-100-km-vom-divisions-standort","21":"pa_stellschilder-montageteam-mit-anlieferung-anfahrt-bis-100-km-ab-divisions-standort-pauschal","22":"pa_stellschilder-versand-rahmenschildstellschild-incl-verpackung-bundesweit-je-stck","24":"first","25":"instock","26":"taxable","27":"shipping-taxable","28":"purchasable","29":"product-type-variable","30":"has-default-attributes","31":"has-featured-image","32":"portrait"},"_links":{"self":[{"href":"https:\/\/citmax.de\/index.php?rest_route=\/wp\/v2\/product\/13844","targetHints":{"allow":["GET"]}}],"collection":[{"href":"https:\/\/citmax.de\/index.php?rest_route=\/wp\/v2\/product"}],"about":[{"href":"https:\/\/citmax.de\/index.php?rest_route=\/wp\/v2\/types\/product"}],"replies":[{"embeddable":true,"href":"https:\/\/citmax.de\/index.php?rest_route=%2Fwp%2Fv2%2Fcomments&post=13844"}],"wp:featuredmedia":[{"embeddable":true,"href":"https:\/\/citmax.de\/index.php?rest_route=\/wp\/v2\/media\/20833"}],"wp:attachment":[{"href":"https:\/\/citmax.de\/index.php?rest_route=%2Fwp%2Fv2%2Fmedia&parent=13844"}],"wp:term":[{"taxonomy":"product_cat","embeddable":true,"href":"https:\/\/citmax.de\/index.php?rest_route=%2Fwp%2Fv2%2Fproduct_cat&post=13844"},{"taxonomy":"product_tag","embeddable":true,"href":"https:\/\/citmax.de\/index.php?rest_route=%2Fwp%2Fv2%2Fproduct_tag&post=13844"}],"curies":[{"name":"wp","href":"https:\/\/api.w.org\/{rel}","templated":true}]}}