{"id":14229,"date":"2014-07-27T20:18:15","date_gmt":"2014-07-27T18:18:15","guid":{"rendered":"http:\/\/citmax.de\/?product=litfass-saeule-d118-x-h-350-cm"},"modified":"2015-03-05T13:05:09","modified_gmt":"2015-03-05T12:05:09","slug":"litfass-saeule-d118-x-h-350-cm","status":"publish","type":"product","link":"https:\/\/citmax.de\/?product=litfass-saeule-d118-x-h-350-cm","title":{"rendered":"Litfass-S\u00e4ule Durchmesser D118 x H350 cm"},"content":{"rendered":"<p>Citmax-Litfass-S\u00e4ulen werden nach alter Tradition mit Betonringen gebaut.<br \/>\nZur Gr\u00fcndung wird bauseits ein solider Untergrund oder ein noch zu erstellendes Fundament ben\u00f6tigt. Alle Litfass-S\u00e4ulen erhalten oben on Topp als Abschlu\u00df einen Deckel, der \u00fcber das angegebene D-Rundma\u00df hinausragt.<br \/>\nWir liefern die Litfass-S\u00e4ulen bundesweit, in Einzelteilen zum selber Zusammenbauen in Rohteilen, oder montiert auf bauseits erstellten Fundament (roh)., Auch Komplettlieferung ist m\u00f6glich, dann:\u00a0N\u00e4hte gespachtelt mit Anstrich 1-fbg. weiss, oder Litfass-S\u00e4ule farbig in RAL nach Wunsch, oder mit Banderole.<\/p>\n<p><strong>Optional<\/strong> bieten wir eine <strong>PVC-Gewebetuch-Banderole<\/strong> an, die wahlweise blanko weiss oder bis 4c ganzfl\u00e4chig bedruckt wird, so das eine dauerhafte Werbeaussage grunds\u00e4tzlich auf der S\u00e4ule plaziert ist. Die Banderole wird nach Aufstellung \/ Anstrich der S\u00e4ule auf der S\u00e4ule ummantelt.<br \/>\nDie Verspannung der Banderole erfolgt mit Stahlseil in ZickZack Verspannung.<\/p>\n<p>Es sind verschiedene Litfass-S\u00e4ulendurchmesser ausw\u00e4hlbar. Geringf\u00fcgige Ma\u00dfschwankungen sind m\u00f6glich. Sie erhalten unmittelbar nach Auswahl\/Bestellung das lieferbare D-Fixma\u00df. Eine Bauantragsstellung wird empfohlen. Dies k\u00f6nnen wir optional mit anbieten.<br \/>\n<a title=\"Hier gehts zur Litfass-S\u00e4ulen Projektierung.\" href=\"https:\/\/citmax.de\/?product_cat=projektierung-planung-entwurf-zubehoer-montage\" target=\"_blank\">Siehe Fachbereich Projektierung.<\/a><\/p>\n<p>Zus\u00e4tzlich lassen sich alle LitfassS\u00e4ulen mit einem oben aufgesetzt 4-seitigen Lichtkranz ausstatten. Dann wird ringsum mit energiesparenden PowerLED-Leuchten Ihre Werbefl\u00e4che 4-seitig angestrahlt. Sie m\u00fcssen bauseits lediglich eine sep. abgesicherte Elt.-Zuleitung bereit stellen.<\/p>\n<p><strong>Die Citmax-Litfass-S\u00e4ulen versenden und montieren wir bundesweit.<\/strong><br \/>\nDie Citmax-Divisionen und Montageteams sind bundesweit verf\u00fcgbar und sorgen auch f\u00fcr die komplette Aufstellung und Unterhaltung der Litfass-S\u00e4ule.<\/p>\n<p><strong>Zur Montage:<\/strong><br \/>\nJe nach S\u00e4ulengr\u00f6\u00dfe und ob das Fundament bauseits erstellt wurde, sind<br \/>\nggf. 2 Anfahrten zu Ihnen notwendig um:<br \/>\n1. Anfahrt: das Fundament zu erstellen und zu einem sp\u00e4teren Zeitpunkt, nach Fundamenttrocknung, dann<br \/>\n2. Anfahrt: mit Litfass-S\u00e4ulenauslieferung mit Montageteam um die S\u00e4ule zu setzen, zu spachtel und zu streichen, sowie ggf. die Banderole zu montieren.<br \/>\nKleine S\u00e4ulen bis H 250cm k\u00f6nnen in einem Arbeitsgang mit Fertigteilfundament geliefert und gestellt werden.\u00a0Litfass-S\u00e4ulen ab H 300 cm machen 2 Anfahrten notwendig.<\/p>\n","protected":false},"excerpt":{"rendered":"<p><strong>Lifass-S\u00e4ule \u00a0aus Beton, roh gestellt zur Abholung, oder<br \/>\nOptional:<br \/>\nmit Fundament oder mit Montage\/weiss-Anstrich<br \/>\nOptional: mit Bechriftungsbanderole<br \/>\n<\/strong>Jeweils im Warenkorb ausw\u00e4hlen.<br \/>\nWeitere Auswahl\u00a0im Warenkorb bei<br \/>\n\u201cHinweise zur Bestellung\u201d mit angeben.<br \/>\n<strong>W\u00e4hlen Sie: schwarzes Auswahlfeld anklicken,<\/strong><br \/>\n<strong>Auswahl nach und nach in den Warenkorb packen.<\/strong><\/p>\n","protected":false},"featured_media":14836,"comment_status":"open","ping_status":"closed","template":"","meta":{"_links_to":"","_links_to_target":""},"product_cat":[],"product_tag":[],"class_list":{"0":"post-14229","1":"product","2":"type-product","3":"status-publish","4":"has-post-thumbnail","6":"pa_litfasssaeulen-miete-pauschal-bis-6-monate-bundesweit-aufgebaut-incl-rueckbau","7":"pa_litfasssaeulen-kauf-bundesweite-lieferung-ohne-fundament-ohne-anstrich-ohne-montage","8":"pa_litfasssaeulen-kauf-bundesweite-lieferung-fundament-bauseits-incl-montage-erstanstrich","9":"pa_litfasssaeulen-kauf-bundesweite-lieferung-mit-fundament-mit-montage-mit-spachteln-und-endanstrich-je","10":"pa_litfasssaeulen-aufpreis-4-seitige-beleuchtungseinheit-mit-power-led-armstrahler-l-100-cm-anschlussfertig-ohne-montage-je","11":"pa_litfasssaeulen-beschriftungsbanderole-aus-pvc-gewebe-mit-spanndrahtseil-blanko-weiss-je","12":"pa_litfasssaeulen-beschriftungsbanderole-pvc-werbeplane-als-korsett-4c-bedruckt-von-ihrer-datei","13":"pa_litfasssaeulen-aufpreis-banderole-aufziehen-oder-banderolen-wechsel-je","14":"pa_litfasssaeulen-fundamenterstellung-bundesweit-bodenaushub-entsorgung-bewaehrung-statik-all-in","15":"pa_litfasssaeulen-aufpreis-fundamenterstellung-anfahrt-101-300-km-ab-divisions-standort-pauschal","16":"pa_litfasssaeulen-aufpreis-fundamenterstellung-anfahrt-301-600-km-ab-divisions-standort-pauschal","17":"pa_litfasssaeulen-montageservice-beschriftungssetbanderole-bundesweit-bis-100km-ab-divisionsstandort","18":"pa_litfasssaeulen-aufpreis-montageteam-anfahrt-101-300-km-ab-divisions-standort-pauschal","19":"pa_litfasssaeulen-aufpreis-montageteam-anfahrt-301-600-km-ab-divisions-standort-pauschal","20":"pa_litfasssaeulen-versand-litfass-saeule-mit-lkw-bundesweit-nur-abladen-keine-montage-je","22":"first","23":"instock","24":"taxable","25":"shipping-taxable","26":"purchasable","27":"product-type-variable","28":"has-default-attributes","29":"has-featured-image","30":"portrait"},"_links":{"self":[{"href":"https:\/\/citmax.de\/index.php?rest_route=\/wp\/v2\/product\/14229","targetHints":{"allow":["GET"]}}],"collection":[{"href":"https:\/\/citmax.de\/index.php?rest_route=\/wp\/v2\/product"}],"about":[{"href":"https:\/\/citmax.de\/index.php?rest_route=\/wp\/v2\/types\/product"}],"replies":[{"embeddable":true,"href":"https:\/\/citmax.de\/index.php?rest_route=%2Fwp%2Fv2%2Fcomments&post=14229"}],"wp:featuredmedia":[{"embeddable":true,"href":"https:\/\/citmax.de\/index.php?rest_route=\/wp\/v2\/media\/14836"}],"wp:attachment":[{"href":"https:\/\/citmax.de\/index.php?rest_route=%2Fwp%2Fv2%2Fmedia&parent=14229"}],"wp:term":[{"taxonomy":"product_cat","embeddable":true,"href":"https:\/\/citmax.de\/index.php?rest_route=%2Fwp%2Fv2%2Fproduct_cat&post=14229"},{"taxonomy":"product_tag","embeddable":true,"href":"https:\/\/citmax.de\/index.php?rest_route=%2Fwp%2Fv2%2Fproduct_tag&post=14229"}],"curies":[{"name":"wp","href":"https:\/\/api.w.org\/{rel}","templated":true}]}}