{"id":15212,"date":"2014-10-14T14:57:50","date_gmt":"2014-10-14T12:57:50","guid":{"rendered":"http:\/\/citmax.de\/?post_type=product&#038;p=15212"},"modified":"2014-10-14T19:45:28","modified_gmt":"2014-10-14T17:45:28","slug":"speisekartenkasten-ski-zubehoer-ersatzteile","status":"publish","type":"product","link":"https:\/\/citmax.de\/?product=speisekartenkasten-ski-zubehoer-ersatzteile","title":{"rendered":"Speisekartenkasten Zubeh\u00f6r-Ersatzteile"},"content":{"rendered":"<p>F\u00fcr alle unsere Speisekartenk\u00e4sten halten wir die Ersatzteile bereit.<br \/>\nSollten Sie mal einen Schl\u00fcssel verlieren, einen Brand- oder Vandalismusschaden haben,<br \/>\noder einfach eine neue Acrylscheibe oder Beschriftung ben\u00f6tigen,&#8230; kein Problem!<br \/>\nWir haben das passende Ersatzteil verf\u00fcgbar. Einfach bestellen &#8211; wir versenden!<\/p>\n","protected":false},"excerpt":{"rendered":"<p>F\u00fcr alle unsere Speisekartenk\u00e4sten halten wir die Ersatzteile bereit. Sollten Sie mal einen Schl\u00fcssel verlieren, einen Brand- oder Vandalismusschaden haben, [&hellip;]<\/p>\n","protected":false},"featured_media":0,"comment_status":"open","ping_status":"closed","template":"","meta":{"_links_to":"","_links_to_target":""},"product_cat":[1042,1043,1044],"product_tag":[],"class_list":{"0":"post-15212","1":"product","2":"type-product","3":"status-publish","5":"product_cat-citmax-speisekartenkaesten-und-getraenkekarten-wandhalter-ohne-sep-werbeflaeche","6":"product_cat-citmax-speisekartenkaesten-und-getraenkekarten-wandhalter-mit-werbeflaeche-h-85-mm","7":"product_cat-citmax-speisekartenkaesten-und-getraenkekarten-wandhalter-mit-werbeflaeche-gross-h200mm-und-h350-mm","9":"first","10":"instock","11":"taxable","12":"shipping-taxable","13":"product-type-simple","14":"no-featured-image"},"_links":{"self":[{"href":"https:\/\/citmax.de\/index.php?rest_route=\/wp\/v2\/product\/15212","targetHints":{"allow":["GET"]}}],"collection":[{"href":"https:\/\/citmax.de\/index.php?rest_route=\/wp\/v2\/product"}],"about":[{"href":"https:\/\/citmax.de\/index.php?rest_route=\/wp\/v2\/types\/product"}],"replies":[{"embeddable":true,"href":"https:\/\/citmax.de\/index.php?rest_route=%2Fwp%2Fv2%2Fcomments&post=15212"}],"wp:attachment":[{"href":"https:\/\/citmax.de\/index.php?rest_route=%2Fwp%2Fv2%2Fmedia&parent=15212"}],"wp:term":[{"taxonomy":"product_cat","embeddable":true,"href":"https:\/\/citmax.de\/index.php?rest_route=%2Fwp%2Fv2%2Fproduct_cat&post=15212"},{"taxonomy":"product_tag","embeddable":true,"href":"https:\/\/citmax.de\/index.php?rest_route=%2Fwp%2Fv2%2Fproduct_tag&post=15212"}],"curies":[{"name":"wp","href":"https:\/\/api.w.org\/{rel}","templated":true}]}}