{"id":15436,"date":"2014-10-14T19:53:17","date_gmt":"2014-10-14T17:53:17","guid":{"rendered":"http:\/\/citmax.de\/?product=speisekartenkasten-ske-2-fach-a4-hoch-mit-h85mm-werbeflaeche"},"modified":"2019-12-02T13:24:34","modified_gmt":"2019-12-02T12:24:34","slug":"speisekartenkasten-ske-2-fach-a4-hoch-mit-h85mm-werbeflaeche","status":"publish","type":"product","link":"https:\/\/citmax.de\/?product=speisekartenkasten-ske-2-fach-a4-hoch-mit-h85mm-werbeflaeche","title":{"rendered":"Speisekartenkasten SKe+  2-fach A4 hoch, mit H85mm Werbefl\u00e4che"},"content":{"rendered":"<p>Zum Zusammenstellen Ihres individuellen Speisekartenkasten klicken Sie sich bitte alle Ausstattungs-Einzelpositionen in den jeweiligen St\u00fcckzahlen in dem Warenkorb zusammen. (Bei der Produktauswahl auf schwarzem Balken klicken.)<\/p>\n<p>Alle Speisekartenk\u00e4sten werden aus Aluminiumprofilen hergestellt<br \/>\ndie absolut rostfrei sind.\u00a0Die Standard-Bautiefe ist 75mm.<br \/>\nAuf Wunsch sind optional die FineLine Modelle mit Bautiefe 55mm sowie<br \/>\ndie\u00a0BigLine Modelle mit Bautiefe 115mm erh\u00e4ltlich.<\/p>\n<p>Die Scharniere und Schl\u00f6sser sind verzinkt. Die Grundfarbe ist weiss.<br \/>\nAlle Speisekartenk\u00e4sten haben eine solide transparente 3mm Acrylglasscheibe (schlagfester als Glasscheiben) und eine magnetische, verzinkte und\u00a0zus\u00e4tzlich lackierte Stahlblech R\u00fcckwand, auf der Magnete zum Halten Ihrer Speisekarten positioniert werden k\u00f6nnen.<br \/>\nOptional liefern wir auch diverse Magnete in unterschiedlichen Ausf\u00fchrungen und Gr\u00f6\u00dfen, <a title=\"Ersatzteile und Zubeh\u00f6r f\u00fcr Citmax-Speisekartenkasten.\" href=\"https:\/\/citmax.de\/?product=ersatzteile-fuer-speisekartenkaesten\" target=\"_blank\">siehe hier.<\/a><br \/>\nBei der Speisekartenkastenauswahl haben Sie die Wahl zwischen:<br \/>\n&#8211; Standardartikel Bautiefe 75mm,<br \/>\nals unbeleuchteter Speisekartenkasten zum Einzelpreis, oder&#8230;.<br \/>\nSondernachl\u00e4sse gew\u00e4hren wir bereits ab 3 stck. Abnahme in einem Zuge, weitere Nachl\u00e4sse ab 10 stck. bei Abnahme in einem Bestellvorgang.<\/p>\n<p>Desweiteren:<br \/>\n&#8211; Aufpreis von innen beleuchteter Speisekartenkasten (von innen\/oben beleuchtet mit energiesparenden, langlebigen LEDs)\u00a0incl. Vorschaltger\u00e4t\/Trafo, anschlussfertig<br \/>\n&#8211; Aufpreis zus\u00e4tzliche links \/ rechts \/ unten Beleuchtung mit LED,<br \/>\n(empfehlenswert bei 4-fach hoch und 6-\/8-fach, da gr\u00f6\u00dfere Ausleuchtungsfl\u00e4che)<br \/>\n&#8211; Aufpreis Beschriftung mit 4c Foliendruck f\u00fcr Werbefl\u00e4che, fertig kaschiert<br \/>\n(fertige Druck-Datei von Ihnen gestellt)<br \/>\n&#8211; Aufpreis Erstellung Druckdatei mit Layout und Entwurf f\u00fcr Beschriftung<br \/>\nvon Ihrer Vorlage (Erstentwurf)<br \/>\n&#8211; Aufpreis weiterer Entwurf wenn notwendig\/gew\u00fcnscht, je Entwurf.<br \/>\n&#8211; Aufpreis 4mm Acryltransparentscheibe statt 3mm (schlagfester\/massiver)<br \/>\n&#8211; Aufpreis Sonderfarbe nach RAL (statt Standard weiss)<br \/>\n&#8211; Aufpreis MagneteSet, klein, je 4er Set (zum Halten des A4 Blattes)<br \/>\n&#8211; Ersatzteile f\u00fcr Speisekartenk\u00e4sten <a title=\"Ersatzteile f\u00fcr Ihren Citmax-Speisekartenkasten.\" href=\"https:\/\/citmax.de\/?product=ersatzteile-fuer-speisekartenkaesten\" target=\"_blank\">siehe hier.<\/a><\/p>\n<p>Die Beschriftungsfl\u00e4che (Ma\u00dfvorgabe gem\u00e4\u00df Auswahl\/Model beachten) k\u00f6nnen Sie individuell nutzen. In der Standardausstattung mit Beschriftungsfl\u00e4che sind die Fl\u00e4chen unbeschriftet weiss foliert und k\u00f6nnen von Ihnen auch nachtr\u00e4glich und individuell beschriftet werden.<br \/>\nGerne stellen wir f\u00fcr Sie die Folienbeschriftung im wetterfesten 4c Druck her und kaschieren diese fachgerecht auf die Frontscheibe.\u00a0Sollen wir die Beschriftung ausf\u00fchren, senden Sie uns bitte eine bema\u00dfte, proportional richtige, pdf-Druckdatei zu.<br \/>\nDie Beschriftungskosten k\u00f6nnen Sie bei der Bestellung gleich mit Ausw\u00e4hlen.<br \/>\nAuch eine nachtr\u00e4gliche Bestellung ist m\u00f6glich, dann senden wir Ihnen den<br \/>\nAufkleber zur Selbstverklebung zu.<br \/>\nBitte beachten Sie die Auswahl der m\u00f6glichen Beschriftungsh\u00f6hen 85 \/ 200 \/ 350mm.<\/p>\n<p>Der Elt.-Anschluss des beleuchteten Speisekartenkastens an Ihre sep. \/ bauseits abgesicherte Elt.-Zuleitung sollte von Ihrem ortsans\u00e4ssigen\u00a0Elektrofachunternehmen ausgef\u00fchrt werden.<br \/>\nDer Speisekartenkasten ist so vorinstalliert, das Sie r\u00fcckseitig f\u00fcr die Elt.-Zuleitung an der von Ihnen notwendigen Stelle und Gr\u00f6\u00dfe das Loch bohren und das Elt.-Kabel durchf\u00fchren k\u00f6nnen. Gleiches gilt f\u00fcr die Montage\u00a0des Speisekartenkasten. Bohren Sie durch die R\u00fcckwand an\u00a0jeder Ecke ein Loch an der notwendigen Stelle. Auf das evtl. innenliegende Elt.-Kabel achten!\u00a0Im unterem Bereich befindet sich das bereits vorgebohrte Ablaufloch f\u00fcr Schlagwasser\/Feuchtigkeit.<\/p>\n<p>Wenn Sie regional Besteller sind, k\u00f6nnen Sie Ihren Speisekartenkasten nach Fertigung bei uns im Werk abholen.\u00a0Wir benachrichtigen Sie.<br \/>\nW\u00fcnschen Sie eine Montage von uns, zahlen Sie lediglich die Anfahrts- und\u00a0Montagekosten. Bitte achten Sie darauf, das bei beleuchteten K\u00e4sten der Elt.-Anschluss bauseits am Montageort vorverlegt\/vorhanden sein muss. Zuleitungsverlegung wird extra berechnet!<br \/>\nWir versenden unser Speisekartenk\u00e4sten auch bundesweit, zur Selbstmontage und zum g\u00fcnstigen Selbstkostenpreis.<\/p>\n","protected":false},"excerpt":{"rendered":"<p><strong>Speisekartenkasten 4-fach DIN A4<\/strong>, hoch, mit H85mm Werbefl\u00e4che,<br \/>\nB320 x H 780 x T 75mm<br \/>\nincl. Schloss, Magnetr\u00fcckwand, schlagfester Acryl-Scheibe, in Grundfarbe weiss<br \/>\nsowie optional mit Sonderausstattung gem\u00e4\u00df Ihrer Bestellauswahl.<br \/>\n<strong>W\u00e4hlen Sie: schwarzes Auswahlfeld anklicken,<\/strong><br \/>\n<strong>Auswahl nach und nach in den Warenkorb packen.<\/strong><\/p>\n","protected":false},"featured_media":16532,"comment_status":"open","ping_status":"closed","template":"","meta":{"_links_to":"","_links_to_target":""},"product_cat":[1043],"product_tag":[],"class_list":{"0":"post-15436","1":"product","2":"type-product","3":"status-publish","4":"has-post-thumbnail","6":"product_cat-citmax-speisekartenkaesten-und-getraenkekarten-wandhalter-mit-werbeflaeche-h-85-mm","7":"pa_speisekartenkasten-standard-75mm-bautiefe-grundfarbe-weiss","8":"pa_speisekartenkasten-standard-75mm-bautiefe-grundfarbe-weiss-ab-3-stck-pro-stueck","9":"pa_speisekartenkasten-standard-75mm-bautiefe-grundfarbe-weiss-ab-10-stck-pro-stueck","10":"pa_speisekartenkasten-fineline-55mm-bautiefe-grundfarbe-weiss","11":"pa_speisekartenkasten-bigline-115mm-bautiefe-grundfarbe-weiss","12":"pa_speisekartenkasten-aufpreis-obige-beleuchtung-mit-led-incl-trafo","13":"pa_speisekartenkasten-aufpreis-ringsum-beleuchtung-mit-led-je-stueck","14":"pa_speisekartenkasten-aufpreis-beschriftung-4c-foliendruck-kaschiert-von-ihrer-fertigen-druckdatei","15":"pa_speisekartenkasten-aufpreis-druckdatei-erstellen-erstentwurf-von-ihrer-vorlage","16":"pa_speisekartenkasten-aufpreis-je-weiterer-entwurf-abrechnung-nach-anzahlauswahl","17":"pa_speisekartenkasten-aufpreis-lackiert-in-ral-nach-wahl-ringsum-je-stueck","18":"pa_speisekartenkasten-aufpreis-frontscheibe-in-4mm-statt-3mm-je-stueck","19":"pa_speisekartenkasten-aufpreis-magneteset-klein-je-4er-set-je-set","20":"pa_speisekartenkasten-aufpreis-magneteset-gross-je-4er-set-je-set","21":"pa_speisekartenkasten-montagepauschale-je-kasten-ohne-elt-anschluss-bis-h-150-cm-hoehe-je-stueck","22":"pa_speisekartenkasten-anfahrt-monteur-pro-km-nach-google-maps-ab-garbsen-incl-auslieferung","23":"pa_speisekartenkasten-versandkosten-bundesweit-ohne-inseln-pro-kastenstueck-incl-verpackung","25":"first","26":"instock","27":"taxable","28":"shipping-taxable","29":"purchasable","30":"product-type-variable","31":"has-default-attributes","32":"has-featured-image","33":"square"},"_links":{"self":[{"href":"https:\/\/citmax.de\/index.php?rest_route=\/wp\/v2\/product\/15436","targetHints":{"allow":["GET"]}}],"collection":[{"href":"https:\/\/citmax.de\/index.php?rest_route=\/wp\/v2\/product"}],"about":[{"href":"https:\/\/citmax.de\/index.php?rest_route=\/wp\/v2\/types\/product"}],"replies":[{"embeddable":true,"href":"https:\/\/citmax.de\/index.php?rest_route=%2Fwp%2Fv2%2Fcomments&post=15436"}],"wp:featuredmedia":[{"embeddable":true,"href":"https:\/\/citmax.de\/index.php?rest_route=\/wp\/v2\/media\/16532"}],"wp:attachment":[{"href":"https:\/\/citmax.de\/index.php?rest_route=%2Fwp%2Fv2%2Fmedia&parent=15436"}],"wp:term":[{"taxonomy":"product_cat","embeddable":true,"href":"https:\/\/citmax.de\/index.php?rest_route=%2Fwp%2Fv2%2Fproduct_cat&post=15436"},{"taxonomy":"product_tag","embeddable":true,"href":"https:\/\/citmax.de\/index.php?rest_route=%2Fwp%2Fv2%2Fproduct_tag&post=15436"}],"curies":[{"name":"wp","href":"https:\/\/api.w.org\/{rel}","templated":true}]}}