{"id":15804,"date":"2014-11-06T07:06:36","date_gmt":"2014-11-06T06:06:36","guid":{"rendered":"http:\/\/citmax.de\/?post_type=product&#038;p=15804"},"modified":"2022-03-07T14:45:35","modified_gmt":"2022-03-07T13:45:35","slug":"hubsteiger-gerueste-krane","status":"publish","type":"product","link":"https:\/\/citmax.de\/?product=hubsteiger-gerueste-krane","title":{"rendered":"P13: Rollger\u00fcste B300cm Hubsteiger 8m bis 30 m, Krane 2-5to. m. Bediener"},"content":{"rendered":"<p><strong>Die Montage zu hoch, zu schwer oder vorerst nicht m\u00f6glich?<\/strong><br \/>\nKein Problem f\u00fcr Citmax!<br \/>\nIn der Regel fehlt es einfach nur am knowhow oder dem technischen Zubeh\u00f6r um die Montagesituation richtig zu l\u00f6sen.<br \/>\nKontaktieren Sie Ihren CitmaxProfi und erfassen Sie Ihre Aufgabenstellung richtig. Sie k\u00f6nnen selber den Montageaufwand und die notwendigen Ger\u00e4tschaften einsch\u00e4tzen und bewerten oder fordern die CitmaxFachberatung an.<br \/>\nCitmax hat deutschlandweit Montageteams und CitmaxTeamleiter, die f\u00fcr die jeweilige Aufgabenstellung\u00a0die richtige Maschinen- \/ Ger\u00e4te- \/ Kran- \/ Hubsteiger-Auswahl abgeben k\u00f6nnen.<br \/>\n<strong>Oder:<\/strong><br \/>\nSie senden Citmax aussagef\u00e4higes Fotomaterial \u00fcber die Montagesituation vor Ort zu (jpg-Bilder mit DigiCam schiessen und zu mailen).<br \/>\n<strong>Oder:<\/strong><br \/>\nSie buchen unter <strong>P10<\/strong> oder <strong>P11<\/strong> Ihren CitmaxProfi\/Bauleiter, der alle notwendigen Ger\u00fcste \/ Hubsteiger \/ Krane erfasst und f\u00fcr Sie die Ausf\u00fchrung in Ihrem Sinne erledigt.<\/p>\n","protected":false},"excerpt":{"rendered":"<p>Hier erfolgt die Auswahl des richtigen Montageger\u00e4tes.<strong><br \/>\nW\u00e4hlen Sie: schwarzes Auswahlfeld anklicken,<\/strong><br \/>\n<strong>Auswahl nach und nach in den Warenkorb packen.<\/strong><\/p>\n","protected":false},"featured_media":21882,"comment_status":"open","ping_status":"closed","template":"","meta":{"_links_to":"","_links_to_target":""},"product_cat":[538],"product_tag":[],"class_list":{"0":"post-15804","1":"product","2":"type-product","3":"status-publish","4":"has-post-thumbnail","6":"product_cat-projekt-scouts-montagegeraete-krane-hubsteiger-fahrzeuge-kleinmaterial","7":"pa_hubsteiger-kran-geruestpauschale-b300cm-bis-montagehoehe-ok-bis-h-600cm-incl-aufbauabbau-ersttag15000-e","8":"pa_hubsteiger-kran-aufpreis-geruestpauschale-je-weiterer-tag","9":"pa_hubsteiger-kran-geruestpauschale-b300cm-bis-montagehoehe-ok-ueber-601-cm-dann-h-1000cm-incl-aufbauabbau-ersttag-25000-e","10":"pa_hubsteiger-kran-aufpreis-geruestpauschale-bis-h-1000-cm-je-weiterer-tag","11":"pa_hubsteiger-kran-hubsteiger-anhaengerbuehne-mini-montagehoehe-bis-8-meter-incl-holenbringen-bis-50-km-ab-division-incl-versicherung-pauschale-je-tag-29000-e","12":"pa_hubsteiger-kran-aufpreis-verlaengerungstag-hubsteiger-mini-16000-e","13":"pa_hubsteiger-kran-hubsteiger-anhaengerbuehne-medi-montagehoehe-bis-14-meter-incl-holenbringen-bis-50-km-ab-division-incl-versicherung-pauschale-je-tag-37000-e","14":"pa_hubsteiger-kran-aufpreis-verlaengerungstag-hubsteiger-medi-26000-e","15":"pa_hubsteiger-kran-hubsteiger-llkw-maxi-ohne-fahrer-montagehoehe-bis-18-meter-incl-holenbringen-bis-50-km-ab-division-incl-versicherung-pauschale-je-tag-49000-e","16":"pa_hubsteiger-kran-aufpreis-verlaengerungstag-llkw-hubsteiger-maxi-46000-e","17":"pa_hubsteiger-kran-hubsteiger-lkw-75-to-maxiplus-ohne-fahrer-montagehoehe-20-bis-max-30-meter-incl-holenbringen-bis-50-km-ab-division-incl-versicherung-pauschale-je-tag-83000-e","18":"pa_hubsteiger-kran-aufpreis-verlaengerungstag-hubsteiger-maxiplus-68000-e","19":"pa_hubsteiger-kran-aufpreis-fuer-llkw-oder-lkw-wenn-ueber-51km-dann-pro-km-fahrstrecke-250-e-km-anzahl-auswaehlen","20":"pa_hubsteiger-kran-aufpreis-hoehenzuschlaege-gefahrenzulage-ab-h-600-cm-montagehoehe-pro-kalkulierte-stunde-stundenanzahl-auswaehlen-je-3800-e","21":"pa_hubsteiger-kran-kran-mini-bis-2to-hublast-incl-bediener-kurzzeit-bis-2-std-incl-anfahrtabfahrt-bis-50km-ab-division-29000-e","22":"pa_hubsteiger-kran-kran-mini-bis-2to-hublast-incl-bediener-kurzzeit-bis-4-std-incl-anfahrtabfahrt-bis-50km-ab-division-49000-e","23":"pa_hubsteiger-kran-aufpreis-kran-mini-bis-2to-hublast-incl-bediener-wenn-einsatz-laenger-dauert-pauschal-pro-stunde-10000-e","24":"pa_hubsteiger-kran-kran-mini-bis-2to-hublast-incl-bediener-tageseinsatz-bis-8-std-incl-anfahrtabfahrt-pro-tag-85000-e","25":"pa_hubsteiger-kran-kran-medium-bis-5to-hublast-incl-bediener-kurzzeit-bis-2-std-incl-anfahrtabfahrt-bis-50km-ab-division-39000-e","26":"pa_hubsteiger-kran-kran-medium-bis-2to-hublast-incl-bediener-kurzzeit-bis-4-std-incl-anfahrtabfahrt-bis-50km-ab-division-69000-e","27":"pa_hubsteiger-kran-aufpreis-kran-medium-bis-5to-hublast-incl-bediener-wenn-einsatz-laenger-dauert-pauschal-pro-stunde-15000-e","28":"pa_hubsteiger-kran-kran-medium-bis-5to-hublast-incl-bediener-tageseinsatz-bis-8-std-incl-anfahrtabfahrt-pro-tag-1-10000-e","29":"pa_hubsteiger-kran-aufpreis-mehrkm-fuer-kran-2-05-0to-pro-km-wenn-mehr-als-51km-von-division-pro-km-400-e","30":"pa_hubsteiger-kran-tankservice-fuer-kunden-touren-fahrzeugearbeitsmaschinengeraetepromotionfahrzeuge-im-wert-von-je-2000-e-mehrfachauswahl-moeglich-bis-zur-endsumme","31":"pa_hubsteiger-kran-aufpreis-fuer-nachtarbeit-fahrer-geraetefuehrer-oder-personal-pro-kalkulierte-stunde-ab-18-uhr-je-3800-e","32":"pa_hubsteiger-kran-verbringungskosten-durch-citmaxscout-fuer-geraetemaschinen-nach-stundenaufwand-pauschal-pro-kalkulierte-stunde-4200-e","34":"first","35":"instock","36":"taxable","37":"shipping-taxable","38":"purchasable","39":"product-type-variable","40":"has-default-attributes","41":"has-featured-image","42":"portrait"},"_links":{"self":[{"href":"https:\/\/citmax.de\/index.php?rest_route=\/wp\/v2\/product\/15804","targetHints":{"allow":["GET"]}}],"collection":[{"href":"https:\/\/citmax.de\/index.php?rest_route=\/wp\/v2\/product"}],"about":[{"href":"https:\/\/citmax.de\/index.php?rest_route=\/wp\/v2\/types\/product"}],"replies":[{"embeddable":true,"href":"https:\/\/citmax.de\/index.php?rest_route=%2Fwp%2Fv2%2Fcomments&post=15804"}],"wp:featuredmedia":[{"embeddable":true,"href":"https:\/\/citmax.de\/index.php?rest_route=\/wp\/v2\/media\/21882"}],"wp:attachment":[{"href":"https:\/\/citmax.de\/index.php?rest_route=%2Fwp%2Fv2%2Fmedia&parent=15804"}],"wp:term":[{"taxonomy":"product_cat","embeddable":true,"href":"https:\/\/citmax.de\/index.php?rest_route=%2Fwp%2Fv2%2Fproduct_cat&post=15804"},{"taxonomy":"product_tag","embeddable":true,"href":"https:\/\/citmax.de\/index.php?rest_route=%2Fwp%2Fv2%2Fproduct_tag&post=15804"}],"curies":[{"name":"wp","href":"https:\/\/api.w.org\/{rel}","templated":true}]}}