{"id":15805,"date":"2014-11-06T07:07:35","date_gmt":"2014-11-06T06:07:35","guid":{"rendered":"http:\/\/citmax.de\/?post_type=product&#038;p=15805"},"modified":"2022-03-08T08:14:13","modified_gmt":"2022-03-08T07:14:13","slug":"wartung-pflege-service","status":"publish","type":"product","link":"https:\/\/citmax.de\/?product=wartung-pflege-service","title":{"rendered":"P30: Wartung &#8211; Pflege &#8211; Service &#8211; Sturmschaden &#8211; Protokollierung"},"content":{"rendered":"<p>Jede Werbeanlage sollte in regelm\u00e4ssigen Abst\u00e4nden kontrolliert, gewartet, gereinigt sowie eine optische\u00a0und technische Durchsicht erhalten.<br \/>\nZus\u00e4tzlich empfiehlt Citmax eine textliche und fotografische Protokollierung, sofern gegen\u00fcber Dritten (z.B. Versicherung, Mieter oder Verursacher) ein Nachweis des Werbeanlagenzustandes erbracht werden muss.<br \/>\nDie Anlagen Sichtung\/Protokollierung kann mit oder ohne Wartung gebucht werden, so das bei technischer Durchsicht auch sofort, ohne gesonderten Aufwand, eine behebbare Sofortreparaturen mit ausgef\u00fchrt werden kann.<br \/>\nDa jedoch jede Werbeanlage ganz unterschiedliche M\u00e4ngel haben kann, erhalten Sie f\u00fcr weitergehende\/umfangreichere Instandsetzungsma\u00dfnahmen, nach Sichtpr\u00fcfung und Protokoll, gesondert ein Angebot \u00fcber deren Ausf\u00fchrung.<br \/>\nCitmax empfiehlt die Werbeanlagenwartung alle 2 Jahre, bei Gro\u00dfanlagen ab 10qm, Sonderbauten, umfangreichen Installationen wird eine j\u00e4hrliche Wartung erheblich zur Betriebssicherheit der Werbeanlage beitragen, da M\u00e4ngel, Umwelteinfl\u00fcsse oder Besch\u00e4digungen rechtzeitig erkannt werden und so die sofortige Handlung\/Reparatur erm\u00f6glicht, bevor ein gr\u00f6\u00dferer Schaden eintritt.<br \/>\nSprechen Sie mit Ihrem Citmax-Profi \u00fcber die Wartungsoptimierung Ihrer Anlage.<\/p>\n","protected":false},"excerpt":{"rendered":"<p>Alle Preise zzgl. Anfahrtskosten \/ Lohnkosten \/ Fahrzeug \/ Reparaturmaterial sowie<br \/>\nggf. Ger\u00fcst\/Steighilfe\/Hubsteiger zzgl. Sonderkosten f\u00fcr Ausf\u00fchrung.<strong><br \/>\nW\u00e4hlen Sie: schwarzes Auswahlfeld anklicken,<\/strong><br \/>\n<strong>Auswahl nach und nach in den Warenkorb packen.<\/strong><\/p>\n","protected":false},"featured_media":21889,"comment_status":"open","ping_status":"closed","template":"","meta":{"_links_to":"","_links_to_target":""},"product_cat":[59,948],"product_tag":[],"class_list":{"0":"post-15805","1":"product","2":"type-product","3":"status-publish","4":"has-post-thumbnail","6":"product_cat-projektierung-planung-entwurf-zubehoer-montage","7":"product_cat-projekt-service-wartung-pflege-logofoto-sonstiges","8":"pa_p30-wartung-pflege-reinigung-der-werbeanlage-bis-1qm-von-aussen-abwaschen-mit-prilwasser-nachwaschen-bis-h-uk-250-cm-zzgl-anfahrtzzgl-ggf-geruest-steigehilfe-je-anlage-2900-e","9":"pa_p30-wartung-pflege-reinigung-der-werbeanlage-101bis-30-qm-von-aussen-abwaschen-mit-prilwasser-nachwaschen-bis-h-uk-250-cm-zzgl-anfahrtzzgl-ggf-geruest-steigehilfe-je-anlage-3900-e","10":"pa_p30-wartung-pflege-reinigung-der-werbeanlage-ueber-301-qm-von-aussen-abwaschen-mit-prilwasser-nachwaschen-bis-h-uk-250-cm-zzgl-anfahrtzzgl-ggf-geruest-steigehilfe-pro-angefangene-qm-1400-e","11":"pa_p30-wartung-pflege-aufpreis-reinigung-der-werbeanlage-von-innen-anlage-oeffnen-bis-1-qm-abwaschen-mit-prilwasser-nachwaschen-je-anlage-4900-e","12":"pa_p30-wartung-pflege-aufpreis-reinigung-der-werbeanlage-von-innen-anlage-oeffnen-101-bis-30-qm-abwaschen-mit-prilwasser-nachwaschen-je-anlage-12200-e","13":"pa_p30-wartung-pflege-aufpreis-reinigung-der-werbeanlage-von-innen-anlage-oeffnen-ab-31-qm-abwaschen-mit-prilwasser-nachwaschen-pro-angefangene-qm-3900-e","14":"pa_p30-wartung-pflege-werbeanlagenwartung-sichtkontrolle-kleine-sofortrep-fotoprotokoll-gr-schaeden-dokumentation-befestigungspruefung-bis-10qm-je-4500-e-zzgl-anfahrt","15":"pa_p30-wartung-pflege-werbeanlagenwartung-sichtkontrolle-kleine-sofortrep-fotoprotokoll-gr-schaeden-dokumentation-befestigungspruefung-101-bis-31qm-je-6800-e-zzgl-anfahrt","16":"pa_p30-wartung-pflege-werbeanlagenwartung-sichtkontrolle-kleine-sofortrep-fotoprotokoll-gr-schaeden-dokumentation-befestigungspruefung-31-qm-bis-100qm-je-14500-e-zzgl-anfahrt","17":"pa_p30-wartung-pflege-werbeanlagenwartung-sichtkontrolle-kleine-sofortrep-fotoprotokoll-gr-schaeden-dokumentation-befestigungspruefung-100-qm-bis-200qm-je-19500-e-zzgl-anfahrtgerueststeiger-etc","18":"pa_p30-wartung-pflege-werbeanlagenwartung-sichtkontrolle-kleine-sofortrep-fotoprotokoll-gr-schaeden-dokumentation-befestigungspruefung-ab-201-qm-je-qm-1200-e-zzgl-anfahrtgerueststeiger-etc","19":"pa_p30-wartung-pflege-protokollerstellung-fuer-service-wartungsintervalle-mit-fotodokumentation-je-a4-script-12500-e","21":"first","22":"instock","23":"taxable","24":"shipping-taxable","25":"purchasable","26":"product-type-variable","27":"has-default-attributes","28":"has-featured-image","29":"portrait"},"_links":{"self":[{"href":"https:\/\/citmax.de\/index.php?rest_route=\/wp\/v2\/product\/15805","targetHints":{"allow":["GET"]}}],"collection":[{"href":"https:\/\/citmax.de\/index.php?rest_route=\/wp\/v2\/product"}],"about":[{"href":"https:\/\/citmax.de\/index.php?rest_route=\/wp\/v2\/types\/product"}],"replies":[{"embeddable":true,"href":"https:\/\/citmax.de\/index.php?rest_route=%2Fwp%2Fv2%2Fcomments&post=15805"}],"wp:featuredmedia":[{"embeddable":true,"href":"https:\/\/citmax.de\/index.php?rest_route=\/wp\/v2\/media\/21889"}],"wp:attachment":[{"href":"https:\/\/citmax.de\/index.php?rest_route=%2Fwp%2Fv2%2Fmedia&parent=15805"}],"wp:term":[{"taxonomy":"product_cat","embeddable":true,"href":"https:\/\/citmax.de\/index.php?rest_route=%2Fwp%2Fv2%2Fproduct_cat&post=15805"},{"taxonomy":"product_tag","embeddable":true,"href":"https:\/\/citmax.de\/index.php?rest_route=%2Fwp%2Fv2%2Fproduct_tag&post=15805"}],"curies":[{"name":"wp","href":"https:\/\/api.w.org\/{rel}","templated":true}]}}