{"id":15973,"date":"2014-11-08T06:24:36","date_gmt":"2014-11-08T05:24:36","guid":{"rendered":"http:\/\/citmax.de\/?product=werberolly-standard-b350xh250cm"},"modified":"2019-11-27T10:36:32","modified_gmt":"2019-11-27T09:36:32","slug":"werberolly-standard-b350xh250cm","status":"publish","type":"product","link":"https:\/\/citmax.de\/?product=werberolly-standard-b350xh250cm","title":{"rendered":"WerbeRolly Standard B350xH250cm"},"content":{"rendered":"<p>Citmax bietet diverse WerbeRolly-Modelle\u00a0mit spezieller Werbefl\u00e4chenkonstruktion, die leicht rollbar sind und sich hervorragend f\u00fcr Blickfangwerbung in Innenst\u00e4dte oder zum Abstellen auf Wiesen und \u00c4ckern eignen.<br \/>\n<strong>Citmax-WerbeRollys sind aktive Werbetr\u00e4ger<\/strong> und eignen sich sowohl f\u00fcr Kurzzeitaktionen zum Rollen bei Promotionaktionen, zum Abstellen als Werbefl\u00e4che, mit und ohne Prormotionpersonal, wie z.B. auf Veranstaltungen, Messen, Events oder auch f\u00fcr langfristige Blickfangwerbung, wo die Rollys einfach abgestellt werden.<br \/>\nDie RollyModelle haben keine Haftpflichtversicherung und keine StrassenZulassung und sollten dort eingesetzt werden, wo kein \u00f6ffentlicher Verkehr stattfindet oder vom Promotor eine verl\u00e4ssliche Betreuung erfolgt.<br \/>\nAuf Wiesen und \u00c4ckern, auf speziellen freien Parkfl\u00e4chen auf Veranstaltungsgel\u00e4nde oder auf privaten oder gewerblichen Grundst\u00fccken, ob mit oder ohne Genehmigung &#8211; je nach Standortsituation,<br \/>\nkann unser Citmax-WerbeRolly leicht plaziert werden.<br \/>\nOb zur Neuer\u00f6ffnung, zur Produkteinf\u00fchrung, zur allgemeinen Verkaufsunterst\u00fctzung oder einfach nur zur Imagewerbung,&#8230;<br \/>\nCitmax-WerbeRollys sind eine hervorragende Unterst\u00fctzung,<br \/>\num Ihre Werbebotschaften an Ihre Zielgruppe zu transportieren.<\/p>\n<p><strong>Der Rolly-MIKRO ist ein 1-Achs-Roller<\/strong> ist mit beidseitiger Werbefl\u00e4che von B200 x H100 cm, l\u00e4sst sich von nur einer Promotionperson leicht durch die City schieben. Ist selbststehend und ist perfekt f\u00fcr die mobile Promotion. Er kann wie ein Fahrrad angeschlossen werden und als rollbares Werbeschild, welches beidseitig bedruckbar ist, f\u00fcr erstaunliche Aufmerksamkeit sorgen!<\/p>\n<p><strong>Der RollyMini ist ein 2-Achs-Roller<\/strong>, die B300 x H 200cm gro\u00dfe rollbare Variante und sollte von 2 Promotoren bewegt werden. Selbststehend, leicht rollbar und anschliessbar ist er die perfekte mobile Riesen-Werbewand f\u00fcr den flexibelen Werbeeinsatz.<\/p>\n<p><strong>Der RollySTANDARD <\/strong>ist aufgebaut wie ein 1-achsiger Werbeanh\u00e4nger im Format B350 x H250 cm, jedoch ohne Strassenzulassung und ohne Haftpflichtversicherung. Er eignet sich hervorragend f\u00fcr den Werbeeinsatz auf Wiese und Acker, der Nahe von befahrenen Strassen dauerhaft f\u00fcr Sie wirbt.<\/p>\n<p><strong>Der RollyBIG<\/strong> mit B700 x H 350 cm<strong>\u00a0<\/strong>ist aufgebaut wie ein 2-achsiger Werbeanh\u00e4nger, jedoch ohne Strassenzulassung und ohne Haftpflichtversicherung. Durch seine wirklich gro\u00dfe Werbefl\u00e4che eignet er sich bestens f\u00fcr den Werbeeinsatz auf Wiese und Acker, die eine Fernwirkung erforderlich machen (z.B. Bundesstrassen \/ Autobahnen&#8230;).<\/p>\n<p>Sie entscheiden \u00fcber die Plazierung Ihrer Action-Werbung! Denn Citmax-Werbefahrzeuge sind\u00a0flexibel und beweglich und k\u00f6nnen problemlos<br \/>\nauch mal versetzt werden.<br \/>\nDie \u00f6rtlichen Gegebenheiten entscheiden wie und wo Sie am Besten werben.<\/p>\n<p>Auch mehrere RollyModelle k\u00f6nnen gleichzeitig f\u00fcr Promotionaktionen bereit gestellt werden.\u00a0Auf Wunsch stellen wir Promotionpersonal, verkleiden die Aufbauten mit auffallenden Werbe- Ballons oder Individualdekorationen. Ihren\u00a0Deko- oder Ausf\u00fchrungsidee setzen wir keine Grenzen!<\/p>\n<p><strong>Wir erweitern st\u00e4ndig unseren mobilen Werbefl\u00e4chen-Fuhrpark und r\u00fcsten auch um, und passen uns Ihren Promotionanfragen und Ihren Werbebed\u00fcrfnissen an!<\/strong><br \/>\n<strong><\/strong><\/p>\n<p><strong>Mit den citmax-WerbeRollys heben Sie sich deutlich vom Mitbewerb ab!<\/strong><\/p>\n<p>Sie sind Werbeagentur? Dann stellen Sie uns einfach eine fertige Druckdatei.<br \/>\nSie sind gewerblicher Kunde? Dann bieten wir Ihnen unseren Druck-Datei-Erstellungs-Service an.<\/p>\n<p>Sie k\u00f6nnen unseren BeschriftungsService gleich mit nutzen, denn wir drucken, kaschieren und Beschriften termingerecht, schnell und g\u00fcnstig.<br \/>\nDie Bannerfl\u00e4chen werden aus Spezialgewebe hergestellt, die bis 4c bedruckt und auf die Werbefl\u00e4chen von uns montiert werden.<br \/>\n<strong>Der Vorteil ist,<\/strong> das Sie nach Veranstaltungsende Ihre Werbeplanen mit nehmen, anderweitig verwenden oder aber f\u00fcr die n\u00e4chste Werbeaktion aufheben k\u00f6nnen. F\u00fcr die n\u00e4chste Werbeaktion den WerbeRolly mieten, damit bespannen und schon kann Ihre n\u00e4chste Werbeaktion starten!<\/p>\n<p><strong>Optional<\/strong> haben wir f\u00fcr die WerbeRollys auch blanko Holztafel-Werbefl\u00e4chen, auf denen es m\u00f6glich ist, Ihre gestellten, herk\u00f6mmlichen Plakate zu kaschieren oder Sonderdekorationen zu befestigen.<br \/>\nWerbebotschaften k\u00f6nnen flexibel, schnell, einfach, preiswert, auff\u00e4llig und vor allem individuell je nach Aktion oder Standort angepasst werden.<br \/>\nAuch alle Sonderformate sind m\u00f6glich!<\/p>\n<p>Ab Auftragsfreigabe\/ Druck-Daten\u00fcbermittlung\u00a0ben\u00f6tigen wir ca. 4 -6 Tage Vorlauf<br \/>\nden Anh\u00e4nger herzurichten und\u00a0f\u00fcr die Herstellung der Werbebanner.<br \/>\n<strong>Die ben\u00f6tigten Druckvorlagen<\/strong> senden Sie uns bitte passend zum jeweiliegn Anh\u00e4ngerformat im Ma\u00dfstab 1:10 als hochaufl\u00f6sende .jpg-Datei oder als Druck-pdf., stets Schriften zu Pfade\/Kurven gewandelt.<\/p>\n<p><strong>F\u00fcr die Mietdauer sind Sie der Rolly-Nutzer.<\/strong><br \/>\nBei manchen St\u00e4dten sind Genehmigungen notwendig. Hier entscheidet die<br \/>\nWerbedauer und der Aufstellort, deren Bedingungen Sie einsch\u00e4tzen sollten.<br \/>\nVielerorts k\u00f6nnen unsere Rollys problemlos plaziert werden.<\/p>\n","protected":false},"excerpt":{"rendered":"<p><strong>Stellen Sie sich Ihren Citmax-WerbeRolly selbst zusammen.<br \/>\n<\/strong>Auswahl nach und nach in den Warenkorb packen.<br \/>\nAuslieferungsKM und R\u00fcckholKM mit googleMaps ermitteln<br \/>\nund KM-Anzahl\u00a0eintragen. Auslieferung stets ab Garbsen.<\/p>\n<p><strong>W\u00e4hlen Sie: schwarzes Auswahlfeld anklicken,<\/strong><br \/>\n<strong>Auswahl nach und nach in den Warenkorb packen.<\/strong><\/p>\n","protected":false},"featured_media":16558,"comment_status":"open","ping_status":"closed","template":"","meta":{"_links_to":"","_links_to_target":""},"product_cat":[490,529],"product_tag":[],"class_list":{"0":"post-15973","1":"product","2":"type-product","3":"status-publish","4":"has-post-thumbnail","6":"product_cat-citmax-werbeanhaenger-mieten-und-kaufen-von-rentme","7":"product_cat-werbeanhaenger-nur-fuer-wieseacker","8":"pa_werbeanhaenger-miete-bis-2-wochen-pauschal-2","9":"pa_werbeanhaenger-miete-verlaengerungswoche-je-woche","10":"pa_werbeanhaenger-miete-ab-2ten-monat-pro-monat-pauschal-2","11":"pa_werbeanhaenger-miete-ab-6ten-monat-pro-monat-pauschal-2","12":"pa_werbeanhaenger-miete-ab-12ten-monat-pro-monat-pauschal-2","13":"pa_werbeanhaenger-entwurfspauschale-bis-2-std-incl-tel-beratung-und-mailentwurf","14":"pa_werbeanhaenger-werbeplanenset-linksrechts-4c-gedruckt-von-ihrer-druckdatei","15":"pa_werbeanhaenger-aufziehen-werbeplanenset-montage-der-werbeplanen","16":"pa_werbeanhaenger-anlieferung-werbeanh-pro-km-nach-google-maps-ab-divisions-standort","17":"pa_werbeanhaenger-rueckholung-werbeanh-pro-km-nach-google-maps-ab-divisions-standort","18":"pa_werbeanhaenger-kauf-werberolly-gebraucht-ca-5-bis-8-jahre-ohne-werbung","19":"pa_werbeanhaenger-kauf-werberolly-gebraucht-ab-9-jahre-ohne-werbung","20":"pa_werbeanhaenger-kauf-werberolly-einzeln-neu-ohne-werbung","21":"pa_werbeanhaenger-kauf-werberolly-ab-3-st-sonderpreis-neu-ohne-werbung","22":"pa_werbeanhaenger-kauf-pfeiladapter-einseitig-ansteckbar","23":"pa_werbeanhaenger-kauf-pfeiladapter-beidseitig-ansteckbar","24":"pa_werbeanhaenger-kauf-holzbeplankung-f-plakatkaschierung-1-seitig","25":"pa_werbeanhaenger-kauf-holzbeplankung-f-plakatkaschierung-2-seitig","26":"pa_werbeanhaenger-miete-pfeiladapter-einseitig-ansteckbar-einmalig-pauschal-pro-mietzeit","27":"pa_werbeanhaenger-miete-pfeiladapter-beidseitig-ansteckbar-einmalig-pauschal-pro-mietzeit","28":"pa_werbeanhaenger-miete-holzbeplankung-f-plakatkaschierung-1-seitig-einmalig-pauschal-pro-mietzeit","29":"pa_werbeanhaenger-miete-holzbeplankung-f-plakatkaschierung-2-seitig-einmalig-pauschal-pro-mietzeit","31":"first","32":"instock","33":"taxable","34":"shipping-taxable","35":"purchasable","36":"product-type-variable","37":"has-default-attributes","38":"has-featured-image","39":"portrait"},"_links":{"self":[{"href":"https:\/\/citmax.de\/index.php?rest_route=\/wp\/v2\/product\/15973","targetHints":{"allow":["GET"]}}],"collection":[{"href":"https:\/\/citmax.de\/index.php?rest_route=\/wp\/v2\/product"}],"about":[{"href":"https:\/\/citmax.de\/index.php?rest_route=\/wp\/v2\/types\/product"}],"replies":[{"embeddable":true,"href":"https:\/\/citmax.de\/index.php?rest_route=%2Fwp%2Fv2%2Fcomments&post=15973"}],"wp:featuredmedia":[{"embeddable":true,"href":"https:\/\/citmax.de\/index.php?rest_route=\/wp\/v2\/media\/16558"}],"wp:attachment":[{"href":"https:\/\/citmax.de\/index.php?rest_route=%2Fwp%2Fv2%2Fmedia&parent=15973"}],"wp:term":[{"taxonomy":"product_cat","embeddable":true,"href":"https:\/\/citmax.de\/index.php?rest_route=%2Fwp%2Fv2%2Fproduct_cat&post=15973"},{"taxonomy":"product_tag","embeddable":true,"href":"https:\/\/citmax.de\/index.php?rest_route=%2Fwp%2Fv2%2Fproduct_tag&post=15973"}],"curies":[{"name":"wp","href":"https:\/\/api.w.org\/{rel}","templated":true}]}}