{"id":17250,"date":"2015-03-09T13:37:47","date_gmt":"2015-03-09T12:37:47","guid":{"rendered":"http:\/\/citmax.de\/?post_type=product&#038;p=17250"},"modified":"2022-03-07T14:12:37","modified_gmt":"2022-03-07T13:12:37","slug":"p21-elektroservice-elektroanschluss-von-werbeanlagen","status":"publish","type":"product","link":"https:\/\/citmax.de\/?product=p21-elektroservice-elektroanschluss-von-werbeanlagen","title":{"rendered":"P21: Elektroservice, Elektro-Anschl. von Werbeanlagen"},"content":{"rendered":"<p>Leuchtwerbung, Lampen, Strahler u.s.w. ben\u00f6tigen zum Anschluss meist eine Stromzuleitung.<br \/>\nEntweder ist diese schon mit ausreichender Dimensionierung an der richtigen Stelle vor Ort, oder es muss erst noch ein entsprechendes Elt.-Kabel vor Ort verlegt werden. Alle Vorarbeiten werden nach Wunsch betriebsbereit durchgef\u00fchrt, incl. das Anschliessen durch einen erfahren Elektromeister.<br \/>\nBauseits ist daf\u00fcr vor Or eine ausreichend abgesicherte Elt-Zuleitung zur Verf\u00fcgung zu stellen,\u00a0oder Citmax pr\u00fcft und f\u00fchrt die notwendige Installationen nach Aufwand durch. Zur Optimierung k\u00f6nnen die Lichtwerbeanlagen z.B. mit Bewegungsmelder, D\u00e4mmerungsschalter und\/oder Zeitschaltuhr gesteuert werden, das senkt die Betriebskosten.<br \/>\nSprechen Sie mit Ihrem Citmax-Profi und optimieren Sie Ihre Werbeanlage.<\/p>\n<p>&nbsp;<\/p>\n","protected":false},"excerpt":{"rendered":"<p>Elektrodienstleistung nach Auswahl. Kleimaterial und Sonderleistung nach Aufwand.<strong><br \/>\nW\u00e4hlen Sie: schwarzes Auswahlfeld anklicken,<\/strong><br \/>\n<strong>Auswahl nach und nach in den Warenkorb packen.<\/strong><\/p>\n","protected":false},"featured_media":21884,"comment_status":"closed","ping_status":"closed","template":"","meta":{"_links_to":"","_links_to_target":""},"product_cat":[59,653],"product_tag":[],"class_list":{"0":"post-17250","1":"product","2":"type-product","3":"status-publish","4":"has-post-thumbnail","6":"product_cat-projektierung-planung-entwurf-zubehoer-montage","7":"product_cat-projekthilfsmittel-strahler-elt-anschluss-montagezusatzkosten-verpackung-versand","8":"pa_p21-elektroservice-strahler-bewegungsmelder-daemmerungsschalter-zeitschaltuhr-montage-kabel-anschliessen-je-bauteil-2500-e","9":"pa_p21-elektroservice-werbeanlage-anschliessen-an-bauseits-gestellte-elt-zuleitung-pauschal-6000-e","10":"pa_p21-elektroservice-elt-anschluss-herstellen-mit-elektromeister-an-bauseitige-abgesicherte-elt-zuleitung-pauschal-9500-e","11":"pa_p21-elektroservice-elt-anschlusskontrolle-1-bei-kleinanlagen-durch-zertif-elektromeister-pauschal-12200-e","12":"pa_p21-elektroservice-elt-anschlusskontrolle-2-bei-mittleren-werbeanlagen-durch-zertif-elektromeister-pauschal-19500-e","13":"pa_p21-elektroservice-elt-kabelverlegung-graues-nym-kabel-fuer-innenanschluss-3-x-15qmm-lose-verlegt-kabelbinder-fixiert-per-lfdm-1100-e","14":"pa_p21-elektroservice-aufpreis-nym-in-25qmm-per-lfdm-120-e","15":"pa_p21-elektroservice-elt-kabelverlegung-schwarzes-erdkabel-fuer-aussenanschluss-3-x-15qmm-lose-ins-erdreich-in-vorbereiteten-graben-incl-warnband-per-lfdm","16":"pa_p21-elektroservice-aufpreis-schwarzes-erdkabel-in-25qmm-per-lfdm-190-e","17":"pa_p21-elektroservice-aufpreis-kabelkanal-bis-20x20mmleerrohrschutzschlauch-fertig-montiert-ohne-kabel-per-lfdm-600-e","18":"pa_p21-elektroservice-bewegungsmelder-besorgen-auspacken-montieren-anschliessen-im-zusammenhang-mit-hauptjob-6800-e","19":"pa_p21-elektroservice-daemmerungsschalter-besorgen-auspacken-montieren-anschliessen-im-zusammenhang-mit-hauptjob-9100-e","20":"pa_p21-elektroservice-zeitschaltuhr-besorgen-auspacken-montieren-anschliessen-im-zusammenhang-mit-hauptjob-8400-e","22":"first","23":"instock","24":"taxable","25":"shipping-taxable","26":"purchasable","27":"product-type-variable","28":"has-default-attributes","29":"has-featured-image","30":"portrait"},"_links":{"self":[{"href":"https:\/\/citmax.de\/index.php?rest_route=\/wp\/v2\/product\/17250","targetHints":{"allow":["GET"]}}],"collection":[{"href":"https:\/\/citmax.de\/index.php?rest_route=\/wp\/v2\/product"}],"about":[{"href":"https:\/\/citmax.de\/index.php?rest_route=\/wp\/v2\/types\/product"}],"replies":[{"embeddable":true,"href":"https:\/\/citmax.de\/index.php?rest_route=%2Fwp%2Fv2%2Fcomments&post=17250"}],"wp:featuredmedia":[{"embeddable":true,"href":"https:\/\/citmax.de\/index.php?rest_route=\/wp\/v2\/media\/21884"}],"wp:attachment":[{"href":"https:\/\/citmax.de\/index.php?rest_route=%2Fwp%2Fv2%2Fmedia&parent=17250"}],"wp:term":[{"taxonomy":"product_cat","embeddable":true,"href":"https:\/\/citmax.de\/index.php?rest_route=%2Fwp%2Fv2%2Fproduct_cat&post=17250"},{"taxonomy":"product_tag","embeddable":true,"href":"https:\/\/citmax.de\/index.php?rest_route=%2Fwp%2Fv2%2Fproduct_tag&post=17250"}],"curies":[{"name":"wp","href":"https:\/\/api.w.org\/{rel}","templated":true}]}}