{"id":17348,"date":"2015-03-09T14:04:28","date_gmt":"2015-03-09T13:04:28","guid":{"rendered":"http:\/\/citmax.de\/?post_type=product&#038;p=17348"},"modified":"2022-03-07T15:37:54","modified_gmt":"2022-03-07T14:37:54","slug":"p17-hilfe-scout-und-support","status":"publish","type":"product","link":"https:\/\/citmax.de\/?product=p17-hilfe-scout-und-support","title":{"rendered":"P11: Fachberatung, GuerilliaMarketing, Support, Stellplatz-Profi, WorkShop"},"content":{"rendered":"<p><strong>Creativ-Beratung, Ideen und vision\u00e4re Marketingstrategien k\u00f6nnen Ihr unternehmerisches Handel erheblich steigern!<\/strong><br \/>\nManchmal ist es notwendig, die richtige Inspiration von Extern zu erhalten.<br \/>\nDabei versteht sich Ihre CitmaxDivision mit dem jeweiligen ExpertenTeam als Partner und Ideenlieferant. \u00a0Modernes Marketing- und Netzwerk-knowhow kann nur kreativ, innovativ und wirkungsvoll sein, wenn es zugelassen wird, konstruktiv Konzeptioniert und alle Teamplayer bereit sind, manchmal auch die herk\u00f6mmlichen Wege zu verlassen.<br \/>\n<strong>Telefon-Support<\/strong><br \/>\nkann in g\u00fcnstigen 30min. und 60 min. Takt direkt gebucht werden,\u00a0damit Sie die intensive Citmax-Betreuung mit geringen Erstaufwand sofort erhalten k\u00f6nnen.<br \/>\nDanach oder zus\u00e4tzlich erhalten Sie die<br \/>\n<strong>Fachberatung BASIC<\/strong><br \/>\ninnerhalb der Division um Ihr spezielles Projekt zu erfassen und aufzunehmen.<br \/>\n<strong>Fachberatung PREMIUM<br \/>\n<\/strong>findet bei Ihnen VorOrt statt. Buchen Sie einfach online Ihre Fachberatung.<br \/>\n<strong>Der intensive Work-Shop PREMIUM<br \/>\n<\/strong>wird mit erfahrenen Business-Profis deutschlandweit durchgef\u00fchrt\u00a0und geht halbtags oder ganzt\u00e4gig mit Protokoll, strukturiert und zielgef\u00fchrt, an Ihre Aufgabenstellung heran.<br \/>\nSuchen Sie f\u00fcr Ihre Werbekampagne Werbefl\u00e4chen, oder f\u00fcr Citmax-Werbeanh\u00e4nger\u00a0Stellpl\u00e4tze,\u00a0der<br \/>\n<strong>CitmaxStellplatzProfi<br \/>\n<\/strong>generiert Stellpl\u00e4tze in ganz Deutschland, auch in Ihrer Region.<br \/>\n<strong>GuerilliaMarketing Aktionen<\/strong><br \/>\nsollen in erster Linie \u00fcberraschen, innovativ, un\u00fcbersehbar und schnell sein und k\u00f6nnen \u00fcberfallartig\u00a0direkt am Markt oder point of sale plaziert werden.<br \/>\nKontaktieren Sie Ihre CitmaxDivision \/ Ihren CitmaxProfi und buchen Sie hier knowhow und kreative Inspiration die nachhaltig Ihre Unternehmung unterst\u00fctzt.<\/p>\n","protected":false},"excerpt":{"rendered":"<p>Dienstleistung, Fachberatung\/WorkShop-Marketing, GuerilliaMarketing und<br \/>\nStellplatzProfi. Sie buchen wie folgt:<strong><br \/>\nW\u00e4hlen Sie: schwarzes Auswahlfeld anklicken,<\/strong><br \/>\n<strong>Auswahl nach und nach in den Warenkorb packen.<\/strong><\/p>\n","protected":false},"featured_media":24282,"comment_status":"closed","ping_status":"closed","template":"","meta":{"_links_to":"","_links_to_target":""},"product_cat":[59,538],"product_tag":[],"class_list":{"0":"post-17348","1":"product","2":"type-product","3":"status-publish","4":"has-post-thumbnail","6":"product_cat-projektierung-planung-entwurf-zubehoer-montage","7":"product_cat-projekt-scouts-montagegeraete-krane-hubsteiger-fahrzeuge-kleinmaterial","8":"pa_p11-fachberatungbasic-scout-fachberatung-fix-in-division-ohne-anfahrt-bis-zu-30min-pauschal-spontan-oder-mit-terminvereinbarung-zahlung-auch-in-bar-vor-ort-moeglich","9":"pa_p11-fachberatungbasic-scout-fachberatung-basic-incl-beratungsleistung-fuer-ihr-projekt-in-division-ohne-anfahrt-bis-60-min-pauschal-7500-e","10":"pa_p11-fachberatungbasic-scout-fachberatung-basic-incl-beratungsleistung-fuer-ihr-projekt-in-division-ohne-anfahrt-bis-120-min-pauschal-14000-e","11":"pa_p11-fachberatungbasic-scout-telefon-support-qualifizierte-fachberatung-telefonat-nach-vereinbarung-6-zeittakte-a-5-minuten-30-min-4500-e","12":"pa_p11-fachberatungbasic-scout-telefon-support-qualifizierte-fachberatung-telefonat-nach-vereinbarung-12-zeittakte-a-5-minuten-60-min-8500-e","13":"pa_p11-fachberatungbasic-scout-fachberatung-premium-mit-anfahrt-bis-30km-von-division-incl-rueckfahrt-incl-15-min-beratung-vor-ort-pauschal-7500-e","14":"pa_p11-fachberatungbasic-scout-fachberatung-premium-mit-anfahrt-bis-30km-von-division-incl-rueckfahrt-incl-60-min-beratung-vor-ort-pauschal-11000-e","15":"pa_p11-fachberatungbasic-scout-fachberatung-premium-mit-anfahrt-bis-30km-von-division-incl-rueckfahrt-incl-120-min-beratung-vor-ort-pauschal-15000-e","16":"pa_p11-fachberatungbasic-scout-workshop-premium-konzeptionberatung-inhouse-in-divsion-4-std-mit-ergebnis-protokoll-kurzscript-nach-termin-60000-e","17":"pa_p11-fachberatungbasic-scout-workshop-premium-plus-konzeptionberatung-inhouse-in-divsion-1-tag-2-x-4-std-mit-ergebnis-protokoll-kurzscript-nach-termin-90000-e","18":"pa_p11-fachberatungbasic-scout-business-scout-mit-qualifizierte-fachberatung-all-in-zum-tagessatz-buchbar-bis-30km-von-division-incl-konzept-ergebnisscript-bis-3-a4-seiten-pauschal-95000-e","19":"pa_p11-fachberatungbasic-scout-aufpreis-je-anfahrt-31-bis-100km-ab-division-pauschal-6500-e","20":"pa_p11-fachberatungbasic-scout-aufpreis-je-anfahrt-ab-101km-ab-division-nach-google-maps-je-mehr-km-je-125-e","21":"pa_p11-fachberatungbasic-scout-stellplatzscout-fuer-standplatzsuche-sofort-mit-anhaenger-bis-2-wochen-pauschale-fuer-1-werbeanhaenger-bis-100km-von-division-pauschal-25000-e","22":"pa_p11-fachberatungbasic-scout-stellplatzscout-fuer-standplatzsuche-sofort-fuer-je-weitere-werbeanhaenger-bis-100km-von-division-pauschal-19000-e","23":"pa_p11-fachberatungbasic-scout-stellplatzscout-fuer-vorab-standplatzsuche-fuer-werbefahrzeugeanhaenger-oder-werbeflaechenplazierung-bis-4-std-bis-50km-umkreis-um-division-pauschal-25000-e","24":"pa_p11-fachberatungbasic-scout-stellplatzscout-fuer-vorab-standplatzsuche-fuer-werbefahrzeugeanhaenger-oder-werbeflaechenplazierung-bis-8-std-bis-100km-umkreis-um-division-pauschal-49000-e","25":"pa_p11-fachberatungbasic-scout-aufpreis-km-pauschale-fuer-stellplatz-suche-sofort-oder-vorab-ab-101-km-pro-tatsaechlich-gefahrenen-km-hin-und-zurueck-je-km145-e","26":"pa_p11-fachberatungbasic-scout-aufpreis-stellplatz-protokoll-mit-karteexcel-liste-mit-standortangabe-a4-script-mit-mail-an-kunde-pauschal-16000-e","27":"pa_p11-fachberatungbasic-scout-werbeflaechenplazierung-guerillia-marketing-bis-4-std-29000-e-zzgl-werbematerialwerbeanhaenger-etc","28":"pa_p11-fachberatungbasic-scout-werbeflaechenplazierung-guerillia-marketing-bis-8-std-55000-e-zzgl-werbematerialwerbeanhaenger-etc","30":"first","31":"instock","32":"taxable","33":"shipping-taxable","34":"purchasable","35":"product-type-variable","36":"has-default-attributes","37":"has-featured-image","38":"portrait"},"_links":{"self":[{"href":"https:\/\/citmax.de\/index.php?rest_route=\/wp\/v2\/product\/17348","targetHints":{"allow":["GET"]}}],"collection":[{"href":"https:\/\/citmax.de\/index.php?rest_route=\/wp\/v2\/product"}],"about":[{"href":"https:\/\/citmax.de\/index.php?rest_route=\/wp\/v2\/types\/product"}],"replies":[{"embeddable":true,"href":"https:\/\/citmax.de\/index.php?rest_route=%2Fwp%2Fv2%2Fcomments&post=17348"}],"wp:featuredmedia":[{"embeddable":true,"href":"https:\/\/citmax.de\/index.php?rest_route=\/wp\/v2\/media\/24282"}],"wp:attachment":[{"href":"https:\/\/citmax.de\/index.php?rest_route=%2Fwp%2Fv2%2Fmedia&parent=17348"}],"wp:term":[{"taxonomy":"product_cat","embeddable":true,"href":"https:\/\/citmax.de\/index.php?rest_route=%2Fwp%2Fv2%2Fproduct_cat&post=17348"},{"taxonomy":"product_tag","embeddable":true,"href":"https:\/\/citmax.de\/index.php?rest_route=%2Fwp%2Fv2%2Fproduct_tag&post=17348"}],"curies":[{"name":"wp","href":"https:\/\/api.w.org\/{rel}","templated":true}]}}