{"id":17370,"date":"2015-03-09T14:09:37","date_gmt":"2015-03-09T13:09:37","guid":{"rendered":"http:\/\/citmax.de\/?post_type=product&#038;p=17370"},"modified":"2022-03-08T08:16:14","modified_gmt":"2022-03-08T07:16:14","slug":"p33-analyse-der-gegebenheitprotokollierung","status":"publish","type":"product","link":"https:\/\/citmax.de\/?product=p33-analyse-der-gegebenheitprotokollierung","title":{"rendered":"P33: Analyse der Situation, Gegebenheit\/Protokollierung &#8211; Scripte\/Texterstellung"},"content":{"rendered":"<p>Citmax ist Ihr Controller und Ihre Interessenvertretung an Ihrer Seite und erfasst, analysiert, dokumentiert und protokolliert die unterschiedlichsten Projektvorg\u00e4nge um Sie zu Ihrem Ziel weiter zu bringen.<br \/>\nGem\u00e4\u00df Briefing und Kunden\/zielorientierter Ausrichtung werden Scripte erstellt und Textpassagen verfasst um alle relevanten und anfallenden Vorg\u00e4nge in Ihrem Sinne zu erfassen und zu dokumentieren.<br \/>\nSie briefen Citmax und Ihr Citmax-BusinessProfi begleitet und betreut Sie und erg\u00e4nzt alle Vorg\u00e4nge die zuvor erfasst und zur Zielerreichung gew\u00fcnscht werden.<\/p>\n","protected":false},"excerpt":{"rendered":"<p>Alle Preise zzgl. Anfahrtskosten \/ Lohnkosten f\u00fcr Regie und Projektierung<br \/>\nsowie ggf. Fahrzeug- und Materialkosten.<strong><br \/>\nW\u00e4hlen Sie: schwarzes Auswahlfeld anklicken,<\/strong><br \/>\n<strong>Auswahl nach und nach in den Warenkorb packen.<\/strong><\/p>\n","protected":false},"featured_media":21892,"comment_status":"closed","ping_status":"closed","template":"","meta":{"_links_to":"","_links_to_target":""},"product_cat":[59,948],"product_tag":[],"class_list":{"0":"post-17370","1":"product","2":"type-product","3":"status-publish","4":"has-post-thumbnail","6":"product_cat-projektierung-planung-entwurf-zubehoer-montage","7":"product_cat-projekt-service-wartung-pflege-logofoto-sonstiges","8":"pa_p33-analyse-begutachtung-halbtages-satz-aufnahme-dokumentation-scipterstelllung-pauschal-40000-e","9":"pa_p33-analyse-begutachtung-tages-satz-aufnahme-dokumentation-scipterstelllung-pauschal-80000-e","10":"pa_p33-analyse-begutachtung-zzgl-fahrtkosten-siehe-p1-projektbetreuung","11":"pa_p33-analyse-begutachtung-analyse-der-werbefunktionwirksamkeit-vor-ort-am-point-of-sale-pos","12":"pa_p33-analyse-begutachtung-befragung-der-passanten-bezgl-werbe-marketingwirkung","13":"pa_p33-analyse-begutachtung-begutachtung-der-werbewirkung-nachts","14":"pa_p33-analyse-begutachtung-kontrolle-der-verteilaktionen","15":"pa_p33-analyse-begutachtung-kontrolle-der-werbemassnahmen-an-ort-x-oder-durch-personal-y","16":"pa_p33-analyse-begutachtung-pruefung-der-werbewirksamkeit-gemaess-zu-erstellenden-pruefprotokoll","17":"pa_p33-analyse-begutachtung-situationsaufnahme-und-protokollierung-von-ist-darstellungen-z-b-aussenwerbung-filialen","18":"pa_p33-analyse-begutachtung-textverfassung-werbetext-einlesen-unterlagen-sichten-texterstellung-bis-500-woertera4-seite-je-24000-e","20":"first","21":"instock","22":"taxable","23":"shipping-taxable","24":"purchasable","25":"product-type-variable","26":"has-default-attributes","27":"has-featured-image","28":"square"},"_links":{"self":[{"href":"https:\/\/citmax.de\/index.php?rest_route=\/wp\/v2\/product\/17370","targetHints":{"allow":["GET"]}}],"collection":[{"href":"https:\/\/citmax.de\/index.php?rest_route=\/wp\/v2\/product"}],"about":[{"href":"https:\/\/citmax.de\/index.php?rest_route=\/wp\/v2\/types\/product"}],"replies":[{"embeddable":true,"href":"https:\/\/citmax.de\/index.php?rest_route=%2Fwp%2Fv2%2Fcomments&post=17370"}],"wp:featuredmedia":[{"embeddable":true,"href":"https:\/\/citmax.de\/index.php?rest_route=\/wp\/v2\/media\/21892"}],"wp:attachment":[{"href":"https:\/\/citmax.de\/index.php?rest_route=%2Fwp%2Fv2%2Fmedia&parent=17370"}],"wp:term":[{"taxonomy":"product_cat","embeddable":true,"href":"https:\/\/citmax.de\/index.php?rest_route=%2Fwp%2Fv2%2Fproduct_cat&post=17370"},{"taxonomy":"product_tag","embeddable":true,"href":"https:\/\/citmax.de\/index.php?rest_route=%2Fwp%2Fv2%2Fproduct_tag&post=17370"}],"curies":[{"name":"wp","href":"https:\/\/api.w.org\/{rel}","templated":true}]}}