{"id":18164,"date":"2015-03-11T06:52:20","date_gmt":"2015-03-11T05:52:20","guid":{"rendered":"http:\/\/citmax.de\/?post_type=product&#038;p=18164"},"modified":"2022-03-08T08:12:17","modified_gmt":"2022-03-08T07:12:17","slug":"p25-kaschieren-naehen-kleben-bearbeiten-konfektionieren","status":"publish","type":"product","link":"https:\/\/citmax.de\/?product=p25-kaschieren-naehen-kleben-bearbeiten-konfektionieren","title":{"rendered":"P25: Kaschieren, N\u00e4hen, Kleben, Bearbeiten, etc. &#8230;"},"content":{"rendered":"<p><strong>Citmax l\u00f6st auch spezielle Konfektionierungsarbeiten.<\/strong><br \/>\nIn der Praxis gibt es ganz unterschiedliche Anforderungen die manchmal mit dem Standardartikel nicht zu erfassen sind. Dann wird immer eine speziell Konfektionierung nach Stundenaufwand m\u00f6glich, die zwischen Ihnen und dem dem Citmax-Profi vom Zeitumfang abzustimmen ist.<br \/>\nBriefen Sie m\u00f6glichst informativ alle wichtigen Detailaufgaben die gel\u00f6st und bearbeitet werden m\u00fcssen, desto genauer werden die Konfektionierungszeiten, die vom CitmaxProfi erfasst und mit Ihnen gemeinsam abgestimmt werden.<br \/>\nF\u00fcr machen Berarbeitung gibt es vorkalkulierte Pauschalen, aber vielfach ist eine individuelle genaue Einsch\u00e4tzung notwendig, um den Bearbeitungsaufwand richtig zu erfassen.<\/p>\n<p>Citmax unterst\u00fctzt Sie wirkungsvoll und entlastet Ihren Betrieb, in dem wir mit CitmaxPower viele kleine Handgriffe und Anarbeitungen \u00fcbernehmen.<br \/>\n<strong>Das CitmaxTeam freut sich auf Ihre Anfrage und Herausforderung.<\/strong><\/p>\n","protected":false},"excerpt":{"rendered":"<p><strong>Konfektionierung als Pauschalaufgabe<\/strong> oder<br \/>\n<strong>individuell nach Zeitkontingent.<br \/>\n<\/strong>Dann einfach die notwendigen\u00a0Stunden in der Anzahl gem\u00e4\u00df<br \/>\nAbstimmung mit dem CitmaxProfi erfassen<br \/>\nund im Warenkorb zusammenf\u00fcgen.<strong><br \/>\nW\u00e4hlen Sie: schwarzes Auswahlfeld anklicken,<br \/>\n<\/strong><strong>Auswahl nach und nach in den Warenkorb packen.<\/strong><\/p>\n","protected":false},"featured_media":21888,"comment_status":"closed","ping_status":"closed","template":"","meta":{"_links_to":"","_links_to_target":""},"product_cat":[59,653],"product_tag":[],"class_list":{"0":"post-18164","1":"product","2":"type-product","3":"status-publish","4":"has-post-thumbnail","6":"product_cat-projektierung-planung-entwurf-zubehoer-montage","7":"product_cat-projekthilfsmittel-strahler-elt-anschluss-montagezusatzkosten-verpackung-versand","8":"pa_p25-kaschieren-acrylkunststoffholz-kleben-heften-leimen-per-lfdm-1200-e","9":"pa_p25-kaschieren-klett-und-flauschband-b-20-mm-auf-traegermaterial-bis-200gr-beidseitig-aufnaehen-per-lfdm-1400-e","10":"pa_p25-kaschieren-klett-und-flauschband-b-20-mm-auf-traegermaterial-bis-500gr-beidseitig-aufnaehen-per-lfdm-1800-e","11":"pa_p25-kaschieren-klett-und-flauschband-b-50-mm-auf-traegermaterial-bis-200gr-beidseitig-aufnaehen-per-lfdm-2200-e","12":"pa_p25-kaschieren-klett-und-flauschband-b-50-mm-auf-traegermaterial-bis-500gr-beidseitig-aufnaehen-per-lfdm-2600-e","13":"pa_p25-kaschieren-konfektionierenhandarbeitsortiereneinpackenstapelnklebenheften-div-nach-stundenaufwand-pro-std-2500-e","14":"pa_p25-kaschieren-loch-bohren-oder-senken-in-holzkunststoffacryl-85-bis-13mm-je-vorgangje-loch-100-e","15":"pa_p25-kaschieren-loch-bohren-oder-senken-in-holzkunststoffacryl-bis-8mm-je-vorgangje-loch-050-e","16":"pa_p25-kaschieren-loch-bohren-oder-senken-in-stahl-35-bis-10mm-v2a-bis-d-3mm-loch-85-bis-13mm-je-vorgangje-loch-500-e","17":"pa_p25-kaschieren-loch-bohren-oder-senken-in-stahl-35-bis-10mm-v2a-bis-d-3mm-loch-bis-8mm-je-vorgangje-loch-300-e","18":"pa_p25-kaschieren-loch-bohren-oder-senken-in-stahl-bis-3mm-blechaluv2a-bis-d-1mm-8-5-bis-13mm-je-vorgangje-loch-180-e","19":"pa_p25-kaschieren-loch-bohren-oder-senken-in-stahl-bis-3mm-blechaluv2a-bis-d-1mm-bis-8mm-je-vorgangje-loch-120-e","20":"pa_p25-kaschieren-planenetzbanner-oesen-standardoese-12mm-loch-je-150-e","21":"pa_p25-kaschieren-rand-umschlagenschweissen-pvc-planenetz-ab-10-lfdm-per-lfdm-350-e","22":"pa_p25-kaschieren-randumnaehen-duenner-fahnenstoff-bis-200gr-per-lfdm-400-e","23":"pa_p25-kaschieren-randumnaehen-tuchstoffplanenetz-bis-500gr-per-lfdm-750-e","25":"first","26":"instock","27":"taxable","28":"shipping-taxable","29":"purchasable","30":"product-type-variable","31":"has-default-attributes","32":"has-featured-image","33":"portrait"},"_links":{"self":[{"href":"https:\/\/citmax.de\/index.php?rest_route=\/wp\/v2\/product\/18164","targetHints":{"allow":["GET"]}}],"collection":[{"href":"https:\/\/citmax.de\/index.php?rest_route=\/wp\/v2\/product"}],"about":[{"href":"https:\/\/citmax.de\/index.php?rest_route=\/wp\/v2\/types\/product"}],"replies":[{"embeddable":true,"href":"https:\/\/citmax.de\/index.php?rest_route=%2Fwp%2Fv2%2Fcomments&post=18164"}],"wp:featuredmedia":[{"embeddable":true,"href":"https:\/\/citmax.de\/index.php?rest_route=\/wp\/v2\/media\/21888"}],"wp:attachment":[{"href":"https:\/\/citmax.de\/index.php?rest_route=%2Fwp%2Fv2%2Fmedia&parent=18164"}],"wp:term":[{"taxonomy":"product_cat","embeddable":true,"href":"https:\/\/citmax.de\/index.php?rest_route=%2Fwp%2Fv2%2Fproduct_cat&post=18164"},{"taxonomy":"product_tag","embeddable":true,"href":"https:\/\/citmax.de\/index.php?rest_route=%2Fwp%2Fv2%2Fproduct_tag&post=18164"}],"curies":[{"name":"wp","href":"https:\/\/api.w.org\/{rel}","templated":true}]}}