{"id":18727,"date":"2015-03-16T12:36:50","date_gmt":"2015-03-16T11:36:50","guid":{"rendered":"http:\/\/citmax.de\/?product=citfolplus-kaschierungsservice-vor-ort-nach-wahl"},"modified":"2019-11-19T15:22:27","modified_gmt":"2019-11-19T14:22:27","slug":"citfolplus-kaschierungsservice-vor-ort-nach-wahl","status":"publish","type":"product","link":"https:\/\/citmax.de\/?product=citfolplus-kaschierungsservice-vor-ort-nach-wahl","title":{"rendered":"CitFolPlus &#8211; Kaschierungsservice vor Ort nach Wahl"},"content":{"rendered":"<p><strong><span class=\"Apple-style-span\" style=\"font-weight: normal;\"><strong>CitFolPlus- Kaschier-, Verklebe- und Montageservice<br \/>\n<\/strong><\/span><\/strong><span class=\"Apple-style-span\" style=\"font-weight: normal;\">wird bundesweit \u00fcber alle Citmax-Divisionen angeboten.<br \/>\nAlle Preise finden Sie unter der Kategorie:<br \/>\n<strong><a title=\"Hier finden Sie alle Projektierungs-Preise die je nach Auftragsumfang individuell kombiniert werden k\u00f6nnen.\" href=\"https:\/\/citmax.de\/?product_cat=projektierung-planung-entwurf-zubehoer-montage\" target=\"_blank\">Projektierung &#8211; Diverse Dienstleistungen<\/a><\/strong>.<br \/>\n<\/span><\/p>\n<p><span class=\"Apple-style-span\" style=\"font-weight: normal;\">Alle Basiskalkulationswerte finden Sie unter:<\/span><span class=\"Apple-style-span\" style=\"font-weight: normal;\"><br \/>\n<strong><a title=\"Hier starten Sie Ihr Projekt. Alle Preise zum Kalkulieren.\" href=\"https:\/\/citmax.de\/?product=projektierung-wir-planen-ihr-vorhaben\" target=\"_blank\">P1:\u00a0<\/a><a title=\"Hier starten Sie Ihr Projekt. Alle Preise zum Kalkulieren.\" href=\"https:\/\/citmax.de\/?product=projektierung-wir-planen-ihr-vorhaben\" target=\"_blank\">Projektierung<\/a><\/strong>.<\/span><\/p>\n<p><span class=\"Apple-style-span\" style=\"font-weight: normal;\">Die reinen Kaschierarbeiten finden Sie unter der Rubrik:<br \/>\n<\/span><strong><a title=\"Folienkaschierung und Verklebung ganz einfach. Wir verkleben f\u00fcr Sie.\" href=\"https:\/\/citmax.de\/?product=p35-verkleben-kaschieren-folieren-montageservice\" target=\"_blank\">P35: Verkleben-Kaschierung-Folierung<\/a><\/strong>.<\/p>\n<p>Die Kalkulation der Kaschier- und Verklebearbeiten berechnet sich nach<br \/>\nqm-Aufwand und der\u00a0zu veranschlagenen Kaschierzeit.<br \/>\nDazu kommen lediglich die An-\/R\u00fcckfahrkosten des\/der Monteur\/e\u00a0sowie Sonderkosten wie z.B. Reinigen\/Entfetten der Verklebefl\u00e4che, oder Hilfsmittel wie Ger\u00fcst\/Leiter\/Hubsteiger und Reinigungsmaterial oder 2ter Mann.<br \/>\nNur wenn dies ben\u00f6tigt wird.<br \/>\nDiese Kosten\/Zeitaufw\u00e4nde sollten Sie vorab mit dem Kunden definieren\/ selber absch\u00e4tzen und\/oder gemeinsam mit Ihrem Kunden er\u00f6rtern\/vereinbaren und sind dem Warenkorb unter<br \/>\n<strong><a title=\"Vereinbarte pauschale Kosten, k\u00f6nnen im Textfeld im Warenkorb, genau definiert\/beschrieben werden.\" href=\"https:\/\/citmax.de\/?product=p36-pauschale-kosten-fuer-extra-aufwand-lt-vereinbarung-siehe-textfeld\" target=\"_blank\">P36:\u00a0pauschale Kosten<\/a><\/strong>,<strong>\u00a0<\/strong>je nach Kalkulations- und Auftragsumfang<br \/>\n(der ja von Fall zu Fall verschieden ist), hinzu zu f\u00fcgen.<br \/>\n<strong><span class=\"Apple-style-span\" style=\"font-weight: normal;\"><strong><br \/>\nCitFol-Produktbeschreibung:<br \/>\nCitFol Selbstklebebuchstaben<\/strong> erhalten Sie in nahezu allen Schriften, Gr\u00f6\u00dfen und Farben. In matt oder gl\u00e4nzend, auch in vielen Sonderfolien nach Wahl, geplottet\u00a0und klebefertig zugesandt.<\/span><\/strong><\/p>\n<p>Sie sind\u00a0sowohl f\u00fcr den Innen- als auch Aussenbereich, mit hoher Wetterfestigkeit, bestens geeignet.<br \/>\n<strong>Ihren Anwendungsideen sind keine Grenzen gesetzt!<\/strong><\/p>\n<p>Es werden ausschliesslich Profi-Folien der Qualit\u00e4tsmarken AVERY, ORAFOL, MACtac, NESCHEN, \u00a0FASSON, KPMF und 3M verwendet.<br \/>\nAlle Schriften und Logos werden verklebefertig mit \u00dcbertragungsfolie ausgestattet und sind sofort kaschier und gebrauchsfertig.\u00a0Die Buchstaben k\u00f6nnen Sie problemlos, bei handwerklichen Geschick, selber kleben und sind bestens geeignet zur Eigenmontage.<\/p>\n<p><strong>CitFol1<\/strong> sind Standard-Folienbuchstaben f\u00fcr den dekorativen Innenbereich,<br \/>\nauch f\u00fcr kurzfristige Anwendungen im Aussenbereich einsetzbar,<br \/>\nlt. Herstellerangabe mit bis zu 3 Jahre Haltbarkeit.<br \/>\n<strong>CitFol2<\/strong> sind gl\u00e4nzende Hochleistungsfolien f\u00fcr den mittelfristigen Anwendungsbereich f\u00fcr Schilder, Fahrzeugbeschriftungen uvm., f\u00fcr Verklebung auf glatten Untergrund.<br \/>\nHerstellerseitig werden diese Folien mit 3 &#8211; 5 Jahre Haltbarkeit angeben.<br \/>\n<strong>CitFol3<\/strong> sind gl\u00e4nzende HighEndFolien aus dem Hochleistungsbereich, gegossene Folie mit geringer Schrumpfung, mit Herstellerangabe Haltbarkeit von 5-7 Jahre bei fachgerechter Kaschierung.<br \/>\n<strong>CitFolTrans<\/strong> sind transluzente Folie die zur Verklebung auf Leuchtk\u00e4sten\/Diak\u00e4sten geeignet sind, sie haben eine hohe Lichtdurchl\u00e4ssigkeit. Haltbarkeit 5-7 Jahre.<br \/>\n<strong>CitFolDekor<\/strong>\u00a0sind Folien die Sie in diversen Dekor-Sonderoberfl\u00e4chen wie ChomSilber, ChromGold, EdgedGlass, Alumatt oder Edelstahl geschliffen und uvm. erhalten k\u00f6nnen.<br \/>\nAlle Sonderfolien haben eine werksseitige Haltbarkeit von 2 bis 5 Jahren.<br \/>\nSiehe \u00dcbersicht.<br \/>\n<strong>CitFolPlus<\/strong> ist unser Kaschierungsservice vor Ort.\u00a0Auf Schaufenster, Dekofl\u00e4chen, \u00a0Werbetafeln, PKW, LLKW, Bus und div. Fahrzeuge, Anh\u00e4nger&#8230;.,<br \/>\nFragen Sie an, Ihre Citmax-Division beschriftet fast alles!<br \/>\n<strong>Ihre Citmax-Divison verklebt CitFol \u00fcberall bei Ihnen vor Ort!<\/strong><br \/>\nBuchen Sie unseren Montageservice! Citmax montiert bundesweit!<br \/>\nBitte senden Sie uns aussagef\u00e4higes Fotomaterial vom Montageort und dem Untergrund\/H\u00f6he der Montage sowie dem Zugang zum Montageort zu, damit der Pauschalpreis Ihnen best\u00e4tigt werden kann.<br \/>\nHier eine Preis\u00fcbersicht f\u00fcr die\u00a0<a title=\"Wir montieren Ihre Buchstaben bundesweit.\" href=\"https:\/\/citmax.de\/?product_cat=buchstaben-montagepreise\" target=\"_blank\">Montage<\/a>.<\/p>\n<p><strong>Gerne erstellen wir auch eine Projektierung<\/strong> f\u00fcr Ihren kompletten Werbeschriftzug<br \/>\noder f\u00fcr Ihre fertige Werbeanlage. Dies beinhaltet nach Wahl die Ausarbeitung von Ihren Vorgaben, oder auch das Aufma\u00df vor Ort incl. Layout und Alternativvorschl\u00e4gen sowie die \u00dcberpr\u00fcfung der Befestigungsm\u00f6glichkeiten und Gr\u00f6\u00dfenanpassungen. Zus\u00e4tzlich empfehlen wir eine Bauantragsstellung, sofern Ihre Werbeanlage beh\u00f6rdlich genehmigungspflichtig ist, die wir ebenso f\u00fcr Sie ausf\u00fchren k\u00f6nnen.<br \/>\nAlle Details hierzu erfahren Sie unter &#8222;<a title=\"Wir projektieren Ihre Werbeanlage.\" href=\"https:\/\/citmax.de\/?product_cat=projektierung-planung-entwurf-zubehoer-montage\" target=\"_blank\">Projektierung<\/a>&#8222;.<\/p>\n","protected":false},"excerpt":{"rendered":"<p><strong>CitFolPlus Kaschierungsservice<br \/>\n<\/strong>&#8211; Schriften kleben nach Wahl<br \/>\n&#8211; Folienkaschierung, auch ganzfl\u00e4chig, nach Wahl<br \/>\n&#8211; zuvor Reinigungsservice und Kleinmaterial nach Wahl<br \/>\n&#8211; weitere Details siehe &#8222;Projektierung&#8220;<br \/>\n<strong>W\u00e4hlen Sie: schwarzes Auswahlfeld anklicken,<\/strong><br \/>\n<strong>Auswahl nach und nach in den Warenkorb packen.<\/strong><\/p>\n","protected":false},"featured_media":21739,"comment_status":"open","ping_status":"closed","template":"","meta":{"_links_to":"","_links_to_target":""},"product_cat":[56,1459],"product_tag":[],"class_list":{"0":"post-18727","1":"product","2":"type-product","3":"status-publish","4":"has-post-thumbnail","6":"product_cat-citmax-buchstaben-beleuchtet-unbeleuchtet-auf-form-gefraest","7":"product_cat-buchstaben-selbstklebend-aus-pvc-folie","9":"first","10":"instock","11":"taxable","12":"shipping-taxable","13":"purchasable","14":"product-type-simple","15":"has-featured-image","16":"portrait"},"_links":{"self":[{"href":"https:\/\/citmax.de\/index.php?rest_route=\/wp\/v2\/product\/18727","targetHints":{"allow":["GET"]}}],"collection":[{"href":"https:\/\/citmax.de\/index.php?rest_route=\/wp\/v2\/product"}],"about":[{"href":"https:\/\/citmax.de\/index.php?rest_route=\/wp\/v2\/types\/product"}],"replies":[{"embeddable":true,"href":"https:\/\/citmax.de\/index.php?rest_route=%2Fwp%2Fv2%2Fcomments&post=18727"}],"wp:featuredmedia":[{"embeddable":true,"href":"https:\/\/citmax.de\/index.php?rest_route=\/wp\/v2\/media\/21739"}],"wp:attachment":[{"href":"https:\/\/citmax.de\/index.php?rest_route=%2Fwp%2Fv2%2Fmedia&parent=18727"}],"wp:term":[{"taxonomy":"product_cat","embeddable":true,"href":"https:\/\/citmax.de\/index.php?rest_route=%2Fwp%2Fv2%2Fproduct_cat&post=18727"},{"taxonomy":"product_tag","embeddable":true,"href":"https:\/\/citmax.de\/index.php?rest_route=%2Fwp%2Fv2%2Fproduct_tag&post=18727"}],"curies":[{"name":"wp","href":"https:\/\/api.w.org\/{rel}","templated":true}]}}