{"id":19808,"date":"2015-03-25T11:12:30","date_gmt":"2015-03-25T10:12:30","guid":{"rendered":"http:\/\/citmax.de\/?post_type=product&#038;p=19808"},"modified":"2022-03-04T10:06:01","modified_gmt":"2022-03-04T09:06:01","slug":"kleinschild-1-1-b30-x-h20-cm","status":"publish","type":"product","link":"https:\/\/citmax.de\/?product=kleinschild-1-1-b30-x-h20-cm","title":{"rendered":"Kleinschild 1.1 B30 x H20 cm"},"content":{"rendered":"<p>Je h\u00f6her die ausgew\u00e4hlte Gesamtst\u00fcckzahl desto g\u00fcnstiger ist der Preis pro Schild.<br \/>\nBitte senden Sie uns unmittelbar nach Ihrer Bestellung die jeweilige f\u00fcr das Format passende Druckdatei per mail an\u00a0<a title=\"Die mailadresse f\u00fcr Ihre Druckdaten.\" href=\"info@bauschild-miete.de\" target=\"_blank\" rel=\"noopener\">info@bauschild-miete.de<\/a>\u00a0\u00a0.<br \/>\nDie Druckdaten werden nicht gepr\u00fcft, sollten Sie eine\u00a0<a title=\"Wir pr\u00fcfen Ihre Druckdaten.\" href=\"https:\/\/bauschild-miete.de\/?product=druckdatenpruefung\" target=\"_blank\" rel=\"noopener\"><strong>Druckdatenpr\u00fcfung<\/strong><\/a>\u00a0w\u00fcnschen, dann k\u00f6nnen Sie diese unter<a title=\"Hier finden die Rubrik Druckdatenerstellung.\" href=\"https:\/\/bauschild-miete.de\/?product_cat=alles-rund-um-das-bauschild\" target=\"_blank\" rel=\"noopener\"><strong>\u00a0Zubeh\u00f6r<\/strong><\/a>\u00a0buchen.<\/p>\n<p>Sollen Sie keine druckfertige pdf-Daten zusenden k\u00f6nnen, kein Problem! Dann buchen Sie die\u00a0<strong><a title=\"Wir erstellen Ihre Druckdaten.\" href=\"https:\/\/bauschild-miete.de\/?product=druckdatenerstellung-bis-1qm-druckschildbanner\" target=\"_blank\" rel=\"noopener\">Druckdatenerstellung<\/a>\u00a0<\/strong>einfach dazu. Sie benennen uns Ihren Wunsch und senden und Ihre<br \/>\nDaten und eine Handskizze, wir bereiten alles druckfertig auf.<\/p>\n<p>Fehlt Ihnen eine pfiffige Werbeidee, der schicke Entwurf oder eine gelungene Grafik f\u00fcr Ihr zu erstellendes Werbeschild, dann k\u00f6nnen Sie dies unter\u00a0<strong><a title=\"Grafik und Design online buchen.\" href=\"https:\/\/bauschild-miete.de\/?product=grafik-layout-und-druckdatei-pauschale\" target=\"_blank\" rel=\"noopener\">Grafikpauschale<\/a>\u00a0<\/strong>ebenso einfach dazu buchen. Die Grafikpauschale<br \/>\nbeinhaltet Grafik und Druckdaten.<\/p>\n","protected":false},"excerpt":{"rendered":"<p>incl. Motivdruck wetterfest 4c auf PVC-Folie gedruckt von Kundendatei, fachgerecht kaschiert auf wetterfesten<br \/>\n3mm Aluverbund<br \/>\n<strong>W\u00e4hlen Sie: schwarzes Auswahlfeld anklicken,<\/strong><br \/>\n<strong>Auswahl nach und nach in den Warenkorb packen.<\/strong><\/p>\n","protected":false},"featured_media":19901,"comment_status":"closed","ping_status":"closed","template":"","meta":{"_links_to":"","_links_to_target":""},"product_cat":[491],"product_tag":[],"class_list":{"0":"post-19808","1":"product","2":"type-product","3":"status-publish","4":"has-post-thumbnail","6":"product_cat-wetterfeste-schilder","7":"pa_kleinschilder-bis-2qm-einzelschild-blanko-nur-zuschnitt-3mm-aluverbund","8":"pa_kleinschilder-bis-2qm-einzelschild-4c-beschriftet-von-kundendatei-3mm-aluverbund","9":"pa_kleinschilder-bis-2qm-3-stck-4c-beschriftet-von-kundendatei-3mm-aluverbund","10":"pa_kleinschilder-bis-2qm-6-stck-4c-beschriftet-von-kundendatei-3mm-aluverbund","11":"pa_kleinschilder-bis-2qm-10-stck-4c-beschriftet-von-kundendatei-3mm-aluverbund","12":"pa_kleinschilder-bis-2qm-20-stck-4c-beschriftet-von-kundendatei-3mm-aluverbund","13":"pa_kleinschilder-bis-2qm-30-stck-4c-beschriftet-von-kundendatei-3mm-aluverbund","14":"pa_kleinschilder-bis-2qm-50-stck-4c-beschriftet-von-kundendatei-3mm-aluverbund","15":"pa_kleinschilder-bis-2qm-75-stck-4c-beschriftet-von-kundendatei-3mm-aluverbund","16":"pa_kleinschilder-bis-2qm-100-stck-4c-beschriftet-von-kundendatei-3mm-aluverbund","17":"pa_kleinschilder-bis-2qm-versand-bis-je-50-stck","19":"first","20":"instock","21":"taxable","22":"shipping-taxable","23":"purchasable","24":"product-type-variable","25":"has-default-attributes","26":"has-featured-image","27":"portrait"},"_links":{"self":[{"href":"https:\/\/citmax.de\/index.php?rest_route=\/wp\/v2\/product\/19808","targetHints":{"allow":["GET"]}}],"collection":[{"href":"https:\/\/citmax.de\/index.php?rest_route=\/wp\/v2\/product"}],"about":[{"href":"https:\/\/citmax.de\/index.php?rest_route=\/wp\/v2\/types\/product"}],"replies":[{"embeddable":true,"href":"https:\/\/citmax.de\/index.php?rest_route=%2Fwp%2Fv2%2Fcomments&post=19808"}],"wp:featuredmedia":[{"embeddable":true,"href":"https:\/\/citmax.de\/index.php?rest_route=\/wp\/v2\/media\/19901"}],"wp:attachment":[{"href":"https:\/\/citmax.de\/index.php?rest_route=%2Fwp%2Fv2%2Fmedia&parent=19808"}],"wp:term":[{"taxonomy":"product_cat","embeddable":true,"href":"https:\/\/citmax.de\/index.php?rest_route=%2Fwp%2Fv2%2Fproduct_cat&post=19808"},{"taxonomy":"product_tag","embeddable":true,"href":"https:\/\/citmax.de\/index.php?rest_route=%2Fwp%2Fv2%2Fproduct_tag&post=19808"}],"curies":[{"name":"wp","href":"https:\/\/api.w.org\/{rel}","templated":true}]}}