{"id":20215,"date":"2015-03-25T15:47:36","date_gmt":"2015-03-25T14:47:36","guid":{"rendered":"http:\/\/citmax.de\/?post_type=product&#038;p=20215"},"modified":"2019-11-19T14:56:44","modified_gmt":"2019-11-19T13:56:44","slug":"werbeschild-2-3-format-bis-b600-x-h600-cm","status":"publish","type":"product","link":"https:\/\/citmax.de\/?product=werbeschild-2-3-format-bis-b600-x-h600-cm","title":{"rendered":"Werbeschild 2.3 Format bis B600 x H600 cm"},"content":{"rendered":"<p>Hier in dieser Rubrik finden Sie Schilder und gro\u00dfe Fassadenschilder ab 2qm .<br \/>\nSollten Sie kleinere Schilder suchen, dann sehen Sie bitte unter der Rubrik\u00a0<a title=\"Hier finden Sie die Kleinschilder bis 2qm.\" href=\"https:\/\/bauschild-miete.de\/?product_cat=kleine-schilder-mit-grosser-wirkung\" target=\"_blank\">Kleinschilder bis 2qm<\/a>\u00a0nach.<br \/>\nSchilder erstellen wir wetterfest f\u00fcr jeden Verwendungszweck in jeder Gr\u00f6\u00dfe!<br \/>\nDas Tr\u00e4germaterial besteht aus sehr steifen 3mm Alu\/Kunststoff-Verbund und hat sich f\u00fcr den Aussenwerbeeinsatz bestens bew\u00e4hrt. Die Beschriftung erfolgt mit 4c Hochleistungsdruckern auf wetterfesten PVC-Folien, die dann auf die Tafeln aufkaschiert werden. Wir haben die ausgew\u00e4hlten \u00a0Schildgr\u00f6\u00dfen nach dem optimalen Plattenzuschnitt f\u00fcr Sie zusammengestellt. Die Standardplattenformate sind 100x200cm, 125&#215;250 cm, 150&#215;300 cm. Daraus lassen sich alle Gro\u00dfformate sinnvoll zusammen setzen. Sollte in der Preistabelle Ihr spezielles Wunschma\u00df nicht dabei sein, w\u00e4hlen Sie einfach die n\u00e4chste gr\u00f6\u00dfere Schildgr\u00f6\u00dfe, da dann Ihr Schild bis zu diesem ausgew\u00e4hlten Format daraus zugeschnitten wird.<br \/>\n<strong>Der viereckige Zuschnitt auf Ihr Sonderformat erfolgt ohne Mehrkosten!<\/strong><\/p>\n<p>Zus\u00e4tzlich zu unseren attraktiven Schildkonditionen haben wir auch interessante st\u00fcckzahlenabh\u00e4ngige Staffelangebote,\u00a0f\u00fcr den Fall das Sie mehrere Schilder in einer Abnahme ben\u00f6tigen.<br \/>\nJe h\u00f6her die ausgew\u00e4hlte Gesamtst\u00fcckzahl &#8211; desto g\u00fcnstiger ist der Preis pro Schild!<\/p>\n<p>Bitte senden Sie uns unmittelbar nach Ihrer Bestellung die jeweilige f\u00fcr das Format passende Druckdatei per mail an\u00a0<a title=\"Die mailadresse f\u00fcr Ihre Druckdaten.\" href=\"info@bauschild-miete.de\" target=\"_blank\">info@bauschild-miete.de<\/a>\u00a0.<br \/>\nDie Druckdaten werden nicht gepr\u00fcft, da wir davon ausgehen, das Ihre Druckdaten grunds\u00e4tzlich richtig sind und der Druck, so wie in der Datei angelegt, auch gewollt ist.<br \/>\nSollten Sie eine\u00a0<a title=\"Wir pr\u00fcfen Ihre Druckdaten.\" href=\"https:\/\/bauschild-miete.de\/?product=druckdatenpruefung\" target=\"_blank\"><strong>Druckdatenpr\u00fcfung<\/strong><\/a>\u00a0w\u00fcnschen, dann k\u00f6nnen Sie diese extra unter<a title=\"Hier finden die Rubrik Druckdatenerstellung.\" href=\"https:\/\/bauschild-miete.de\/?product_cat=alles-rund-um-das-bauschild\" target=\"_blank\"><strong>\u00a0Zubeh\u00f6r<\/strong><\/a>\u00a0buchen.<\/p>\n<p>Sollen Sie uns keine druckfertige pdf-Daten zusenden k\u00f6nnen, kein Problem! Dann buchen Sie die\u00a0<strong><a title=\"Wir erstellen Ihre Druckdaten.\" href=\"https:\/\/bauschild-miete.de\/?product=druckdatenerstellung-bis-1qm-druckschildbanner\" target=\"_blank\">Druckdatenerstellung<\/a>\u00a0<\/strong>einfach in dem Umfang dazu wie ben\u00f6tigt und beschrieben.<br \/>\nSie senden uns schriftlich Ihren Wunsch, mit Handskizze und ggf. Daten,\u00a0wir bereiten alles druckfertig auf.<\/p>\n<p>Fehlt Ihnen eine pfiffige Werbeidee, der schicke Entwurf oder eine gelungene Grafik f\u00fcr Ihr zu erstellendes Werbeschild, dann k\u00f6nnen Sie dies unter\u00a0<strong><a title=\"Grafik und Design online buchen.\" href=\"https:\/\/bauschild-miete.de\/?product=grafik-layout-und-druckdatei-pauschale\" target=\"_blank\">Grafikpauschale<\/a>\u00a0<\/strong>ebenso einfach dazu buchen.<br \/>\nDie Grafikpauschale\u00a0beinhaltet Grafik, 2 Korrekturl\u00e4ufe und die Druckdaten f\u00fcr den Printjob.<\/p>\n","protected":false},"excerpt":{"rendered":"<p>incl. Motivdruck wetterfest 4c auf PVC-Folie gedruckt von Kundendatei, fachgerecht kaschiert auf wetterfesten<br \/>\n3mm Aluverbund<br \/>\n<strong>W\u00e4hlen Sie: schwarzes Auswahlfeld anklicken,<\/strong><br \/>\n<strong>Auswahl nach und nach in den Warenkorb packen.<\/strong><\/p>\n","protected":false},"featured_media":20169,"comment_status":"closed","ping_status":"closed","template":"","meta":{"_links_to":"","_links_to_target":""},"product_cat":[1498],"product_tag":[],"class_list":{"0":"post-20215","1":"product","2":"type-product","3":"status-publish","4":"has-post-thumbnail","6":"product_cat-schildbreite-bis-b-600","7":"pa_schilder-schild-bis-4c-beschriftet-ab-werk","8":"pa_schilder-3-schilder-bis-4c-beschriftet-ab-werk","9":"pa_schilder-5-schilder-bis-4c-beschriftet-ab-werk","10":"pa_schilder-versandkosten-dieses-format-bis-5-schilder-in-einer-sendung","12":"first","13":"instock","14":"taxable","15":"shipping-taxable","16":"purchasable","17":"product-type-variable","18":"has-default-attributes","19":"has-featured-image","20":"portrait"},"_links":{"self":[{"href":"https:\/\/citmax.de\/index.php?rest_route=\/wp\/v2\/product\/20215","targetHints":{"allow":["GET"]}}],"collection":[{"href":"https:\/\/citmax.de\/index.php?rest_route=\/wp\/v2\/product"}],"about":[{"href":"https:\/\/citmax.de\/index.php?rest_route=\/wp\/v2\/types\/product"}],"replies":[{"embeddable":true,"href":"https:\/\/citmax.de\/index.php?rest_route=%2Fwp%2Fv2%2Fcomments&post=20215"}],"wp:featuredmedia":[{"embeddable":true,"href":"https:\/\/citmax.de\/index.php?rest_route=\/wp\/v2\/media\/20169"}],"wp:attachment":[{"href":"https:\/\/citmax.de\/index.php?rest_route=%2Fwp%2Fv2%2Fmedia&parent=20215"}],"wp:term":[{"taxonomy":"product_cat","embeddable":true,"href":"https:\/\/citmax.de\/index.php?rest_route=%2Fwp%2Fv2%2Fproduct_cat&post=20215"},{"taxonomy":"product_tag","embeddable":true,"href":"https:\/\/citmax.de\/index.php?rest_route=%2Fwp%2Fv2%2Fproduct_tag&post=20215"}],"curies":[{"name":"wp","href":"https:\/\/api.w.org\/{rel}","templated":true}]}}