{"id":21000,"date":"2015-06-05T12:11:25","date_gmt":"2015-06-05T10:11:25","guid":{"rendered":"http:\/\/citmax.de\/?product=werbepkw-cityindividual-szandfahrzeug-bis-b400xh250cm-ihr-individueller-dachaufbau"},"modified":"2019-11-28T13:18:31","modified_gmt":"2019-11-28T12:18:31","slug":"werbepkw-cityindividual-szandfahrzeug-bis-b400xh250cm-ihr-individueller-dachaufbau","status":"publish","type":"product","link":"https:\/\/citmax.de\/?product=werbepkw-cityindividual-szandfahrzeug-bis-b400xh250cm-ihr-individueller-dachaufbau","title":{"rendered":"WerbePKW CityINDIVIDUAL Szandfahrzeug bis B400xH250cm &#8222;Ihr individueller Dachaufbau&#8220;"},"content":{"rendered":"<p>Citmax bietet diverse PKW-Modelle\u00a0mit Dachaufbauten an, die sich hervorragend f\u00fcr Blickfangwerbung in Innenst\u00e4dte und nahe stark befahrener Strassen eignen.<br \/>\nCitmax-Werbe-Standfahrzeuge eignen sich bestens f\u00fcr Kurzzeitaktionen wie z.B. Veranstaltungen, Messen, Events oder auch f\u00fcr langfristige Blickfangwerbung, die in der Regel 6 \u00a0&#8211; 12 Monate gebucht wird. Ob zur Neuer\u00f6ffnung, zur Produkteinf\u00fchrung, zur allgemeinen Verkaufsunterst\u00fctzung oder einfach nur zur Imagewerbung,&#8230; Citmax-Werbefahrzeuge sind eine hervorragende Unterst\u00fctzung Ihre Werbebotschaft an Ihre Zielgruppe zu transportieren.<br \/>\nDie Werbewirkung hat gerade bei l\u00e4ngeren Standzeiten einen Langzeiteffekt, denn sie ist einzigartig, noch nicht so verbreitet und wird daher sehr gut wahr genommen.<br \/>\nDie Citmax-Werbefahrzeuge haben alle T\u00dcV, sind zugelassen und versichert.<br \/>\nSie k\u00f6nnen:<br \/>\na) als Standfahrzeuge gebucht werden<br \/>\nb) als Fahr-Fahrzeuge mit unserem Fahrer oder<br \/>\nc) als Fahr-Fahrzeug mit Fahrer von Ihnen.<br \/>\nEbenso sind KM-Pakete buchbar, denn wir wollen das Sie flexibel sind und<br \/>\nIhr Werbefahrzeug im Einsatz ist.<br \/>\nW\u00e4hlen Sie einfach das gew\u00fcnschte KM-Kontingent f\u00fcr Ihre geplante Mietzeit aus.<br \/>\nSie entscheiden \u00fcber die Plazierung Ihrer Action-Werbung! Denn Citmax-Werbefahrzeuge sind<br \/>\nflexibel und beweglich und k\u00f6nnen Problemlos auch mal versetzt werden.<\/p>\n<p>Auch mehrere Fahrzeugflotten\/Kolonnen von 3 oder 5 Fahrzeugen sind m\u00f6glich. Auf Wunsch stellen wir Fahrer oder Promotionpersonal, verkleiden auch die Aufbauten mit Ballons oder Individualdekorationen, und wenn Sie eine Spontanidee haben, dann helfen wir bei der Umsetzung!<br \/>\nWir erweiteren und r\u00fcsten st\u00e4ndig unseren Fuhrpark um, und passen uns Ihren Promotionanfragen und Ihren Werbebed\u00fcrfnissen an.<br \/>\nDie Fahrzeuge sind alle gepflegt, uni lackiert und die Werbefl\u00e4che on Topp ist m\u00f6glichst gro\u00df f\u00fcr das jeweilige Fahrzeug ausgelegt.<br \/>\nDie Werbe-Fahrzeuge eignen sich nicht f\u00fcr Beschleunigungsrennen auf Autobahnen,<br \/>\naber daf\u00fcr garantieren wir Ihnen schon jetzt maximale Werbewirksamkeit durch Langsamkeit!<\/p>\n<p>Ideal ist die Werbewirkung, wenn die Fahrzeuge im Schneckentempo durch die Innenstadt fahren, bei stark frequentierten Einkaufszentren mobil plaziert werden, oder bei Neuer\u00f6ffnungen, bei Messe-Events oder Mitbewerber-Veranstaltungen f\u00fcr Aufmerksamkeit sorgen. Ihre Idee &#8211; wir setzen diese um! Mit den City-Werbefahrzeugen heben Sie sich deutlich vom Mitbewerb ab!<\/p>\n<p>Sie k\u00f6nnen unseren BeschriftungsService gleich mit nutzen, denn wir drucken, kaschieren und Beschriften termingerecht\u00a0und entfernen zum Veranstaltungsende die Beschriftungen schnell und g\u00fcnstig.<br \/>\nDie Bannerfl\u00e4chen werden von uns aus Spezialgewebe hergestellt die bis 4c bedruckt werden und\u00a0im Randbereich einen Kedersaum erhalten, der in das vorhandene Werbegestell eingespannt wird. Optional haben wir auch ein blanko Tr\u00e4gerbanner, auf dem es uns m\u00f6glich ist, gestellte\u00a0Beschriftungss\u00e4tze auf zu kaschieren oder auch Sonderdekorationen zu befestigen.<\/p>\n<p>Ab Auftragsplanung ben\u00f6tigen wir ca. 5 &#8211; 10 Tage Vorlauf das Fahrzeug herzurichten,\u00a0da die Anforderungen vom Kunden zu Kunden unterschiedlich sind.<br \/>\nAb fertige Druck-Daten\u00fcbermittlung ben\u00f6tigen wir ca. 5 Tage f\u00fcr die Herstellung der Werbebanner.<br \/>\nDie ben\u00f6tigten Druckvorlagen senden Sie uns bitte 1:10 als hochaufl\u00f6sende .jpg-Datei oder als Druck-pdf., stets Schriften zu Pfade\/Kurven gewandelt.<\/p>\n<p>F\u00fcr die Mietdauer sind Sie der Fahrzeugnutzer. Bei manchen St\u00e4dten sind Genehmigungen notwendig. Hier entscheidet die Werbedauer und der Aufstellort, deren Bedingungen Sie einsch\u00e4tzen sollten.\u00a0Vielerorts k\u00f6nnen unsere Fahrzeuge problemlos plaziert werden.<\/p>\n","protected":false},"excerpt":{"rendered":"<p><strong>Kombi-PKW mit Ihrem individuellen Dachaufbau.<br \/>\n<\/strong>Dachaufbau max. L\/R bis B400xH250cm, V\/H B200xH250 cm,<br \/>\nVollgetankt hin- vollgetankt zur\u00fcck. Kasko-Selbstbeteiligung 1.000,00 \u20ac im Schadensfall.<br \/>\n<strong>Sie sind mobil und fahren &#8222;Schneckentempo&#8220; in der City<\/strong><\/p>\n<p>Weitere Infos in der PDF:\u00a0<strong><a href=\"https:\/\/citmax.de\/wp-content\/uploads\/2019\/11\/CitCar-mobile-Autodachwerbung.pdf\" target=\"_blank\">Hier klicken.<\/a><\/strong><\/p>\n<p><strong>W\u00e4hlen Sie: schwarzes Auswahlfeld anklicken,<\/strong><br \/>\n<strong>Auswahl nach und nach in den Warenkorb packen.<\/strong><\/p>\n","protected":false},"featured_media":20979,"comment_status":"open","ping_status":"closed","template":"","meta":{"_links_to":"","_links_to_target":""},"product_cat":[489,524],"product_tag":[],"class_list":{"0":"post-21000","1":"product","2":"type-product","3":"status-publish","4":"has-post-thumbnail","6":"product_cat-citmax-werbefahrzeuge-sonderaufbauten","7":"product_cat-standfahrzeuge-mit-dachaufbau","8":"pa_zug-stand-werbekfz-mietpreis-pro-woche-aufpreis-verlaengerungswoche-standfahrzeug-am-festen-standort-ohne-dachaufbau-je","9":"pa_zug-stand-werbekfz-mietpreis-pro-monat-aufpreis-verlaengerungsmonat-standfahrzeug-am-festen-standort-ohne-dachaufbau-je","10":"pa_zug-stand-werbekfz-beschriftung-zugfahrzeug-beide-tuerflaechen-bis-b90-x-h-30-cm-li-re-von-fertiger-druckdatei-pauschal","11":"pa_zug-stand-werbekfz-aufpreis-fuer-wir-fahren-incl-sprit-bis-150kmtag-pro-tag-pauschal","12":"pa_zug-stand-werbekfz-uebernachtungspauschale-fuer-hotelzimmer-fuer-fahrerpromotorscout-pro-nacht-pauschal-je-person","13":"pa_zug-stand-werbekfz-ruecklieferung-abholung-mehrkm-als-pauschal-vereinbart-nach-google-maps-nach-verbrauch-pauschal-je-km-anzahl-auswaehlen","15":"first","16":"instock","17":"taxable","18":"shipping-taxable","19":"purchasable","20":"product-type-variable","21":"has-featured-image","22":"portrait"},"_links":{"self":[{"href":"https:\/\/citmax.de\/index.php?rest_route=\/wp\/v2\/product\/21000","targetHints":{"allow":["GET"]}}],"collection":[{"href":"https:\/\/citmax.de\/index.php?rest_route=\/wp\/v2\/product"}],"about":[{"href":"https:\/\/citmax.de\/index.php?rest_route=\/wp\/v2\/types\/product"}],"replies":[{"embeddable":true,"href":"https:\/\/citmax.de\/index.php?rest_route=%2Fwp%2Fv2%2Fcomments&post=21000"}],"wp:featuredmedia":[{"embeddable":true,"href":"https:\/\/citmax.de\/index.php?rest_route=\/wp\/v2\/media\/20979"}],"wp:attachment":[{"href":"https:\/\/citmax.de\/index.php?rest_route=%2Fwp%2Fv2%2Fmedia&parent=21000"}],"wp:term":[{"taxonomy":"product_cat","embeddable":true,"href":"https:\/\/citmax.de\/index.php?rest_route=%2Fwp%2Fv2%2Fproduct_cat&post=21000"},{"taxonomy":"product_tag","embeddable":true,"href":"https:\/\/citmax.de\/index.php?rest_route=%2Fwp%2Fv2%2Fproduct_tag&post=21000"}],"curies":[{"name":"wp","href":"https:\/\/api.w.org\/{rel}","templated":true}]}}