{"id":22545,"date":"2016-03-31T11:33:56","date_gmt":"2016-03-31T09:33:56","guid":{"rendered":"http:\/\/citmax.de\/?post_type=product&#038;p=22545"},"modified":"2016-03-31T13:47:51","modified_gmt":"2016-03-31T11:47:51","slug":"1-aufsteckbanner-b-1000-mm-wahlweise-mit-seilabspannung","status":"publish","type":"product","link":"https:\/\/citmax.de\/?product=1-aufsteckbanner-b-1000-mm-wahlweise-mit-seilabspannung","title":{"rendered":"3. Aussteckbanner-Halter, aus Edelstahl, B 1000 mm, wahlweise mit Seilabspannung"},"content":{"rendered":"","protected":false},"excerpt":{"rendered":"<p>Exklusiver Wandausleger komplett aus Edelstahl zur Befestigung von Banner.<\/p>\n<p><strong>Seilabspannung:<\/strong><br \/>\nDie Seilabspannungen (mit 4x Seilabsannungen, je 2 oben und unten, Winkel ca 45\u00b0) dienen der Erh\u00f6hung der Tragf\u00e4higkeit und somit der Einsatzm\u00f6glichkeit einer gr\u00f6\u00dferen Planl\u00e4nge.<\/p>\n<p><strong>Erlaubte Bannerh\u00f6he:<\/strong><br \/>\nB 1000 mm<br \/>\nSeilabspannung: 2000 mm<br \/>\nmit Seilabspannung: 3000 mm<\/p>\n<p><strong>W\u00e4hlen Sie: schwarzes Auswahlfeld anklicken,<\/strong><br \/>\n<strong>Auswahl nach und nach in den Warenkorb packen.<\/strong><\/p>\n","protected":false},"featured_media":22543,"comment_status":"closed","ping_status":"closed","template":"","meta":{"_links_to":"","_links_to_target":""},"product_cat":[1532],"product_tag":[],"class_list":{"0":"post-22545","1":"product","2":"type-product","3":"status-publish","4":"has-post-thumbnail","6":"product_cat-aussteckbanner","8":"first","9":"instock","10":"taxable","11":"shipping-taxable","12":"product-type-simple","13":"has-featured-image","14":"square"},"_links":{"self":[{"href":"https:\/\/citmax.de\/index.php?rest_route=\/wp\/v2\/product\/22545","targetHints":{"allow":["GET"]}}],"collection":[{"href":"https:\/\/citmax.de\/index.php?rest_route=\/wp\/v2\/product"}],"about":[{"href":"https:\/\/citmax.de\/index.php?rest_route=\/wp\/v2\/types\/product"}],"replies":[{"embeddable":true,"href":"https:\/\/citmax.de\/index.php?rest_route=%2Fwp%2Fv2%2Fcomments&post=22545"}],"wp:featuredmedia":[{"embeddable":true,"href":"https:\/\/citmax.de\/index.php?rest_route=\/wp\/v2\/media\/22543"}],"wp:attachment":[{"href":"https:\/\/citmax.de\/index.php?rest_route=%2Fwp%2Fv2%2Fmedia&parent=22545"}],"wp:term":[{"taxonomy":"product_cat","embeddable":true,"href":"https:\/\/citmax.de\/index.php?rest_route=%2Fwp%2Fv2%2Fproduct_cat&post=22545"},{"taxonomy":"product_tag","embeddable":true,"href":"https:\/\/citmax.de\/index.php?rest_route=%2Fwp%2Fv2%2Fproduct_tag&post=22545"}],"curies":[{"name":"wp","href":"https:\/\/api.w.org\/{rel}","templated":true}]}}