{"id":23833,"date":"2019-10-02T13:06:17","date_gmt":"2019-10-02T11:06:17","guid":{"rendered":"http:\/\/citmax.de\/?post_type=product&#038;p=23833"},"modified":"2022-03-09T10:04:18","modified_gmt":"2022-03-09T09:04:18","slug":"q-projektierung-wand-40-130-module","status":"publish","type":"product","link":"https:\/\/citmax.de\/?product=q-projektierung-wand-40-130-module","title":{"rendered":"R) Projektierung Wand 36-130 Module"},"content":{"rendered":"<p><strong>Gute Ideen werden zu einem Projekt.<br \/>\n<\/strong>Sie haben eine Idee!<br \/>\nErstmal ist es nur ein Gedanke in Ihrem Kopf, doch was kommt dann?<br \/>\nWenn die ersten Gedanken sortiert sind und fest steht, das aus Ihrer Idee\u00a0nun<br \/>\neine\u00a0Produktion erfolgen soll, ist es meist notwendig, sich mit der Umsetzung<br \/>\nIhres Vorhabens n\u00e4her zu besch\u00e4ftigt<strong>\u00a0&#8211; zu projektieren!<\/strong><\/p>\n<p><strong>Nun gibt es f\u00fcr Sie 2 M\u00f6glichkeiten Ihr Projektziel zu erreichen:<br \/>\n<\/strong><strong>a) Sie bearbeiten den Vorgang m\u00f6glichst selber ab.<br \/>\n<\/strong>Das kann zeitaufw\u00e4ndig werden, erfordert meist Fachpersonal und nur vielleicht<br \/>\nkommen Sie so zum\u00a0gew\u00fcnschten Ergebnis,\u00a0sofern Sie das Wissen und die technischen\u00a0Voraussetzungen daf\u00fcr haben.<br \/>\nIhr Vorhaben ist zu komplex \/ zu indviduell und die Zeit zerrinnt Ihnen unter den H\u00e4nden?, dann\u00a0geht auch einfacher, schneller und g\u00fcnstiger, wie folgt:<\/p>\n<p><strong>b) Ihre Division optimiert Ihr Projekt?<br \/>\n<\/strong>Sie sollten auf Nummer sicher gehen, Ihre wertvolle Arbeitszeit f\u00fcr wichtigeres einsetzen und die Planung und Umsetzung der Projektidee in erfahrene H\u00e4nde geben!\u00a0In unserem Divisions-Shop werden Sie schnell f\u00fcndig und im Projektierungsbereich finden Sie alle weiteren Fachleistung gut erkl\u00e4rt.<\/p>\n<p><strong>Beim Zusammenstellen der Leistungen hilft Ihnen Ihr<\/strong><strong>\u00a0Projekt-Profi!<\/strong><br \/>\nDer Projekt-Profi ist Ihr freier, unabh\u00e4ngiger Berater und arbeitet mit Ihnen im<br \/>\nTeam, vertritt Ihre Interessen, erg\u00e4nzt Ihre Vorschl\u00e4ge, erledigt den Planungsjob,<br \/>\nerstellt die Vorentw\u00fcrfe, erledigt die Konzepterstellung, sorgt f\u00fcr die Details z.B.<br \/>\ndas Aufma\u00df, die Analyse der Situation und die Untersuchung der Gegebenheiten<br \/>\nvor Ort, die baulichen Voraussetzungen und denkt an alle Auflagen, die zu<br \/>\nerf\u00fcllen sind.<br \/>\nDer\u00a0Projekt-Profi hat je nach Auswahl viele verschiedene Schwerpunkte,<br \/>\nda die Divisionsberater aus v\u00f6llig verschiedenen Fachbereichen f\u00fcr Sie<br \/>\nkoordiniert werden und konzertiert zusammen arbeiten.<br \/>\nDivisionsberater sind Profis, sind aktiv und produktiv! So sparen Sie nicht nur viel<br \/>\nZeit, sondern final auch viel Geld! Denn Ihr\u00a0Projekt-Profi weis genau, wie\u00a0die<br \/>\ntechnischen Anforderungen auszuf\u00fchren sind, wie die Projekte erfolgreich,<br \/>\nschnell und wirtschaftlich zum Ziel gelangen!<\/p>\n<p><strong>Die Projektierungskosten sind gering und sehr fix wieder eingespielt,<\/strong><br \/>\na) weil Ihr Projekt z\u00fcgig und wirtschaftlich fertig wird und keine Zeit zerinnt!<br \/>\nb) weil Sie Ihre wertvolle Arbeitszeit f\u00fcr Wichtigeres besser nutzen konnten!<br \/>\nc) weil gleich von Anfang an der\u00a0Projekt-Profi an Ihrer Seite ist und die Aufgabe<br \/>\nverbindlich l\u00f6st!<br \/>\nd) weil Sie sich irgendwelche, selbst gestrickten Fehlversuche ersparen!<br \/>\ne) weil Sie nichts doppelt zahlen, da das Ergebnis gleich von vorne rein passt!<br \/>\nf) weil es einfach einfacher ist und Sie nur noch das Controlling machen!<br \/>\ng) weil es gleich von vorne rein die richtige Qualit\u00e4t hat!<br \/>\nh) weil auch die angrenzende Facharbeiten schnell und kompetent erledigt<br \/>\nwerden!<br \/>\nZudem sparen Sie weitere sep. Dienstleister,<br \/>\ndie Sie sonst extra hinzu buchen m\u00fcssten!<\/p>\n<p><strong>Bei Ihrer Division bekommen Sie Ihre Idee und optimierte Variante,<\/strong><br \/>\n<strong>fertig projektiert, incl. Produktion,\u00a0nahtlos aus einer Hand!<br \/>\nWirtschaftlicher und schneller geht es nicht!<\/strong><\/p>\n<p>Neugierig geworden?<br \/>\nDann buchen Sie doch einfach jetzt die Projektierung.<br \/>\nSo bekommen Sie sofort kompetente Beratung, gleich von Anfang an<br \/>\nund beginnen Ihr Projekt\u00a0sofort\u00a0professionell,<br \/>\nund das auch noch\u00a0zum \u00fcberschaubaren Festpreis!<\/p>\n<p><strong>Mit den Grafik-Pauschalen\u00a0<\/strong>erhalten Sie eine ansprechende Gestaltung<br \/>\nund Visualisierung Ihrer Werbema\u00dfnahmen. Dies ist ein wichtiger Schritt,<br \/>\nIhr Unternehmen, Ihr Produkt oder Ihre Leistung in der \u00d6ffentlichkeit<br \/>\nzu pr\u00e4sentieren.<\/p>\n<p>Werbung sollte markant sein und an einer gut sichtbaren Position<br \/>\nplaziert werden.<br \/>\nJe nach Gr\u00f6\u00dfe der Darstellung, der Unternehmens- und Kommunikationsinhalte<br \/>\n(notwendige Werbeaussagen auf der Werbefl\u00e4che), kann das Produktionsformat<br \/>\nindividuell Ihren W\u00fcnschen angepasst werden.<br \/>\nF\u00fcr Unternehmens-Werbestandorte, die besonders auff\u00e4llig sind,<br \/>\nauch zur Abend\/Nachtzeit wirken sollen, eigenen sich beleuchtete Varianten,<br \/>\noder Speziall\u00f6sungen.<br \/>\nIhr\u00a0Projekt-Profi ber\u00e4t und betreut Sie in allen Fragen und zeigt<br \/>\nAlternativen und L\u00f6sungen auf.<\/p>\n<p><strong>Gr\u00f6\u00dfere Werbe-Projekte m\u00fcssen sorgf\u00e4ltig geplant werden.<\/strong><br \/>\nDie ersten Vorentw\u00fcrfe, die Plazierung vor Ort auf dem jeweiligen<br \/>\nBoden\/Untergrund, der Nachweis der Standfestigkeit mit Statik,\u2026<br \/>\nalles muss durchdacht werden.<br \/>\nVon der Bauantragsstellung, dem Fundament bis hin zur Werkszeichnung<br \/>\nf\u00fcr die Fertigung.<br \/>\nDie Divisions-Fachabteilung unterst\u00fctzt Sie gerne bei umfangreichen<br \/>\nProjektierungen.<br \/>\nBei Werbeanlagen mit meheren Nutzern oder an markanten Standorten,<br \/>\nist die Vorab-Darstellung, Visualisierung und Planung ein wichtiger Schritt,<br \/>\ndas Idealformat der Werbefl\u00e4chen-H\u00f6he\/Breite\/Anordnung zu definieren.<br \/>\nDie Division erstellt die Entw\u00fcrfe zur Abstimmung, unterst\u00fctzen Sie bei der<br \/>\nRealisierung und k\u00fcmmern sich gerne um alle Formalit\u00e4ten, der Produktion \u2013<br \/>\nbis zur fachgerechten Montage und betriebsbereiten \u00dcbergabe.<\/p>\n<p>Grafik, Vorlayout, Konzeption, Gesamtgestaltung, Visualisierung,<br \/>\nf\u00fcr Aussenwerbung, technische Werbung, Sonderl\u00f6sungen, Hinweisschilder,<br \/>\nWerbebanner, Dachwerbung, Leuchttransparente und sonstige Buchstaben<br \/>\nund Schildsysteme\u2026 u.v.m.<br \/>\n<strong>Die Division projektiert, produziert, beschriftet und montiert alles und in<br \/>\njeder Gr\u00f6\u00dfe \u2013 bundesweit, g\u00fcnstig im FullService und in k\u00fcrzester Zeit!<\/strong><\/p>\n","protected":false},"excerpt":{"rendered":"<p><strong>Wir projektieren Ihre Idee und Planungsvorhaben<\/strong><br \/>\n&#8211; gem\u00e4\u00df dem gew\u00fcnschten Umfang \u2013 nach Wahl.<br \/>\n<strong>Angebot zusammenstellen ist ganz einfach, wie folgt:<br \/>\n<\/strong>1) schwarzes Auswahlfeld <strong>&#8222;Ausf\u00fchrung w\u00e4hlen&#8230;&#8220;<\/strong> anklicken<br \/>\n2) Auswahl nach und nach in den Warenkorb packen.<strong><br \/>\n<\/strong>3) dann auf den roten Warenkorb oben rechts klicken<br \/>\nund, alles pr\u00fcfen, dann &#8222;Weiter zur Kasse&#8220;<br \/>\n4) Kontaktdaten sowie im Feld \u201cHinweis zur Bestellung\u201d<br \/>\nggf. Ihre Anmerkungen eintragen.<br \/>\n5) Absenden.\u00a0<strong>Achtung \u2013 kein Bestellrisiko!!<br \/>\n<\/strong>Vor Auftragsannahme werden alle Angaben\u00a0gepr\u00fcft, mit Ihnen<br \/>\nabgestimmt und sep. best\u00e4tigt. Sie kaufen ohne Risiko!<\/p>\n","protected":false},"featured_media":23996,"comment_status":"closed","ping_status":"closed","template":"","meta":{"_links_to":"","_links_to_target":""},"product_cat":[1595],"product_tag":[],"class_list":{"0":"post-23833","1":"product","2":"type-product","3":"status-publish","4":"has-post-thumbnail","6":"product_cat-4c-led-monitor-kauf","7":"pa_projektierung-wand-bis-40m-1-projektierung-vorlautberatung-bis-8-std-pauschal-65000e","8":"pa_projektierung-wand-bis-40m-2-projektierung-fahrkosten-zum-objekt-bis-100km-pauschal-15000e","9":"pa_projektierung-wand-bis-40m-3-je-mehr-km-nach-google-maps-hin-zurueck-je-km-140e","10":"pa_projektierung-wand-bis-40m-4-vorentwuerfe-layout-1x-korrekturabzug-pauschal-18000e","11":"pa_projektierung-wand-bis-40m-5-lageplananforderung-planungslayout-aufsicht-12000e","12":"pa_projektierung-wand-bis-40m-6-bauanstragsstellung-nach-projektierung-baubeschreibung-35000e","13":"pa_projektierung-wand-bis-40m-7-fachplanung-anschluss-zuleitung-detailerkennung-bis-3-std-25000e","14":"pa_projektierung-wand-bis-40m-8-weitere-projektierung-details-beratungsstunde-je-9000e","15":"pa_projektierung-wand-bis-40m-9-statik-fuer-montage-anlage-35000e","16":"pa_projektierung-wand-bis-40m-10-schulung-ihrer-mitarbeiter-auf-led-wand-software-je-3-std-33000e","17":"pa_projektierung-wand-bis-40m-11-std-lohn-monteur-support-je-8000e","19":"first","20":"instock","21":"taxable","22":"shipping-taxable","23":"purchasable","24":"product-type-variable","25":"has-featured-image","26":"square"},"_links":{"self":[{"href":"https:\/\/citmax.de\/index.php?rest_route=\/wp\/v2\/product\/23833","targetHints":{"allow":["GET"]}}],"collection":[{"href":"https:\/\/citmax.de\/index.php?rest_route=\/wp\/v2\/product"}],"about":[{"href":"https:\/\/citmax.de\/index.php?rest_route=\/wp\/v2\/types\/product"}],"replies":[{"embeddable":true,"href":"https:\/\/citmax.de\/index.php?rest_route=%2Fwp%2Fv2%2Fcomments&post=23833"}],"wp:featuredmedia":[{"embeddable":true,"href":"https:\/\/citmax.de\/index.php?rest_route=\/wp\/v2\/media\/23996"}],"wp:attachment":[{"href":"https:\/\/citmax.de\/index.php?rest_route=%2Fwp%2Fv2%2Fmedia&parent=23833"}],"wp:term":[{"taxonomy":"product_cat","embeddable":true,"href":"https:\/\/citmax.de\/index.php?rest_route=%2Fwp%2Fv2%2Fproduct_cat&post=23833"},{"taxonomy":"product_tag","embeddable":true,"href":"https:\/\/citmax.de\/index.php?rest_route=%2Fwp%2Fv2%2Fproduct_tag&post=23833"}],"curies":[{"name":"wp","href":"https:\/\/api.w.org\/{rel}","templated":true}]}}