{"id":24032,"date":"2019-10-04T13:01:28","date_gmt":"2019-10-04T11:01:28","guid":{"rendered":"http:\/\/citmax.de\/?product=led-mast-h800cm-mit-4c-led-monitor-4-varianten"},"modified":"2019-10-04T13:23:12","modified_gmt":"2019-10-04T11:23:12","slug":"led-mast-h800cm-mit-4c-led-monitor-4-varianten","status":"publish","type":"product","link":"https:\/\/citmax.de\/?product=led-mast-h800cm-mit-4c-led-monitor-4-varianten","title":{"rendered":"3) LED-Mast H800cm mit 4c-LED-Monitor, 4 Varianten"},"content":{"rendered":"<p><strong>Hier 10 wichtige Infos zu unseren LED-Mastanlagen:<\/strong><br \/>\n1) Sie erhalten alle Leistungen alle Gewerke komplett aus einer Hand!<br \/>\n2) Wir k\u00fcmmern uns um die Statik und die Berechnung f\u00fcr Mast und Fundament.<br \/>\n3) Sie stellen vorab die Bauvoranfrage, wir unterst\u00fctzen Sie beim Bauantrag.<br \/>\n4) Unser Team erstellt den Fundamentaushub, der Bodenaushub wird da neben<br \/>\nverteilt oder zzgl. Entsorgung, Containerstellung und Abstransport.<br \/>\n5) Der Stahlbau ist verzinkt, inkl. aller Verbindungsteile frei Haus angeliefert.<br \/>\n6) Unser Montageteam baut fix und fertig auf, inkl. dem LED-Monitor.<br \/>\n7) Wir bringen den LED-Wandsteuerungs-PC + Controller mit, weisen Sie ein.<br \/>\n8) Bis 50m CAT7\/Strom-Anschlusskabel bringen wir mit, Sie verlegen.<br \/>\n9) Die Anlage wird Ihnen fertig betriebsbereit \u00fcbergeben.<br \/>\n10) F\u00fcr Support stehen wir stets zur Verf\u00fcgung!<\/p>\n<p>Hier 10 wichtige Infos zu unseren CitLED-Modulen.<br \/>\n<strong>1) Die LED Moduel von Citmax haben sich millionenfach bew\u00e4hrt<\/strong><br \/>\nund werden nicht nur in Asien und den USA, sondern nahe zu<br \/>\nbei allen f\u00fchrenden Werbeanlagenherstellern weltweit verbaut.<br \/>\nBitte bedenken Sie, das die CitLED-Anlagen schon seit Jahrzehnten<br \/>\nin allen Metropolen der Welt, zu den meist verbauten LED-Panells geh\u00f6ren.<br \/>\nSie k\u00f6nnen also davon ausgehen, das Sie ein ausgereiftes Produkt bekommen!<\/p>\n<p><strong>2) Die Ersatzteilversorgung ist hervorragend,<\/strong> denn \u00fcber Citmax sind die<br \/>\nErsatzmodule auch noch nach vielen Jahren erh\u00e4ltlich. Sie erhalten bei jeder<br \/>\nLieferung automatisch Ersatzmodule beigelegt, so das Sie mit der sp\u00e4teren<br \/>\nVersorgung v\u00f6llig autark sind.<br \/>\nCitmax ist der einzigste Anbieter bundesweit, der Ihnen so immer und sofort<br \/>\nZugriff auf alle relavanten Bauteile erm\u00f6glicht.<\/p>\n<p><strong>3) CitLED-Anlagen sind immer gepr\u00fcft, <\/strong>abgenommen<br \/>\nund werden nur funktionsbereit an Sie \u00fcbergeben. Sie bestimmen ob Sie die<br \/>\nInbetriebnahme bei Eigeninstallation mit eigenem know how durchf\u00fchren oder<br \/>\nwir Sie von der Projektierung, Lieferung bis zur Inbetriebnahme und Schulung<br \/>\nder Anlage mit Einweisung in die Software betreuen. Die Anwendung und<br \/>\nSteuerung der Anlage ist sehr einfach, \u00fcber Windows mit Men\u00fc gef\u00fchrter<br \/>\nOberfl\u00e4che, die auf dem sep. beiliegenden PC-System installiert ist.<strong><br \/>\n<\/strong><strong><br \/>\n4) Sie k\u00f6nnen CitLED selber konfektionieren<\/strong>, die Modulerahmen im<br \/>\nInnenbereich selber montieren und anschliessen, sofern Sie Werbetechniker<br \/>\noder Fachbetrieb sind und \u00fcber ausreichendes know how verf\u00fcgen.<br \/>\nSie entscheiden schon bei Bestellung, in wie weit Ihr Citmax-Team Sie<br \/>\nunterst\u00fctzt.<br \/>\n<strong><br \/>\n5) Auf Wunsch erhalten Sie die CitLED-Anlagen f\u00fcr den Aussenbereich<br \/>\n<\/strong>f\u00fcr Wand- oder Mastmontage komplett <strong>mit Montageunterkonstruktion<br \/>\n<\/strong>als fertige Systeml\u00f6sung von Citmax, so das diese nur noch vor Ort<br \/>\nmontiert werden muss. Sie entscheiden ob Sie montieren oder<br \/>\nCitmax f\u00fcr Sie montiert.<br \/>\n<strong><br \/>\n6) Sie erhalten nach Auswahl CitLED-Anlagen mit sep. PC<\/strong>,<br \/>\nincl. Betriebssystem, Monitor, Maus, Tastatur und eingespielter Steuerungs-<br \/>\nSoftware, als autarke L\u00f6sung, mit sep. Controller f\u00fcr die 4c-Bildsteuerung.<br \/>\n<strong><br \/>\n7) Optional k\u00f6nnen Sie das CitWebCAM-System<\/strong> (f\u00fcr den Aussenwerbebereich<br \/>\ninteressant) mitbestellen. Es handelt sich um eine separate vor der Bildfl\u00e4che<br \/>\naufgebaute webCam, so das Sie sofort \u00fcberpr\u00fcfen k\u00f6nnen, welche Einstellung Sie<br \/>\nam PC vornehmen und welches finale Bild auf dem Bildschirm in Echtzeit<br \/>\nproduziert wird.<br \/>\nSie sparen sich so das Nachkontrollieren der Einstellungen, da Sie sofort das<br \/>\nLive-Bild verfolgen k\u00f6nnen. Sie sehen stets das org. Bild der 4cLED-Wand via<br \/>\nCitWebCAM auf Ihrem PC.<br \/>\nDie CitWebCAM kann auch per App auf Ihr Handy oder Tablett eingerichtet werden,<br \/>\nso das Sie autark verfolgen k\u00f6nnen, was Live auf der CitLED Wand<br \/>\nf\u00fcr Werbeclips abgespielt werden.<\/p>\n<p><strong>8) Sie w\u00e4hlen Ihre CitLED-Anlagengr\u00f6\u00dfe immer in 32cm Formatschritten<\/strong> aus,<br \/>\nda jedes Modul 32 x 32cm gro\u00df ist.<br \/>\nDas bedeutet, die finale Anlagengr\u00f6\u00dfe muss immer glatt durch 32 teilbar sein,<br \/>\n(z.B. 160 x 96 cm sind 5\u00d73 Module), weil die LED-Module im Standard 32x32cm<br \/>\ngro\u00df sind. Selbstverst\u00e4ndlich sind auch andere LED-Module verf\u00fcg- und<br \/>\nkonfektionierbar, jedoch bietet Ihnen so Citmax den besten Preis<br \/>\nf\u00fcr Standard-Systemgr\u00f6\u00dfen an.<\/p>\n<p><strong>9) Die LED-Anlagen-Projektierung<\/strong> k\u00f6nnen Sie selber gemeinsam mit Ihrem<br \/>\nKunden durchf\u00fchren. Sollten Sie die Anlage f\u00fcr sich selber planen, beachten<br \/>\nSie bitte die wesentlichen Punkte:<br \/>\nAuswahl der Gr\u00f6\u00dfe, Betrachtungsabstand, Pixelanzahl (Basispixel 6.6),<br \/>\nPlanung Aufma\u00df Montagerahmen, Statik, Montagerahmenfertigung,<br \/>\nZuluft\/Abluft\/K\u00fchlung der Anlage, zugelassene Befestigungsmittel sowie<br \/>\ndie Zuleitung f\u00fcr Strom, Netzwerk (Cat7 Kabel) und Standort<br \/>\nPC\/Controller sollten sinnvoll ausgew\u00e4hlt werden, damit die Anlage sicher<br \/>\nbetrieben werden kann.<br \/>\nSollten Sie die Projektierung nicht selber zuverl\u00e4ssig und ganzheitlich durchf\u00fchren<br \/>\nk\u00f6nnen, empfehlen wir, das Sie die Citmax-LED-Projektierung dazu buchen.<\/p>\n<p><strong>10) Die Pixelanzahl und Aufl\u00f6sung der LED-Anlage<\/strong> ist vom<br \/>\nBetrachtungsabstand und der gew\u00fcnschten LED-Auswahl abh\u00e4ngig.<br \/>\nJe feiner die Aufl\u00f6sung desto mehr Mini-LEDs werden auf der Fl\u00e4che<br \/>\nper inch verbaut. Dies k\u00f6nnen Sie bei der Projektierung ber\u00fccksichtigen.<br \/>\nIm Citmax 4C-LED-Shop sind Module mit P6.6 zugrund gelegt, da dies das<br \/>\ng\u00e4ngigste Modul ist und Sie hiermit gut zurecht kommen, sofern der<br \/>\nBetrachtungsabstand \u00fcber 10 m liegt, wovon man bei Wandanlagen im<br \/>\nAussenbereich und Mastanlagen ausgehen kann.<\/p>\n","protected":false},"excerpt":{"rendered":"<p><strong>LED-Werbemast &#8211; 1-oder 2-seitig (nach Wahl)<br \/>\n<\/strong>komplett mit 4c-LED-Wand, betriebsbereit \u00fcbergeben:<br \/>\ninkl. 4c LED-Gro\u00dfbildmonitor<br \/>\ninkl. SteuerungsPC mit Windows-Oberfl\u00e4che,<br \/>\ninkl. Programm, Controller und je 50m Elt.- und Cat7-<br \/>\nAnschlu\u00dfkabel, betriebsbereit \u00fcbergeben<br \/>\ninkl. 3 Stunden Einweisung oder 3 x Tel.-Support<br \/>\ninkl. Statik, Fundament, verzinkter Stahlbau, fertig montiert!<strong><\/strong><br \/>\n<span style=\"color: #ff0000;\"><strong>So stellen Sie sich Ihr Angebot zusammen:<\/strong><\/span><br \/>\nSchwarzen Balken mit \u201cAusf\u00fchrung w\u00e4hlen\u2026\u201d anklicken,<br \/>\n<span style=\"color: #ff0000;\"><strong>Auswahl nach und nach in den Warenkorb packen.<\/strong><\/span><br \/>\nW\u00e4hlen Sie Pos. A\/B\/C oder D in 1-seitig oder 2-seitig aus,<br \/>\nnach und nach<br \/>\nstellen Sie sich Ihr Angebot im Warenkorb zusammen.<br \/>\n<span style=\"color: #ff0000;\"><strong>Warenkorb \u00f6ffnen und mit Browser ausdrucken.<\/strong><\/span><br \/>\n<span style=\"color: #008000;\"><strong>Sie k\u00f6nnen jedes Format \/ Preis hier kalkulieren!<\/strong><\/span><br \/>\nSie fragen bei uns an oder bestellen \u00fcber den Warenkorb<br \/>\n\u2013 Sie kaufen auf Rechnung gegen Vorkasse erst nach<br \/>\nseparater Rechnung\/Best\u00e4tigung. Bestellen Sie ohne Risiko!<\/p>\n","protected":false},"featured_media":24047,"comment_status":"closed","ping_status":"closed","template":"","meta":{"_links_to":"","_links_to_target":""},"product_cat":[1534,1597],"product_tag":[],"class_list":{"0":"post-24032","1":"product","2":"type-product","3":"status-publish","4":"has-post-thumbnail","6":"product_cat-led-wand","7":"product_cat-4c-led-monitor-mast-kauf","8":"pa_led-monitor-mastmontage-m1-mastled-system-a-1-seitig-mit-led-anschlussfertig-montiert","9":"pa_led-monitor-mastmontage-m2-mastled-system-a-2-seitig-mit-led-anschlussfertig-montiert","10":"pa_led-monitor-mastmontage-m3-aufpreis-wartungsbuehne-a-rueckseitig-1-seitig-je-seite","11":"pa_led-monitor-mastmontage-m4-mastled-system-b-1-seitig-mit-led-anschlussfertig-montiert","12":"pa_led-monitor-mastmontage-m5-mastled-system-b-2-seitig-mit-led-anschlussfertig-montiert","13":"pa_led-monitor-mastmontage-m6-aufpreis-wartungsbuehne-b-rueckseitig-1-seitig-je-seite","14":"pa_led-monitor-mastmontage-m7-mastled-system-c-1-seitig-mit-led-anschlussfertig-montiert","15":"pa_led-monitor-mastmontage-m8-mastled-system-c-2-seitig-mit-led-anschlussfertig-montiert","16":"pa_led-monitor-mastmontage-m9-aufpreis-wartungsbuehne-c-rueckseitig-1-seitig-je-seite","17":"pa_led-monitor-mastmontage-m10-mastled-system-d-1-seitig-mit-led-anschlussfertig-montiert","18":"pa_led-monitor-mastmontage-m11-komplett-mastanlage-d-2-seitig-mit-led-anschlussfertig-montiert","19":"pa_led-monitor-mastmontage-m12-aufpreis-wartungsbuehne-d-rueckseitig-1-seitig-je-seite","20":"pa_led-monitor-mastmontage-m13-projektierung-mastledanlage-fuer-ihr-objekt-1x-besuch-bis-100km-65000e","21":"pa_led-monitor-mastmontage-m14-je-mehr-km-nach-google-maps-hin-rueckfahrt-ab-200-km-je-km-140e","23":"first","24":"instock","25":"taxable","26":"shipping-taxable","27":"purchasable","28":"product-type-variable","29":"has-featured-image","30":"square"},"_links":{"self":[{"href":"https:\/\/citmax.de\/index.php?rest_route=\/wp\/v2\/product\/24032","targetHints":{"allow":["GET"]}}],"collection":[{"href":"https:\/\/citmax.de\/index.php?rest_route=\/wp\/v2\/product"}],"about":[{"href":"https:\/\/citmax.de\/index.php?rest_route=\/wp\/v2\/types\/product"}],"replies":[{"embeddable":true,"href":"https:\/\/citmax.de\/index.php?rest_route=%2Fwp%2Fv2%2Fcomments&post=24032"}],"wp:featuredmedia":[{"embeddable":true,"href":"https:\/\/citmax.de\/index.php?rest_route=\/wp\/v2\/media\/24047"}],"wp:attachment":[{"href":"https:\/\/citmax.de\/index.php?rest_route=%2Fwp%2Fv2%2Fmedia&parent=24032"}],"wp:term":[{"taxonomy":"product_cat","embeddable":true,"href":"https:\/\/citmax.de\/index.php?rest_route=%2Fwp%2Fv2%2Fproduct_cat&post=24032"},{"taxonomy":"product_tag","embeddable":true,"href":"https:\/\/citmax.de\/index.php?rest_route=%2Fwp%2Fv2%2Fproduct_tag&post=24032"}],"curies":[{"name":"wp","href":"https:\/\/api.w.org\/{rel}","templated":true}]}}