{"id":24251,"date":"2019-10-11T15:19:49","date_gmt":"2019-10-11T13:19:49","guid":{"rendered":"http:\/\/citmax.de\/?post_type=product&#038;p=24251"},"modified":"2022-03-07T15:20:48","modified_gmt":"2022-03-07T14:20:48","slug":"p15-stellplatz-profi-sucht-prototkolliert-stellplaetze-und-plaziert-ihre-werbung","status":"publish","type":"product","link":"https:\/\/citmax.de\/?product=p15-stellplatz-profi-sucht-prototkolliert-stellplaetze-und-plaziert-ihre-werbung","title":{"rendered":"P15: Stellplatz-Profi sucht, prototkolliert Stellpl\u00e4tze und plaziert Ihre Werbung."},"content":{"rendered":"<p><strong>Unser Stellplatz-Profi findet f\u00fcr Sie die besten Stellpl\u00e4tze!<\/strong><\/p>\n<p>Es ist wichtig, dass so viele Leute wie m\u00f6glich Ihren Werbeanh\u00e4nger zu Gesicht bekommen. Deswegen sucht unser Profi gut sichtbare Standpl\u00e4tze and viel befahrenen Stra\u00dfen.<\/p>\n","protected":false},"excerpt":{"rendered":"<p>Hier erfolgt die Auswahl des richtigen Montageger\u00e4tes.<br \/>\n<strong>W\u00e4hlen Sie: schwarzes Auswahlfeld anklicken,<\/strong><br \/>\n<strong>Auswahl nach und nach in den Warenkorb packen.<\/strong><\/p>\n","protected":false},"featured_media":24263,"comment_status":"closed","ping_status":"closed","template":"","meta":{"_links_to":"","_links_to_target":""},"product_cat":[538],"product_tag":[],"class_list":{"0":"post-24251","1":"product","2":"type-product","3":"status-publish","4":"has-post-thumbnail","6":"product_cat-projekt-scouts-montagegeraete-krane-hubsteiger-fahrzeuge-kleinmaterial","7":"pa_p15-stellplaetze-aufpreis-km-pauschale-fuer-stellplatz-suche-ab-101-km-pro-km-145e","8":"pa_p15-stellplaetze-aufpreis-stellplatz-protokoll-mit-karteexcel-liste-mit-standortangabe-a4-script-mit-mail-an-kunde-pauschal-16000e","9":"pa_p15-stellplaetze-pauschale-stellplatzsuche-fuer-1-werbeanhaenger-bis-100km-von-division-pauschal-25000e","10":"pa_p15-stellplaetze-pauschale-stellplatzsuche-fuer-je-weitere-werbeanhaenger-bis-100km-von-division-pauschal-19000e","11":"pa_p15-stellplaetze-stellplatz-suche-fuer-werbefahrzeugeanhaenger-oder-werbeflaechenplazierung-bis-4std-bi-50km-umkreis-um-division-pauschal-25000e","12":"pa_p15-stellplaetze-stellplatz-suche-fuer-werbefahrzeugeanhaenger-oder-werbeflaechenplazierung-bis-8std-bis-100km-umkreis-um-division-pauschal-49000e","13":"pa_p15-stellplaetze-werbeflaechenplatzierung-guerillia-marketing-bis-4-std-29000e","14":"pa_p15-stellplaetze-werbeflaechenplatzierung-guerillia-marketing-bis-8-std-55000e","16":"first","17":"instock","18":"taxable","19":"shipping-taxable","20":"purchasable","21":"product-type-variable","22":"has-default-attributes","23":"has-featured-image","24":"portrait"},"_links":{"self":[{"href":"https:\/\/citmax.de\/index.php?rest_route=\/wp\/v2\/product\/24251","targetHints":{"allow":["GET"]}}],"collection":[{"href":"https:\/\/citmax.de\/index.php?rest_route=\/wp\/v2\/product"}],"about":[{"href":"https:\/\/citmax.de\/index.php?rest_route=\/wp\/v2\/types\/product"}],"replies":[{"embeddable":true,"href":"https:\/\/citmax.de\/index.php?rest_route=%2Fwp%2Fv2%2Fcomments&post=24251"}],"wp:featuredmedia":[{"embeddable":true,"href":"https:\/\/citmax.de\/index.php?rest_route=\/wp\/v2\/media\/24263"}],"wp:attachment":[{"href":"https:\/\/citmax.de\/index.php?rest_route=%2Fwp%2Fv2%2Fmedia&parent=24251"}],"wp:term":[{"taxonomy":"product_cat","embeddable":true,"href":"https:\/\/citmax.de\/index.php?rest_route=%2Fwp%2Fv2%2Fproduct_cat&post=24251"},{"taxonomy":"product_tag","embeddable":true,"href":"https:\/\/citmax.de\/index.php?rest_route=%2Fwp%2Fv2%2Fproduct_tag&post=24251"}],"curies":[{"name":"wp","href":"https:\/\/api.w.org\/{rel}","templated":true}]}}