{"id":24308,"date":"2019-10-15T14:49:25","date_gmt":"2019-10-15T12:49:25","guid":{"rendered":"http:\/\/citmax.de\/?post_type=product&#038;p=24308"},"modified":"2019-10-15T16:11:03","modified_gmt":"2019-10-15T14:11:03","slug":"citcam","status":"publish","type":"product","link":"https:\/\/citmax.de\/?product=citcam","title":{"rendered":"4cLED Monitor \u00dcberwachungskamera"},"content":{"rendered":"","protected":false},"excerpt":{"rendered":"<p>\u00dcberwachungskamera zum \u00dcberwachen des LED-Monitors.<\/p>\n","protected":false},"featured_media":24329,"comment_status":"closed","ping_status":"closed","template":"","meta":{"_links_to":"","_links_to_target":""},"product_cat":[1596,1598],"product_tag":[],"class_list":{"0":"post-24308","1":"product","2":"type-product","3":"status-publish","4":"has-post-thumbnail","6":"product_cat-4c-led-monitor-leasing","7":"product_cat-4c-led-monitor-mast-leasing","9":"first","10":"instock","11":"taxable","12":"shipping-taxable","13":"product-type-simple","14":"has-featured-image","15":"square"},"_links":{"self":[{"href":"https:\/\/citmax.de\/index.php?rest_route=\/wp\/v2\/product\/24308","targetHints":{"allow":["GET"]}}],"collection":[{"href":"https:\/\/citmax.de\/index.php?rest_route=\/wp\/v2\/product"}],"about":[{"href":"https:\/\/citmax.de\/index.php?rest_route=\/wp\/v2\/types\/product"}],"replies":[{"embeddable":true,"href":"https:\/\/citmax.de\/index.php?rest_route=%2Fwp%2Fv2%2Fcomments&post=24308"}],"wp:featuredmedia":[{"embeddable":true,"href":"https:\/\/citmax.de\/index.php?rest_route=\/wp\/v2\/media\/24329"}],"wp:attachment":[{"href":"https:\/\/citmax.de\/index.php?rest_route=%2Fwp%2Fv2%2Fmedia&parent=24308"}],"wp:term":[{"taxonomy":"product_cat","embeddable":true,"href":"https:\/\/citmax.de\/index.php?rest_route=%2Fwp%2Fv2%2Fproduct_cat&post=24308"},{"taxonomy":"product_tag","embeddable":true,"href":"https:\/\/citmax.de\/index.php?rest_route=%2Fwp%2Fv2%2Fproduct_tag&post=24308"}],"curies":[{"name":"wp","href":"https:\/\/api.w.org\/{rel}","templated":true}]}}