{"id":2932,"date":"2013-11-14T14:20:17","date_gmt":"2013-11-14T13:20:17","guid":{"rendered":"http:\/\/bauschild-miete.de\/?post_type=product&#038;p=2932"},"modified":"2022-03-07T13:53:27","modified_gmt":"2022-03-07T12:53:27","slug":"uebernachtungspauschale","status":"publish","type":"product","link":"https:\/\/citmax.de\/?product=uebernachtungspauschale","title":{"rendered":"P10: MontageProfis, Helfer, Fahrzeugkosten PKW bis LKW, Speesen\/\u00dcbernachtung"},"content":{"rendered":"<p><strong>Eigenleistung kostet nichts!\u00a0<\/strong> Aber was machen, wenn die Montagearbeit zu kompliziert, zu schwierig oder in einem angemessenen Zeitrahmen nicht zu schaffen ist? Dann gibt es die erfahrenen Citmax-MontageProfis, die qualifiziert und handwerklich begabt die Montagen, in nahezu aller Art, durchf\u00fchren k\u00f6nnen. F\u00fcr normale Montageeins\u00e4tze, die vom manpower-Einsatz mit einem Mann zu schaffen sind, senden wir Ihnen den MontageProfi, der sein Kleinwerkzeug stets dabei hat. F\u00fcr umfangreichere Arbeiten kommt das CitmaxMontageTeam zum Einsatz. Beide, Team oder Profi k\u00f6nnen Sie stundenweise, zum g\u00fcnstigen Halbtagesatz oder g\u00fcnstigen Volltagssatz buchen. Sollten Sonderwerkzeuge wie Ger\u00fcst, Hubsteiger\/LKW oder z.B. Stemmwerkzeuge oder Fachpersonal wie z.B. Elektriker ben\u00f6tig werden, dann einfach unter <strong>P13<\/strong>, <strong>P21<\/strong>, <strong>P22<\/strong> dazu buchen. Wenn der normale Tagesmontageeinsatz nicht ausreicht, Termindruck ist, sind die Citmax-Monteure unerm\u00fcdlich! Dann k\u00f6nnen Sie unter <strong>P24<\/strong>\u00a0\u00dcberstundenzuschl\u00e4ge und Nachzuschl\u00e4ge dazu f\u00fcgen. <strong>Gemeinsam mit Ihrem CitmaxProfi kl\u00e4ren Sie zuvor die Einsatzzeiten der Monteure.<\/strong> Ggf. sind \u00dcbernachtungskosten, Speesen und Verpflegungspauschalen je nach Einsatzzeit zu kalkulieren. Manchmal kann es g\u00fcnstiger sein, die MontageProfi in der N\u00e4he in einer Pension \/ im Hotel unter zu bringen,\u00a0als das am n\u00e4chsten Tag erneute Fahrtkosten vom Divisionsstandort zum Montageort zu kalkulieren. <strong>Hier w\u00e4gen Sie am besten gemeinsam mit dem\u00a0CitmaxProfi ab.<\/strong> Alle Hilfsger\u00e4te\/Fahrzeuge sind in verst\u00e4ndlichen und \u00fcbersichtlichen Pauschalen zusammengef\u00fcgt und k\u00f6nnen von Ihnen nach und nach in dem Warenkorb erg\u00e4nzt werden. Hubsteiger, Krane etc. finden Sie unter <strong>P13<\/strong>.<\/p>\n","protected":false},"excerpt":{"rendered":"<p>Hier f\u00fcgen Sie die Montage- und Fahrzeugkosten sowie Sonderleistungen zusammen.<strong> W\u00e4hlen Sie: schwarzes Auswahlfeld anklicken,<\/strong> <strong>Auswahl nach und nach in den Warenkorb packen.<\/strong><\/p>\n","protected":false},"featured_media":24283,"comment_status":"open","ping_status":"closed","template":"","meta":{"_links_to":"","_links_to_target":""},"product_cat":[59,538],"product_tag":[],"class_list":{"0":"post-2932","1":"product","2":"type-product","3":"status-publish","4":"has-post-thumbnail","6":"product_cat-projektierung-planung-entwurf-zubehoer-montage","7":"product_cat-projekt-scouts-montagegeraete-krane-hubsteiger-fahrzeuge-kleinmaterial","8":"pa_montagescout-helfer-scout-ohne-besondere-qualifikation-perfekt-als-erfahrener-2ter-monteur-pro-stunde-2900-e","9":"pa_montagescout-montage-scout-mit-erfahrung-und-qualifikation-als-monteur-incl-kleinwerkzeug-pro-stunde-4500-e","10":"pa_montagescout-montageteam-2-aufeinander-eingespielte-montage-scouts-incl-werkzeug-pro-stunde-8600-e","11":"pa_montagescout-montageteam-2-aufeinander-eingespielte-montage-scouts-incl-werkzeug-bis-5-std-halbtags-pauschal-39000-e","12":"pa_montagescout-montageteam-2-aufeinander-eingespielte-montage-scouts-incl-werkzeug-bis-10-std-ganztaegig-pauschal-75500-e","13":"pa_montagescout-anfahrt-montage-oder-projektscout-1-mann-im-pkwmontagewagen-bis-50km-ab-division-pauschal-6500-e","14":"pa_montagescout-aufpreis-anfahrt-montage-oder-projektscout-1-mann-im-pkwmontagewagen-ab-51km-pauschal-je-km-125-e","15":"pa_montagescout-aufpreis-anfahrt-montageteam-2-mann-je-zusaetzl-monteur-ab-division-nach-googlemaps-je-monteur-je-km-045-e","16":"pa_montagescout-anfahrt-transporter-l300cm-lkw-bis-35-to-bis-100km-ab-division-pauschal-11900-e","17":"pa_montagescout-aufpreis-anfahrt-transporter-l300cm-bis-35to-ab-101km-ab-division-nach-google-maps-je-mehr-km-je-190-e","18":"pa_montagescout-aufpreis-transporter-bis-400cm-ladeflaechepro-tag-oder-anhaenger-mittel-10to-mit-plane-pauschal-je-tag-5000-e","19":"pa_montagescout-aufpreis-transporter-bis-500cm-ladeflaechepro-tag-oder-anhaenger-gross-25to-pauschal-je-tag-11000-e","20":"pa_montagescout-aufpreis-lkw-75-to-kofferplanepritsche-bis-600cm-ladeflaechepro-tag-26000-e","21":"pa_montagescout-aufpreis-anfahrt-lkw-ab-35-bis-75to-ab-101km-ab-division-nach-google-maps-je-mehr-km-je-250","22":"pa_montagescout-anfahrt-grosslkw-zuladung-bis-5-to-oder-sattelzug-bis-1200cm-ladeflaechepro-tag-44000-e","23":"pa_montagescout-aufpreis-anfahrt-lkw-bis-12msattel-bis-12to-ab-101km-ab-division-nach-google-maps-je-mehr-km-je-350-e","24":"pa_montagescout-speesen-verpflegungspauschale-volltag-24-std-anzahl-tage-waehlen-je-halbtagje-person-2400-e","25":"pa_montagescout-speesen-verpflegungspauschale-halbtags-8-bis-12-std-anzahl-tage-waehlen-je-halbtagje-person-1200-e","26":"pa_montagescout-einzeluebernachtung-incl-organisationzimmerbuchung-pro-nacht-5200-e","27":"pa_montagescout-2er-team-uebernachtung-im-doppelzimmer-incl-organisationzimmerbuchung-pro-nacht-7500-e","29":"first","30":"instock","31":"taxable","32":"shipping-taxable","33":"purchasable","34":"product-type-variable","35":"has-default-attributes","36":"has-featured-image","37":"portrait"},"_links":{"self":[{"href":"https:\/\/citmax.de\/index.php?rest_route=\/wp\/v2\/product\/2932","targetHints":{"allow":["GET"]}}],"collection":[{"href":"https:\/\/citmax.de\/index.php?rest_route=\/wp\/v2\/product"}],"about":[{"href":"https:\/\/citmax.de\/index.php?rest_route=\/wp\/v2\/types\/product"}],"replies":[{"embeddable":true,"href":"https:\/\/citmax.de\/index.php?rest_route=%2Fwp%2Fv2%2Fcomments&post=2932"}],"wp:featuredmedia":[{"embeddable":true,"href":"https:\/\/citmax.de\/index.php?rest_route=\/wp\/v2\/media\/24283"}],"wp:attachment":[{"href":"https:\/\/citmax.de\/index.php?rest_route=%2Fwp%2Fv2%2Fmedia&parent=2932"}],"wp:term":[{"taxonomy":"product_cat","embeddable":true,"href":"https:\/\/citmax.de\/index.php?rest_route=%2Fwp%2Fv2%2Fproduct_cat&post=2932"},{"taxonomy":"product_tag","embeddable":true,"href":"https:\/\/citmax.de\/index.php?rest_route=%2Fwp%2Fv2%2Fproduct_tag&post=2932"}],"curies":[{"name":"wp","href":"https:\/\/api.w.org\/{rel}","templated":true}]}}