{"id":2942,"date":"2013-11-14T14:49:27","date_gmt":"2013-11-14T13:49:27","guid":{"rendered":"http:\/\/bauschild-miete.de\/?post_type=product&#038;p=2942"},"modified":"2022-03-07T14:11:39","modified_gmt":"2022-03-07T13:11:39","slug":"pkw-pauschale","status":"publish","type":"product","link":"https:\/\/citmax.de\/?product=pkw-pauschale","title":{"rendered":"P12: Aufpreise nur Fahrzeuge, Anh\u00e4nger, KM, Fahrer"},"content":{"rendered":"<p>F\u00fcr besondere Montageeins\u00e4tze kann spezielles Equipement notwendig sein.<br \/>\nCitmax hat einen gro\u00dfen Fahrzeugpark, auch mit Anh\u00e4ngern, Transportern und LKW&#8217;s. Vermietungsdienstleister erm\u00f6glichen Citmax zus\u00e4tzlich bundesweit attraktive Konditionen, die wir an \u00a0CitmaxKunden hier weitergeben k\u00f6nnen.<br \/>\nW\u00e4hlen Sie das notwendige Fahrzeug und den ggf. notwendigen Transportanh\u00e4nger, auch die Lohnkosten f\u00fcr Fahrer\/Transporteur kann, nach realistischer Zeiteinsch\u00e4tzung, mit der jeweiligen Stundenanzahl in den Warenkorb gepackt werden.<br \/>\nFragen Sie Ihren CitmaxProfi nach Erfahrungswerten f\u00fcr den jeweiligen Zeiteinsatz, damit Ihre Zeitkalkulation stimmt.<\/p>\n","protected":false},"excerpt":{"rendered":"<p>Erg\u00e4nzen Sie hier die notwendigen Fahrzeuge \/ Anh\u00e4nger zur<br \/>\nMontage\/Auslieferung und Realisierung Ihres Projektes.<strong><br \/>\nW\u00e4hlen Sie: schwarzes Auswahlfeld anklicken,<\/strong><br \/>\n<strong>Auswahl nach und nach in den Warenkorb packen.<\/strong><\/p>\n","protected":false},"featured_media":21881,"comment_status":"open","ping_status":"closed","template":"","meta":{"_links_to":"","_links_to_target":""},"product_cat":[59,538],"product_tag":[],"class_list":{"0":"post-2942","1":"product","2":"type-product","3":"status-publish","4":"has-post-thumbnail","6":"product_cat-projektierung-planung-entwurf-zubehoer-montage","7":"product_cat-projekt-scouts-montagegeraete-krane-hubsteiger-fahrzeuge-kleinmaterial","8":"pa_p12-pkw-lkw-anh-fahrzeug-standard-incl-steuerversicherung-ohne-treibstoff-ab-division-pro-tag","9":"pa_p12-pkw-lkw-anh-pkw-mittelklasse-incl-steuerversicherung-ohne-treibstoff-ab-division-pro-tag","10":"pa_p12-pkw-lkw-anh-fahrzeug-maxi-ausgestattetes-montagefahrzeug-incl-steuerversicherung-ohne-treibstoff-ab-division-pro-tag","11":"pa_p12-pkw-lkw-anh-pkw-anhaenger-bis-1-0-to-zuladung-incl-steuerversicherung-ab-division-pro-tag","12":"pa_p12-pkw-lkw-anh-pkw-anhaenger-pritscheplanekoffer-bis-1-6-to-zuladung-incl-steuerversicherung-ab-division-pro-tag","13":"pa_p12-pkw-lkw-anh-pkw-anhaenger-pritscheplanekoffer-bis-25to-zul-oder-spezialtransp-incl-steuerversicherung-ab-division-pro-tag","14":"pa_p12-pkw-lkw-anh-km-kosten-fuer-standardmedium-pauschal-mit-google-maps-pro-km-auswaehlen-je-090-e","15":"pa_p12-pkw-lkw-anh-km-kosten-fuer-maxi-pauschal-mit-google-maps-pro-km-auswaehlen-je-135-e","16":"pa_p12-pkw-lkw-anh-lohnkosten-fuer-fahrer-pro-stunde-3800-e","17":"pa_p12-pkw-lkw-anh-lohnkosten-fuer-fahrer-montagefahrzeug-bis-35-to-oder-lkw-bis-75-to-pro-stunde-4500-e","19":"first","20":"instock","21":"taxable","22":"shipping-taxable","23":"purchasable","24":"product-type-variable","25":"has-default-attributes","26":"has-featured-image","27":"portrait"},"_links":{"self":[{"href":"https:\/\/citmax.de\/index.php?rest_route=\/wp\/v2\/product\/2942","targetHints":{"allow":["GET"]}}],"collection":[{"href":"https:\/\/citmax.de\/index.php?rest_route=\/wp\/v2\/product"}],"about":[{"href":"https:\/\/citmax.de\/index.php?rest_route=\/wp\/v2\/types\/product"}],"replies":[{"embeddable":true,"href":"https:\/\/citmax.de\/index.php?rest_route=%2Fwp%2Fv2%2Fcomments&post=2942"}],"wp:featuredmedia":[{"embeddable":true,"href":"https:\/\/citmax.de\/index.php?rest_route=\/wp\/v2\/media\/21881"}],"wp:attachment":[{"href":"https:\/\/citmax.de\/index.php?rest_route=%2Fwp%2Fv2%2Fmedia&parent=2942"}],"wp:term":[{"taxonomy":"product_cat","embeddable":true,"href":"https:\/\/citmax.de\/index.php?rest_route=%2Fwp%2Fv2%2Fproduct_cat&post=2942"},{"taxonomy":"product_tag","embeddable":true,"href":"https:\/\/citmax.de\/index.php?rest_route=%2Fwp%2Fv2%2Fproduct_tag&post=2942"}],"curies":[{"name":"wp","href":"https:\/\/api.w.org\/{rel}","templated":true}]}}