{"id":4422,"date":"2013-11-17T08:06:42","date_gmt":"2013-11-17T07:06:42","guid":{"rendered":"http:\/\/bauschild-miete.de\/?product=gitternetzplane-mesh-b200-x-h100-cm-plane"},"modified":"2019-11-28T15:25:19","modified_gmt":"2019-11-28T14:25:19","slug":"gitternetzplane-mesh-b200-x-h100-cm","status":"publish","type":"product","link":"https:\/\/citmax.de\/?product=gitternetzplane-mesh-b200-x-h100-cm","title":{"rendered":"Gitternetzplane mesh Format bis B200 x H100 cm"},"content":{"rendered":"<p>Die\u00a0PVC-Gitternetzplanen, auch als mesh-Werbeplane bezeichnet, gibt es allen erdenklichen Formatgr\u00f6\u00dfen.<br \/>\nBei uns im Shop finden Sie die Basisgr\u00f6\u00dfen. Sollte das gew\u00fcnschte Format nicht genau vorhanden sein, w\u00e4hlen Sie einfach das n\u00e4chst gr\u00f6\u00dfere Format und vermerken Sie Ihren speziellen Sonderformatwunsch bei der Bestellung im Textfeld.<br \/>\nDie Gitternetzplanen werden auf bis zu 500 cm breiten 4-fbg. Gro\u00dfdrucksystemen hergestellt, im Randbereich ges\u00e4umt und mit Oesen mit Lochabstand 50 cm versehen.<br \/>\nSollten Sie einen geringeren Oesenabstand w\u00fcnschen, z.B. 40 cm oder gar 30 cm, k\u00f6nnen Sie diese Option einfach dazu buchen.<br \/>\nSollte das Banner in einer L\u00e4nge oder Breite gr\u00f6\u00dfer als 490 cm sein, wird das Banner entsprechend geteilt und in gedruckten Bahnen zusammen geschweisst. Diese Schweissnaht ist von weiten kaum sichtbar, ebenso sehr strapazierf\u00e4hig und reissfest\u00a0und ist bei diesen Gro\u00dfformatfertigungsverfahren der \u00fcbliche Weg solch \u00dcbergr\u00f6\u00dfen herzustellen.<br \/>\nSo ist die Fertigung im Gro\u00dfformat bis zu mehreren hundert qm Gr\u00f6\u00dfe m\u00f6glich.<\/p>\n<p>Sollte Ihr gew\u00fcnschtes Maximalformat in der Preisliste nicht vorhanden sein, k\u00f6nnen Sie die notwendigen Fl\u00e4chen im\u00a0Warenkorb zusammenstellen und kombinieren:<br \/>\n<strong>Beispiel:<\/strong>\u00a0Sie ben\u00f6tigen eine Gitternetzplane 600 x 1200 cm, dann buchen Sie einfach 2 Werbebanner 600 x 600 cm und beschreiben im Textfeld das es sich um ein Bannertuch Format 600 x 1200 cm handeln soll.<br \/>\nWir stellen dann dies nicht 2-teilig sondern 1-teilg in einem St\u00fcck wie oben beschrieben her.<\/p>\n<p><strong>Oder:<\/strong>\u00a0wenn das Banner f\u00fcr Ihre Fassade 800 x 3200 cm sein soll, dann\u00a0im Warenkorb 4 stck. 800 x 800 cm Banner bestellen und im Textfeld das Endformat beschreiben. Wir ber\u00fccksichtigen Ihre W\u00fcnsche!<\/p>\n<p>Die Werbebanner werden aus sehr stabilen, reissfesten, ca. 500gr. PVC-Gewebetuch hergestellt, \u00e4hnlich wie Sie diese vielleicht von LKW-Planen her kennen. Die Bedruckung ist witterungsbest\u00e4ndig und wird produziert von Ihrer zugesandten Druckdatei, die Sie bitte richtig proportional im Ma\u00dfstab 1:10 mit 300dpi anlegen.<br \/>\nIn der Regel werden uns Druckpdfs zugesandt. F\u00fcr die Datenerstellung die Farbgebung, die Aufl\u00f6sung der Bilder und das Korrekturlesen und Inhalt dieser fertigen Druckdatei sind Sie verantwortlich.<\/p>\n<p>Sollten Sie uns keine Druckdatei in den richtigen Proportionen zusenden k\u00f6nnen, kann die Dateierstellung ebenso von uns zum Selbstkostenpreis hergestellt werden, siehe Preisspalte\u00a0<strong>Druckdateierstellung<\/strong>\u00a0im Bereich\u00a0<a title=\"Link zu Zubeh\u00f6r.\" href=\"https:\/\/bauschild-miete.de\/?product_cat=alles-rund-um-das-bauschild\" target=\"_blank\">Zubeb\u00f6r<\/a><\/p>\n<p>Die Werbeplanen eignen sich sehr gut f\u00fcr Fassadenwerbung die gro\u00dffl\u00e4chig und g\u00fcnstig erfolgen soll.<br \/>\nVorteil dieser Gitternetzplane ist, das wenn diese vor Fenstern h\u00e4ngen, immer noch ein leichtes durchschauen m\u00f6glich ist. Von aussen betrachtet ist die Gitternetzplane etwas transluzenter als eine normale Werbeplane aus Vollmaterial, der Untergrund kann je nach Motiv etwas durchschimmern.<\/p>\n<p>Gitternetzplanen werden oft an normalen Gitter- oder Drahtgeflecht-Bauz\u00e4unen angewendet, aber auch f\u00fcr Ger\u00fcstwerbung sind diese Gitternetzplanen erste Wahl, da sie ca. 30% winddurchl\u00e4ssiger sind als winddichte normale Werbeplanen. Doch Achtung: gerade an so sensiblen Montageuntergr\u00fcnden wie Ger\u00fcstfl\u00e4chen oder Z\u00e4une ist die Standsicherheit stets zu pr\u00fcfen und ggf. von einem Statiker im Nachweis berechnen zu lassen!<br \/>\nDie Haltbarkeit der Gitternetzplanen ist erstaunlich lang, in der Regel werden Fassadenbanner kurzfristig f\u00fcr mehrere Monate verwendet, aber auch 1 oder gar 2 Jahre sind durchaus realistische Verwendungszeiten. Unsere Banner h\u00e4ngen teils noch nach 5 Jahren oder mehr, sofern der Kunde das Motiv nicht wechseln m\u00f6chte.<br \/>\nAls Gew\u00e4hrleistung geben wir 2 Jahre, sofern die Montage und Verspannung von uns erfolgt.<\/p>\n<p>Die Montage \/ Fixierung erfolgt mit Verschraubung durch die Oesen oder aber mit Verspannung mit einem Seil an bauseitig vorhandenen stabilen Fixpunkten. \u00a0Das Seil k\u00f6nnen Sie bei uns im Shop ebenso unter\u00a0<a title=\"Link zum Zubeb\u00f6r\" href=\"https:\/\/bauschild-miete.de\/?product_cat=alles-rund-um-das-bauschild\" target=\"_blank\">Zubeh\u00f6r\u00a0<\/a>in 25m, 50m und 100m L\u00e4ngen kaufen.<\/p>\n<p>Der Versand kann wahlweise gefaltet oder gerollt erfolgen.\u00a0Der Versand in gefalteter Version ist etwas g\u00fcnstiger, da es sich um einfaches Paket handelt. Das Banner hat direkt nach dem Auspacken selbstverst\u00e4ndlich diese Faltspuren, die sich aber im Laufe der Zeit wieder herausformen k\u00f6nnen, je nach dem wie glatt Sie das Banner und wie stark Sie es verspannen und ggf. nach einer Zeit nachspannen.<br \/>\nDer gerollte Versand ist etwas schonender f\u00fcr die Plane und erfolgt bis 250 cm. Ab 250 cm wird 1x gefaltet und gerollt jeweils in 250 cm Schritten, oder auch Sonderl\u00e4ngen sind machbar, siehe Preistabelle.<br \/>\nTreffen Sie Ihre Auswahl gleich bei der Bestellung mit, sofern Sie nicht ab Werk Hannover abholen oder die Anlieferung und die Montage nicht durch unser Montageteam erfolgen soll. Montagekosten finden Sie unter\u00a0<a title=\"Link zur Montage\/Zubeh\u00f6r.\" href=\"https:\/\/bauschild-miete.de\/?product_cat=alles-rund-um-das-bauschild\" target=\"_blank\">Zubeh\u00f6r.<\/a><\/p>\n","protected":false},"excerpt":{"rendered":"<p>PVC-Gewebebanner, sehr stabil, reissfest, Grundfarbe weiss bis 4c fbg. beschriftet von Ihrer Druckdatei, alle 50 cm geoest, f\u00fcr Ihre erfolgreiche Werbung<br \/>\n<strong>W\u00e4hlen Sie: schwarzes Auswahlfeld anklicken,<\/strong><br \/>\n<strong>Auswahl nach und nach in den Warenkorb packen.<\/strong><\/p>\n","protected":false},"featured_media":11859,"comment_status":"open","ping_status":"closed","template":"","meta":{"_links_to":"","_links_to_target":""},"product_cat":[194,543],"product_tag":[],"class_list":{"0":"post-4422","1":"product","2":"type-product","3":"status-publish","4":"has-post-thumbnail","6":"product_cat-citmax-banner-megaprints-pvc-gewebe-netz-mesh-stoff","7":"product_cat-gitternetz-bis-h-125-cm-geoest-aus-pvc-meshstoff-luftdurchlaessig-reissfest-stabil","8":"pa_gitternetzplane-1-stck-gitternetzplane-ohne-oesen-ungesaeumt-nur-zuschnitt","9":"pa_gitternetzplane-3-stck-gitternetzplane-ohne-oesen-ungesaeumt-nur-zuschnitt","10":"pa_gitternetzplane-5-stck-gitternetzplane-ohne-oesen-ungesaeumt-nur-zuschnitt","11":"pa_gitternetzplane-10-stck-gitternetzplane-ohne-oesen-ungesaeumt-nur-zuschnitt","12":"pa_gitternetzplane-20-stck-gitternetzplane-ohne-oesen-ungesaeumt-nur-zuschnitt","13":"pa_gitternetzplane-1-stck-gitternetzplanen-geoest-alle-50-cm-bis-4c-bedruckt","14":"pa_gitternetzplane-3-stck-gitternetzplanen-geoest-alle-50-cm-bis-4c-bedruckt","15":"pa_gitternetzplane-5-stck-gitternetzplanen-geoest-alle-50-cm-bis-4c-bedruckt","16":"pa_gitternetzplane-10-stck-gitternetzplanen-geoest-alle-50-cm-bis-4c-bedruckt","17":"pa_gitternetzplane-20-stck-gitternetzplanen-geoest-alle-50-cm-bis-4c-bedruckt","18":"pa_gitternetzplane-aufpreis-ringsum-geoest-alle-30-cm-je-gitternetzplane","19":"pa_gitternetzplane-aufpreis-ringsum-geoest-alle-40-cm-je-gitternetzplane","20":"pa_gitternetzplane-verpackungversand-gerollt-ab-250-cm-1x-gefaltet-bundesweit-bis-3-tage-versandweg-bis-je-5-stck","21":"pa_gitternetzplane-verpackungversand-gefaltet-bundesweit-bis-3-tage-versandweg-bis-je-5-stck","22":"pa_gitternetzplane-zuschlag-zum-standardversand-expressversand-bundesweit-1-2-tage-versandweg","24":"first","25":"instock","26":"taxable","27":"shipping-taxable","28":"purchasable","29":"product-type-variable","30":"has-default-attributes","31":"has-featured-image","32":"landscape"},"_links":{"self":[{"href":"https:\/\/citmax.de\/index.php?rest_route=\/wp\/v2\/product\/4422","targetHints":{"allow":["GET"]}}],"collection":[{"href":"https:\/\/citmax.de\/index.php?rest_route=\/wp\/v2\/product"}],"about":[{"href":"https:\/\/citmax.de\/index.php?rest_route=\/wp\/v2\/types\/product"}],"replies":[{"embeddable":true,"href":"https:\/\/citmax.de\/index.php?rest_route=%2Fwp%2Fv2%2Fcomments&post=4422"}],"wp:featuredmedia":[{"embeddable":true,"href":"https:\/\/citmax.de\/index.php?rest_route=\/wp\/v2\/media\/11859"}],"wp:attachment":[{"href":"https:\/\/citmax.de\/index.php?rest_route=%2Fwp%2Fv2%2Fmedia&parent=4422"}],"wp:term":[{"taxonomy":"product_cat","embeddable":true,"href":"https:\/\/citmax.de\/index.php?rest_route=%2Fwp%2Fv2%2Fproduct_cat&post=4422"},{"taxonomy":"product_tag","embeddable":true,"href":"https:\/\/citmax.de\/index.php?rest_route=%2Fwp%2Fv2%2Fproduct_tag&post=4422"}],"curies":[{"name":"wp","href":"https:\/\/api.w.org\/{rel}","templated":true}]}}