{"id":6549,"date":"2014-06-11T13:32:20","date_gmt":"2014-06-11T11:32:20","guid":{"rendered":"http:\/\/citmax.de\/?product=fahnensteckmast-h-500-cm-1-teilig-2"},"modified":"2015-06-08T15:25:17","modified_gmt":"2015-06-08T13:25:17","slug":"fahnensteckmast-h-500-cm-1-teilig-2","status":"publish","type":"product","link":"https:\/\/citmax.de\/?product=fahnensteckmast-h-500-cm-1-teilig-2","title":{"rendered":"Fahnensteckmast, Hissmast mit Klampe Formate H 500 bis H 1000 cm, 1\/2-teilig"},"content":{"rendered":"<p>Unsere Fahnenmasten sind extrem wartungsfreundlich, robust, solide und dennoch preisg\u00fcnstig und haben sich 1.000fach bew\u00e4hrt. Alle Masten bieten wir in diversen H\u00f6hen an.<br \/>\n<strong>Standard-Mast mit aussenliegenden Hiss-Seil:<\/strong><br \/>\nDer Standard Mast \u00fcberzeugt durch seine einfache, robuste\u00a0Ausf\u00fchrung und dem ausgezeichneten Preis-Leistungs-Verh\u00e4ltnis. Ein \u00e4usserst praktischer Einsteigermast,\u00a0der mit geringem Aufwand und ohne Werkzeug schnell\u00a0zusammengebaut werden kann.\u00a0Standard Masten sind in Gr\u00f6ssen von 5 m bis zu 12 m erh\u00e4ltlich.<br \/>\nDie ein-oder zweiteiligen Masten sind mit einer Seilklampe\u00a0und einer Mastabdeckung aus Kunststoff ausger\u00fcstet.\u00a0Die aussenliegende Hissleine f\u00fchrt durch den Mastkopf und\u00a0wird an der Klampe aufgewickelt, die mit einer Mastklammer\u00a0aus Chromstahl am Mast befestigt wird. Durch Spannen\u00a0der Hissleine klemmt sich die Vorrichtung um den Mast\u00a0und h\u00e4lt ohne Befestigungsschrauben. Die Fahne wird an\u00a0einem verzinkten Ring befestigt. Der Standard Mast wird\u00a0mit einem Bodenrohr (bis 8 m) oder mit einer Bodenh\u00fclse\u00a0mit Zentrierring im Boden verankert. Die Bodenh\u00fclse bietet\u00a0den Vorteil, dass zu einem sp\u00e4teren Zeitpunkt problemlos\u00a0ein anderer Mastdurchmesser eingesetzt werden kann.<\/p>\n<p><strong>Mast mit innenliegender Hissvorrichtung und T\u00fcre (T\u00fcrchen-Mast)<\/strong><br \/>\n<strong>Optional1:<\/strong> erhalten Sie diesen Mast auch mit T\u00fcrchen, dann ist der Mast mit innenliegender Hissvorrichtung. Das T\u00fcrchen kann abgeschlossen werden gegen unbefugte Benutzung.<\/p>\n<p><strong>Optional2:<\/strong> ist unser robuster Alumast auch als Klappmast erh\u00e4ltlich. Der Vorteil dieser Klappmasten ist das einfache Handling, da der Mast zum Klappen lediglich am Kippgelenk geklappt wird und so das Hissen der Fahne ohne Seil m\u00f6glich ist. Ideal wenn die Fahne nach dem Aufziehen lange am Mast verbleiben soll. Klappmasten haben unten\u00a0ein verzinktes Stahl- Kippgelenk, so das der Mast zum Fahnenwechsel sehr einfach umgelegt werden kann. In der Mastkrone gibt es einen Auslegearm mit Drehkopf, damit ist die Fahne auch bei Windstille voll zu sehen und kann sich frei um den Mast drehen.<\/p>\n<p>Alle Masten erhalten Sie in unterschiedlichen H\u00f6hen von H500cm, H600cm, H700cm , H800cm, H900cm und H1000cm. Sie haben die Wahl.<\/p>\n<p>Alle Masten erhalten Sie montagefertig f\u00fcr bauseitigen Einbau, oder optional von uns fachgerecht bundesweit montiert.<\/p>\n","protected":false},"excerpt":{"rendered":"<p>runder Alumast, mit Umlenkrolle im Topp, mit Hissseil und Seilbefestigungsbeschlag, incl. Montage-Fu\u00dfelement\/-Rohrh\u00fclse, ohne Fundament<br \/>\n<strong>W\u00e4hlen Sie: schwarzes Auswahlfeld anklicken,<\/strong><br \/>\n<strong>Auswahl nach und nach in den Warenkorb packen.<\/strong><\/p>\n","protected":false},"featured_media":6562,"comment_status":"open","ping_status":"closed","template":"","meta":{"_links_to":"","_links_to_target":""},"product_cat":[479,504],"product_tag":[],"class_list":{"0":"post-6549","1":"product","2":"type-product","3":"status-publish","4":"has-post-thumbnail","6":"product_cat-citmax-fahnenmasten-wetterfest-solide-teleskopmasten-hissmasten-klappmasten-kippgelenkmasten","7":"product_cat-fahnenmast-hissmasten-mit-bodenhuelse","8":"pa_fahnenmasten-h500cm-einzelmast-ohne-versand","9":"pa_fahnenmasten-h500cm-ab-3-st-ohne-versand-je-mast","10":"pa_fahnenmasten-h600cm-einzelmast-ohne-versand","11":"pa_fahnenmasten-h600cm-ab-3-st-ohne-versand-je-mast","12":"pa_fahnenmasten-h700cm-einzelmast-ohne-versand","13":"pa_fahnenmasten-h700cm-ab-3-st-ohne-versand-je-mast","14":"pa_fahnenmasten-h800cm-einzelmast-ohne-versand","15":"pa_fahnenmasten-h800cm-ab-3-st-ohne-versand-je-mast","16":"pa_fahnenmasten-h900cm-einzelmast-ohne-versand","17":"pa_fahnenmasten-h900cm-ab-3-st-ohne-versand-je-mast","18":"pa_fahnenmasten-h1000cm-einzelmast-ohne-versand","19":"pa_fahnenmasten-h1000cm-ab-3-st-ohne-versand-je-mast","20":"pa_fahnenmasten-versandanlieferungspauschale-bis-2-st-bundesweit-je","21":"pa_fahnenmasten-anlieferungspauschale-ab-3-stck-bundesweit-je","22":"pa_fahnenmasten-anfahrt-montageteam-bis-100-km-ab-divisions-standort","23":"pa_fahnenmasten-anfahrt-montageteam-101-300-km-ab-divisions-standort","24":"pa_fahnenmasten-anfahrt-montageteam-301-600-km-ab-divisions-standort","25":"pa_fahnenmasten-fundamenterstellung-5-6-7m-masten-je-einzelfundament","26":"pa_fahnenmasten-fundamenterstellung-5-6-7m-masten-ab-3-fundamente-je","27":"pa_fahnenmasten-fundamenterstellung-8-9-10m-masten-je-einzelfundament","28":"pa_fahnenmasten-fundamenterstellung-8-9-10m-masten-ab-3-fundamente-je","29":"pa_fahnenmasten-mastmontage-auspackenzusammenbaumontierenhissen-je","31":"first","32":"instock","33":"taxable","34":"shipping-taxable","35":"purchasable","36":"product-type-variable","37":"has-default-attributes","38":"has-featured-image","39":"square"},"_links":{"self":[{"href":"https:\/\/citmax.de\/index.php?rest_route=\/wp\/v2\/product\/6549","targetHints":{"allow":["GET"]}}],"collection":[{"href":"https:\/\/citmax.de\/index.php?rest_route=\/wp\/v2\/product"}],"about":[{"href":"https:\/\/citmax.de\/index.php?rest_route=\/wp\/v2\/types\/product"}],"replies":[{"embeddable":true,"href":"https:\/\/citmax.de\/index.php?rest_route=%2Fwp%2Fv2%2Fcomments&post=6549"}],"wp:featuredmedia":[{"embeddable":true,"href":"https:\/\/citmax.de\/index.php?rest_route=\/wp\/v2\/media\/6562"}],"wp:attachment":[{"href":"https:\/\/citmax.de\/index.php?rest_route=%2Fwp%2Fv2%2Fmedia&parent=6549"}],"wp:term":[{"taxonomy":"product_cat","embeddable":true,"href":"https:\/\/citmax.de\/index.php?rest_route=%2Fwp%2Fv2%2Fproduct_cat&post=6549"},{"taxonomy":"product_tag","embeddable":true,"href":"https:\/\/citmax.de\/index.php?rest_route=%2Fwp%2Fv2%2Fproduct_tag&post=6549"}],"curies":[{"name":"wp","href":"https:\/\/api.w.org\/{rel}","templated":true}]}}