{"id":6889,"date":"2014-07-15T16:44:54","date_gmt":"2014-07-15T14:44:54","guid":{"rendered":"http:\/\/citmax.de\/?post_type=product&#038;p=6889"},"modified":"2022-03-07T12:24:11","modified_gmt":"2022-03-07T11:24:11","slug":"projektierung-wir-planen-ihr-vorhaben","status":"publish","type":"product","link":"https:\/\/citmax.de\/?product=projektierung-wir-planen-ihr-vorhaben","title":{"rendered":"P1: Projektbetreuung, Beratung &#8211; Aufma\u00df vor Ort &#8211; Konzept"},"content":{"rendered":"<p><strong>Gute Ideen werden zu einem Projekt.<br \/>\n<\/strong>Sie haben eine Idee!<br \/>\nErstmal ist es nur ein Gedanke in Ihrem Kopf, doch was kommt dann?<br \/>\nWenn die ersten Gedanken sortiert sind und fest steht, das aus Ihrer Idee\u00a0nun eine\u00a0Produktion erfolgen soll, ist es meist notwendig, sich mit der Umsetzung Ihres Vorhabens n\u00e4her zu besch\u00e4ftigt<strong> &#8211; zu projektieren!<\/strong><\/p>\n<p><strong>Nun gibt es f\u00fcr Sie 2 M\u00f6glichkeiten Ihr Projektziel zu erreichen:<br \/>\n<\/strong><strong>a) Sie bearbeiten den Vorgang m\u00f6glichst selber ab.<br \/>\n<\/strong>Das kann zeitaufw\u00e4ndig werden, erfordert meist Fachpersonal und nur vielleicht kommen Sie so zum\u00a0gew\u00fcnschten Ergebnis,\u00a0sofern Sie das Wissen und die technischen\u00a0Voraussetzungen daf\u00fcr haben.<br \/>\nIhr Vorhaben ist zu komplex \/ zu indviduell und die Zeit zerrinnt Ihnen unter den H\u00e4nden?, dann\u00a0geht auch einfacher, schneller und g\u00fcnstiger, wie folgt:<\/p>\n<p><strong>b) Citmax optimiert Ihr Projekt?<br \/>\n<\/strong>Sie sollten auf Nummer sicher gehen, Ihre wertvolle Arbeitszeit f\u00fcr wichtigeres einsetzen und die Planung und Umsetzung der Projektidee in erfahrene H\u00e4nde geben!\u00a0Im Citmax-Shop werden Sie schnell f\u00fcndig und im Projektierungsbereich finden Sie alle weiteren Fachleistung gut erkl\u00e4rt.<\/p>\n<p><strong>Beim Zusammenstellen der Leistungen hilft Ihnen Ihr<\/strong><strong>\u00a0CitmaxProjektProfi!<\/strong><br \/>\nDer CitmaxProfi ist Ihr freier, unabh\u00e4ngiger Berater und arbeitet mit Ihnen im Team, vertritt Ihre Interessen, erg\u00e4nzt Ihre Vorschl\u00e4ge, erledigt den Planungsjob, erstellt die Vorentw\u00fcrfe, erledigt die Konzepterstellung, sorgt f\u00fcr die Details z.B. das Aufma\u00df, die Analyse der Situation und die Untersuchung der Gegebenheiten vor Ort, die baulichen Voraussetzungen und denkt an alle Auflagen, die zu erf\u00fcllen sind. Der CitmaxProfi hat je nach Auswahl viele verschiedene Schwerpunkte, da die Profiberater aus v\u00f6llig verschiedenen Fachbereichen f\u00fcr Sie koordiniert werden und konzertiert zusammen arbeiten. CitmaxProfi sind Profis, sind aktiv und produktiv! So sparen Sie nicht nur viel Zeit, sondern final auch viel Geld! Denn Ihr CitmaxProfi weis genau, wie\u00a0die technischen Anforderungen auszuf\u00fchren sind, wie die Projekte erfolgreich, schnell und wirtschaftlich zum Ziel gelangen!<\/p>\n<p><strong>Die Projektierungskosten sind gering und sehr fix wieder eingespielt,<\/strong><br \/>\na) weil Ihr Projekt z\u00fcgig und wirtschaftlich fertig wird und keine Zeit zerinnt!<br \/>\nb) weil Sie Ihre wertvolle Arbeitszeit f\u00fcr Wichtigeres besser nutzen konnten!<br \/>\nc) weil gleich von Anfang an der CitmaxProfi an Ihrer Seite ist und die Aufgabe verbindlich l\u00f6st!<br \/>\nd) weil Sie sich irgendwelche, selbst gestrickten Fehlversuche ersparen!<br \/>\ne) weil Sie nichts doppelt zahlen, da das Ergebnis gleich von vorne rein passt!<br \/>\nf) weil es einfach einfacher ist und Sie nur noch das Controlling machen!<br \/>\ng) weil es gleich von vorne rein die richtige Qualit\u00e4t hat!<br \/>\nh) weil auch die angrenzende Facharbeiten schnell und kompetent erledigt werden!<br \/>\nZudem sparen Sie weitere sep. Dienstleister, die Sie sonst extra hinzu buchen m\u00fcssten!<\/p>\n<p><strong> Bei Citmax bekommen Sie Ihre Idee und optimierte Variante,<\/strong><br \/>\n<strong>fertig projektiert, incl. Produktion,\u00a0nahtlos aus einer Hand!<br \/>\nWirtschaftlicher und schneller geht es nicht!<\/strong><\/p>\n<p>Neugierig geworden? Dann buchen Sie doch einfach die Citmax-<br \/>\n<a title=\"Buchen Sie hier die BASIC- \/PLUS-Projektierungspauschale!\" href=\"https:\/\/citmax.de\/?product=projektierung\" target=\"_blank\" rel=\"noopener\"><strong>BASIC- \/ PLUS-Projektierungs-Pauschale<\/strong>.<\/a><br \/>\nSo bekommen Sie sofort kompetente Beratung, gleich von Anfang an\u00a0und beginnen Ihr Projekt\u00a0sofort\u00a0professionell,\u00a0und das auch noch\u00a0zum \u00fcberschaubaren Festpreis!<\/p>\n<p><strong>Mit den CitmaxGrafik-Pauschalen <\/strong>erhalten Sie eine ansprechende Gestaltung und Visualisierung Ihrer Werbema\u00dfnahmen. Dies ist ein wichtiger Schritt,\u00a0Ihr Unternehmen, Ihr Produkt oder Ihre Leistung in der \u00d6ffentlichkeit zu pr\u00e4sentieren.<\/p>\n<p>Werbung sollte markant sein und an einer gut sichtbaren Position plaziert werden.<br \/>\nJe nach Gr\u00f6\u00dfe der Darstellung, der Unternehmens- und Kommunikationsinhalte<br \/>\n(notwendige Werbeaussagen auf der Werbefl\u00e4che), kann das Produktionsformat individuell Ihren W\u00fcnschen angepasst werden.\u00a0F\u00fcr Unternehmens-Werbestandorte, die besonders auff\u00e4llig sind, auch zur Abend\/Nachtzeit wirken sollen, eigenen sich beleuchtete Varianten, oder Speziall\u00f6sungen. Ihr Citmax-Profi ber\u00e4t und betreut Sie in allen Fragen und zeigt Alternativen und L\u00f6sungen auf.<\/p>\n<p><strong>Gr\u00f6\u00dfere Werbe-Projekte m\u00fcssen sorgf\u00e4ltig geplant werden.<\/strong><br \/>\nDie ersten Vorentw\u00fcrfe, die Plazierung vor Ort auf dem jeweiligen Boden\/Untergrund, der Nachweis der Standfestigkeit mit Statik,&#8230; alles muss durchdacht werden.<br \/>\nVon der Bauantragsstellung, dem Fundament bis hin zur Werkszeichnung f\u00fcr die Fertigung. Die CitmaxFachabteilung unterst\u00fctzt Sie gerne bei umfangreichen Projektierungen.<br \/>\nBei Werbeanlagen mit meheren Nutzern oder an markanten Standorten, ist die Vorab-Darstellung, Visualisierung und Planung ein wichtiger Schritt, das Idealformat der Werbefl\u00e4chen-H\u00f6he\/Breite\/Anordnung zu definieren.<br \/>\nCitmax erstellt die Entw\u00fcrfe zur Abstimmung, unterst\u00fctzen Sie bei der Realisierung und k\u00fcmmern sich gerne um alle Formalit\u00e4ten, der Produktion &#8211; bis zur fachgerechten Montage und betriebsbereiten \u00dcbergabe.<\/p>\n<p>Grafik, Vorlayout, Konzeption, Gesamtgestaltung, Visualisierung, f\u00fcr Aussenwerbung, technische Werbung, Sonderl\u00f6sungen, Hinweisschilder, Werbebanner, Dachwerbung, Leuchttransparente und sonstige Buchstaben und Schildsysteme&#8230; u.v.m.<br \/>\n<strong>Citmax projektiert, produziert, beschriftet und montiert alles und in jeder Gr\u00f6\u00dfe \u2013 bundesweit, g\u00fcnstig im FullService und in k\u00fcrzester Zeit!<\/strong><\/p>\n","protected":false},"excerpt":{"rendered":"<p><strong>Wir projektieren Ihre Idee und Planungsvorhaben<\/strong><br \/>\n&#8211; gem\u00e4\u00df dem gew\u00fcnschten Umfang &#8211; nach Wahl.<br \/>\n<strong>Angebot zusammenstellen ist ganz einfach, wie folgt:<br \/>\n<\/strong>1) schwarzes Auswahlfeld anklicken<br \/>\n2) Auswahl nach und nach in den Warenkorb packen.<strong><strong><br \/>\n<\/strong><\/strong>3) dann auf den roten Warenkorb oben rechts klicken<br \/>\n4) Kontaktdaten mit &#8222;Hinweis zur Bestellung&#8220; eintragen.<br \/>\n5) Absenden.\u00a0<strong>Achtung &#8211; kein Bestellrisiko!!<br \/>\n<\/strong>Vor Auftragsannahme werden alle Angaben\u00a0gepr\u00fcft, mit Ihnen abgestimmt und sep. best\u00e4tigt.<\/p>\n","protected":false},"featured_media":21875,"comment_status":"open","ping_status":"closed","template":"","meta":{"_links_to":"","_links_to_target":""},"product_cat":[59,655],"product_tag":[],"class_list":{"0":"post-6889","1":"product","2":"type-product","3":"status-publish","4":"has-post-thumbnail","6":"product_cat-projektierung-planung-entwurf-zubehoer-montage","7":"product_cat-projekt-start-citmax-startet-ihr-projekt-und-projektiert-fuer-sie","8":"pa_projekt-start-aufpreis-fuer-projektscout-fachberatung-vor-ort-mit-intensiver-durchsprache-je-weitere-stunde-5900-e","9":"pa_projekt-start-beratungbesichtigung-vor-ort-anfahrt-und-details-festlegen-bis-12-std-vor-ort-bis-25-km-von-division-7900-e","10":"pa_projekt-start-beratungbesichtigung-vor-ort-erweiterte-anfahrt-und-details-festlegen-bis-12-std-vor-ort-von-26-bis-50-km-von-division-11900-e","11":"pa_projekt-start-postversand-dokumente-als-einschreiben-national-incl-verpackung-pauschal-je-1900-e","12":"pa_projekt-start-jobanfrage-selbstverstaendlich-ist-ihre-anfrage-kostenlos-sie-erhalten-unverbindlich-unser-onlineangebot-lesen-sie-dazu-in-der-produktbeschreibung","13":"pa_projekt-start-grafik-pauschale-basic-ohne-produktionsdaten-vorentwurf-bis-2-std-incl-telefonkontakt","14":"pa_projekt-start-aufpreis-grafik-pauschale-basic-inhouse-nach-zeitkalkulation-nach-basic-incl-entwurfkorrektur-mail-telefonkontakt-pro-std","15":"pa_projekt-start-projektbetreuung-projektscout-basic-bis-3-std-pauschal","16":"pa_projekt-start-projektbetreuung-plus-durch-projektscout-inhouse-oder-vor-ort-erst-nach-abstimmungauswahl-stundenanzahl-pauschal-je-stunde-5900-e","17":"pa_projekt-start-projektbetreuung-mit-projektscout-plus-inhouse-oder-vor-ort-tagessatz-9-std-pauschal-je-tag-49500-e","18":"pa_projekt-start-lohnkosten-monteur-1-mann-pro-std","19":"pa_projekt-start-lohnkosten-monteure-2-mann-incl-werkzeug-pro-std","20":"pa_projekt-start-lohnkosten-montageteam-2-mann-incl-werkzeug-bis-5-std-pauschal-je-12-tag","21":"pa_projekt-start-lohnkosten-montageteam-2-mann-incl-werkzeug-bis-10-std-pauschal-je-tag","22":"pa_projekt-start-anfahrt-vorort-besichtigung-oder-lieferung-von-projektscout-oder-monteur-pkw-bis-50km-ab-division-pauschal-6500-e","23":"pa_projekt-start-aufpreis-erweiterte-anfahrt-projektscout-ab-51-km-pro-km-125e","25":"first","26":"instock","27":"taxable","28":"shipping-taxable","29":"purchasable","30":"product-type-variable","31":"has-default-attributes","32":"has-featured-image","33":"portrait"},"_links":{"self":[{"href":"https:\/\/citmax.de\/index.php?rest_route=\/wp\/v2\/product\/6889","targetHints":{"allow":["GET"]}}],"collection":[{"href":"https:\/\/citmax.de\/index.php?rest_route=\/wp\/v2\/product"}],"about":[{"href":"https:\/\/citmax.de\/index.php?rest_route=\/wp\/v2\/types\/product"}],"replies":[{"embeddable":true,"href":"https:\/\/citmax.de\/index.php?rest_route=%2Fwp%2Fv2%2Fcomments&post=6889"}],"wp:featuredmedia":[{"embeddable":true,"href":"https:\/\/citmax.de\/index.php?rest_route=\/wp\/v2\/media\/21875"}],"wp:attachment":[{"href":"https:\/\/citmax.de\/index.php?rest_route=%2Fwp%2Fv2%2Fmedia&parent=6889"}],"wp:term":[{"taxonomy":"product_cat","embeddable":true,"href":"https:\/\/citmax.de\/index.php?rest_route=%2Fwp%2Fv2%2Fproduct_cat&post=6889"},{"taxonomy":"product_tag","embeddable":true,"href":"https:\/\/citmax.de\/index.php?rest_route=%2Fwp%2Fv2%2Fproduct_tag&post=6889"}],"curies":[{"name":"wp","href":"https:\/\/api.w.org\/{rel}","templated":true}]}}