{"id":7063,"date":"2014-07-21T11:53:53","date_gmt":"2014-07-21T09:53:53","guid":{"rendered":"http:\/\/citmax.de\/?product=leuchtwerbung-ausstecktransparent-bis-125-x-125-cm"},"modified":"2019-11-28T13:16:15","modified_gmt":"2019-11-28T12:16:15","slug":"leuchtwerbung-ausstecktransparent-bis-125-x-125-cm","status":"publish","type":"product","link":"https:\/\/citmax.de\/?product=leuchtwerbung-ausstecktransparent-bis-125-x-125-cm","title":{"rendered":"Leuchtwerbung Ausstecktransparent 1.5 Format bis 125 x 125 cm"},"content":{"rendered":"<p>Die Citmax-Leuchtwerbe-Ausstecktransparente erhalten Sie in jeder erdenklichen Formatgr\u00f6\u00dfe.<br \/>\nW\u00e4hlen Sie Ihr Idealformat, z.B. bis 50 x 50 cm ( = 2.500 qcm auch B40 x H60 cm, oder H20 x B120 cm) im Zusatztext bei Bestellung angeben.<br \/>\nSenden Sie uns mit sep. mail Ihre Beschriftungs- Druckdatei.<\/p>\n<p>Das Standard-Leuchtwerbeelement wird im Spanntuchverfahren hergestellt, welches besonders witterungsstabil und formsch\u00f6n ist. Die Spanntuchfl\u00e4che ist aus wei\u00dfem spezial PVC-Gewebetuch hergestellt, blanko-unbeschriftet, und l\u00e4st sich von Ihnen oder von uns sehr gut beschriften.<br \/>\nBei h\u00f6heren St\u00fcckzahlen k\u00f6nnen die Spannt\u00fccher auch 4c bedruckt werden.<br \/>\nAlle Lichtwerbeelemente sind vorger\u00fcstet mit klassischen Leuchtstoffr\u00f6hren, anschlussfertig mit r\u00fcckseitigen, aussenliegenden Kabel und werden zur schnellen bauseitigen Montage mit Montagewinkeln ausgeliefert,\u00a0somit ist eine \u00d6ffnung der Werbeanlage bei Montage nicht zwingend notwendig.<br \/>\nDas Rand-Aluprofil ist Alu natur silber, im Sicht-\/Nahbereich unter 5m oder bei speziellen Farbwunsch des Randbereiches empfehlen wir eine Lackierung in RAL nach Wahl.<br \/>\nOptional kann:<br \/>\n&#8211; auch eine LED-Ausleuchtung erfolgen<br \/>\n&#8211;\u00a0kann im Sichtbereich das seitliche Aluprofil farblich in RAL lackiert werden<br \/>\n&#8211; statt Spanntuchprofil eine einschiebbare Acrylscheibe verbauen (bis B200 cm)<br \/>\n&#8211; statt Spanntuchprofil eine aufgesetzte Acrylhaube verbauen (bis H 100 cm)<br \/>\n&#8211; Ihre Werbeanlage beschriftet werden (bitte Druckdaten als pdf zusenden).<br \/>\n&#8211; Ihre Werbeanlage auch in Sonderform gebaut werden.<br \/>\n&#8211; Ihre Werbeanlage bundesweit versendet oder<br \/>\n&#8211; die Montage vor Ort gleich mitgebucht werden.<\/p>\n<p>&nbsp;<\/p>\n<p>Unser Montageteam montiert bundesweit. Bitte senden Sie uns aussagef\u00e4higes Fotomaterial vom Montageort von vor Ort zu, damit der Pauschalpreis Ihnen best\u00e4tigt werden kann.<br \/>\nGerne erstellen wir auch eine Projektierung f\u00fcr Ihre Werbeanlage. Dies beinhaltet nach Wahl die Ausarbeitung nach Ihren Vorgaben, oder nach Aufma\u00df vor Ort incl. Layout und Alternativvorschl\u00e4gen sowie die \u00dcberpr\u00fcfung der Befestigungsm\u00f6glichkeiten und Gr\u00f6\u00dfenanpassungen. Zus\u00e4tzlich empfehlen wir eine Bauantragsstellung, die wir auch f\u00fcr Sie ausf\u00fchren k\u00f6nnen. Alle Details hierzu erfahren Sie unter &#8222;<a title=\"Wir projektieren Ihre Werbeanlage.\" href=\"https:\/\/citmax.de\/?product_cat=projektierung-planung-entwurf-zubehoer-montage\" target=\"_blank\">Projektierung<\/a>&#8222;.<\/p>\n","protected":false},"excerpt":{"rendered":"<p>Hergestellt als Spanntuchtransparent, beidseitig leuchtend, wei\u00df, Rahmen Alu natur, rechteckig oder quadratisch bis zum angegebenen max. Format,\u00a0fix und fertig vorinstalliert mit innenliegender Beleuchtung, incl. Montagewinkel, ab Divisions-Standort<br \/>\n<strong>W\u00e4hlen Sie: schwarzes Auswahlfeld anklicken,<\/strong><br \/>\n<strong>Auswahl nach und nach in den Warenkorb packen.<\/strong><\/p>\n","protected":false},"featured_media":20280,"comment_status":"open","ping_status":"closed","template":"","meta":{"_links_to":"","_links_to_target":""},"product_cat":[203,502],"product_tag":[],"class_list":{"0":"post-7063","1":"product","2":"type-product","3":"status-publish","4":"has-post-thumbnail","6":"product_cat-citmax-aussenwerbung-beleuchtet","7":"product_cat-ausstecktransparente-leuchtwerbung","8":"pa_leuchtwerbung-entwurfspauschale-mit-layoutdruckdatenerstellung-1-entwurf-per-mail-pauschal","9":"pa_leuchtwerbung-aufpreis-entwurfspauschale-fuer-bis-zu-3-weitere-entwuerfe-per-mail-pauschal","10":"pa_leuchtwerbung-leuchtwerbung-anschlussfertig-mit-leuchtstoffroehren-ausleuchtung-je","11":"pa_leuchtwerbung-leuchtwerbung-bei-kleinserie-ab-3-stck-je","12":"pa_leuchtwerbung-aufpreis-ausleuchtung-mit-hochleistungs-led-incl-vorschaltgeraete-fertig-installiert","13":"pa_leuchtwerbung-aufpreis-mit-eingeschobener-acrylscheibe-statt-spanntuch-je","14":"pa_leuchtwerbung-aufpreis-acrylhaube-statt-spanntuch-je","15":"pa_leuchtwerbung-beschriftungspauschale-bis-4c-von-ihrer-druckplottdatei-wetterfest-pauschal-je","16":"pa_leuchtwerbung-aufpreis-profil-rahmenlackierung-in-ral-nach-wahl-je-leuchtelement","17":"pa_leuchtwerbung-aufpreis-sonderform-rund-oval-dreieckig-5-eckig-6-eckig-raute-trapez-je","18":"pa_leuchtwerbung-auslieferung-mit-montageteam-anfahrt-bis-50-km-ab-division-incl-montage-an-fassade-bis-oberkante-montagehoehe-h-300-cm-pauschal","19":"pa_leuchtwerbung-auslieferung-mit-montageteam-anfahrt-51-bis-100-km-ab-division-incl-montage-an-fassade-bis-oberkante-montagehoehe-h-300-cm-pauschal","20":"pa_leuchtwerbung-aufpreis-anfahrt-montageteam-ab-101-km-ab-divisions-standort-pauschal-je-km-125-e","21":"pa_leuchtwerbung-aufpreis-montagehoehe-ueber-301bis-oberkante-h600cm-zuschlag-fuer-hubsteigergeruest-siehe-projektierung-ab-14000-e","22":"pa_leuchtwerbung-elektropauschale-elt-anschluss-an-ihre-sep-abgesicherte-elt-zuleitung-je-anlage","23":"pa_leuchtwerbung-elektroservice-wenn-keine-elt-zuleitung-am-montageort-dann-projektierung-nach-aufwand-ab","24":"pa_leuchtwerbung-versand-transportverpackung-und-zusendung-an-ihre-adresse-pauschal-je","25":"pa_leuchtwerbung-palettenversand-mit-holzschutz-pro-palette-bei-kleintransparente-auch-mehrere-moeglich-je-palette","27":"first","28":"instock","29":"taxable","30":"shipping-taxable","31":"purchasable","32":"product-type-variable","33":"has-default-attributes","34":"has-featured-image","35":"portrait"},"_links":{"self":[{"href":"https:\/\/citmax.de\/index.php?rest_route=\/wp\/v2\/product\/7063","targetHints":{"allow":["GET"]}}],"collection":[{"href":"https:\/\/citmax.de\/index.php?rest_route=\/wp\/v2\/product"}],"about":[{"href":"https:\/\/citmax.de\/index.php?rest_route=\/wp\/v2\/types\/product"}],"replies":[{"embeddable":true,"href":"https:\/\/citmax.de\/index.php?rest_route=%2Fwp%2Fv2%2Fcomments&post=7063"}],"wp:featuredmedia":[{"embeddable":true,"href":"https:\/\/citmax.de\/index.php?rest_route=\/wp\/v2\/media\/20280"}],"wp:attachment":[{"href":"https:\/\/citmax.de\/index.php?rest_route=%2Fwp%2Fv2%2Fmedia&parent=7063"}],"wp:term":[{"taxonomy":"product_cat","embeddable":true,"href":"https:\/\/citmax.de\/index.php?rest_route=%2Fwp%2Fv2%2Fproduct_cat&post=7063"},{"taxonomy":"product_tag","embeddable":true,"href":"https:\/\/citmax.de\/index.php?rest_route=%2Fwp%2Fv2%2Fproduct_tag&post=7063"}],"curies":[{"name":"wp","href":"https:\/\/api.w.org\/{rel}","templated":true}]}}