{"id":9353,"date":"2014-07-22T06:24:14","date_gmt":"2014-07-22T04:24:14","guid":{"rendered":"http:\/\/citmax.de\/?product=serifen-buchstaben-50-bis-140-mm-citprofil5-mit-led"},"modified":"2019-11-19T15:38:37","modified_gmt":"2019-11-19T14:38:37","slug":"serifen-buchstaben-citprofil5-mit-led","status":"publish","type":"product","link":"https:\/\/citmax.de\/?product=serifen-buchstaben-citprofil5-mit-led","title":{"rendered":"1.4 Serifen-Buchstaben, beleuchtet CitProfil5 mit LED"},"content":{"rendered":"<p>CitProfil5 Buchstaben sind aus Aluminium geschwei\u00dfte Reliefbuchstaben mit aufgesetzten 3mm Acrylspiegel (Frontfl\u00e4che der Buchstaben) der mit einem umlaufenden Kunststoffumleimer gehalten wir. Diese Kante ist sehr dezent. Das seitliche Buchstabengeh\u00e4use wird in RAL nach Wunsch lackiert. Die Buchstaben erhalten Standart eine Bautiefen von 80mm. Optional ohne Aufpreis sind auch Bautiefen 120mm\/140mm\/160mm frei w\u00e4hlbar je Schriftzug (bitte im Bestelltext oder per sep. mail bei Daten\u00fcbermittlung mit angeben.) Diese Buchstabenart wird meist f\u00fcr gro\u00dfe Fassadenbuchstaben oder f\u00fcr freistehende Buchstaben im Aussenbereich, z. B. an Dachkante auf Unterkonstruktion, eingesetzt. F\u00fcr den Aussen- oder Innenbereich bestens geeignet.<\/p>\n<p><strong>Sie erhalten diese Buchstaben mit und ohne Beleuchtung!<\/strong><\/p>\n<p>Sie k\u00f6nnen je nach technischen M\u00f6glichkeiten die Buchstaben selber montieren oder wir erledigen das f\u00fcr Sie bundesweit!<\/p>\n<p>Bitte senden Sie uns aussagef\u00e4higes Fotomaterial vom Montageort und dem Untergrund\/H\u00f6he der Montage sowie dem Zugang zum Montageort zu, damit der Pauschalpreis Ihnen best\u00e4tigt werden kann. Hier eine Preis\u00fcbersicht f\u00fcr die <a title=\"Wir montieren Ihre Buchstaben bundesweit.\" href=\"https:\/\/citmax.de\/?product_cat=buchstaben-montagepreise\" target=\"_blank\">Montage<\/a>.<\/p>\n<p>Gerne erstellen wir auch eine Projektierung f\u00fcr Ihren kompletten Werbeschriftzug\/ Werbeanlage. Dies beinhaltet nach Wahl die Ausarbeitung nach Ihren Vorgaben, oder auch das Aufma\u00df vor Ort incl. Layout und Alternativvorschl\u00e4gen sowie die \u00dcberpr\u00fcfung der Befestigungsm\u00f6glichkeiten und Gr\u00f6\u00dfenanpassungen. Zus\u00e4tzlich empfehlen wir eine Bauantragsstellung, die wir ebenso f\u00fcr Sie ausf\u00fchren k\u00f6nnen. Alle Details hierzu erfahren Sie unter &#8222;<a title=\"Wir projektieren Ihre Werbeanlage.\" href=\"https:\/\/citmax.de\/?product_cat=projektierung-planung-entwurf-zubehoer-montage\" target=\"_blank\">Projektierung<\/a>&#8222;.<\/p>\n","protected":false},"excerpt":{"rendered":"<p>Serifen-CitProfil5 Buchstaben, mit LED aus gekanteten und lackierten Aluminiumblech Buchstabendicke 80mm oder nach Wahl, mit frontseitigen Acrylspiegel und umlaufenden Kunststoffumleimer, Farben nach Wahl, auf Form gefr\u00e4st von Ihrer Datei, einzeln verpackt im Karton, versandbereit<br \/>\n<strong>W\u00e4hlen Sie: schwarzes Auswahlfeld anklicken,<\/strong><br \/>\n<strong>Auswahl nach und nach in den Warenkorb packen.<\/strong><\/p>\n","protected":false},"featured_media":15177,"comment_status":"open","ping_status":"closed","template":"","meta":{"_links_to":"","_links_to_target":""},"product_cat":[56,501,636],"product_tag":[],"class_list":{"0":"post-9353","1":"product","2":"type-product","3":"status-publish","4":"has-post-thumbnail","6":"product_cat-citmax-buchstaben-beleuchtet-unbeleuchtet-auf-form-gefraest","7":"product_cat-buchstaben-beleuchtet-von-innen","8":"product_cat-profil5-buchstaben-mit-umleimer-mit-led","9":"pa_buchstaben-26-bis-30-cm-buchstaben-je-buchstabe","10":"pa_buchstaben-31-bis-35-cm-buchstaben-je-buchstabe","11":"pa_buchstaben-36-bis-40-cm-buchstaben-je-buchstabe","12":"pa_buchstaben-41-bis-45-cm-buchstaben-je-buchstabe","13":"pa_buchstaben-46-bis-50-cm-buchstaben-je-buchstabe","14":"pa_buchstaben-51-bis-55-cm-buchstaben-je-buchstabe","15":"pa_buchstaben-56-bis-60-cm-buchstaben-je-buchstabe","16":"pa_buchstaben-61-bis-65-cm-buchstaben-je-buchstabe","17":"pa_buchstaben-66-bis-70-cm-buchstaben-je-buchstabe","18":"pa_buchstaben-71-bis-75-cm-buchstaben-je-buchstabe","19":"pa_buchstaben-76-bis-80-cm-buchstaben-je-buchstabe","20":"pa_buchstaben-81-bis-85-cm-buchstaben-je-buchstabe","21":"pa_buchstaben-86-bis-90-cm-buchstaben-je-buchstabe","22":"pa_buchstaben-90-bis-95-cm-buchstaben-je-buchstabe","23":"pa_buchstaben-96-bis-100-cm-buchstaben-je-buchstabe","24":"pa_buchstaben-101-bis-110-cm-buchstaben-je-buchstabe","25":"pa_buchstaben-111-bis-120-cm-buchstaben-je-buchstabe","26":"pa_buchstaben-121-bis-130-cm-buchstaben-je-buchstabe","27":"pa_buchstaben-131-bis-140-cm-buchstaben-je-buchstabe","28":"pa_buchstaben-141-bis-150-cm-buchstaben-je-buchstabe","29":"pa_buchstaben-versand-buchstabenset-2cm-bis-30-cm-pauschal","30":"pa_buchstaben-versand-buchstabenset-31cm-bis-90-cm-pauschal","31":"pa_buchstaben-versand-buchstabenset-91cm-bis-150-cm-pauschal","33":"first","34":"instock","35":"taxable","36":"shipping-taxable","37":"purchasable","38":"product-type-variable","39":"has-default-attributes","40":"has-featured-image","41":"portrait"},"_links":{"self":[{"href":"https:\/\/citmax.de\/index.php?rest_route=\/wp\/v2\/product\/9353","targetHints":{"allow":["GET"]}}],"collection":[{"href":"https:\/\/citmax.de\/index.php?rest_route=\/wp\/v2\/product"}],"about":[{"href":"https:\/\/citmax.de\/index.php?rest_route=\/wp\/v2\/types\/product"}],"replies":[{"embeddable":true,"href":"https:\/\/citmax.de\/index.php?rest_route=%2Fwp%2Fv2%2Fcomments&post=9353"}],"wp:featuredmedia":[{"embeddable":true,"href":"https:\/\/citmax.de\/index.php?rest_route=\/wp\/v2\/media\/15177"}],"wp:attachment":[{"href":"https:\/\/citmax.de\/index.php?rest_route=%2Fwp%2Fv2%2Fmedia&parent=9353"}],"wp:term":[{"taxonomy":"product_cat","embeddable":true,"href":"https:\/\/citmax.de\/index.php?rest_route=%2Fwp%2Fv2%2Fproduct_cat&post=9353"},{"taxonomy":"product_tag","embeddable":true,"href":"https:\/\/citmax.de\/index.php?rest_route=%2Fwp%2Fv2%2Fproduct_tag&post=9353"}],"curies":[{"name":"wp","href":"https:\/\/api.w.org\/{rel}","templated":true}]}}