{"id":9572,"date":"2014-07-22T15:26:51","date_gmt":"2014-07-22T13:26:51","guid":{"rendered":"http:\/\/citmax.de\/?product=fahnen-teleskopmast-h-500-bis-h-700-cm"},"modified":"2019-10-18T14:01:54","modified_gmt":"2019-10-18T12:01:54","slug":"fahnen-teleskopmast-h-500-bis-h-700-cm","status":"publish","type":"product","link":"https:\/\/citmax.de\/?product=fahnen-teleskopmast-h-500-bis-h-700-cm","title":{"rendered":"Fahnen-Teleskopmast Formate H400cm, H600cm oder H 800 cm"},"content":{"rendered":"<p>Unsere Fahnenmasten sind extrem wartungsfreundlich, robust, solide und dennoch preisg\u00fcnstig und haben sich 1000fach bew\u00e4hrt. Alle Masten bieten wir in diversen H\u00f6hen an.<br \/>\nDer Fahnensteckmast besteht aus einem Alurohr mit obiger Umlenkrolle mit Schnurrhissvorrichtung.<br \/>\nDie Seilf\u00fchrung ist aussenliegend. Das Seil wird nach dem Hissen an der Klampe fixiert.<br \/>\nDen Steckmast liefern wir mit Bodenh\u00fclse die im Erdreich lotrecht fundamentiert wird.<br \/>\nDie Steckmasten werden in eine Bodenh\u00fclse montiert und darin gesteckt\/verkeilt.<br \/>\n<strong>Optional1:<\/strong> erhalten Sie diesen Mast auch mit T\u00fcrchen, dann ist der Mast mit innenliegender Hissvorrichtung. Das T\u00fcrchen kann abgeschlossen werden gegen unbefugte Benutzung.<\/p>\n<p><strong>Optional2:<\/strong> ist unser robuster Alumast auch als Klappmast erh\u00e4ltlich. Der Vorteil dieser Klappmasten ist das einfache Handling, da der Mast zum Klappen lediglich am Kippgelenk geklappt wird und so das Hissen der Fahne ohne Seil m\u00f6glich ist. Ideal wenn die Fahne nach dem Aufziehen lange am Mast verbleiben soll. Klappmasten haben unten\u00a0ein verzinktes Stahl- Kippgelenk, so das der Mast zum Fahnenwechsel sehr einfach umgelegt werden kann. In der Mastkrone gibt es einen Auslegearm mit Drehkopf, damit ist die Fahne auch bei Windstille voll zu sehen und kann sich frei um den Mast drehen.<\/p>\n<p>Alle Masten erhalten Sie in unterschiedlichen H\u00f6hen von H500cm, H600cm, H700cm , H800cm, H900cm und H1000cm. Sie haben die Wahl.<\/p>\n<p>Alle Masten erhalten Sie montagefertig f\u00fcr bauseitigen Einbau, oder optional von uns fachgerecht bundesweit montiert.<\/p>\n","protected":false},"excerpt":{"rendered":"<p>Teleskopmast, ausziehbar, wahlweises bis 500 cm (Modell H 400 cm), bis 600 cm, oder bis 800 cm, Steckmast f\u00fcr bauseitige Fundamentmontage, ohne Fundament<br \/>\n<strong>W\u00e4hlen Sie: schwarzes Auswahlfeld anklicken,<\/strong><br \/>\n<strong>Auswahl nach und nach in den Warenkorb packen.<\/strong><\/p>\n","protected":false},"featured_media":0,"comment_status":"open","ping_status":"closed","template":"","meta":{"_links_to":"","_links_to_target":""},"product_cat":[479,637],"product_tag":[],"class_list":{"0":"post-9572","1":"product","2":"type-product","3":"status-publish","5":"product_cat-citmax-fahnenmasten-wetterfest-solide-teleskopmasten-hissmasten-klappmasten-kippgelenkmasten","6":"product_cat-fahnen-teleskopmasten-ausziehbar","7":"pa_fahnenmasten-h500cm-einzelmast-ohne-versand","8":"pa_fahnenmasten-h500cm-ab-3-st-ohne-versand-je-mast","9":"pa_fahnenmasten-h600cm-einzelmast-ohne-versand","10":"pa_fahnenmasten-h600cm-ab-3-st-ohne-versand-je-mast","11":"pa_fahnenmasten-h800cm-einzelmast-ohne-versand","12":"pa_fahnenmasten-h800cm-ab-3-st-ohne-versand-je-mast","13":"pa_fahnenmasten-versandanlieferungspauschale-bis-2-st-bundesweit-je","14":"pa_fahnenmasten-anlieferungspauschale-ab-3-stck-bundesweit-je","15":"pa_fahnenmasten-anfahrt-montageteam-bis-100-km-ab-divisions-standort","16":"pa_fahnenmasten-anfahrt-montageteam-101-300-km-ab-divisions-standort","17":"pa_fahnenmasten-anfahrt-montageteam-301-600-km-ab-divisions-standort","18":"pa_fahnenmasten-fundamenterstellung-5-6-7m-masten-je-einzelfundament","19":"pa_fahnenmasten-fundamenterstellung-5-6-7m-masten-ab-3-fundamente-je","20":"pa_fahnenmasten-fundamenterstellung-8-9-10m-masten-je-einzelfundament","21":"pa_fahnenmasten-fundamenterstellung-8-9-10m-masten-ab-3-fundamente-je","22":"pa_fahnenmasten-mastmontage-auspackenzusammenbaumontierenhissen-je","24":"first","25":"instock","26":"taxable","27":"shipping-taxable","28":"purchasable","29":"product-type-variable","30":"has-default-attributes","31":"no-featured-image"},"_links":{"self":[{"href":"https:\/\/citmax.de\/index.php?rest_route=\/wp\/v2\/product\/9572","targetHints":{"allow":["GET"]}}],"collection":[{"href":"https:\/\/citmax.de\/index.php?rest_route=\/wp\/v2\/product"}],"about":[{"href":"https:\/\/citmax.de\/index.php?rest_route=\/wp\/v2\/types\/product"}],"replies":[{"embeddable":true,"href":"https:\/\/citmax.de\/index.php?rest_route=%2Fwp%2Fv2%2Fcomments&post=9572"}],"wp:attachment":[{"href":"https:\/\/citmax.de\/index.php?rest_route=%2Fwp%2Fv2%2Fmedia&parent=9572"}],"wp:term":[{"taxonomy":"product_cat","embeddable":true,"href":"https:\/\/citmax.de\/index.php?rest_route=%2Fwp%2Fv2%2Fproduct_cat&post=9572"},{"taxonomy":"product_tag","embeddable":true,"href":"https:\/\/citmax.de\/index.php?rest_route=%2Fwp%2Fv2%2Fproduct_tag&post=9572"}],"curies":[{"name":"wp","href":"https:\/\/api.w.org\/{rel}","templated":true}]}}